{"id":1181,"date":"2020-10-14T11:25:01","date_gmt":"2020-10-14T09:25:01","guid":{"rendered":"https:\/\/www.tresoldimetalli.it\/demo\/bandelle\/"},"modified":"2020-12-29T12:06:44","modified_gmt":"2020-12-29T11:06:44","slug":"streifen","status":"publish","type":"page","link":"https:\/\/www.tresoldimetalli.it\/de\/industrie\/streifen\/","title":{"rendered":"Streifen"},"content":{"rendered":"<h2>Streifen<\/h2>\n<p>Bearbeitung mit einem Schneideservice, der die Anforderungen der Industrie in hohem Ma\u00dfe ber\u00fccksichtigt.<\/p>\n<table width=\"689\">\n<tbody>\n<tr>\n<td colspan=\"2\" width=\"689\">Technische Spezifikationen<\/td>\n<\/tr>\n<tr>\n<td>Mindestbreite mm<\/td>\n<td>300<\/td>\n<\/tr>\n<tr>\n<td>Max. Breite mm<\/td>\n<td>1.500<\/td>\n<\/tr>\n<tr>\n<td>Mindestl\u00e4nge mm<\/td>\n<td>300<\/td>\n<\/tr>\n<tr>\n<td>Max. L\u00e4nge mm<\/td>\n<td>6.000<\/td>\n<\/tr>\n<tr>\n<td>Mindestst\u00e4rke mm<\/td>\n<td>0,3<\/td>\n<\/tr>\n<tr>\n<td>Maximale St\u00e4rke bei Material mit mechanischer Widerstandsf\u00e4higkeit von 490 N\/mm2 in mm<\/td>\n<td>3<\/td>\n<\/tr>\n<tr>\n<td>Maximale St\u00e4rke bei Material mit mechanischer Widerstandsf\u00e4higkeit von 360 N\/mm2 in mm<\/td>\n<td>4<\/td>\n<\/tr>\n<tr>\n<td>L\u00e4ngentoleranz Tafeln bis 2000 mm<\/td>\n<td>\u00b10,20 mm<\/td>\n<\/tr>\n<tr>\n<td>L\u00e4ngentoleranz Tafeln \u00fcber 2000 mm<\/td>\n<td width=\"173\">(\u00b10,20) +<br \/>\n(\u00b10,10 mm pro m)<\/td>\n<\/tr>\n<tr>\n<td>Diagonale Toleranz (Differenz zwischen den Diagonalen) in mm<\/td>\n<td>\u00b10,35 mm pro m<\/td>\n<\/tr>\n<tr>\n<td>Max. Gewicht Palette in kg<\/td>\n<td>2.500<\/td>\n<\/tr>\n<tr>\n<td>Max. Paketh\u00f6he (einschl. Palette) in mm<\/td>\n<td>400<\/td>\n<\/tr>\n<tr>\n<td>Standardverpackung<\/td>\n<td>auf Holzpalette<\/td>\n<\/tr>\n<tr>\n<td>Verpackung auf Anfrage (max. 3 m L\u00e4nge)<\/td>\n<td>auf Holzleisten<\/td>\n<\/tr>\n<\/tbody>\n<\/table>\n<p>&nbsp;<\/p>\n","protected":false},"excerpt":{"rendered":"<p>Streifen Bearbeitung mit einem Schneideservice, der die Anforderungen der Industrie in hohem Ma\u00dfe ber\u00fccksichtigt. Technische Spezifikationen Mindestbreite mm 300 Max. Breite mm 1.500 Mindestl\u00e4nge mm 300 Max. L\u00e4nge mm 6.000 Mindestst\u00e4rke mm 0,3 Maximale St\u00e4rke bei Material mit mechanischer Widerstandsf\u00e4higkeit von 490 N\/mm2 in mm 3 Maximale St\u00e4rke bei Material mit mechanischer Widerstandsf\u00e4higkeit von 360 [&hellip;]<\/p>\n","protected":false},"author":1,"featured_media":0,"parent":1848,"menu_order":0,"comment_status":"closed","ping_status":"closed","template":"page-templates\/industria.php","meta":{"_acf_changed":false,"footnotes":""},"class_list":["post-1181","page","type-page","status-publish","hentry"],"acf":[],"_links":{"self":[{"href":"https:\/\/www.tresoldimetalli.it\/de\/wp-json\/wp\/v2\/pages\/1181","targetHints":{"allow":["GET"]}}],"collection":[{"href":"https:\/\/www.tresoldimetalli.it\/de\/wp-json\/wp\/v2\/pages"}],"about":[{"href":"https:\/\/www.tresoldimetalli.it\/de\/wp-json\/wp\/v2\/types\/page"}],"author":[{"embeddable":true,"href":"https:\/\/www.tresoldimetalli.it\/de\/wp-json\/wp\/v2\/users\/1"}],"replies":[{"embeddable":true,"href":"https:\/\/www.tresoldimetalli.it\/de\/wp-json\/wp\/v2\/comments?post=1181"}],"version-history":[{"count":3,"href":"https:\/\/www.tresoldimetalli.it\/de\/wp-json\/wp\/v2\/pages\/1181\/revisions"}],"predecessor-version":[{"id":1214,"href":"https:\/\/www.tresoldimetalli.it\/de\/wp-json\/wp\/v2\/pages\/1181\/revisions\/1214"}],"up":[{"embeddable":true,"href":"https:\/\/www.tresoldimetalli.it\/de\/wp-json\/wp\/v2\/pages\/1848"}],"wp:attachment":[{"href":"https:\/\/www.tresoldimetalli.it\/de\/wp-json\/wp\/v2\/media?parent=1181"}],"curies":[{"name":"wp","href":"https:\/\/api.w.org\/{rel}","templated":true}]}}