{"id":1192,"date":"2020-10-14T12:06:39","date_gmt":"2020-10-14T10:06:39","guid":{"rendered":"https:\/\/www.tresoldimetalli.it\/demo\/coils\/"},"modified":"2020-12-29T12:08:38","modified_gmt":"2020-12-29T11:08:38","slug":"coils","status":"publish","type":"page","link":"https:\/\/www.tresoldimetalli.it\/de\/industrie\/coils\/","title":{"rendered":"Coils"},"content":{"rendered":"<h2>Coils<\/h2>\n<p>Ausgew\u00e4hlt mit besonderer Aufmerksamkeit f\u00fcr die Qualit\u00e4t von Materialien und Lieferanten.<\/p>\n<table width=\"689\">\n<tbody>\n<tr>\n<td colspan=\"2\" width=\"689\">Technische Spezifikationen<\/td>\n<\/tr>\n<tr>\n<td>Verf\u00fcgbare Breiten auf Lager<\/td>\n<td>1000\/1250\/1500<\/td>\n<\/tr>\n<tr>\n<td>Mindestst\u00e4rke mm<\/td>\n<td>0,3<\/td>\n<\/tr>\n<tr>\n<td>Maximale St\u00e4rke bei Material mit mechanischer Widerstandsf\u00e4higkeit \u2265490 N\/mm2 in mm<\/td>\n<td>3<\/td>\n<\/tr>\n<tr>\n<td>Maximale St\u00e4rke bei Material mit mechanischer Widerstandsf\u00e4higkeit &lt;360 N\/mm2 in mm<\/td>\n<td>3<\/td>\n<\/tr>\n<tr>\n<td>Innendurchmesser mm<\/td>\n<td>300 &#8211; 508 &#8211; 608<\/td>\n<\/tr>\n<tr>\n<td>Max. Au\u00dfendurchmesser mm<\/td>\n<td>1600<\/td>\n<\/tr>\n<tr>\n<td>Max. Gewicht in kg<\/td>\n<td>10.000<\/td>\n<\/tr>\n<tr>\n<td>Standardverpackung<\/td>\n<td>horizontale Achse<\/td>\n<\/tr>\n<tr>\n<td>Verpackung auf Anfrage<\/td>\n<td>vertikale Achse<\/td>\n<\/tr>\n<\/tbody>\n<\/table>\n<p>&nbsp;<\/p>\n","protected":false},"excerpt":{"rendered":"<p>Coils Ausgew\u00e4hlt mit besonderer Aufmerksamkeit f\u00fcr die Qualit\u00e4t von Materialien und Lieferanten. Technische Spezifikationen Verf\u00fcgbare Breiten auf Lager 1000\/1250\/1500 Mindestst\u00e4rke mm 0,3 Maximale St\u00e4rke bei Material mit mechanischer Widerstandsf\u00e4higkeit \u2265490 N\/mm2 in mm 3 Maximale St\u00e4rke bei Material mit mechanischer Widerstandsf\u00e4higkeit &lt;360 N\/mm2 in mm 3 Innendurchmesser mm 300 &#8211; 508 &#8211; 608 Max. Au\u00dfendurchmesser [&hellip;]<\/p>\n","protected":false},"author":1,"featured_media":0,"parent":1848,"menu_order":0,"comment_status":"closed","ping_status":"closed","template":"page-templates\/industria.php","meta":{"_acf_changed":false,"footnotes":""},"class_list":["post-1192","page","type-page","status-publish","hentry"],"acf":[],"_links":{"self":[{"href":"https:\/\/www.tresoldimetalli.it\/de\/wp-json\/wp\/v2\/pages\/1192","targetHints":{"allow":["GET"]}}],"collection":[{"href":"https:\/\/www.tresoldimetalli.it\/de\/wp-json\/wp\/v2\/pages"}],"about":[{"href":"https:\/\/www.tresoldimetalli.it\/de\/wp-json\/wp\/v2\/types\/page"}],"author":[{"embeddable":true,"href":"https:\/\/www.tresoldimetalli.it\/de\/wp-json\/wp\/v2\/users\/1"}],"replies":[{"embeddable":true,"href":"https:\/\/www.tresoldimetalli.it\/de\/wp-json\/wp\/v2\/comments?post=1192"}],"version-history":[{"count":2,"href":"https:\/\/www.tresoldimetalli.it\/de\/wp-json\/wp\/v2\/pages\/1192\/revisions"}],"predecessor-version":[{"id":1217,"href":"https:\/\/www.tresoldimetalli.it\/de\/wp-json\/wp\/v2\/pages\/1192\/revisions\/1217"}],"up":[{"embeddable":true,"href":"https:\/\/www.tresoldimetalli.it\/de\/wp-json\/wp\/v2\/pages\/1848"}],"wp:attachment":[{"href":"https:\/\/www.tresoldimetalli.it\/de\/wp-json\/wp\/v2\/media?parent=1192"}],"curies":[{"name":"wp","href":"https:\/\/api.w.org\/{rel}","templated":true}]}}