{"id":1199,"date":"2020-10-23T12:49:35","date_gmt":"2020-10-23T10:49:35","guid":{"rendered":"https:\/\/www.tresoldimetalli.it\/demo\/lamiere\/"},"modified":"2020-12-29T12:10:38","modified_gmt":"2020-12-29T11:10:38","slug":"gewalzte-metalle","status":"publish","type":"page","link":"https:\/\/www.tresoldimetalli.it\/de\/industrie\/gewalzte-metalle\/","title":{"rendered":"Gewalzte Metalle"},"content":{"rendered":"<h2>Gewalzte Metalle<\/h2>\n<p>Zuschnitt mit 3 Hochpr\u00e4zisions-Schneidanlagen mit Planrichten.<\/p>\n<table width=\"689\">\n<tbody>\n<tr>\n<td colspan=\"2\" width=\"689\">Technische Spezifikationen<\/td>\n<\/tr>\n<tr>\n<td>Verf\u00fcgbare Breiten auf Lager<\/td>\n<td>1000\/1250\/1500<\/td>\n<\/tr>\n<tr>\n<td>Mindestl\u00e4nge mm<\/td>\n<td>300<\/td>\n<\/tr>\n<tr>\n<td>Max. L\u00e4nge mm<\/td>\n<td>6.000<\/td>\n<\/tr>\n<tr>\n<td>Mindestst\u00e4rke mm<\/td>\n<td>0,3<\/td>\n<\/tr>\n<tr>\n<td>Maximale St\u00e4rke bei Material mit mechanischer Widerstandsf\u00e4higkeit von 490 N\/mm2 in mm<\/td>\n<td>3<\/td>\n<\/tr>\n<tr>\n<td>Maximale St\u00e4rke bei Material mit mechanischer Widerstandsf\u00e4higkeit von 360 N\/mm2 in mm<\/td>\n<td>4<\/td>\n<\/tr>\n<tr>\n<td>L\u00e4ngentoleranz Tafeln bis 2000 mm<\/td>\n<td>\u00b10,20 mm<\/td>\n<\/tr>\n<tr>\n<td>L\u00e4ngentoleranz Tafeln \u00fcber 2000 mm<\/td>\n<td width=\"173\">(\u00b10,20) +<br \/>\n(\u00b10,10 mm pro m)<\/td>\n<\/tr>\n<tr>\n<td>Diagonale Toleranz (Differenz zwischen den Diagonalen) in mm<\/td>\n<td>\u00b10,35 mm pro m<\/td>\n<\/tr>\n<tr>\n<td>Max. Gewicht Palette in kg<\/td>\n<td>2.500<\/td>\n<\/tr>\n<tr>\n<td>Max. Paketh\u00f6he (einschl. Palette) in mm<\/td>\n<td>400<\/td>\n<\/tr>\n<tr>\n<td>Standardverpackung<\/td>\n<td>auf Holzpalette<\/td>\n<\/tr>\n<tr>\n<td>Verpackung auf Anfrage<\/td>\n<td>auf Holzleisten<\/td>\n<\/tr>\n<\/tbody>\n<\/table>\n<p>&nbsp;<\/p>\n","protected":false},"excerpt":{"rendered":"<p>Gewalzte Metalle Zuschnitt mit 3 Hochpr\u00e4zisions-Schneidanlagen mit Planrichten. Technische Spezifikationen Verf\u00fcgbare Breiten auf Lager 1000\/1250\/1500 Mindestl\u00e4nge mm 300 Max. L\u00e4nge mm 6.000 Mindestst\u00e4rke mm 0,3 Maximale St\u00e4rke bei Material mit mechanischer Widerstandsf\u00e4higkeit von 490 N\/mm2 in mm 3 Maximale St\u00e4rke bei Material mit mechanischer Widerstandsf\u00e4higkeit von 360 N\/mm2 in mm 4 L\u00e4ngentoleranz Tafeln bis 2000 [&hellip;]<\/p>\n","protected":false},"author":2,"featured_media":0,"parent":1848,"menu_order":0,"comment_status":"closed","ping_status":"closed","template":"page-templates\/industria.php","meta":{"_acf_changed":false,"footnotes":""},"class_list":["post-1199","page","type-page","status-publish","hentry"],"acf":[],"_links":{"self":[{"href":"https:\/\/www.tresoldimetalli.it\/de\/wp-json\/wp\/v2\/pages\/1199","targetHints":{"allow":["GET"]}}],"collection":[{"href":"https:\/\/www.tresoldimetalli.it\/de\/wp-json\/wp\/v2\/pages"}],"about":[{"href":"https:\/\/www.tresoldimetalli.it\/de\/wp-json\/wp\/v2\/types\/page"}],"author":[{"embeddable":true,"href":"https:\/\/www.tresoldimetalli.it\/de\/wp-json\/wp\/v2\/users\/2"}],"replies":[{"embeddable":true,"href":"https:\/\/www.tresoldimetalli.it\/de\/wp-json\/wp\/v2\/comments?post=1199"}],"version-history":[{"count":2,"href":"https:\/\/www.tresoldimetalli.it\/de\/wp-json\/wp\/v2\/pages\/1199\/revisions"}],"predecessor-version":[{"id":1221,"href":"https:\/\/www.tresoldimetalli.it\/de\/wp-json\/wp\/v2\/pages\/1199\/revisions\/1221"}],"up":[{"embeddable":true,"href":"https:\/\/www.tresoldimetalli.it\/de\/wp-json\/wp\/v2\/pages\/1848"}],"wp:attachment":[{"href":"https:\/\/www.tresoldimetalli.it\/de\/wp-json\/wp\/v2\/media?parent=1199"}],"curies":[{"name":"wp","href":"https:\/\/api.w.org\/{rel}","templated":true}]}}