{"id":1462,"date":"2020-10-26T10:29:24","date_gmt":"2020-10-26T09:29:24","guid":{"rendered":"https:\/\/www.tresoldimetalli.it\/demo\/stainless-steel\/"},"modified":"2023-03-14T11:48:23","modified_gmt":"2023-03-14T10:48:23","slug":"edelstahl","status":"publish","type":"page","link":"https:\/\/www.tresoldimetalli.it\/de\/industrie\/edelstahl\/","title":{"rendered":"Edelstahl"},"content":{"rendered":"<h2>Edelstahl<\/h2>\n<table width=\"918\">\n<tbody>\n<tr>\n<td colspan=\"7\" width=\"918\"><\/td>\n<\/tr>\n<tr>\n<td>Qualit\u00e4t<\/td>\n<td>AISI 304<\/td>\n<td>AISI 304 PS<\/td>\n<td>AISI 316L<\/td>\n<td>AISI 430<\/td>\n<td>AISI 201<\/td>\n<td>AISI 202<\/td>\n<\/tr>\n<tr>\n<td>Bezugsnorm UNI EN 10088-2<\/td>\n<td>1.4301 X5 CrNi 18-10<\/td>\n<td>1.4301 X5 CrNi 18-10<\/td>\n<td>1.4404 X2 CrNiMo 17-12-2<\/td>\n<td>14016 X6Cr 17<\/td>\n<td>1.4372 X12 CrMnNiN 17-7-5<\/td>\n<td>1.4373 X12 CrMnNiN 18-9-5<\/td>\n<\/tr>\n<tr>\n<td>Streckgrenze Re MPA 0,2 %<\/td>\n<td>270<\/td>\n<td>250<\/td>\n<td>270<\/td>\n<td>300<\/td>\n<td>350<\/td>\n<td>340<\/td>\n<\/tr>\n<tr>\n<td>Zugfestigkeit Rm MPA<\/td>\n<td>650<\/td>\n<td>600<\/td>\n<td>580<\/td>\n<td>500<\/td>\n<td>370<\/td>\n<td>370<\/td>\n<\/tr>\n<tr>\n<td>Mindestdehnung %<\/td>\n<td>54<\/td>\n<td>58<\/td>\n<td>52<\/td>\n<td>27<\/td>\n<td>45<\/td>\n<td>45<\/td>\n<\/tr>\n<\/tbody>\n<\/table>\n<p><em>Bei den angegebenen Werten handelt es sich um Durchschnittswerte, die in Abh\u00e4ngigkeit von St\u00e4rke und Oberfl\u00e4che variieren k\u00f6nnen.<br \/>\nBezugnahme auf die Eigenschaften von Blech mit 1,00 mm und Oberfl\u00e4che 2B.\u00a0\u00a0 \u00a0\u00a0\u00a0 \u00a0\u00a0\u00a0\u00a0 <\/em><\/p>\n<table>\n<tbody>\n<tr>\n<td width=\"273\"><\/td>\n<td width=\"235\">\u00a0<a href=\"https:\/\/www.tresoldimetalli.it\/industria\/wp-content\/uploads\/2014\/07\/coils_tresoldi_metalli.png\"><img loading=\"lazy\" decoding=\"async\" class=\"alignnone size-full wp-image-80\" src=\"https:\/\/www.tresoldimetalli.it\/industria\/wp-content\/uploads\/2014\/07\/coils_tresoldi_metalli.png\" alt=\"coils_tresoldi_metalli\" width=\"69\" height=\"39\" \/><\/a><\/td>\n<td width=\"263\">\u00a0<a href=\"https:\/\/www.tresoldimetalli.it\/industria\/wp-content\/uploads\/2014\/07\/nastri_larghi_stretti_tresoldi_metalli.png\"><img loading=\"lazy\" decoding=\"async\" class=\"alignnone size-full wp-image-619\" src=\"https:\/\/www.tresoldimetalli.it\/industria\/wp-content\/uploads\/2014\/07\/nastri_larghi_stretti_tresoldi_metalli.png\" alt=\"nastri_larghi_stretti_tresoldi_metalli\" width=\"69\" height=\"39\" \/><\/a><\/td>\n<td><a href=\"https:\/\/www.tresoldimetalli.it\/industria\/wp-content\/uploads\/2014\/07\/lamiere_tresoldi_metalli.png\"><img loading=\"lazy\" decoding=\"async\" class=\"alignnone size-full wp-image-616\" src=\"https:\/\/www.tresoldimetalli.it\/industria\/wp-content\/uploads\/2014\/07\/lamiere_tresoldi_metalli.png\" alt=\"lamiere_tresoldi_metalli\" width=\"69\" height=\"39\" \/><\/a><\/td>\n<td width=\"164\">\u00a0<a href=\"https:\/\/www.tresoldimetalli.it\/industria\/wp-content\/uploads\/2014\/11\/bandelle_tresoldi_metalli_small.png\"><img loading=\"lazy\" decoding=\"async\" class=\"alignnone size-full wp-image-181\" src=\"https:\/\/www.tresoldimetalli.it\/industria\/wp-content\/uploads\/2014\/11\/bandelle_tresoldi_metalli_small.png\" alt=\"bandelle_tresoldi_metalli_small\" width=\"69\" height=\"39\" \/><\/a><\/td>\n<\/tr>\n<tr>\n<td>Breite und Formate (mm)<\/td>\n<td>1000 &#8211; 1250 &#8211; 1500<\/td>\n<td>min 8 &#8211; max 1600<\/td>\n<td>standard<\/td>\n<td>nach Ma\u00df<\/td>\n<\/tr>\n<tr>\n<td>St\u00e4rken (mm)<\/td>\n<td>von 0,40 bis 3,00<\/td>\n<td>von 0,40 bis 3,00<\/td>\n<td>von 0,40 bis 3,00<\/td>\n<td>von 0,40 bis 3,00<\/td>\n<\/tr>\n<tr>\n<td>Verpackung<\/td>\n<td>Coils Innen-\u00d8 300 &#8211; 508 &#8211; 608<\/td>\n<td>Rollen Innen-\u00d8 300 &#8211; 408 &#8211; 508<\/td>\n<td>Holzpaletten oder H\u00f6lzer<\/td>\n<td>Holzpaletten oder H\u00f6lzer<\/td>\n<\/tr>\n<tr>\n<td>Referenzgewicht<\/td>\n<td colspan=\"4\">spessore 1,00 x 1000 kg\/m3\u00a07,86<\/td>\n<\/tr>\n<\/tbody>\n<\/table>\n<p>&nbsp;<\/p>\n","protected":false},"excerpt":{"rendered":"<p>Edelstahl Qualit\u00e4t AISI 304 AISI 304 PS AISI 316L AISI 430 AISI 201 AISI 202 Bezugsnorm UNI EN 10088-2 1.4301 X5 CrNi 18-10 1.4301 X5 CrNi 18-10 1.4404 X2 CrNiMo 17-12-2 14016 X6Cr 17 1.4372 X12 CrMnNiN 17-7-5 1.4373 X12 CrMnNiN 18-9-5 Streckgrenze Re MPA 0,2 % 270 250 270 300 350 340 Zugfestigkeit Rm [&hellip;]<\/p>\n","protected":false},"author":2,"featured_media":0,"parent":1848,"menu_order":0,"comment_status":"closed","ping_status":"closed","template":"page-templates\/industria.php","meta":{"_acf_changed":false,"footnotes":""},"class_list":["post-1462","page","type-page","status-publish","hentry"],"acf":[],"_links":{"self":[{"href":"https:\/\/www.tresoldimetalli.it\/de\/wp-json\/wp\/v2\/pages\/1462","targetHints":{"allow":["GET"]}}],"collection":[{"href":"https:\/\/www.tresoldimetalli.it\/de\/wp-json\/wp\/v2\/pages"}],"about":[{"href":"https:\/\/www.tresoldimetalli.it\/de\/wp-json\/wp\/v2\/types\/page"}],"author":[{"embeddable":true,"href":"https:\/\/www.tresoldimetalli.it\/de\/wp-json\/wp\/v2\/users\/2"}],"replies":[{"embeddable":true,"href":"https:\/\/www.tresoldimetalli.it\/de\/wp-json\/wp\/v2\/comments?post=1462"}],"version-history":[{"count":4,"href":"https:\/\/www.tresoldimetalli.it\/de\/wp-json\/wp\/v2\/pages\/1462\/revisions"}],"predecessor-version":[{"id":3237,"href":"https:\/\/www.tresoldimetalli.it\/de\/wp-json\/wp\/v2\/pages\/1462\/revisions\/3237"}],"up":[{"embeddable":true,"href":"https:\/\/www.tresoldimetalli.it\/de\/wp-json\/wp\/v2\/pages\/1848"}],"wp:attachment":[{"href":"https:\/\/www.tresoldimetalli.it\/de\/wp-json\/wp\/v2\/media?parent=1462"}],"curies":[{"name":"wp","href":"https:\/\/api.w.org\/{rel}","templated":true}]}}