{"id":1469,"date":"2020-10-26T10:32:41","date_gmt":"2020-10-26T09:32:41","guid":{"rendered":"https:\/\/www.tresoldimetalli.it\/demo\/ottone\/"},"modified":"2020-12-30T13:05:54","modified_gmt":"2020-12-30T12:05:54","slug":"ottone","status":"publish","type":"page","link":"https:\/\/www.tresoldimetalli.it\/de\/industrie\/ottone\/","title":{"rendered":"Messing"},"content":{"rendered":"<h2>Messing<\/h2>\n<table width=\"1102\">\n<tbody>\n<tr>\n<td colspan=\"6\" width=\"1102\"><\/td>\n<\/tr>\n<tr>\n<td>Qualit\u00e4t<\/td>\n<td colspan=\"5\">CuZn37 CW508L<\/td>\n<\/tr>\n<tr>\n<td>Physikalischer Zustand<\/td>\n<td colspan=\"5\">Messing OT63<\/td>\n<\/tr>\n<tr>\n<td>Typ<\/td>\n<td width=\"235\">G030<br \/>\nweich<\/td>\n<td width=\"263\">R350<br \/>\nhalbhart<\/td>\n<td width=\"80\">R410<br \/>\nhart<\/td>\n<td width=\"164\">R480<br \/>\nextrahart<\/td>\n<td width=\"87\">R550<br \/>\nhart x<br \/>\nFedern<\/td>\n<\/tr>\n<tr>\n<td>Streckgrenze Re MPA<\/td>\n<td>340<\/td>\n<td>350\/440<\/td>\n<td>410\/490<\/td>\n<td>480\/560<\/td>\n<td>550\/640<\/td>\n<\/tr>\n<tr>\n<td>Zugfestigkeit Rm MPA<\/td>\n<td>130<\/td>\n<td>170 min<\/td>\n<td>300 min<\/td>\n<td>430 min<\/td>\n<td>500 min<\/td>\n<\/tr>\n<tr>\n<td>Mindestdehnung %<\/td>\n<td>40<\/td>\n<td>19*<\/td>\n<td>8*<\/td>\n<td>3*<\/td>\n<td>\u2014<\/td>\n<\/tr>\n<tr>\n<td>Bezugsnorm<\/td>\n<td colspan=\"5\">UNI EN 1652<\/td>\n<\/tr>\n<\/tbody>\n<\/table>\n<p><em>*\u00a0F\u00fcr St\u00e4rken bis einschlie\u00dflich 2,50 mm.<\/em><\/p>\n<table width=\"698\">\n<tbody>\n<tr>\n<td colspan=\"5\" width=\"257\"><\/td>\n<\/tr>\n<tr>\n<td width=\"257\">Qualit\u00e4t<\/td>\n<td colspan=\"4\" width=\"441\">CuZn33 CW506L<\/td>\n<\/tr>\n<tr>\n<td>Physikalischer Zustand<\/td>\n<td colspan=\"4\">ottone OT67<\/td>\n<\/tr>\n<tr>\n<td>Typ<\/td>\n<td width=\"103\">G030<br \/>\ncotto<\/td>\n<td width=\"102\">R350<br \/>\nsemicrudo<\/td>\n<td width=\"118\">R420<br \/>\ncrudo<\/td>\n<td width=\"118\">R500<br \/>\nextra crudo<\/td>\n<\/tr>\n<tr>\n<td>Streckgrenze Re MPA<\/td>\n<td>340<\/td>\n<td>350\/430<\/td>\n<td>420\/500<\/td>\n<td>&gt; 500<\/td>\n<\/tr>\n<tr>\n<td>Zugfestigkeit Rm MPA<\/td>\n<td>130<\/td>\n<td>170 min<\/td>\n<td>300 min<\/td>\n<td>450 min<\/td>\n<\/tr>\n<tr>\n<td>Mindestdehnung %<\/td>\n<td>-40<\/td>\n<td>23*<\/td>\n<td>6*<\/td>\n<td>3<\/td>\n<\/tr>\n<tr>\n<td>Bezugsnorm<\/td>\n<td colspan=\"4\">UNI EN 1652<\/td>\n<\/tr>\n<\/tbody>\n<\/table>\n<p><em>* F\u00fcr St\u00e4rken bis einschlie\u00dflich 2,50 mm.<\/em><\/p>\n<p><em>Formate auf Anfrage<br \/>\nMaterial nicht auf Lager, aber auf Anfrage erh\u00e4ltlich<\/em><\/p>\n<p>&nbsp;<\/p>\n","protected":false},"excerpt":{"rendered":"<p>Messing Qualit\u00e4t CuZn37 CW508L Physikalischer Zustand Messing OT63 Typ G030 weich R350 halbhart R410 hart R480 extrahart R550 hart x Federn Streckgrenze Re MPA 340 350\/440 410\/490 480\/560 550\/640 Zugfestigkeit Rm MPA 130 170 min 300 min 430 min 500 min Mindestdehnung % 40 19* 8* 3* \u2014 Bezugsnorm UNI EN 1652 *\u00a0F\u00fcr St\u00e4rken bis [&hellip;]<\/p>\n","protected":false},"author":2,"featured_media":0,"parent":1848,"menu_order":0,"comment_status":"closed","ping_status":"closed","template":"page-templates\/industria.php","meta":{"_acf_changed":false,"footnotes":""},"class_list":["post-1469","page","type-page","status-publish","hentry"],"acf":[],"_links":{"self":[{"href":"https:\/\/www.tresoldimetalli.it\/de\/wp-json\/wp\/v2\/pages\/1469","targetHints":{"allow":["GET"]}}],"collection":[{"href":"https:\/\/www.tresoldimetalli.it\/de\/wp-json\/wp\/v2\/pages"}],"about":[{"href":"https:\/\/www.tresoldimetalli.it\/de\/wp-json\/wp\/v2\/types\/page"}],"author":[{"embeddable":true,"href":"https:\/\/www.tresoldimetalli.it\/de\/wp-json\/wp\/v2\/users\/2"}],"replies":[{"embeddable":true,"href":"https:\/\/www.tresoldimetalli.it\/de\/wp-json\/wp\/v2\/comments?post=1469"}],"version-history":[{"count":1,"href":"https:\/\/www.tresoldimetalli.it\/de\/wp-json\/wp\/v2\/pages\/1469\/revisions"}],"predecessor-version":[{"id":1471,"href":"https:\/\/www.tresoldimetalli.it\/de\/wp-json\/wp\/v2\/pages\/1469\/revisions\/1471"}],"up":[{"embeddable":true,"href":"https:\/\/www.tresoldimetalli.it\/de\/wp-json\/wp\/v2\/pages\/1848"}],"wp:attachment":[{"href":"https:\/\/www.tresoldimetalli.it\/de\/wp-json\/wp\/v2\/media?parent=1469"}],"curies":[{"name":"wp","href":"https:\/\/api.w.org\/{rel}","templated":true}]}}