{"id":1664,"date":"2020-10-26T13:12:06","date_gmt":"2020-10-26T12:12:06","guid":{"rendered":"https:\/\/www.tresoldimetalli.it\/demo\/acciaio-inox\/"},"modified":"2023-07-12T18:34:44","modified_gmt":"2023-07-12T16:34:44","slug":"gewalzter-stahl","status":"publish","type":"page","link":"https:\/\/www.tresoldimetalli.it\/de\/bauwesen\/gewalzter-stahl\/","title":{"rendered":"Edelstahl"},"content":{"rendered":"<h2>Gewalzter Edelstahl AISI 304<\/h2>\n<table width=\"496\">\n<tbody>\n<tr>\n<td colspan=\"2\" width=\"496\">Technische Spezifikationen<\/td>\n<\/tr>\n<tr>\n<td>Nach Norm<\/td>\n<td>EN 10088 &#8211; LEGIERUNG 1.4301<\/td>\n<\/tr>\n<tr>\n<td>Dichte g\/cm\u00b3<\/td>\n<td>7,93<\/td>\n<\/tr>\n<tr>\n<td rowspan=\"2\">Zusammensetzung (Anhaltswert) %<\/td>\n<td>C\u22640,07 &#8211; Mn\u22642,00 &#8211; Si\u22641 &#8211; P\u22640,045 &#8211; N\u22640,11<\/td>\n<\/tr>\n<tr>\n<td>S \u22640,015 &#8211; Cr 17,50\u00f719,50 &#8211; Ni 8,00\u00f710,50<\/td>\n<\/tr>\n<\/tbody>\n<\/table>\n<p>&nbsp;<\/p>\n<table width=\"496\">\n<tbody>\n<tr>\n<td colspan=\"2\" width=\"496\">Mechanische Eigenschaften<\/td>\n<\/tr>\n<tr>\n<td>Zugfestigkeit (N\/mm\u00b2)<\/td>\n<td>540\u00f7750<\/td>\n<\/tr>\n<tr>\n<td>Bruchdehnung A80% min<\/td>\n<td>45<\/td>\n<\/tr>\n<tr>\n<td>Dehngrenze Rp0,2 (N\/mm\u00b2)<\/td>\n<td>230<\/td>\n<\/tr>\n<\/tbody>\n<\/table>\n<p>&nbsp;<\/p>\n<table width=\"496\">\n<tbody>\n<tr>\n<td colspan=\"2\" width=\"496\">Oberfl\u00e4chen<\/td>\n<\/tr>\n<tr>\n<td>Standard<\/td>\n<td>F1, 2B, 2D, BA, geschliffen oder oder gebu\u0308rstet<\/td>\n<\/tr>\n<tr>\n<td>Auf Anfrage<\/td>\n<td>&#8211;<\/td>\n<\/tr>\n<\/tbody>\n<\/table>\n<p>&nbsp;<\/p>\n<table width=\"496\">\n<tbody>\n<tr>\n<td colspan=\"2\" width=\"496\">Abmessungen und Verpackungen<\/td>\n<\/tr>\n<tr>\n<td>COILS<\/td>\n<td><\/td>\n<\/tr>\n<tr>\n<td>Breite und Formate (mm)<\/td>\n<td>1000 &#8211; 1250 &#8211; 1500<\/td>\n<\/tr>\n<tr>\n<td rowspan=\"2\">Dicken (mm)<\/td>\n<td>0,40 &#8211; 0,50 &#8211; 0,60 &#8211; 0,80 &#8211; 1,00<\/td>\n<\/tr>\n<tr>\n<td>1,20 &#8211; 1,50 &#8211; 2,00 &#8211; 3,00<\/td>\n<\/tr>\n<tr>\n<td>Standardverpackungen<\/td>\n<td>\u00f8 300 &#8211; 400 or 508<\/td>\n<\/tr>\n<tr>\n<td>B\u00c4NDER<\/td>\n<td><\/td>\n<\/tr>\n<tr>\n<td>Breite und Formate (mm)<\/td>\n<td>ab 8<\/td>\n<\/tr>\n<tr>\n<td rowspan=\"2\">Dicken (mm)<\/td>\n<td>0,40 &#8211; 0,50 &#8211; 0,60 &#8211; 0,80 &#8211; 1,00<\/td>\n<\/tr>\n<tr>\n<td>1,20 &#8211; 1,50 &#8211; 2,00 &#8211; 3,00<\/td>\n<\/tr>\n<tr>\n<td>Standardverpackungen<\/td>\n<td>\u00f8 300 &#8211; 400 oder 508<\/td>\n<\/tr>\n<tr>\n<td>Gewicht<\/td>\n<td>Coils: 500 oder 1000 kg &#8211; Mini-Coils: 100 kg pro Stk.<\/td>\n<\/tr>\n<tr>\n<td>TAFELN<\/td>\n<td><\/td>\n<\/tr>\n<tr>\n<td>Breite und Formate (mm)<\/td>\n<td>1000&#215;2000 &#8211; 1250&#215;2500 &#8211;<br \/>\n1500&#215;3000<\/td>\n<\/tr>\n<tr>\n<td rowspan=\"2\">Dicken (mm)<\/td>\n<td>0,40 &#8211; 0,50 &#8211; 0,60 &#8211; 0,80 &#8211; 1,00 &#8211; 1,20<\/td>\n<\/tr>\n<tr>\n<td>1,50 &#8211; 2,00 &#8211; 3,00 &#8211; 4,00 &#8211; 6,00 &#8211; 12,00<\/td>\n<\/tr>\n<tr>\n<td>Standardverpackungen<\/td>\n<td>&#8211;<\/td>\n<\/tr>\n<\/tbody>\n<\/table>\n<p>Andere Ma\u00dfe, Oberfl\u00e4chen und St\u00e4rken auf Anfrage.<\/p>\n<p>&nbsp;<\/p>\n<h2>Gewalzter Edelstahl AISI 316L<\/h2>\n<table width=\"496\">\n<tbody>\n<tr>\n<td colspan=\"2\" width=\"496\">Technische Spezifikationen<\/td>\n<\/tr>\n<tr>\n<td>Nach Norm<\/td>\n<td>EN 10088 &#8211; LEGIERUNG 1.4404<\/td>\n<\/tr>\n<tr>\n<td>Dichte g\/cm\u00b3<\/td>\n<td>7,98<\/td>\n<\/tr>\n<tr>\n<td rowspan=\"2\">Zusammensetzung (Anhaltswert) %<\/td>\n<td>C\u22640,03 &#8211; Mn\u22642,00 &#8211; Si\u22641 &#8211; P\u22640,045 &#8211; N\u22640,11 &#8211; S \u22640,015<\/td>\n<\/tr>\n<tr>\n<td>Cr 16,50\u00f718,50 &#8211; Ni 10,00\u00f713,00 &#8211; Mo 2,00\u00f72,50<\/td>\n<\/tr>\n<\/tbody>\n<\/table>\n<p>&nbsp;<\/p>\n<p>&nbsp;<\/p>\n<table width=\"496\">\n<tbody>\n<tr>\n<td colspan=\"2\" width=\"496\">Mechanische Eigenschaften<\/td>\n<\/tr>\n<tr>\n<td>Zugfestigkeit (N\/mm\u00b2)<\/td>\n<td>530\u00f7680<\/td>\n<\/tr>\n<tr>\n<td>Bruchdehnung A80% min<\/td>\n<td>40<\/td>\n<\/tr>\n<tr>\n<td>Dehngrenze Rp0,2 (N\/mm\u00b2)<\/td>\n<td>240<\/td>\n<\/tr>\n<\/tbody>\n<\/table>\n<p>&nbsp;<\/p>\n<table width=\"496\">\n<tbody>\n<tr>\n<td colspan=\"2\" width=\"496\">Oberfl\u00e4chen<\/td>\n<\/tr>\n<tr>\n<td>Standard<\/td>\n<td>Geschliffen oder geb\u00fcrstet, 2B oder BA, F1<\/td>\n<\/tr>\n<tr>\n<td>Auf Anfrage<\/td>\n<td>Scotch Brite oder satiniert<\/td>\n<\/tr>\n<\/tbody>\n<\/table>\n<p>&nbsp;<\/p>\n<table width=\"496\">\n<tbody>\n<tr>\n<td colspan=\"2\" width=\"496\">Abmessungen und Verpackungen<\/td>\n<\/tr>\n<tr>\n<td>COILS<\/td>\n<td><\/td>\n<\/tr>\n<tr>\n<td>Breite und Formate (mm)<\/td>\n<td>1000 &#8211; 1250 &#8211; 1500<\/td>\n<\/tr>\n<tr>\n<td>Dicken (mm)<\/td>\n<td>0,40 &#8211; 0,50 &#8211; 0,80 &#8211; 1,00 &#8211; 1,20 1,50 &#8211; 2,00 &#8211; 2,50 &#8211; 3,00<\/td>\n<\/tr>\n<tr>\n<td>Standardverpackungen<\/td>\n<td>\u00f8 300 &#8211; 400 oder 508<\/td>\n<\/tr>\n<tr>\n<td>B\u00c4NDER<\/td>\n<td><\/td>\n<\/tr>\n<tr>\n<td>Breite und Formate (mm)<\/td>\n<td>ab 8<\/td>\n<\/tr>\n<tr>\n<td>Dicken (mm)<\/td>\n<td>0,40 &#8211; 0,50 &#8211; 0,80 &#8211; 1,00 &#8211; 1,20 1,50 &#8211; 2,00 &#8211; 2,50 &#8211; 3,00<\/td>\n<\/tr>\n<tr>\n<td>Standardverpackungen<\/td>\n<td>\u00f8 300 &#8211; 400 oder 508<\/td>\n<\/tr>\n<tr>\n<td>Gewicht<\/td>\n<td>Coils: 500 oder 1000 kg &#8211; Mini-Coils: 100 kg pro Stk.<\/td>\n<\/tr>\n<tr>\n<td>TAFELN<\/td>\n<td><\/td>\n<\/tr>\n<tr>\n<td>Breite und Formate (mm)<\/td>\n<td>1000&#215;2000 &#8211; 1250&#215;2500 &#8211; 1500&#215;3000<\/td>\n<\/tr>\n<tr>\n<td>Dicken (mm)<\/td>\n<td>0,40 &#8211; 0,50 &#8211; 0,80 &#8211; 1,00 &#8211; 1,20 &#8211; 1,50 &#8211; 2,00 2,50 &#8211; 3,00 &#8211; 4,00 &#8211; 5,00 &#8211; 6,00 &#8211; 8,00<\/td>\n<\/tr>\n<tr>\n<td>Standardverpackungen<\/td>\n<td>&#8211;<\/td>\n<\/tr>\n<\/tbody>\n<\/table>\n<p><em>Andere Ma\u00dfe, Oberfl\u00e4chen und St\u00e4rken auf Anfrage.<\/em><\/p>\n<p>&nbsp;<\/p>\n<p>&nbsp;<\/p>\n","protected":false},"excerpt":{"rendered":"<p>Gewalzter Edelstahl AISI 304 Technische Spezifikationen Nach Norm EN 10088 &#8211; LEGIERUNG 1.4301 Dichte g\/cm\u00b3 7,93 Zusammensetzung (Anhaltswert) % C\u22640,07 &#8211; Mn\u22642,00 &#8211; Si\u22641 &#8211; P\u22640,045 &#8211; N\u22640,11 S \u22640,015 &#8211; Cr 17,50\u00f719,50 &#8211; Ni 8,00\u00f710,50 &nbsp; Mechanische Eigenschaften Zugfestigkeit (N\/mm\u00b2) 540\u00f7750 Bruchdehnung A80% min 45 Dehngrenze Rp0,2 (N\/mm\u00b2) 230 &nbsp; Oberfl\u00e4chen Standard F1, 2B, [&hellip;]<\/p>\n","protected":false},"author":2,"featured_media":0,"parent":1850,"menu_order":0,"comment_status":"closed","ping_status":"closed","template":"page-templates\/edilizia.php","meta":{"_acf_changed":false,"footnotes":""},"class_list":["post-1664","page","type-page","status-publish","hentry"],"acf":[],"_links":{"self":[{"href":"https:\/\/www.tresoldimetalli.it\/de\/wp-json\/wp\/v2\/pages\/1664","targetHints":{"allow":["GET"]}}],"collection":[{"href":"https:\/\/www.tresoldimetalli.it\/de\/wp-json\/wp\/v2\/pages"}],"about":[{"href":"https:\/\/www.tresoldimetalli.it\/de\/wp-json\/wp\/v2\/types\/page"}],"author":[{"embeddable":true,"href":"https:\/\/www.tresoldimetalli.it\/de\/wp-json\/wp\/v2\/users\/2"}],"replies":[{"embeddable":true,"href":"https:\/\/www.tresoldimetalli.it\/de\/wp-json\/wp\/v2\/comments?post=1664"}],"version-history":[{"count":14,"href":"https:\/\/www.tresoldimetalli.it\/de\/wp-json\/wp\/v2\/pages\/1664\/revisions"}],"predecessor-version":[{"id":3405,"href":"https:\/\/www.tresoldimetalli.it\/de\/wp-json\/wp\/v2\/pages\/1664\/revisions\/3405"}],"up":[{"embeddable":true,"href":"https:\/\/www.tresoldimetalli.it\/de\/wp-json\/wp\/v2\/pages\/1850"}],"wp:attachment":[{"href":"https:\/\/www.tresoldimetalli.it\/de\/wp-json\/wp\/v2\/media?parent=1664"}],"curies":[{"name":"wp","href":"https:\/\/api.w.org\/{rel}","templated":true}]}}