{"id":1667,"date":"2020-10-26T13:19:28","date_gmt":"2020-10-26T12:19:28","guid":{"rendered":"https:\/\/www.tresoldimetalli.it\/demo\/acciaio-uginox-e-ugitop\/"},"modified":"2023-07-12T18:35:57","modified_gmt":"2023-07-12T16:35:57","slug":"gewalzte-staehle-uginox-und-ugitop","status":"publish","type":"page","link":"https:\/\/www.tresoldimetalli.it\/de\/bauwesen\/gewalzte-staehle-uginox-und-ugitop\/","title":{"rendered":"Gewalzte st\u00e4hle uginox<sup>\u00ae<\/sup> und ugitop<sup>\u00ae<\/sup>"},"content":{"rendered":"<h2>Gewalzter Stahl Uginox FTE<sup>\u00ae<\/sup><\/h2>\n<table width=\"496\">\n<tbody>\n<tr>\n<td colspan=\"2\" width=\"496\">Technische Spezifikationen<\/td>\n<\/tr>\n<tr>\n<td>Nach Norm<\/td>\n<td>EN 10088 &#8211; 1.4510<\/td>\n<\/tr>\n<tr>\n<td>Dichte g\/cm\u00b3<\/td>\n<td>7,66<\/td>\n<\/tr>\n<tr>\n<td>Zusammensetzung (Anhaltswert) %<\/td>\n<td>C\u22640,041 &#8211; Cr 16,00\u00f718,00 &#8211; Mn\u22640,61 &#8211; Si\u22640,61 + Ti<\/td>\n<\/tr>\n<\/tbody>\n<\/table>\n<p>&nbsp;<\/p>\n<table width=\"496\">\n<tbody>\n<tr>\n<td colspan=\"2\" width=\"496\">Mechanische Eigenschaften<\/td>\n<\/tr>\n<tr>\n<td>Zugfestigkeit (N\/mm2)<\/td>\n<td>400\u00f7550<\/td>\n<\/tr>\n<tr>\n<td>Dehngrenze Rp0,2 (N\/mm2)<\/td>\n<td>\u2265240<\/td>\n<\/tr>\n<tr>\n<td>Bruchdehnung A80%<\/td>\n<td>30<\/td>\n<\/tr>\n<tr>\n<td>Schmelzpunkt \u00b0C<\/td>\n<td>1460<\/td>\n<\/tr>\n<tr>\n<td>Magnetische Wirkung<\/td>\n<td>Ja<\/td>\n<\/tr>\n<\/tbody>\n<\/table>\n<p>&nbsp;<\/p>\n<table width=\"496\">\n<tbody>\n<tr>\n<td colspan=\"2\" width=\"496\">Oberfl\u00e4chen<\/td>\n<\/tr>\n<tr>\n<td>Seite A<\/td>\n<td>Elektrolytische Verzinnung<\/td>\n<\/tr>\n<tr>\n<td>Seite B<\/td>\n<td>Elektrolytische Verzinnung<\/td>\n<\/tr>\n<\/tbody>\n<\/table>\n<p>&nbsp;<\/p>\n<table width=\"496\">\n<tbody>\n<tr>\n<td colspan=\"2\" width=\"496\">Abmessungen und Verpackungen<\/td>\n<\/tr>\n<tr>\n<td>COILS<\/td>\n<td><\/td>\n<\/tr>\n<tr>\n<td>Breite und Formate (mm)<\/td>\n<td>1000<\/td>\n<\/tr>\n<tr>\n<td>Dicken (mm)<\/td>\n<td>0,5<\/td>\n<\/tr>\n<tr>\n<td>Standardverpackungen<\/td>\n<td>\u00f8 300 &#8211; 400 oder 508<\/td>\n<\/tr>\n<tr>\n<td>B\u00c4NDER<\/td>\n<td><\/td>\n<\/tr>\n<tr>\n<td>Breite und Formate (mm)<\/td>\n<td>ab 8<\/td>\n<\/tr>\n<tr>\n<td>Dicken (mm)<\/td>\n<td>0,5<\/td>\n<\/tr>\n<tr>\n<td>Standardverpackungen<\/td>\n<td>\u00f8 300 &#8211; 400 oder 508<\/td>\n<\/tr>\n<tr>\n<td>Gewicht<\/td>\n<td>Coils: 500 oder 1000 kg &#8211; Mini-Coils: 100 kg pro Stk.<\/td>\n<\/tr>\n<tr>\n<td>TAFELN<\/td>\n<td><\/td>\n<\/tr>\n<tr>\n<td>Breite und Formate (mm)<\/td>\n<td>1000&#215;2000<\/td>\n<\/tr>\n<tr>\n<td>Dicken (mm)<\/td>\n<td>0,5<\/td>\n<\/tr>\n<tr>\n<td>Standardverpackungen<\/td>\n<td>&#8211;<\/td>\n<\/tr>\n<\/tbody>\n<\/table>\n<p>&nbsp;<\/p>\n<p>&nbsp;<\/p>\n<table width=\"343\">\n<tbody>\n<tr>\n<td width=\"343\">Eigentum<\/td>\n<\/tr>\n<tr>\n<td>Bildung einer gleichm\u00e4\u00dfigen Oberfl\u00e4chenschicht in der Farbe Mattgrau (Patina).<\/td>\n<\/tr>\n<tr>\n<td>Andere Ma\u00dfe, Oberfl\u00e4chen und St\u00e4rken auf Anfrage.<\/td>\n<\/tr>\n<\/tbody>\n<\/table>\n<p>Andere Ma\u00dfe, Oberfl\u00e4chen und St\u00e4rken auf Anfrage.<\/p>\n<p>&nbsp;<\/p>\n<h2>Gewalzter Stahl Ugitop<sup>\u00ae<\/sup><\/h2>\n<table width=\"496\">\n<tbody>\n<tr>\n<td colspan=\"2\" width=\"496\">Technische Spezifikationen<\/td>\n<\/tr>\n<tr>\n<td>Nach Norm<\/td>\n<td>EN 10088 &#8211; Alloy 1.4301<\/td>\n<\/tr>\n<tr>\n<td>Dichte g\/cm\u00b3<\/td>\n<td>7,9<\/td>\n<\/tr>\n<tr>\n<td rowspan=\"2\">Zusammensetzung (Anhaltswert) %<\/td>\n<td>C\u22640,07 &#8211; Cr 18,00\u00f720,00 &#8211; Ni 8,00\u00f710,50<\/td>\n<\/tr>\n<tr>\n<td>P\u22640,045 &#8211; S\u22640,015 &#8211; Mn\u22642,00 &#8211; Si\u22640,75<\/td>\n<\/tr>\n<\/tbody>\n<\/table>\n<p>&nbsp;<\/p>\n<table width=\"496\">\n<tbody>\n<tr>\n<td colspan=\"2\" width=\"496\">Mechanische Eigenschaften<\/td>\n<\/tr>\n<tr>\n<td>Zugfestigkeit (N\/mm\u00b2)<\/td>\n<td>540\u00f7750<\/td>\n<\/tr>\n<tr>\n<td>Dehngrenze Rp0,2 (N\/mm\u00b2)<\/td>\n<td>\u2265280<\/td>\n<\/tr>\n<tr>\n<td>Bruchdehnung A80%<\/td>\n<td>50<\/td>\n<\/tr>\n<tr>\n<td>Schmelzpunkt \u00b0C<\/td>\n<td>1460<\/td>\n<\/tr>\n<tr>\n<td>Magnetische Wirkung<\/td>\n<td>Nein<\/td>\n<\/tr>\n<\/tbody>\n<\/table>\n<p>&nbsp;<\/p>\n<table width=\"496\">\n<tbody>\n<tr>\n<td colspan=\"2\" width=\"496\">Oberfl\u00e4chen<\/td>\n<\/tr>\n<tr>\n<td>Seite A<\/td>\n<td>Walzenschleifen<\/td>\n<\/tr>\n<tr>\n<td>Seite B<\/td>\n<td>Walzenschleifen<\/td>\n<\/tr>\n<\/tbody>\n<\/table>\n<p>&nbsp;<\/p>\n<table width=\"496\">\n<tbody>\n<tr>\n<td colspan=\"2\" width=\"496\">Abmessungen und Verpackungen<\/td>\n<\/tr>\n<tr>\n<td>COILS<\/td>\n<td><\/td>\n<\/tr>\n<tr>\n<td>Breite und Formate (mm)<\/td>\n<td>1000<\/td>\n<\/tr>\n<tr>\n<td>Dicken (mm)<\/td>\n<td>0,5<\/td>\n<\/tr>\n<tr>\n<td>Standardverpackungen<\/td>\n<td>\u00f8 300 &#8211; 400 oder 508<\/td>\n<\/tr>\n<tr>\n<td>B\u00c4NDER<\/td>\n<td><\/td>\n<\/tr>\n<tr>\n<td>Breite und Formate (mm)<\/td>\n<td>ab 8<\/td>\n<\/tr>\n<tr>\n<td>Dicken (mm)<\/td>\n<td>0,5<\/td>\n<\/tr>\n<tr>\n<td>Standardverpackungen<\/td>\n<td>\u00f8 300 &#8211; 400 oder 508<\/td>\n<\/tr>\n<tr>\n<td>Gewicht<\/td>\n<td>Coils: 500 oder 1000 kg &#8211; Mini-Coils: 100 kg pro Stk.<\/td>\n<\/tr>\n<tr>\n<td>TAFELN<\/td>\n<td><\/td>\n<\/tr>\n<tr>\n<td>Breite und Formate (mm)<\/td>\n<td>1000&#215;2000<\/td>\n<\/tr>\n<tr>\n<td>Dicken (mm)<\/td>\n<td>0,5<\/td>\n<\/tr>\n<tr>\n<td>Standardverpackungen<\/td>\n<td>&#8211;<\/td>\n<\/tr>\n<\/tbody>\n<\/table>\n<p>&nbsp;<\/p>\n<table width=\"343\">\n<tbody>\n<tr>\n<td width=\"343\">Eigentum<\/td>\n<\/tr>\n<tr>\n<td>Das Schleifen mit ger\u00e4ndelten Walzen mit abgerundeten Kanten verleiht der Oberfl\u00e4che Antireflex-Eigenschaften.<\/td>\n<\/tr>\n<\/tbody>\n<\/table>\n<p><em>Andere Ma\u00dfe, Oberfl\u00e4chen und St\u00e4rken auf Anfrage.<\/em><\/p>\n","protected":false},"excerpt":{"rendered":"<p>Gewalzter Stahl Uginox FTE\u00ae Technische Spezifikationen Nach Norm EN 10088 &#8211; 1.4510 Dichte g\/cm\u00b3 7,66 Zusammensetzung (Anhaltswert) % C\u22640,041 &#8211; Cr 16,00\u00f718,00 &#8211; Mn\u22640,61 &#8211; Si\u22640,61 + Ti &nbsp; Mechanische Eigenschaften Zugfestigkeit (N\/mm2) 400\u00f7550 Dehngrenze Rp0,2 (N\/mm2) \u2265240 Bruchdehnung A80% 30 Schmelzpunkt \u00b0C 1460 Magnetische Wirkung Ja &nbsp; Oberfl\u00e4chen Seite A Elektrolytische Verzinnung Seite B [&hellip;]<\/p>\n","protected":false},"author":2,"featured_media":0,"parent":1850,"menu_order":0,"comment_status":"closed","ping_status":"closed","template":"page-templates\/edilizia.php","meta":{"_acf_changed":false,"footnotes":""},"class_list":["post-1667","page","type-page","status-publish","hentry"],"acf":[],"_links":{"self":[{"href":"https:\/\/www.tresoldimetalli.it\/de\/wp-json\/wp\/v2\/pages\/1667","targetHints":{"allow":["GET"]}}],"collection":[{"href":"https:\/\/www.tresoldimetalli.it\/de\/wp-json\/wp\/v2\/pages"}],"about":[{"href":"https:\/\/www.tresoldimetalli.it\/de\/wp-json\/wp\/v2\/types\/page"}],"author":[{"embeddable":true,"href":"https:\/\/www.tresoldimetalli.it\/de\/wp-json\/wp\/v2\/users\/2"}],"replies":[{"embeddable":true,"href":"https:\/\/www.tresoldimetalli.it\/de\/wp-json\/wp\/v2\/comments?post=1667"}],"version-history":[{"count":8,"href":"https:\/\/www.tresoldimetalli.it\/de\/wp-json\/wp\/v2\/pages\/1667\/revisions"}],"predecessor-version":[{"id":3406,"href":"https:\/\/www.tresoldimetalli.it\/de\/wp-json\/wp\/v2\/pages\/1667\/revisions\/3406"}],"up":[{"embeddable":true,"href":"https:\/\/www.tresoldimetalli.it\/de\/wp-json\/wp\/v2\/pages\/1850"}],"wp:attachment":[{"href":"https:\/\/www.tresoldimetalli.it\/de\/wp-json\/wp\/v2\/media?parent=1667"}],"curies":[{"name":"wp","href":"https:\/\/api.w.org\/{rel}","templated":true}]}}