{"id":1674,"date":"2020-10-26T13:21:53","date_gmt":"2020-10-26T12:21:53","guid":{"rendered":"https:\/\/www.tresoldimetalli.it\/demo\/acciaio-zincato-preverniciato\/"},"modified":"2024-12-10T16:19:10","modified_gmt":"2024-12-10T15:19:10","slug":"verzinkter-vorlackierter-stahl","status":"publish","type":"page","link":"https:\/\/www.tresoldimetalli.it\/de\/bauwesen\/verzinkter-vorlackierter-stahl\/","title":{"rendered":"Verzinkter vorlackierter stahl"},"content":{"rendered":"<h2>Gewalzter Stahl DX51D<br \/>\nhei\u00dfverzinkt und vorlackiert<\/h2>\n<table width=\"496\">\n<tbody>\n<tr>\n<td colspan=\"2\" width=\"496\">Technische Spezifikationen<\/td>\n<\/tr>\n<tr>\n<td>Nach Norm<\/td>\n<td>DIN EN 10346<\/td>\n<\/tr>\n<tr>\n<td>Dichte g\/cm\u00b3<\/td>\n<td>7,86<\/td>\n<\/tr>\n<tr>\n<td rowspan=\"2\">Zusammensetzung (Anhaltswert) %<\/td>\n<td>C 0,18 &#8211; Mn 1,20 &#8211; Si 0,50<\/td>\n<\/tr>\n<tr>\n<td>S 0,045 &#8211; P 0,12 &#8211; Ti 0,30<\/td>\n<\/tr>\n<\/tbody>\n<\/table>\n<p>&nbsp;<\/p>\n<table width=\"496\">\n<tbody>\n<tr>\n<td colspan=\"2\" width=\"496\">Spezifikationen Lack<\/td>\n<\/tr>\n<tr>\n<td>Lacktyp<\/td>\n<td>PE<\/td>\n<\/tr>\n<tr>\n<td>Verzinkung g\/m\u00b2<\/td>\n<td>140 &#8211; 200 &#8211; 275<\/td>\n<\/tr>\n<tr>\n<td>Oberfl\u00e4chenglanz GU<\/td>\n<td>30-40 \u00b15<\/td>\n<\/tr>\n<tr>\n<td>Rissbildung T<\/td>\n<td>max. 1,5<\/td>\n<\/tr>\n<tr>\n<td>Haftung T<\/td>\n<td>max. 1,0<\/td>\n<\/tr>\n<tr>\n<td>Abriebfestigkeit<\/td>\n<td>mini F<\/td>\n<\/tr>\n<\/tbody>\n<\/table>\n<p>&nbsp;<\/p>\n<table width=\"496\">\n<tbody>\n<tr>\n<td colspan=\"2\" width=\"496\">Mechanische Eigenschaften<\/td>\n<\/tr>\n<tr>\n<td>Zugfestigkeit (N\/mm\u00b2)<\/td>\n<td>270\u00f7500<\/td>\n<\/tr>\n<tr>\n<td>Bruchdehnung A80% min<\/td>\n<td>22<\/td>\n<\/tr>\n<tr>\n<td>Dehngrenze Rp0,2 (N\/mm\u00b2)<\/td>\n<td>&#8211;<\/td>\n<\/tr>\n<\/tbody>\n<\/table>\n<p>&nbsp;<\/p>\n<table width=\"496\">\n<tbody>\n<tr>\n<td colspan=\"2\" width=\"496\">Abmessungen und Verpackungen<\/td>\n<\/tr>\n<tr>\n<td>COILS<\/td>\n<td><\/td>\n<\/tr>\n<tr>\n<td>Breite und Formate (mm)<\/td>\n<td>1000 &#8211; 1250 &#8211; 1500<\/td>\n<\/tr>\n<tr>\n<td>Dicken (mm)<\/td>\n<td>0,50 &#8211; 0,55 &#8211; 0,60 &#8211; 0,70 &#8211; 0,80<\/td>\n<\/tr>\n<tr>\n<td><\/td>\n<td>1,00 &#8211; 1,20 &#8211; 1,50 &#8211; 1,80<\/td>\n<\/tr>\n<tr>\n<td>Standardverpackungen<\/td>\n<td>\u00f8 300 &#8211; 400 oder 508<\/td>\n<\/tr>\n<tr>\n<td>B\u00c4NDER<\/td>\n<td><\/td>\n<\/tr>\n<tr>\n<td>Breite und Formate (mm)<\/td>\n<td>ab 8<\/td>\n<\/tr>\n<tr>\n<td>Dicken (mm)<\/td>\n<td>0,50 &#8211; 0,55 &#8211; 0,60 &#8211; 0,70 &#8211; 0,80<\/td>\n<\/tr>\n<tr>\n<td><\/td>\n<td>1,00 &#8211; 1,20 &#8211; 1,50 &#8211; 1,80<\/td>\n<\/tr>\n<tr>\n<td>Standardverpackungen<\/td>\n<td>\u00f8 300 &#8211; 400 oder 508<\/td>\n<\/tr>\n<tr>\n<td>Gewicht<\/td>\n<td>Coils: 500 oder 1000 kg &#8211; Mini-Coils: 100 kg pro Stk.<\/td>\n<\/tr>\n<tr>\n<td>TAFELN<\/td>\n<td><\/td>\n<\/tr>\n<tr>\n<td>Breite und Formate (mm)<\/td>\n<td>1000&#215;2000 &#8211; 1250&#215;2500 &#8211;<br \/>\n1500&#215;3000<\/td>\n<\/tr>\n<tr>\n<td>Dicken (mm)<\/td>\n<td>0,50 &#8211; 0,55 &#8211; 0,60 &#8211; 0,70 &#8211; 0,80<\/td>\n<\/tr>\n<tr>\n<td><\/td>\n<td>1,00 &#8211; 1,20 &#8211; 1,50 &#8211; 1,80<\/td>\n<\/tr>\n<tr>\n<td>Standardverpackungen<\/td>\n<td>&#8211;<\/td>\n<\/tr>\n<\/tbody>\n<\/table>\n<p><em>Andere Ma\u00dfe, Oberfl\u00e4chen und St\u00e4rken auf Anfrage.<\/em><\/p>\n<p>&nbsp;<\/p>\n<h2>Gewalzter Stahl DX53D<br \/>\nhei\u00dfverzinkt und vorlackiert<\/h2>\n<table width=\"496\">\n<tbody>\n<tr>\n<td colspan=\"2\" width=\"496\">Technische Spezifikationen<\/td>\n<\/tr>\n<tr>\n<td>Nach Norm<\/td>\n<td>EN 10346<\/td>\n<\/tr>\n<tr>\n<td>Dichte g\/cm\u00b3<\/td>\n<td>7,86<\/td>\n<\/tr>\n<tr>\n<td rowspan=\"2\">Zusammensetzung (Anhaltswert) %<\/td>\n<td>C 0,12 &#8211; Mn 0,6 &#8211; Si 0,50<\/td>\n<\/tr>\n<tr>\n<td>P 0,10 &#8211; S 0,045 &#8211; Ti 0,30<\/td>\n<\/tr>\n<\/tbody>\n<\/table>\n<p>&nbsp;<\/p>\n<table width=\"496\">\n<tbody>\n<tr>\n<td colspan=\"2\" width=\"496\">Spezifikationen Lack<\/td>\n<\/tr>\n<tr>\n<td>Lacktyp<\/td>\n<td>PE<\/td>\n<\/tr>\n<tr>\n<td>Verzinkung g\/m\u00b2<\/td>\n<td>140 &#8211; 200 &#8211; 275<\/td>\n<\/tr>\n<tr>\n<td>Oberfl\u00e4chenglanz GU<\/td>\n<td>30<\/td>\n<\/tr>\n<tr>\n<td>Haftung T<\/td>\n<td>\u22642<\/td>\n<\/tr>\n<tr>\n<td>Abriebfestigkeit T<\/td>\n<td>\u22643<\/td>\n<\/tr>\n<\/tbody>\n<\/table>\n<p>&nbsp;<\/p>\n<table width=\"496\">\n<tbody>\n<tr>\n<td colspan=\"2\" width=\"496\">Mechanische Eigenschaften<\/td>\n<\/tr>\n<tr>\n<td>Zugfestigkeit (N\/mm\u00b2)<\/td>\n<td>270\u00f7380<\/td>\n<\/tr>\n<tr>\n<td>Bruchdehnung A80% min<\/td>\n<td>30<\/td>\n<\/tr>\n<tr>\n<td>Dehngrenze Rp0,2 (N\/mm\u00b2)<\/td>\n<td>140\u00f7260<\/td>\n<\/tr>\n<\/tbody>\n<\/table>\n<p>&nbsp;<\/p>\n<table width=\"496\">\n<tbody>\n<tr>\n<td colspan=\"2\" width=\"496\">Abmessungen und Verpackungen<\/td>\n<\/tr>\n<tr>\n<td>COILS<\/td>\n<td><\/td>\n<\/tr>\n<tr>\n<td>Breite und Formate (mm)<\/td>\n<td>1000 &#8211; 1250 &#8211; 1500<\/td>\n<\/tr>\n<tr>\n<td>Dicken (mm)<\/td>\n<td>0,50 \u2013 0,55 \u2013 0,80<\/td>\n<\/tr>\n<tr>\n<td>Standardverpackungen<\/td>\n<td>\u00f8 300 &#8211; 400 oder 508<\/td>\n<\/tr>\n<tr>\n<td>B\u00c4NDER<\/td>\n<td><\/td>\n<\/tr>\n<tr>\n<td>Breite und Formate (mm)<\/td>\n<td>ab 8<\/td>\n<\/tr>\n<tr>\n<td>Dicken (mm)<\/td>\n<td>0,50 \u2013 0,55 \u2013 0,80<\/td>\n<\/tr>\n<tr>\n<td>Standardverpackungen<\/td>\n<td>\u00f8 300 &#8211; 400 oder 508<\/td>\n<\/tr>\n<tr>\n<td>Gewicht<\/td>\n<td>Coils: 500 oder 1000 kg &#8211; Mini-Coils: 100 kg pro Stk.<\/td>\n<\/tr>\n<tr>\n<td>TAFELN<\/td>\n<td><\/td>\n<\/tr>\n<tr>\n<td>Breite und Formate (mm)<\/td>\n<td>1000&#215;2000 &#8211; 1250&#215;2500 &#8211;<br \/>\n1500&#215;3000<\/td>\n<\/tr>\n<tr>\n<td>Dicken (mm)<\/td>\n<td>0,50 \u2013 0,55 \u2013 0,80<\/td>\n<\/tr>\n<tr>\n<td>Standardverpackungen<\/td>\n<td>&#8211;<\/td>\n<\/tr>\n<\/tbody>\n<\/table>\n<p><em>Andere Ma\u00dfe, Oberfl\u00e4chen und St\u00e4rken auf Anfrage.<\/em><\/p>\n<h2>Gewalzter Stahl S250GD<br \/>\nhei\u00dfverzinkt und vorlackiert<\/h2>\n<table width=\"496\">\n<tbody>\n<tr>\n<td colspan=\"2\" width=\"496\">Technische Spezifikationen<\/td>\n<\/tr>\n<tr>\n<td>Nach Norm<\/td>\n<td>UNI EN 10346<\/td>\n<\/tr>\n<tr>\n<td>Dichte g\/cm\u00b3<\/td>\n<td>7,86<\/td>\n<\/tr>\n<tr>\n<td rowspan=\"2\">Zusammensetzung (Anhaltswert) %<\/td>\n<td>C 0,20\u00a0&#8211; Si 0,60 &#8211; Mn 1,70<\/td>\n<\/tr>\n<tr>\n<td>P\u00a00,10 &#8211; S\u00a00,045<\/td>\n<\/tr>\n<\/tbody>\n<\/table>\n<p>&nbsp;<\/p>\n<table width=\"496\">\n<tbody>\n<tr>\n<td colspan=\"2\" width=\"496\">Spezifikationen Lack<\/td>\n<\/tr>\n<tr>\n<td>Lacktyp<\/td>\n<td>PE<\/td>\n<\/tr>\n<tr>\n<td>Verzinkung g\/m\u00b2<\/td>\n<td>140 &#8211; 200 &#8211; 275<\/td>\n<\/tr>\n<tr>\n<td>Oberfl\u00e4chenglanz GU<\/td>\n<td>30-40 \u00b1 5<\/td>\n<\/tr>\n<tr>\n<td>Rissbildung T<\/td>\n<td>max. 1,5<\/td>\n<\/tr>\n<tr>\n<td>Haftung T<\/td>\n<td>max. 1,0<\/td>\n<\/tr>\n<tr>\n<td>Abriebfestigkeit<\/td>\n<td>mini F<\/td>\n<\/tr>\n<\/tbody>\n<\/table>\n<p>&nbsp;<\/p>\n<table width=\"496\">\n<tbody>\n<tr>\n<td colspan=\"2\" width=\"496\">Mechanische Eigenschaften<\/td>\n<\/tr>\n<tr>\n<td>Zugfestigkeit (N\/mm\u00b2)<\/td>\n<td>330 min<\/td>\n<\/tr>\n<tr>\n<td>Bruchdehnung A80% min<\/td>\n<td>19<\/td>\n<\/tr>\n<tr>\n<td>Dehngrenze Rp0,2 (N\/mm\u00b2)<\/td>\n<td>\u00a0250<\/td>\n<\/tr>\n<\/tbody>\n<\/table>\n<p>&nbsp;<\/p>\n<table width=\"496\">\n<tbody>\n<tr>\n<td colspan=\"2\" width=\"496\">Abmessungen und Verpackungen<\/td>\n<\/tr>\n<tr>\n<td>COILS<\/td>\n<td><\/td>\n<\/tr>\n<tr>\n<td>Breite und Formate (mm)<\/td>\n<td>1000 &#8211; 1250 &#8211; 1500<\/td>\n<\/tr>\n<tr>\n<td>Dicken (mm)<\/td>\n<td>0,55<\/td>\n<\/tr>\n<tr>\n<td>Standardverpackungen<\/td>\n<td>\u00f8 300 &#8211; 400 oder 508<\/td>\n<\/tr>\n<tr>\n<td>B\u00c4NDER<\/td>\n<td><\/td>\n<\/tr>\n<tr>\n<td>Breite und Formate (mm)<\/td>\n<td>ab 8<\/td>\n<\/tr>\n<tr>\n<td>Dicken (mm)<\/td>\n<td>0,55<\/td>\n<\/tr>\n<tr>\n<td>Standardverpackungen<\/td>\n<td>\u00f8 300 &#8211; 400 oder 508<\/td>\n<\/tr>\n<tr>\n<td>Gewicht<\/td>\n<td>Coils: 500 oder 1000 kg &#8211; Mini-Coils: 100 kg pro Stk.<\/td>\n<\/tr>\n<tr>\n<td>TAFELN<\/td>\n<td><\/td>\n<\/tr>\n<tr>\n<td>Breite und Formate (mm)<\/td>\n<td>1000&#215;2000 &#8211; 1250&#215;2500 &#8211;<br \/>\n1500&#215;3000 &#8211;<\/td>\n<\/tr>\n<tr>\n<td>Dicken (mm)<\/td>\n<td>0,55<\/td>\n<\/tr>\n<tr>\n<td>Standardverpackungen<\/td>\n<td>&#8211;<\/td>\n<\/tr>\n<\/tbody>\n<\/table>\n<p><em>Andere Ma\u00dfe, Oberfl\u00e4chen und St\u00e4rken auf Anfrage.<\/em><\/p>\n<h2>Gewalzter Stahl DX51D<br \/>\nhei\u00dfverzinkt und\u00a0Antislip<\/h2>\n<table width=\"496\">\n<tbody>\n<tr>\n<td colspan=\"2\" width=\"496\">Technische Spezifikationen<\/td>\n<\/tr>\n<tr>\n<td>Nach Norm<\/td>\n<td>UNI EN 10346<\/td>\n<\/tr>\n<tr>\n<td>Dichte g\/cm\u00b3<\/td>\n<td>7,86<\/td>\n<\/tr>\n<tr>\n<td rowspan=\"2\">Zusammensetzung (Anhaltswert) %<\/td>\n<td>C 0,18 \u2013 Mn 1,20 \u2013 Si 0,50<\/td>\n<\/tr>\n<tr>\n<td>S 0,045 \u2013 P 0,12 \u2013 Ti 0,30<\/td>\n<\/tr>\n<\/tbody>\n<\/table>\n<p>&nbsp;<\/p>\n<table width=\"496\">\n<tbody>\n<tr>\n<td colspan=\"2\" width=\"496\">Spezifikationen Lack<\/td>\n<\/tr>\n<tr>\n<td>Lacktyp<\/td>\n<td>Polyamid (rau)<\/td>\n<\/tr>\n<tr>\n<td>Verzinkung g\/m\u00b2<\/td>\n<td>150 &#8211; 200 &#8211; 275<\/td>\n<\/tr>\n<\/tbody>\n<\/table>\n<p>&nbsp;<\/p>\n<table width=\"496\">\n<tbody>\n<tr>\n<td colspan=\"2\" width=\"496\">Mechanische Eigenschaften<\/td>\n<\/tr>\n<tr>\n<td>Zugfestigkeit (N\/mm\u00b2)<\/td>\n<td>270\u00f7500<\/td>\n<\/tr>\n<tr>\n<td>Bruchdehnung A80% min<\/td>\n<td>22<\/td>\n<\/tr>\n<\/tbody>\n<\/table>\n<p>&nbsp;<\/p>\n<table width=\"496\">\n<tbody>\n<tr>\n<td colspan=\"2\" width=\"496\">Abmessungen und Verpackungen<\/td>\n<\/tr>\n<tr>\n<td>COILS<\/td>\n<td><\/td>\n<\/tr>\n<tr>\n<td>Breite und Formate (mm)<\/td>\n<td>1000 &#8211; 1250 &#8211; 1340<\/td>\n<\/tr>\n<tr>\n<td>Dicken (mm)<\/td>\n<td>0,55 &#8211; 0,60 &#8211;\u00a00,70 &#8211;\u00a01,50\u00a0&#8211;\u00a01,80<\/td>\n<\/tr>\n<tr>\n<td>Standardverpackungen<\/td>\n<td>\u00f8 300 &#8211; 400 oder 508<\/td>\n<\/tr>\n<tr>\n<td>B\u00c4NDER<\/td>\n<td><\/td>\n<\/tr>\n<tr>\n<td>Breite und Formate (mm)<\/td>\n<td>ab 8<\/td>\n<\/tr>\n<tr>\n<td>Dicken (mm)<\/td>\n<td>0,55 &#8211; 0,60 &#8211; 0,70 &#8211;\u00a01,50 &#8211; 1,80<\/td>\n<\/tr>\n<tr>\n<td>Standardverpackungen<\/td>\n<td>\u00f8 300 &#8211; 400 oder 508<\/td>\n<\/tr>\n<tr>\n<td>Gewicht<\/td>\n<td>Coils: 500 oder 1000 kg &#8211; Mini-Coils: 100 kg pro Stk.<\/td>\n<\/tr>\n<tr>\n<td>TAFELN<\/td>\n<td><\/td>\n<\/tr>\n<tr>\n<td>Breite und Formate (mm)<\/td>\n<td>1000&#215;2000 &#8211; 1250&#215;2500<br \/>\n1500&#215;3000<\/td>\n<\/tr>\n<tr>\n<td>Dicken (mm)<\/td>\n<td>0,55 &#8211; 0,60 &#8211; 0,70 -1,50 &#8211; 1,80<\/td>\n<\/tr>\n<tr>\n<td>Standardverpackungen<\/td>\n<td>&#8211;<\/td>\n<\/tr>\n<\/tbody>\n<\/table>\n<p><em>Andere Ma\u00dfe, Oberfl\u00e4chen und St\u00e4rken auf Anfrage.<\/em><\/p>\n<p>&nbsp;<\/p>\n<h2>Gewalzter Stahl hei\u00dfverzinkt<br \/>\nund vorlackiert HRV<\/h2>\n<table width=\"496\">\n<tbody>\n<tr>\n<td colspan=\"2\" width=\"496\">Technische Spezifikationen<\/td>\n<\/tr>\n<tr>\n<td>Nach Norm<\/td>\n<td>UNI EN 10346<\/td>\n<\/tr>\n<tr>\n<td>Dichte g\/cm\u00b3<\/td>\n<td>7,86<\/td>\n<\/tr>\n<tr>\n<td rowspan=\"2\">Zusammensetzung (Anhaltswert) %<\/td>\n<td>C 0,18 &#8211; Mn 1,20 &#8211; Si 0,50<\/td>\n<\/tr>\n<tr>\n<td>S 0,045 &#8211; P 0,12 &#8211; Ti 0,30<\/td>\n<\/tr>\n<\/tbody>\n<\/table>\n<p>&nbsp;<\/p>\n<table width=\"496\">\n<tbody>\n<tr>\n<td colspan=\"2\" width=\"496\">Spezifikationen Lack<\/td>\n<\/tr>\n<tr>\n<td>Lacktyp<\/td>\n<td>Super PE (rau)<\/td>\n<\/tr>\n<tr>\n<td>Verzinkung g\/m\u00b2<\/td>\n<td>275<\/td>\n<\/tr>\n<tr>\n<td>Oberfl\u00e4chenglanz GU<\/td>\n<td>15 \u00b1 10<\/td>\n<\/tr>\n<\/tbody>\n<\/table>\n<p>&nbsp;<\/p>\n<table width=\"496\">\n<tbody>\n<tr>\n<td colspan=\"2\" width=\"496\">Mechanische Eigenschaften<\/td>\n<\/tr>\n<tr>\n<td>Zugfestigkeit (N\/mm\u00b2)<\/td>\n<td>270\u00f7500<\/td>\n<\/tr>\n<tr>\n<td>Bruchdehnung A80% min<\/td>\n<td>22<\/td>\n<\/tr>\n<\/tbody>\n<\/table>\n<p>&nbsp;<\/p>\n<table width=\"496\">\n<tbody>\n<tr>\n<td colspan=\"2\" width=\"496\">Eigentum<\/td>\n<\/tr>\n<tr>\n<td>Korrosionsbest\u00e4ndigkeit<\/td>\n<td>RC3<\/td>\n<\/tr>\n<tr>\n<td>RUV-Klasse<\/td>\n<td>RUV4<\/td>\n<\/tr>\n<\/tbody>\n<\/table>\n<p>&nbsp;<\/p>\n<table width=\"496\">\n<tbody>\n<tr>\n<td colspan=\"2\" width=\"496\">Abmessungen und Verpackungen<\/td>\n<\/tr>\n<tr>\n<td>COILS<\/td>\n<td><\/td>\n<\/tr>\n<tr>\n<td>Breite und Formate (mm)<\/td>\n<td>1000 &#8211; 1340<\/td>\n<\/tr>\n<tr>\n<td>Dicken (mm)<\/td>\n<td>0,55<\/td>\n<\/tr>\n<tr>\n<td>Standardverpackungen<\/td>\n<td>\u00f8 300 &#8211; 400 oder 508<\/td>\n<\/tr>\n<tr>\n<td>B\u00c4NDER<\/td>\n<td><\/td>\n<\/tr>\n<tr>\n<td>Breite und Formate (mm)<\/td>\n<td>ab 8<\/td>\n<\/tr>\n<tr>\n<td>Standardst\u00e4rken mm<\/td>\n<td>0,55<\/td>\n<\/tr>\n<tr>\n<td>Standardverpackungen<\/td>\n<td>\u00f8 300 &#8211; 400 oder 508<\/td>\n<\/tr>\n<tr>\n<td>Gewicht<\/td>\n<td>Coils: 500 oder 1000 kg &#8211; Mini-Coils: 100 kg pro Stk.<\/td>\n<\/tr>\n<tr>\n<td>TAFELN<\/td>\n<td><\/td>\n<\/tr>\n<tr>\n<td>Breite und Formate (mm)<\/td>\n<td>1000&#215;2000<\/td>\n<\/tr>\n<tr>\n<td>Dicken (mm)<\/td>\n<td>0,55<\/td>\n<\/tr>\n<tr>\n<td>Standardverpackungen<\/td>\n<td>&#8211;<\/td>\n<\/tr>\n<\/tbody>\n<\/table>\n<p><em>Andere Ma\u00dfe, Oberfl\u00e4chen und St\u00e4rken auf Anfrage.<\/em><\/p>\n<p>&nbsp;<\/p>\n<h2>Vorlackierter Stahl Coverplus<\/h2>\n<table width=\"496\">\n<tbody>\n<tr>\n<td colspan=\"2\" width=\"496\">Technische Spezifikationen<\/td>\n<\/tr>\n<tr>\n<td>Nach Norm<\/td>\n<td>DIN EN 10346<\/td>\n<\/tr>\n<tr>\n<td>Dichte g\/cm\u00b3<\/td>\n<td>7,86<\/td>\n<\/tr>\n<tr>\n<td>Zusammensetzung (Anhaltswert) % maximal<\/td>\n<td>C 0,12 &#8211; Mn 0,60 &#8211; Si 0,50 P 0,10 &#8211; S 0,045 &#8211; Ti 0,30<\/td>\n<\/tr>\n<\/tbody>\n<\/table>\n<p>&nbsp;<\/p>\n<table width=\"496\">\n<tbody>\n<tr>\n<td colspan=\"2\" width=\"496\">Spezifikationen Lack<\/td>\n<\/tr>\n<tr>\n<td>Lacktyp<\/td>\n<td>PU<\/td>\n<\/tr>\n<tr>\n<td>Verzinkung g\/m\u00b2<\/td>\n<td>225<\/td>\n<\/tr>\n<tr>\n<td>Primer Seite A \u00b5<\/td>\n<td>25<\/td>\n<\/tr>\n<tr>\n<td>Primer Seite B \u00b5<\/td>\n<td>25<\/td>\n<\/tr>\n<tr>\n<td>St\u00e4rke Polyesterlackschicht Seite A \u00b5<\/td>\n<td>25<\/td>\n<\/tr>\n<tr>\n<td>St\u00e4rke Polyesterlackschicht Seite B \u00b5<\/td>\n<td>25<\/td>\n<\/tr>\n<tr>\n<td>Oberfl\u00e4chenglanz GU<\/td>\n<td>30 \u00b15<\/td>\n<\/tr>\n<tr>\n<td>Rissbildung T<\/td>\n<td>0 bis 1,5 T ECCA<\/td>\n<\/tr>\n<tr>\n<td>Haftung T<\/td>\n<td>0 T ECCA<\/td>\n<\/tr>\n<tr>\n<td>Bleistifth\u00e4rte<\/td>\n<td>HB<\/td>\n<\/tr>\n<tr>\n<td>Abrieb mg\/Umdrehung<\/td>\n<td>30\/1000<\/td>\n<\/tr>\n<tr>\n<td>Best\u00e4ndigkeit gegen Salznebel h<\/td>\n<td>500<\/td>\n<\/tr>\n<tr>\n<td>Best\u00e4ndigkeit gegen Feuchtigkeit h<\/td>\n<td>1500<\/td>\n<\/tr>\n<tr>\n<td>Best\u00e4ndigkeit gegen UV-Strahlung + Kondensation<\/td>\n<td>2000 h \u0394E \u2264 3 RB \u2265 80%<\/td>\n<\/tr>\n<\/tbody>\n<\/table>\n<p>&nbsp;<\/p>\n<table width=\"496\">\n<tbody>\n<tr>\n<td colspan=\"2\" width=\"496\">Mechanische Eigenschaften DX52<\/td>\n<\/tr>\n<tr>\n<td>Zugfestigkeit (N\/mm\u00b2)<\/td>\n<td>270-420<\/td>\n<\/tr>\n<tr>\n<td>Dehnung N\/mm\u00b2<\/td>\n<td>140-300<\/td>\n<\/tr>\n<tr>\n<td>Bruchdehnung %<\/td>\n<td>\u226526<\/td>\n<\/tr>\n<\/tbody>\n<\/table>\n<p>&nbsp;<\/p>\n<table width=\"496\">\n<tbody>\n<tr>\n<td colspan=\"2\" width=\"496\">Mechanische Eigenschaften DX51<\/td>\n<\/tr>\n<tr>\n<td>Zugfestigkeit (N\/mm\u00b2)<\/td>\n<td>270\u00f7500<\/td>\n<\/tr>\n<tr>\n<td>Dehnung N\/mm\u00b2<\/td>\n<td>&#8211;<\/td>\n<\/tr>\n<tr>\n<td>Bruchdehnung A50%<\/td>\n<td>\u00a0\u226522<\/td>\n<\/tr>\n<tr>\n<td>Bruchdehnung A80% min<\/td>\n<td>22<\/td>\n<\/tr>\n<tr>\n<td>Dehngrenze Rp0,2 (N\/mm\u00b2)<\/td>\n<td>&#8211;<\/td>\n<\/tr>\n<\/tbody>\n<\/table>\n<p>&nbsp;<\/p>\n<table width=\"496\">\n<tbody>\n<tr>\n<td colspan=\"2\" width=\"496\">Abmessungen und Verpackungen<\/td>\n<\/tr>\n<tr>\n<td>COILS<\/td>\n<td><\/td>\n<\/tr>\n<tr>\n<td>Breite und Formate (mm)<\/td>\n<td>1000 &#8211; 1250<\/td>\n<\/tr>\n<tr>\n<td>Dicken (mm)<\/td>\n<td>0,60 \u2013 0,80<\/td>\n<\/tr>\n<tr>\n<td>Standardverpackungen<\/td>\n<td>Coils Innen-\u00f8 508 mm oder 6 Mini-Coils<\/td>\n<\/tr>\n<tr>\n<td>Standardverpackungen (mm)<\/td>\n<td>\u00f8 300 oder \u00f8 400<\/td>\n<\/tr>\n<tr>\n<td>B\u00c4NDER<\/td>\n<td><\/td>\n<\/tr>\n<tr>\n<td>Breite und Formate (mm)<\/td>\n<td>ab 8<\/td>\n<\/tr>\n<tr>\n<td>Dicken (mm)<\/td>\n<td>0,60 \u2013 0,80<\/td>\n<\/tr>\n<tr>\n<td>Standardverpackungen<\/td>\n<td>Coils Innen-\u00f8 508 mm oder 6 Mini-Coils<\/td>\n<\/tr>\n<tr>\n<td>Standardverpackungen (mm)<\/td>\n<td>\u00f8 300 oder \u00f8 400<\/td>\n<\/tr>\n<tr>\n<td>Gewicht<\/td>\n<td>Coils: 500 oder 1000 kg &#8211; Mini-Coils: 100 kg pro Stk.<\/td>\n<\/tr>\n<tr>\n<td>TAFELN<\/td>\n<td><\/td>\n<\/tr>\n<tr>\n<td>Breite und Formate (mm)<\/td>\n<td>1000&#215;2000 &#8211; 1250&#215;2500<\/td>\n<\/tr>\n<tr>\n<td>Dicken (mm)<\/td>\n<td>0,60 \u2013 0,80<\/td>\n<\/tr>\n<tr>\n<td>Standardverpackungen (mm)<\/td>\n<td>&#8211;<\/td>\n<\/tr>\n<\/tbody>\n<\/table>\n<p>&nbsp;<\/p>\n<table width=\"496\">\n<tbody>\n<tr>\n<td colspan=\"2\" width=\"496\">DAUERHAFTIGKEIT IN JAHREN<\/td>\n<\/tr>\n<tr>\n<td>L\u00e4ndliche Umwelt, Stadt, normale Industrie, Leichtindustrie (C2\/C3)<\/td>\n<td>bis 20 Jahre<\/td>\n<\/tr>\n<tr>\n<td>Schwerindustrielles Umfeld (C4\/C5-I)<\/td>\n<td>bis 15 Jahre<\/td>\n<\/tr>\n<tr>\n<td>Umfeld mit hoher Salznebelkonzentration (C4\/C5-M)<\/td>\n<td>bis 20 Jahre<\/td>\n<\/tr>\n<tr>\n<td>Kundenspezifische Garantie<\/td>\n<td>Auf Anfrage nach technischer Analyse<\/td>\n<\/tr>\n<\/tbody>\n<\/table>\n<p>&nbsp;<\/p>\n<table width=\"343\">\n<tbody>\n<tr>\n<td width=\"343\">EIGENTUM<\/td>\n<\/tr>\n<tr>\n<td>Optimale Bearbeitbarkeit vom Stahl<\/td>\n<\/tr>\n<tr>\n<td>Optimale Kratzfestigkeit vom Lack<\/td>\n<\/tr>\n<tr>\n<td>Optimale UV-Best\u00e4ndigkeit<\/td>\n<\/tr>\n<tr>\n<td>Optimale Best\u00c3\u00a4ndigkeit gegen\u00c3\u00bcber industriellen Wirkstoffen<\/td>\n<\/tr>\n<tr>\n<td>Optimale Korrosionsbest\u00e4ndigkeit<\/td>\n<\/tr>\n<tr>\n<td>Hervorragende Best\u00e4ndigkeit in salzhaltigen Umgebungen<\/td>\n<\/tr>\n<\/tbody>\n<\/table>\n<p><em>Farben: Mokka, Wei\u00df 9002, Grau 7037, Grau 7016 und Silber 9006, auf Anfrage auch Farben nach RAL Farbkarte<\/em><br \/>\nAndere Ma\u00dfe, Oberfl\u00e4chen und St\u00e4rken auf Anfrage.<\/p>\n<p>&nbsp;<\/p>\n<h2>Copperline Linie Steel<\/h2>\n<p>&nbsp;<\/p>\n<table width=\"100%\">\n<tbody>\n<tr>\n<td colspan=\"2\" width=\"495\">Technische spezifikationen<\/td>\n<\/tr>\n<tr>\n<td width=\"208\">Nach Norm<\/td>\n<td width=\"286\">UNI EN 10346<\/td>\n<\/tr>\n<tr>\n<td width=\"208\">Basismetall und Legierung<\/td>\n<td width=\"286\">DX51<\/td>\n<\/tr>\n<tr>\n<td width=\"208\">Dichte g\/cm\u00b3<\/td>\n<td width=\"286\">7,86<\/td>\n<\/tr>\n<tr>\n<td rowspan=\"2\" width=\"208\">Zusammensetzung (Anhaltswert) %<\/td>\n<td width=\"286\">C 0,18 &#8211; Mn 1,20 &#8211; Si 0,50<\/td>\n<\/tr>\n<tr>\n<td width=\"286\">S 0,045 &#8211; P 0,12 &#8211; Ti 0,30<\/td>\n<\/tr>\n<\/tbody>\n<\/table>\n<p>&nbsp;<\/p>\n<table width=\"100%\">\n<tbody>\n<tr>\n<td colspan=\"2\" width=\"495\">Lack spezifikationen<\/td>\n<\/tr>\n<tr>\n<td width=\"208\">Lacktyp<\/td>\n<td width=\"286\">PE\/Polyamid<\/td>\n<\/tr>\n<tr>\n<td width=\"208\">Beschichtungspaket<\/td>\n<td width=\"286\">Seite A 35 \/ Seite B 15<\/td>\n<\/tr>\n<tr>\n<td width=\"208\">Farbe<\/td>\n<td width=\"286\">Seite A Kupfer antik \/ Seite B R\u00fcckseite in gleicher Farbe<\/td>\n<\/tr>\n<tr>\n<td width=\"208\">Verzinkung g\/m\u00b2<\/td>\n<td width=\"286\">100 &#8211; 140 &#8211; 200 &#8211; 275<\/td>\n<\/tr>\n<tr>\n<td width=\"208\">H\u00e4rte<\/td>\n<td width=\"286\">DX 51<\/td>\n<\/tr>\n<\/tbody>\n<\/table>\n<p>&nbsp;<\/p>\n<table width=\"100%\">\n<tbody>\n<tr>\n<td colspan=\"2\" width=\"372\">Mechanische Eigenschaften<\/td>\n<\/tr>\n<tr>\n<td width=\"157\">Zugfestigkeit (Anhaltswert) N\/mm\u00b2<\/td>\n<td width=\"215\">270\u00f7500<\/td>\n<\/tr>\n<tr>\n<td width=\"157\">Dehngrenze<\/td>\n<td width=\"215\">&#8211;<\/td>\n<\/tr>\n<tr>\n<td width=\"157\">Bruchdehnung A%<\/td>\n<td width=\"215\">A80%\u2265 22<\/td>\n<\/tr>\n<tr>\n<td width=\"157\">H\u00e4rte<\/td>\n<td width=\"215\">&#8211;<\/td>\n<\/tr>\n<\/tbody>\n<\/table>\n<p>&nbsp;<\/p>\n<table width=\"100%\">\n<tbody>\n<tr>\n<td colspan=\"2\" width=\"495\">Abmessungen und Verpackung<\/td>\n<\/tr>\n<tr>\n<td width=\"208\">COILS<\/td>\n<td><\/td>\n<\/tr>\n<tr>\n<td width=\"208\">Breite und Formate (mm)<\/td>\n<td width=\"286\">1000 \u2013 1250<\/td>\n<\/tr>\n<tr>\n<td width=\"208\">Dicken (mm)<\/td>\n<td width=\"286\">0,55 &#8211; 0,80 &#8211; 1,50<\/td>\n<\/tr>\n<tr>\n<td width=\"208\">Standardverpackungen<\/td>\n<td width=\"286\">\u00f8 300 &#8211; 400 oder 508<\/td>\n<\/tr>\n<tr>\n<td width=\"208\">B\u00c4NDER<\/td>\n<td><\/td>\n<\/tr>\n<tr>\n<td width=\"208\">Breite und Formate (mm)<\/td>\n<td width=\"286\">ab 8<\/td>\n<\/tr>\n<tr>\n<td width=\"208\">Dicken (mm)<\/td>\n<td width=\"286\">0,55 &#8211; 0,80 &#8211; 1,50<\/td>\n<\/tr>\n<tr>\n<td width=\"208\">Standardverpackungen<\/td>\n<td width=\"286\">\u00f8 300 &#8211; 400 oder 508<\/td>\n<\/tr>\n<tr>\n<td width=\"208\">Gewicht<\/td>\n<td width=\"286\">Coils: 500 oder 1000 kg &#8211; Mini Coils: 100 kg pro St\u00fcck<\/td>\n<\/tr>\n<tr>\n<td width=\"208\">TAFELN<\/td>\n<td><\/td>\n<\/tr>\n<tr>\n<td width=\"208\">Breite und Formate (mm)<\/td>\n<td width=\"286\">1000\u00d72000 \u2013 1250&#215;2500<\/td>\n<\/tr>\n<tr>\n<td width=\"208\">Dicken (mm)<\/td>\n<td width=\"286\">0,55 &#8211; 0,80 &#8211; 1,50<\/td>\n<\/tr>\n<tr>\n<td width=\"208\">Standardverpackung<\/td>\n<td width=\"286\">\u2013<\/td>\n<\/tr>\n<\/tbody>\n<\/table>\n<p>Andere Ma\u00dfe, Oberfl\u00e4chen und St\u00e4rken auf Anfrage.<\/p>\n","protected":false},"excerpt":{"rendered":"<p>Gewalzter Stahl DX51D hei\u00dfverzinkt und vorlackiert Technische Spezifikationen Nach Norm DIN EN 10346 Dichte g\/cm\u00b3 7,86 Zusammensetzung (Anhaltswert) % C 0,18 &#8211; Mn 1,20 &#8211; Si 0,50 S 0,045 &#8211; P 0,12 &#8211; Ti 0,30 &nbsp; Spezifikationen Lack Lacktyp PE Verzinkung g\/m\u00b2 140 &#8211; 200 &#8211; 275 Oberfl\u00e4chenglanz GU 30-40 \u00b15 Rissbildung T max. 1,5 [&hellip;]<\/p>\n","protected":false},"author":2,"featured_media":0,"parent":1850,"menu_order":0,"comment_status":"closed","ping_status":"closed","template":"page-templates\/edilizia.php","meta":{"_acf_changed":false,"footnotes":""},"class_list":["post-1674","page","type-page","status-publish","hentry"],"acf":[],"_links":{"self":[{"href":"https:\/\/www.tresoldimetalli.it\/de\/wp-json\/wp\/v2\/pages\/1674","targetHints":{"allow":["GET"]}}],"collection":[{"href":"https:\/\/www.tresoldimetalli.it\/de\/wp-json\/wp\/v2\/pages"}],"about":[{"href":"https:\/\/www.tresoldimetalli.it\/de\/wp-json\/wp\/v2\/types\/page"}],"author":[{"embeddable":true,"href":"https:\/\/www.tresoldimetalli.it\/de\/wp-json\/wp\/v2\/users\/2"}],"replies":[{"embeddable":true,"href":"https:\/\/www.tresoldimetalli.it\/de\/wp-json\/wp\/v2\/comments?post=1674"}],"version-history":[{"count":12,"href":"https:\/\/www.tresoldimetalli.it\/de\/wp-json\/wp\/v2\/pages\/1674\/revisions"}],"predecessor-version":[{"id":3787,"href":"https:\/\/www.tresoldimetalli.it\/de\/wp-json\/wp\/v2\/pages\/1674\/revisions\/3787"}],"up":[{"embeddable":true,"href":"https:\/\/www.tresoldimetalli.it\/de\/wp-json\/wp\/v2\/pages\/1850"}],"wp:attachment":[{"href":"https:\/\/www.tresoldimetalli.it\/de\/wp-json\/wp\/v2\/media?parent=1674"}],"curies":[{"name":"wp","href":"https:\/\/api.w.org\/{rel}","templated":true}]}}