{"id":1677,"date":"2020-10-26T13:23:19","date_gmt":"2020-10-26T12:23:19","guid":{"rendered":"https:\/\/www.tresoldimetalli.it\/demo\/natural-aluminium\/"},"modified":"2023-07-12T18:40:31","modified_gmt":"2023-07-12T16:40:31","slug":"unbehandeltes-aluminium","status":"publish","type":"page","link":"https:\/\/www.tresoldimetalli.it\/de\/bauwesen\/unbehandeltes-aluminium\/","title":{"rendered":"Unbehandeltes aluminium"},"content":{"rendered":"<h2>UNBEHANDELTES ALUMINIUM IN LEGIERUNG 1050<\/h2>\n<table width=\"496\">\n<tbody>\n<tr>\n<td colspan=\"2\" width=\"496\">Technische Spezifikationen<\/td>\n<\/tr>\n<tr>\n<td>Nach Norm<\/td>\n<td>EN 485\/573<\/td>\n<\/tr>\n<tr>\n<td>Dichte g\/cm\u00b3<\/td>\n<td>2,7<\/td>\n<\/tr>\n<tr>\n<td rowspan=\"2\">Zusammensetzung (Anhaltswert) %<\/td>\n<td>Al 99,5 min &#8211; Si\u22640,25 &#8211; Fe\u22640,40<br \/>\n&#8211; Cu\u22640,05 &#8211; Mn\u22640,05<\/td>\n<\/tr>\n<tr>\n<td>Mg\u22640,05 -Zn\u22640,70 &#8211; Ti\u22640,05 &#8211; others\u22640,03<\/td>\n<\/tr>\n<\/tbody>\n<\/table>\n<p>&nbsp;<\/p>\n<table width=\"496\">\n<tbody>\n<tr>\n<td colspan=\"2\" width=\"496\">Mechanische Eigenschaften physikalischer Zustand H16<\/td>\n<\/tr>\n<tr>\n<td>Zugfestigkeit Rm MPa<\/td>\n<td>120 &#8211; 160<\/td>\n<\/tr>\n<tr>\n<td>Dehngrenze Rp0,2 MPa<\/td>\n<td>100 min<\/td>\n<\/tr>\n<tr>\n<td>Mindestdehnung A50%<\/td>\n<td>sp. 0,20 \u00f7 0,50 \u22651<br \/>\nsp. 0,50 \u00f7 1,50 \u22652<br \/>\nsp. 1,50 \u00f7 4,00 \u22653<\/td>\n<\/tr>\n<tr>\n<td>Richth\u00e4rte HBS<\/td>\n<td>39<\/td>\n<\/tr>\n<\/tbody>\n<\/table>\n<p>&nbsp;<\/p>\n<table width=\"496\">\n<tbody>\n<tr>\n<td colspan=\"2\" width=\"496\">Mechanische Eigenschaften physikalischer Zustand H18<\/td>\n<\/tr>\n<tr>\n<td>Zugfestigkeit Rm MPa<\/td>\n<td>140 min.<\/td>\n<\/tr>\n<tr>\n<td>Dehngrenze Rp0,2 MPa<\/td>\n<td>120<\/td>\n<\/tr>\n<tr>\n<td>Mindestdehnung A50%<\/td>\n<td>sp. 0,20 \u00f7 0,50 \u22651<br \/>\nsp. 0,50 \u00f7 1,50 \u22652<br \/>\nsp. 1,50 \u00f7 3,00 \u22652<\/td>\n<\/tr>\n<tr>\n<td>Richth\u00e4rte HBS<\/td>\n<td>42<\/td>\n<\/tr>\n<\/tbody>\n<\/table>\n<p>&nbsp;<\/p>\n<table width=\"496\">\n<tbody>\n<tr>\n<td colspan=\"2\" width=\"496\">Mechanische Eigenschaften physikalischer Zustand H22<\/td>\n<\/tr>\n<tr>\n<td>Zugfestigkeit Rm MPa<\/td>\n<td>85 &#8211; 125<\/td>\n<\/tr>\n<tr>\n<td>Dehngrenze Rp0,2 MPa<\/td>\n<td>55<\/td>\n<\/tr>\n<tr>\n<td>Mindestdehnung A50%<\/td>\n<td>sp. 0,20 \u00f7 0,50 \u22654<br \/>\nsp. 0,50 \u00f7 1,50 \u22655<br \/>\nsp. 1,50 \u00f7 3,00 \u22656<\/td>\n<\/tr>\n<tr>\n<td>Richth\u00e4rte HBS<\/td>\n<td>27<\/td>\n<\/tr>\n<\/tbody>\n<\/table>\n<p>&nbsp;<\/p>\n<table width=\"496\">\n<tbody>\n<tr>\n<td colspan=\"2\" width=\"496\">Mechanische Eigenschaften physikalischer Zustand H24<\/td>\n<\/tr>\n<tr>\n<td>Zugfestigkeit Rm MPa<\/td>\n<td>105 &#8211; 145<\/td>\n<\/tr>\n<tr>\n<td>Dehngrenze Rp0,2 MPa<\/td>\n<td>75<\/td>\n<\/tr>\n<tr>\n<td>Mindestdehnung A50%<\/td>\n<td>sp. 0,20 \u00f7 0,50 \u22653<br \/>\nsp. 0,50 \u00f7 1,50 \u22654<br \/>\nsp. 1,50 \u00f7 3,00 \u22655<\/td>\n<\/tr>\n<tr>\n<td>Richth\u00e4rte HBS<\/td>\n<td>33<\/td>\n<\/tr>\n<\/tbody>\n<\/table>\n<p>&nbsp;<\/p>\n<table width=\"496\">\n<tbody>\n<tr>\n<td colspan=\"2\" width=\"496\">Mechanische Eigenschaften physikalischer Zustand H26<\/td>\n<\/tr>\n<tr>\n<td>Zugfestigkeit Rm MPa<\/td>\n<td>120 &#8211; 160<\/td>\n<\/tr>\n<tr>\n<td>Zugwiderstand Rp0,2\u00a0MPa<\/td>\n<td>90<\/td>\n<\/tr>\n<tr>\n<td>Mindestdehnung A50%<\/td>\n<td>sp. 0,20 \u00f7 0,50 \u22652<br \/>\nsp. 0,50 \u00f7 1,50 \u22653<br \/>\nsp. 1,50 \u00f7 3,00 \u22654<\/td>\n<\/tr>\n<tr>\n<td>Richth\u00e4rte HBS<\/td>\n<td>38<\/td>\n<\/tr>\n<\/tbody>\n<\/table>\n<p>&nbsp;<\/p>\n<table width=\"496\">\n<tbody>\n<tr>\n<td colspan=\"2\" width=\"496\">Abmessungen und Verpackungen<\/td>\n<\/tr>\n<tr>\n<td>COILS<\/td>\n<td><\/td>\n<\/tr>\n<tr>\n<td>Breite und Formate (mm)<\/td>\n<td>1000 &#8211; 1250 &#8211; 1500<\/td>\n<\/tr>\n<tr>\n<td>Dicken (mm)<\/td>\n<td>0,60 &#8211; 0,70 &#8211; 0,80 &#8211; 1,00 &#8211; 1,20<\/td>\n<\/tr>\n<tr>\n<td><\/td>\n<td>1,50 &#8211; 2,00 &#8211; 2,50 &#8211; 3,00<\/td>\n<\/tr>\n<tr>\n<td>Standardverpackungen<\/td>\n<td>\u00f8 300 &#8211; 400 oder 508<\/td>\n<\/tr>\n<tr>\n<td>B\u00c4NDER<\/td>\n<td><\/td>\n<\/tr>\n<tr>\n<td>Breite und Formate (mm)<\/td>\n<td>ab 8<\/td>\n<\/tr>\n<tr>\n<td>Dicken (mm)<\/td>\n<td>0,60 &#8211; 0,70 &#8211; 0,80 &#8211; 1,00 &#8211; 1,00<\/td>\n<\/tr>\n<tr>\n<td><\/td>\n<td>1,20 &#8211; 1,50 &#8211; 2,00 &#8211; 2,50 &#8211; 3,00<\/td>\n<\/tr>\n<tr>\n<td>Standardverpackungen<\/td>\n<td>\u00f8 300 &#8211; 400 oder 508<\/td>\n<\/tr>\n<tr>\n<td>Gewicht<\/td>\n<td>Coils: 500 oder 1000 kg &#8211; Mini-Coils: 100 kg pro Stk.<\/td>\n<\/tr>\n<tr>\n<td>TAFELN<\/td>\n<td><\/td>\n<\/tr>\n<tr>\n<td>Breite und Formate (mm)<\/td>\n<td>1000&#215;2000 &#8211; 1250&#215;2500 &#8211; 1500&#215;3000<\/td>\n<\/tr>\n<tr>\n<td>Dicken (mm)<\/td>\n<td>0,60 &#8211; 0,70 &#8211; 0,80 &#8211; 1,00 &#8211; 1,20<\/td>\n<\/tr>\n<tr>\n<td><\/td>\n<td>1,50 &#8211; 2,00 &#8211; 2,50 &#8211; 3,00<\/td>\n<\/tr>\n<tr>\n<td>Standardverpackungen<\/td>\n<td>&#8211;<\/td>\n<\/tr>\n<\/tbody>\n<\/table>\n<p>Andere Ma\u00dfe, Legierungen, Oberfl\u00e4chen und St\u00e4rken auf Anfrage.<\/p>\n<p>&nbsp;<\/p>\n<h2>UNBEHANDELTES ALUMINIUM IN LEGIERUNG 3105<\/h2>\n<table width=\"496\">\n<tbody>\n<tr>\n<td colspan=\"2\" width=\"496\">Technische Spezifikationen<\/td>\n<\/tr>\n<tr>\n<td>Nach Norm<\/td>\n<td>EN 485\/573<\/td>\n<\/tr>\n<tr>\n<td>Dichte g\/cm\u00b3<\/td>\n<td>2,7<\/td>\n<\/tr>\n<tr>\n<td rowspan=\"2\">Zusammensetzung (Anhaltswert) %<\/td>\n<td>Si\u22640,60 &#8211; Fe\u22640,70 &#8211; Cu\u22640,30 -Mn0,30\u00f70,80 &#8211; Mg 0,20\u00f70,80<\/td>\n<\/tr>\n<tr>\n<td>&#8211; Cr\u22640,20 &#8211; Zn\u22640,40 &#8211; Ti\u22640,10 &#8211; Andere\u22640,15 &#8211; Al Rest<\/td>\n<\/tr>\n<\/tbody>\n<\/table>\n<p>&nbsp;<\/p>\n<table width=\"496\">\n<tbody>\n<tr>\n<td colspan=\"2\" width=\"496\">Mechanische Eigenschaften physikalischer Zustand H24<\/td>\n<\/tr>\n<tr>\n<td>Zugfestigkeit (N\/mm2)<\/td>\n<td>&gt;120<\/td>\n<\/tr>\n<tr>\n<td>Dehngrenze N\/mm2<\/td>\n<td>150 &#8211; 200<\/td>\n<\/tr>\n<tr>\n<td>Mindestdehnung A50%<\/td>\n<td>4 wenn sp. &lt; 1,5 mm<\/td>\n<\/tr>\n<tr>\n<td><\/td>\n<td>5 wenn sp. &gt; 1,5 mm<\/td>\n<\/tr>\n<tr>\n<td>H\u00e4rte HBW<\/td>\n<td>47<\/td>\n<\/tr>\n<\/tbody>\n<\/table>\n<p>&nbsp;<\/p>\n<table width=\"496\">\n<tbody>\n<tr>\n<td colspan=\"2\" width=\"496\">Mechanische Eigenschaften physikalischer Zustand H26<\/td>\n<\/tr>\n<tr>\n<td>Zugfestigkeit (N\/mm\u00b2)<\/td>\n<td>\u2265150<\/td>\n<\/tr>\n<tr>\n<td>Dehngrenze N\/mm\u00b2<\/td>\n<td>175-225<\/td>\n<\/tr>\n<tr>\n<td>Mindestdehnung A50%<\/td>\n<td>3<\/td>\n<\/tr>\n<tr>\n<td>H\u00e4rte HBW<\/td>\n<td>55<\/td>\n<\/tr>\n<\/tbody>\n<\/table>\n<p>&nbsp;<\/p>\n<table width=\"496\">\n<tbody>\n<tr>\n<td colspan=\"2\" width=\"496\">Abmessungen und Verpackungen<\/td>\n<\/tr>\n<tr>\n<td>COILS<\/td>\n<td><\/td>\n<\/tr>\n<tr>\n<td>Breite und Formate (mm)<\/td>\n<td>1000 &#8211; 1250 &#8211; 1500<\/td>\n<\/tr>\n<tr>\n<td>Dicken (mm)<\/td>\n<td>0,45 &#8211; 0,50 &#8211; 0,60 &#8211; 0,70 &#8211; 0,80<\/td>\n<\/tr>\n<tr>\n<td><\/td>\n<td>1,00 &#8211; 1,20 &#8211; 1,50 &#8211; 2,00 &#8211; 3,00<\/td>\n<\/tr>\n<tr>\n<td>Standardverpackungen<\/td>\n<td>\u00f8 300 &#8211; 400 oder 508<\/td>\n<\/tr>\n<tr>\n<td>B\u00c4NDER<\/td>\n<td><\/td>\n<\/tr>\n<tr>\n<td>Breite und Formate (mm)<\/td>\n<td>ab 8<\/td>\n<\/tr>\n<tr>\n<td>Dicken (mm)<\/td>\n<td>0,45 &#8211; 0,50 &#8211; 0,60 &#8211; 0,70 &#8211; 0,80<\/td>\n<\/tr>\n<tr>\n<td><\/td>\n<td>1,00 &#8211; 1,20 &#8211; 1,50 &#8211; 2,00 &#8211; 3,00<\/td>\n<\/tr>\n<tr>\n<td>Standardverpackungen<\/td>\n<td>\u00f8 300 &#8211; 400 oder 508<\/td>\n<\/tr>\n<tr>\n<td>Gewicht<\/td>\n<td>Coils: 500 oder 1000 kg &#8211; Mini-Coils: 100 kg pro Stk.<\/td>\n<\/tr>\n<tr>\n<td>TAFELN<\/td>\n<td><\/td>\n<\/tr>\n<tr>\n<td>Breite und Formate (mm)<\/td>\n<td>1000&#215;2000 &#8211; 1250&#215;2500 &#8211; 1500&#215;3000 &#8211;<\/td>\n<\/tr>\n<tr>\n<td>Dicken (mm)<\/td>\n<td>0,45 &#8211; 0,50 &#8211; 0,60 &#8211; 0,70 &#8211; 0,80<\/td>\n<\/tr>\n<tr>\n<td><\/td>\n<td>1,00 &#8211; 1,20 &#8211; 1,50 &#8211; 2,00 &#8211; 3,00<\/td>\n<\/tr>\n<tr>\n<td>Standardverpackungen<\/td>\n<td>&#8211;<\/td>\n<\/tr>\n<\/tbody>\n<\/table>\n<p><em>Andere Ma\u00dfe, Legierungen, Oberfl\u00e4chen und St\u00e4rken auf Anfrage.<\/em><\/p>\n<p>&nbsp;<\/p>\n<h2>UNBEHANDELTES ALUMINIUM IN LEGIERUNG 5754<\/h2>\n<table width=\"496\">\n<tbody>\n<tr>\n<td colspan=\"2\" width=\"496\">Technische Spezifikationen<\/td>\n<\/tr>\n<tr>\n<td>Nach Norm<\/td>\n<td>EN 485\/573<\/td>\n<\/tr>\n<tr>\n<td>Dichte g\/cm\u00b3<\/td>\n<td>2,7<\/td>\n<\/tr>\n<tr>\n<td rowspan=\"2\">Zusammensetzung (Anhaltswert) %<\/td>\n<td>Si\u22640,40 &#8211; Fe\u22640,40 &#8211; Cu\u22640,10 &#8211; Mn\u22640,50 &#8211; Mg 2,60\u00f73,60<\/td>\n<\/tr>\n<tr>\n<td>&#8211; Cr\u22640,30 &#8211; Zn\u22640,20 &#8211; Ti\u22640,15 &#8211; Andere\u22640,05<\/td>\n<\/tr>\n<\/tbody>\n<\/table>\n<p>&nbsp;<\/p>\n<table width=\"496\">\n<tbody>\n<tr>\n<td colspan=\"2\" width=\"496\">Mechanische Eigenschaften physikalischer Zustand H111<\/td>\n<\/tr>\n<tr>\n<td>Zugfestigkeit (N\/mm\u00b2)<\/td>\n<td>190 &#8211; 240<\/td>\n<\/tr>\n<tr>\n<td>Dehngrenze N\/mm\u00b2<\/td>\n<td>&gt;80<\/td>\n<\/tr>\n<tr>\n<td>Bruchdehnung A50%<\/td>\n<td>14<\/td>\n<\/tr>\n<tr>\n<td>H\u00e4rte HBW<\/td>\n<td>52<\/td>\n<\/tr>\n<\/tbody>\n<\/table>\n<p>&nbsp;<\/p>\n<table width=\"496\">\n<tbody>\n<tr>\n<td colspan=\"2\" width=\"496\">Abmessungen und Verpackungen<\/td>\n<\/tr>\n<tr>\n<td>COILS<\/td>\n<td><\/td>\n<\/tr>\n<tr>\n<td>Breite und Formate (mm)<\/td>\n<td>1000 &#8211; 1250 &#8211; 1500<\/td>\n<\/tr>\n<tr>\n<td>Dicken (mm)<\/td>\n<td>1,00 &#8211; 1,20 &#8211; 1,50 &#8211; 2,00 &#8211; 3,00<\/td>\n<\/tr>\n<tr>\n<td>Standardverpackungen<\/td>\n<td>\u00f8 300 &#8211; 400 oder 508<\/td>\n<\/tr>\n<tr>\n<td>B\u00c4NDER<\/td>\n<td><\/td>\n<\/tr>\n<tr>\n<td>Breite und Formate (mm)<\/td>\n<td>ab 8<\/td>\n<\/tr>\n<tr>\n<td>Dicken (mm)<\/td>\n<td>1,00 &#8211; 1,20 &#8211; 1,50 &#8211; 2,00 &#8211; 3,00<\/td>\n<\/tr>\n<tr>\n<td>Standardverpackungen<\/td>\n<td>\u00f8 300 &#8211; 400 oder 508<\/td>\n<\/tr>\n<tr>\n<td>Gewicht<\/td>\n<td>Coils: 500 oder 1000 kg &#8211; Mini-Coils: 100 kg pro Stk.<\/td>\n<\/tr>\n<tr>\n<td>TAFELN<\/td>\n<td><\/td>\n<\/tr>\n<tr>\n<td>Breite und Formate (mm)<\/td>\n<td>1000&#215;2000 &#8211; 1250&#215;2500 &#8211; 1500&#215;3000<\/td>\n<\/tr>\n<tr>\n<td>Dicken (mm)<\/td>\n<td>1,00 &#8211; 1,20 &#8211; 1,50 &#8211; 2,00 &#8211; 3,00 &#8211; 4,00 5,00 &#8211; 6,00 &#8211; 8,00<\/td>\n<\/tr>\n<tr>\n<td>Standardverpackungen<\/td>\n<td>&#8211;<\/td>\n<\/tr>\n<\/tbody>\n<\/table>\n<p><em>Andere Ma\u00dfe, Legierungen, Oberfl\u00e4chen und St\u00e4rken auf Anfrage.<\/em><\/p>\n","protected":false},"excerpt":{"rendered":"<p>UNBEHANDELTES ALUMINIUM IN LEGIERUNG 1050 Technische Spezifikationen Nach Norm EN 485\/573 Dichte g\/cm\u00b3 2,7 Zusammensetzung (Anhaltswert) % Al 99,5 min &#8211; Si\u22640,25 &#8211; Fe\u22640,40 &#8211; Cu\u22640,05 &#8211; Mn\u22640,05 Mg\u22640,05 -Zn\u22640,70 &#8211; Ti\u22640,05 &#8211; others\u22640,03 &nbsp; Mechanische Eigenschaften physikalischer Zustand H16 Zugfestigkeit Rm MPa 120 &#8211; 160 Dehngrenze Rp0,2 MPa 100 min Mindestdehnung A50% sp. 0,20 [&hellip;]<\/p>\n","protected":false},"author":2,"featured_media":0,"parent":1850,"menu_order":0,"comment_status":"closed","ping_status":"closed","template":"page-templates\/edilizia.php","meta":{"_acf_changed":false,"footnotes":""},"class_list":["post-1677","page","type-page","status-publish","hentry"],"acf":[],"_links":{"self":[{"href":"https:\/\/www.tresoldimetalli.it\/de\/wp-json\/wp\/v2\/pages\/1677","targetHints":{"allow":["GET"]}}],"collection":[{"href":"https:\/\/www.tresoldimetalli.it\/de\/wp-json\/wp\/v2\/pages"}],"about":[{"href":"https:\/\/www.tresoldimetalli.it\/de\/wp-json\/wp\/v2\/types\/page"}],"author":[{"embeddable":true,"href":"https:\/\/www.tresoldimetalli.it\/de\/wp-json\/wp\/v2\/users\/2"}],"replies":[{"embeddable":true,"href":"https:\/\/www.tresoldimetalli.it\/de\/wp-json\/wp\/v2\/comments?post=1677"}],"version-history":[{"count":8,"href":"https:\/\/www.tresoldimetalli.it\/de\/wp-json\/wp\/v2\/pages\/1677\/revisions"}],"predecessor-version":[{"id":3409,"href":"https:\/\/www.tresoldimetalli.it\/de\/wp-json\/wp\/v2\/pages\/1677\/revisions\/3409"}],"up":[{"embeddable":true,"href":"https:\/\/www.tresoldimetalli.it\/de\/wp-json\/wp\/v2\/pages\/1850"}],"wp:attachment":[{"href":"https:\/\/www.tresoldimetalli.it\/de\/wp-json\/wp\/v2\/media?parent=1677"}],"curies":[{"name":"wp","href":"https:\/\/api.w.org\/{rel}","templated":true}]}}