{"id":1680,"date":"2020-10-26T13:24:18","date_gmt":"2020-10-26T12:24:18","guid":{"rendered":"https:\/\/www.tresoldimetalli.it\/demo\/pre-painted-aluminium\/"},"modified":"2023-07-12T18:42:08","modified_gmt":"2023-07-12T16:42:08","slug":"vorlackiertes-aluminium","status":"publish","type":"page","link":"https:\/\/www.tresoldimetalli.it\/de\/bauwesen\/vorlackiertes-aluminium\/","title":{"rendered":"Vorlackiertes aluminium"},"content":{"rendered":"<h2>VORLACKIERTES ALUMINIUM<br \/>\nALU-SOFT LEGIERUNG 3005<\/h2>\n<table width=\"496\">\n<tbody>\n<tr>\n<td colspan=\"2\" width=\"496\">Technische Spezifikationen<\/td>\n<\/tr>\n<tr>\n<td>Nach Norm<\/td>\n<td>EN 485\/573<\/td>\n<\/tr>\n<tr>\n<td>Unedles Metall und Legierung<\/td>\n<td>&#8211;<\/td>\n<\/tr>\n<tr>\n<td>Dichte g\/cm\u00b3<\/td>\n<td>2,7<\/td>\n<\/tr>\n<tr>\n<td rowspan=\"2\">Zusammensetzung (Anhaltswert) %<\/td>\n<td>Cu\u22640,30 &#8211; Mn 1,00\u00f71,50 Mg 0,20\u00f70,60<\/td>\n<\/tr>\n<tr>\n<td>&#8211; Cr\u22640,10 &#8211; Ti\u22640,10 &#8211; andere 0,05 jeweils<\/td>\n<\/tr>\n<\/tbody>\n<\/table>\n<p>&nbsp;<\/p>\n<table width=\"496\">\n<tbody>\n<tr>\n<td colspan=\"2\" width=\"496\">Mechanische Eigenschaften physikalischer Zustand H42<\/td>\n<\/tr>\n<tr>\n<td>Zugfestigkeit (N\/mm\u00b2)<\/td>\n<td>140\u00f7195<\/td>\n<\/tr>\n<tr>\n<td>Dehngrenze R<sub>p0,2<\/sub> (N\/mm\u00b2)<\/td>\n<td>\u226595<\/td>\n<\/tr>\n<tr>\n<td>Bruchdehnung A50%<\/td>\n<td>\u22655<\/td>\n<\/tr>\n<\/tbody>\n<\/table>\n<p>Nur f\u00fcr einige Farben<\/p>\n<p>&nbsp;<\/p>\n<table width=\"496\">\n<tbody>\n<tr>\n<td colspan=\"2\" width=\"496\">Abmessungen und Verpackungen<\/td>\n<\/tr>\n<tr>\n<td>COILS<\/td>\n<td><\/td>\n<\/tr>\n<tr>\n<td>Breite und Formate (mm)<\/td>\n<td>1250<\/td>\n<\/tr>\n<tr>\n<td>Dicken (mm)<\/td>\n<td>0,70<\/td>\n<\/tr>\n<tr>\n<td>Standardverpackungen<\/td>\n<td>\u00f8 300 &#8211; 400 oder 508<\/td>\n<\/tr>\n<tr>\n<td>B\u00c4NDER<\/td>\n<td><\/td>\n<\/tr>\n<tr>\n<td>Breite und Formate (mm)<\/td>\n<td>ab 8<\/td>\n<\/tr>\n<tr>\n<td>Dicken (mm)<\/td>\n<td>0,70<\/td>\n<\/tr>\n<tr>\n<td>Standardverpackungen<\/td>\n<td>\u00f8 300 &#8211; 400 oder 508<\/td>\n<\/tr>\n<tr>\n<td>Gewicht<\/td>\n<td>Coils: 500 oder 1000 kg &#8211; Mini-Coils: 100 kg pro Stk.<\/td>\n<\/tr>\n<tr>\n<td>TAFELN<\/td>\n<td><\/td>\n<\/tr>\n<tr>\n<td>Breite und Formate (mm)<\/td>\n<td>1250&#215;2500<\/td>\n<\/tr>\n<tr>\n<td>Dicken (mm)<\/td>\n<td>0,70<\/td>\n<\/tr>\n<tr>\n<td>Standardverpackungen<\/td>\n<td>&#8211;<\/td>\n<\/tr>\n<\/tbody>\n<\/table>\n<p><em>Andere Ma\u00dfe, Legierungen, Oberfl\u00e4chen und St\u00e4rken auf Anfrage.<\/em><\/p>\n<p>&nbsp;<\/p>\n<h2>VORBEREITETES ALUMINIUM<br \/>\nIN DER LEGIERUNG 5005<\/h2>\n<table width=\"518\">\n<tbody>\n<tr>\n<td colspan=\"2\" width=\"518\">Technische Spezifikationen<\/td>\n<\/tr>\n<tr>\n<td width=\"268\">Nach Norm<\/td>\n<td width=\"250\">EN 485\/573<\/td>\n<\/tr>\n<tr>\n<td width=\"268\">Unedles Metall und Legierung<\/td>\n<td width=\"250\">&#8211;<\/td>\n<\/tr>\n<tr>\n<td width=\"268\">Dichte g\/cm\u00b3<\/td>\n<td width=\"250\">2,7<\/td>\n<\/tr>\n<tr>\n<td rowspan=\"2\" width=\"268\">Zusammensetzung (Anhaltswert) %<\/td>\n<td width=\"250\">Si0,30 &#8211; Fe0,70 &#8211; Cu0,20<br \/>\n&#8211; Mn0,20 &#8211; Mg 0,50\u00f71,10<\/td>\n<\/tr>\n<tr>\n<td width=\"250\">&#8211; Cr0,10 &#8211; Zn0,25 &#8211; andere 0,05<br \/>\njeweils<\/td>\n<\/tr>\n<\/tbody>\n<\/table>\n<p>&nbsp;<\/p>\n<table width=\"518\">\n<tbody>\n<tr>\n<td colspan=\"2\" width=\"518\">Mechanische Eigenschaften physikalischer Zustand H42<\/td>\n<\/tr>\n<tr>\n<td width=\"268\">Zugfestigkeit Rm MPa<\/td>\n<td width=\"250\">125\/165<\/td>\n<\/tr>\n<tr>\n<td width=\"268\">Dehngrenze R<sub>p0,2<\/sub> NPa<\/td>\n<td width=\"250\">80<\/td>\n<\/tr>\n<tr>\n<td width=\"268\">Mindestdehnung A50%mm<\/td>\n<td width=\"250\">5<\/td>\n<\/tr>\n<\/tbody>\n<\/table>\n<p>&nbsp;<\/p>\n<table width=\"518\">\n<tbody>\n<tr>\n<td colspan=\"2\" width=\"518\">Abmessungen und Verpackungen<\/td>\n<\/tr>\n<tr>\n<td width=\"268\">COILS<\/td>\n<td><\/td>\n<\/tr>\n<tr>\n<td width=\"268\">Breite und Formate (mm)<\/td>\n<td width=\"250\">1000 &#8211; 1250 &#8211; 1500<\/td>\n<\/tr>\n<tr>\n<td width=\"268\">Dicken (mm)<\/td>\n<td width=\"250\">0,60 &#8211; 0,70 &#8211; 0,80 &#8211; 1,00 &#8211; 1,20 &#8211; 1,50 &#8211; 2,00<\/td>\n<\/tr>\n<tr>\n<td width=\"268\">Standardverpackungen<\/td>\n<td width=\"250\">\u00f8 300 &#8211; 400 oder 508<\/td>\n<\/tr>\n<tr>\n<td width=\"268\">B\u00c4NDER<\/td>\n<td><\/td>\n<\/tr>\n<tr>\n<td width=\"268\">Breite und Formate (mm)<\/td>\n<td width=\"250\">ab 8<\/td>\n<\/tr>\n<tr>\n<td width=\"268\">Dicken (mm)<\/td>\n<td width=\"250\">0,60 &#8211; 0,70 &#8211; 0,80 &#8211; 1,00 &#8211; 1,20 &#8211; 1,50 &#8211; 2,00<\/td>\n<\/tr>\n<tr>\n<td width=\"268\">Standardverpackungen<\/td>\n<td width=\"250\">\u00f8 300 &#8211; 400 oder 508<\/td>\n<\/tr>\n<tr>\n<td width=\"268\">Gewicht<\/td>\n<td width=\"250\">Coils: 500 oder 1000 kg &#8211; Mini-Coils: 100 kg pro Stk.<\/td>\n<\/tr>\n<tr>\n<td width=\"268\">TAFELN<\/td>\n<td><\/td>\n<\/tr>\n<tr>\n<td width=\"268\">Breite und Formate (mm)<\/td>\n<td width=\"250\">1000&#215;2000 &#8211; 1250&#215;2500 &#8211; 1500&#215;3000<\/td>\n<\/tr>\n<tr>\n<td width=\"268\">Dicken (mm)<\/td>\n<td width=\"250\">0,60 &#8211; 0,70 &#8211; 0,80 &#8211; 1,00 &#8211; 1,20 &#8211; 1,50 &#8211; 2,00<\/td>\n<\/tr>\n<tr>\n<td width=\"268\">Standardverpackungen<\/td>\n<td width=\"250\">&#8211;<\/td>\n<\/tr>\n<\/tbody>\n<\/table>\n<p><em>Andere Ma\u00dfe, Legierungen, Oberfl\u00e4chen und St\u00e4rken auf Anfrage.<\/em><\/p>\n<p>&nbsp;<\/p>\n<h2>VORLACKIERTES ALUMINIUM<br \/>\nIN LEGIERUNG 5010<\/h2>\n<table width=\"496\">\n<tbody>\n<tr>\n<td colspan=\"2\" width=\"496\">Technische Spezifikationen<\/td>\n<\/tr>\n<tr>\n<td>Nach Norm<\/td>\n<td>EN 485\/573<\/td>\n<\/tr>\n<tr>\n<td>Unedles Metall und Legierung<\/td>\n<td>&#8211;<\/td>\n<\/tr>\n<tr>\n<td>Dichte g\/cm\u00b3<\/td>\n<td>2,7<\/td>\n<\/tr>\n<tr>\n<td rowspan=\"2\">Zusammensetzung (Anhaltswert) %<\/td>\n<td>Si\u22640,30 &#8211; Fe\u22640,70 &#8211; Cu\u22640,20 &#8211; Mn 0,20 &#8211; Mg 0,50\u00f71,10<\/td>\n<\/tr>\n<tr>\n<td>&#8211; Cr\u22640,10 &#8211; Zn\u22640,25 -andere\u22640,05 jeweils<\/td>\n<\/tr>\n<\/tbody>\n<\/table>\n<p>&nbsp;<\/p>\n<table width=\"496\">\n<tbody>\n<tr>\n<td colspan=\"2\" width=\"496\">Mechanische Eigenschaften H44<\/td>\n<\/tr>\n<tr>\n<td>Dehngrenze Rm MPa<\/td>\n<td>130\u00f7170<\/td>\n<\/tr>\n<tr>\n<td>Zugfestigkeit Rp0,2 MPa<\/td>\n<td>100<\/td>\n<\/tr>\n<tr>\n<td>Mindestdehnung A50%mm<\/td>\n<td>4<\/td>\n<\/tr>\n<\/tbody>\n<\/table>\n<p>&nbsp;<\/p>\n<table width=\"496\">\n<tbody>\n<tr>\n<td colspan=\"2\" width=\"496\">Abmessungen und Verpackungen<\/td>\n<\/tr>\n<tr>\n<td>COILS<\/td>\n<td><\/td>\n<\/tr>\n<tr>\n<td>Breite und Formate (mm)<\/td>\n<td>1000 &#8211; 1250 &#8211; 1500<\/td>\n<\/tr>\n<tr>\n<td>Dicken (mm)<\/td>\n<td>0,60 &#8211; 0,70 &#8211; 0,80 &#8211; 1,00 &#8211; 1,20 &#8211; 1,50<br \/>\n&#8211; 2,00<\/td>\n<\/tr>\n<tr>\n<td>Standardverpackungen<\/td>\n<td>\u00f8 300 &#8211; 400 oder 508<\/td>\n<\/tr>\n<tr>\n<td>B\u00c4NDER<\/td>\n<td><\/td>\n<\/tr>\n<tr>\n<td>Breite und Formate (mm)<\/td>\n<td>ab 8<\/td>\n<\/tr>\n<tr>\n<td>Dicken (mm)<\/td>\n<td>0,60 &#8211; 0,70 &#8211; 0,80 &#8211; 1,00 &#8211; 1,20 &#8211; 1,50<br \/>\n&#8211; 2,00<\/td>\n<\/tr>\n<tr>\n<td>Standardverpackungen<\/td>\n<td>\u00f8 300 &#8211; 400 oder 508<\/td>\n<\/tr>\n<tr>\n<td>Gewicht<\/td>\n<td>Coils: 500 oder 1000 kg &#8211; Mini-Coils: 100 kg pro Stk.<\/td>\n<\/tr>\n<tr>\n<td>TAFELN<\/td>\n<td><\/td>\n<\/tr>\n<tr>\n<td>Breite und Formate (mm)<\/td>\n<td>1000&#215;2000 &#8211; 1250&#215;2500 &#8211; 1500&#215;3000<\/td>\n<\/tr>\n<tr>\n<td>Dicken (mm)<\/td>\n<td>0,60 &#8211; 0,70 &#8211; 0,80 &#8211; 1,00 &#8211; 1,20 &#8211; 1,50<br \/>\n&#8211; 2,00<\/td>\n<\/tr>\n<tr>\n<td>Standardverpackungen<\/td>\n<td>&#8211;<\/td>\n<\/tr>\n<\/tbody>\n<\/table>\n<p><em>Andere Ma\u00dfe, Legierungen, Oberfl\u00e4chen und St\u00e4rken auf Anfrage.<\/em><\/p>\n<p>&nbsp;<\/p>\n<h2>VORLACKIERTES ALUMINIUM<br \/>\nIN LEGIERUNG 3105<\/h2>\n<table width=\"496\">\n<tbody>\n<tr>\n<td colspan=\"2\" width=\"496\">Technische Spezifikationen<\/td>\n<\/tr>\n<tr>\n<td>Nach Norm<\/td>\n<td>EN 485\/573<\/td>\n<\/tr>\n<tr>\n<td>Unedles Metall und Legierung<\/td>\n<td>&#8211;<\/td>\n<\/tr>\n<tr>\n<td>Dichte g\/cm\u00b3<\/td>\n<td>2,7<\/td>\n<\/tr>\n<tr>\n<td rowspan=\"2\">Zusammensetzung (Anhaltswert) %<\/td>\n<td>Si\u22640,60 &#8211; Fe\u22640,70 &#8211; Cu\u22640,30 &#8211; Mn 0,30\u00f70,80 &#8211; Mg 0,20\u00f70,80<\/td>\n<\/tr>\n<tr>\n<td>&#8211; Cr\u22640,20 &#8211; Zn\u22640,40 &#8211; Ti\u22640,10<br \/>\n&#8211; andere\u22640,05<\/td>\n<\/tr>\n<\/tbody>\n<\/table>\n<p>&nbsp;<\/p>\n<table width=\"496\">\n<tbody>\n<tr>\n<td colspan=\"2\" width=\"496\">Mechanische Eigenschaften H44<\/td>\n<\/tr>\n<tr>\n<td>Zugfestigkeit (N\/mm\u00b2)<\/td>\n<td>150\u00f7200<\/td>\n<\/tr>\n<tr>\n<td>Dehngrenze Rp0,2 (N\/mm\u00b2)<\/td>\n<td>120<\/td>\n<\/tr>\n<tr>\n<td>Mindestdehnung A50%mm<\/td>\n<td>4<\/td>\n<\/tr>\n<tr>\n<td>H\u00e4rte<\/td>\n<td>47<\/td>\n<\/tr>\n<\/tbody>\n<\/table>\n<p>&nbsp;<\/p>\n<table width=\"496\">\n<tbody>\n<tr>\n<td colspan=\"2\" width=\"496\">Mechanische Eigenschaften H42<\/td>\n<\/tr>\n<tr>\n<td>Zugfestigkeit (N\/mm\u00b2)<\/td>\n<td>130\u00f7180<\/td>\n<\/tr>\n<tr>\n<td>Dehngrenze Rp0,2 (N\/mm\u00b2)<\/td>\n<td>105<\/td>\n<\/tr>\n<tr>\n<td>Mindestdehnung A50%mm<\/td>\n<td>6<\/td>\n<\/tr>\n<tr>\n<td>H\u00e4rte<\/td>\n<td>41<\/td>\n<\/tr>\n<\/tbody>\n<\/table>\n<p>&nbsp;<\/p>\n<table width=\"518\">\n<tbody>\n<tr>\n<td colspan=\"2\" width=\"518\">Abmessungen und Verpackungen<\/td>\n<\/tr>\n<tr>\n<td width=\"268\">COILS<\/td>\n<td><\/td>\n<\/tr>\n<tr>\n<td width=\"268\">Breite und Formate (mm)<\/td>\n<td width=\"250\">1000 &#8211; 1250 &#8211; 1500<\/td>\n<\/tr>\n<tr>\n<td width=\"268\">Dicken (mm)<\/td>\n<td width=\"250\">0,60 &#8211; 0,70 &#8211; 0,80 &#8211; 1,00 &#8211; 1,20 &#8211; 1,50 &#8211; 2,00<\/td>\n<\/tr>\n<tr>\n<td width=\"268\">Standardverpackungen<\/td>\n<td width=\"250\">\u00f8 300 &#8211; 400 oder 508<\/td>\n<\/tr>\n<tr>\n<td width=\"268\">B\u00c4NDER<\/td>\n<td><\/td>\n<\/tr>\n<tr>\n<td width=\"268\">Breite und Formate (mm)<\/td>\n<td width=\"250\">ab 8<\/td>\n<\/tr>\n<tr>\n<td width=\"268\">Dicken (mm)<\/td>\n<td width=\"250\">0,60 &#8211; 0,70 &#8211; 0,80 &#8211; 1,00 &#8211; 1,20 &#8211; 1,50 &#8211; 2,00<\/td>\n<\/tr>\n<tr>\n<td width=\"268\">Standardverpackungen<\/td>\n<td width=\"250\">\u00f8 300 &#8211; 400 oder 508<\/td>\n<\/tr>\n<tr>\n<td width=\"268\">Gewicht<\/td>\n<td width=\"250\">Coils: 500 oder 1000 kg &#8211; Mini-Coils: 100 kg pro Stk.<\/td>\n<\/tr>\n<tr>\n<td width=\"268\">TAFELN<\/td>\n<td><\/td>\n<\/tr>\n<tr>\n<td width=\"268\">Breite und Formate (mm)<\/td>\n<td width=\"250\">1000&#215;2000 &#8211; 1250&#215;2500 &#8211; 1500&#215;3000<\/td>\n<\/tr>\n<tr>\n<td width=\"268\">Dicken (mm)<\/td>\n<td width=\"250\">0,60 &#8211; 0,70 &#8211; 0,80 &#8211; 1,00 &#8211; 1,20 &#8211; 1,50 &#8211; 2,00<\/td>\n<\/tr>\n<tr>\n<td width=\"268\">Standardverpackungen<\/td>\n<td width=\"250\">&#8211;<\/td>\n<\/tr>\n<\/tbody>\n<\/table>\n<p><em>Andere Ma\u00dfe, Legierungen, Oberfl\u00e4chen und St\u00e4rken auf Anfrage.<\/em><\/p>\n","protected":false},"excerpt":{"rendered":"<p>VORLACKIERTES ALUMINIUM ALU-SOFT LEGIERUNG 3005 Technische Spezifikationen Nach Norm EN 485\/573 Unedles Metall und Legierung &#8211; Dichte g\/cm\u00b3 2,7 Zusammensetzung (Anhaltswert) % Cu\u22640,30 &#8211; Mn 1,00\u00f71,50 Mg 0,20\u00f70,60 &#8211; Cr\u22640,10 &#8211; Ti\u22640,10 &#8211; andere 0,05 jeweils &nbsp; Mechanische Eigenschaften physikalischer Zustand H42 Zugfestigkeit (N\/mm\u00b2) 140\u00f7195 Dehngrenze Rp0,2 (N\/mm\u00b2) \u226595 Bruchdehnung A50% \u22655 Nur f\u00fcr einige [&hellip;]<\/p>\n","protected":false},"author":2,"featured_media":0,"parent":1850,"menu_order":0,"comment_status":"closed","ping_status":"closed","template":"page-templates\/edilizia.php","meta":{"_acf_changed":false,"footnotes":""},"class_list":["post-1680","page","type-page","status-publish","hentry"],"acf":[],"_links":{"self":[{"href":"https:\/\/www.tresoldimetalli.it\/de\/wp-json\/wp\/v2\/pages\/1680","targetHints":{"allow":["GET"]}}],"collection":[{"href":"https:\/\/www.tresoldimetalli.it\/de\/wp-json\/wp\/v2\/pages"}],"about":[{"href":"https:\/\/www.tresoldimetalli.it\/de\/wp-json\/wp\/v2\/types\/page"}],"author":[{"embeddable":true,"href":"https:\/\/www.tresoldimetalli.it\/de\/wp-json\/wp\/v2\/users\/2"}],"replies":[{"embeddable":true,"href":"https:\/\/www.tresoldimetalli.it\/de\/wp-json\/wp\/v2\/comments?post=1680"}],"version-history":[{"count":14,"href":"https:\/\/www.tresoldimetalli.it\/de\/wp-json\/wp\/v2\/pages\/1680\/revisions"}],"predecessor-version":[{"id":3367,"href":"https:\/\/www.tresoldimetalli.it\/de\/wp-json\/wp\/v2\/pages\/1680\/revisions\/3367"}],"up":[{"embeddable":true,"href":"https:\/\/www.tresoldimetalli.it\/de\/wp-json\/wp\/v2\/pages\/1850"}],"wp:attachment":[{"href":"https:\/\/www.tresoldimetalli.it\/de\/wp-json\/wp\/v2\/media?parent=1680"}],"curies":[{"name":"wp","href":"https:\/\/api.w.org\/{rel}","templated":true}]}}