{"id":1684,"date":"2020-10-26T13:25:10","date_gmt":"2020-10-26T12:25:10","guid":{"rendered":"https:\/\/www.tresoldimetalli.it\/demo\/aluzinc\/"},"modified":"2023-07-12T18:42:43","modified_gmt":"2023-07-12T16:42:43","slug":"aluzinc","status":"publish","type":"page","link":"https:\/\/www.tresoldimetalli.it\/de\/bauwesen\/aluzinc\/","title":{"rendered":"Aluzinc"},"content":{"rendered":"<h2>Aluzinc DX51D AZ<\/h2>\n<table width=\"496\">\n<tbody>\n<tr>\n<td colspan=\"2\" width=\"496\">Technische Spezifikationen<\/td>\n<\/tr>\n<tr>\n<td>Nach Norm<\/td>\n<td>EN 10346<\/td>\n<\/tr>\n<tr>\n<td>Dichte g\/cm\u00b3<\/td>\n<td>7,86<\/td>\n<\/tr>\n<tr>\n<td rowspan=\"2\">Zusammensetzung Kern (Anhaltswert) %<\/td>\n<td>C\u22640,18 &#8211; Mn\u22641,2 &#8211; P\u22640,12<\/td>\n<\/tr>\n<tr>\n<td>S\u22640,045 &#8211; Si\u22640,50 &#8211; Ti 0,30<\/td>\n<\/tr>\n<tr>\n<td>Gewicht Beschichtung AZ in g\/m\u00b2<\/td>\n<td>Aluminium (55%)<\/td>\n<\/tr>\n<tr>\n<td><\/td>\n<td>Zink (43,4%)<\/td>\n<\/tr>\n<tr>\n<td><\/td>\n<td>Silizium(1,6%)<\/td>\n<\/tr>\n<tr>\n<td>Gewicht Beschichtung AZ in g\/m\u00b2<\/td>\n<td>150 \u00f7 185<\/td>\n<\/tr>\n<\/tbody>\n<\/table>\n<p>&nbsp;<\/p>\n<table width=\"496\">\n<tbody>\n<tr>\n<td colspan=\"2\" width=\"496\">Mechanische Eigenschaften<\/td>\n<\/tr>\n<tr>\n<td>Zugfestigkeit (N\/mm\u00b2)<\/td>\n<td>270\u00f7500<\/td>\n<\/tr>\n<tr>\n<td>Dehngrenze Rp0,2 (N\/mm\u00b2)<\/td>\n<td>\u2014<\/td>\n<\/tr>\n<tr>\n<td rowspan=\"3\">Bruchdehnung A80% min<\/td>\n<td>0,20 &#8211; 0,50\u00a0\u00a0\u00a0\u00a0 \u226518<\/td>\n<\/tr>\n<tr>\n<td>0,50 &#8211; 0,70\u00a0\u00a0\u00a0\u00a0 \u226520<\/td>\n<\/tr>\n<tr>\n<td>0,70 &#8211; 2,00\u00a0\u00a0\u00a0\u00a0 \u226522<\/td>\n<\/tr>\n<\/tbody>\n<\/table>\n<p>&nbsp;<\/p>\n<table width=\"496\">\n<tbody>\n<tr>\n<td colspan=\"2\" width=\"496\">Abmessungen Verpackungen<\/td>\n<\/tr>\n<tr>\n<td>COILS<\/td>\n<td><\/td>\n<\/tr>\n<tr>\n<td>Breite und Formate (mm)<\/td>\n<td>1000 &#8211; 1250 &#8211; 1500<\/td>\n<\/tr>\n<tr>\n<td>Dicken (mm)<\/td>\n<td>0,5 &#8211; 0,55 &#8211; 0,6 &#8211; 0,8 &#8211; 1,0 &#8211; 1,25 &#8211; 1,5 &#8211; 2,00<\/td>\n<\/tr>\n<tr>\n<td>Standardverpackungen<\/td>\n<td>\u00f8 300 &#8211; 400 oder 508<\/td>\n<\/tr>\n<tr>\n<td>Verpackungen auf Anfrage<\/td>\n<td>Coils Innen-\u00f8 508 mm oder 6 Mini-Coils<\/td>\n<\/tr>\n<tr>\n<td>BAND<\/td>\n<td><\/td>\n<\/tr>\n<tr>\n<td>Breite und Formate (mm)<\/td>\n<td>ab 8<\/td>\n<\/tr>\n<tr>\n<td>Dicken (mm)<\/td>\n<td>0,5 &#8211; 0,55 &#8211; 0,6 &#8211; 0,8 &#8211; 1,0 &#8211; 1,25 &#8211; 1,5 &#8211; 2,00<\/td>\n<\/tr>\n<tr>\n<td>Standardverpackungen<\/td>\n<td>\u00f8 300 &#8211; 400 oder 508<\/td>\n<\/tr>\n<tr>\n<td>Verpackungen auf Anfrage<\/td>\n<td>Coils Innen-\u00f8 508 mm oder 6 Mini-Coils<\/td>\n<\/tr>\n<tr>\n<td>Gewicht<\/td>\n<td>Coils: 500 oder 1000 kg &#8211; Mini-Coils: 100 kg pro Stk.<\/td>\n<\/tr>\n<tr>\n<td>TAFELN<\/td>\n<td><\/td>\n<\/tr>\n<tr>\n<td>Breite und Formate (mm)<\/td>\n<td>1000&#215;2000 &#8211; 1250&#215;2500 &#8211; 1500&#215;3000<\/td>\n<\/tr>\n<tr>\n<td>Dicken (mm)<\/td>\n<td>0,5 &#8211; 0,55 &#8211; 0,6 &#8211; 0,8 &#8211; 1,0 &#8211; 1,25 &#8211; 1,5 &#8211; 2,00<\/td>\n<\/tr>\n<tr>\n<td>Standardverpackungen<\/td>\n<td>&#8211;<\/td>\n<\/tr>\n<\/tbody>\n<\/table>\n<p><em>Andere Ma\u00dfe, Oberfl\u00e4chen und St\u00e4rken auf Anfrage.<\/em><\/p>\n","protected":false},"excerpt":{"rendered":"<p>Aluzinc DX51D AZ Technische Spezifikationen Nach Norm EN 10346 Dichte g\/cm\u00b3 7,86 Zusammensetzung Kern (Anhaltswert) % C\u22640,18 &#8211; Mn\u22641,2 &#8211; P\u22640,12 S\u22640,045 &#8211; Si\u22640,50 &#8211; Ti 0,30 Gewicht Beschichtung AZ in g\/m\u00b2 Aluminium (55%) Zink (43,4%) Silizium(1,6%) Gewicht Beschichtung AZ in g\/m\u00b2 150 \u00f7 185 &nbsp; Mechanische Eigenschaften Zugfestigkeit (N\/mm\u00b2) 270\u00f7500 Dehngrenze Rp0,2 (N\/mm\u00b2) \u2014 [&hellip;]<\/p>\n","protected":false},"author":2,"featured_media":0,"parent":1850,"menu_order":0,"comment_status":"closed","ping_status":"closed","template":"page-templates\/edilizia.php","meta":{"_acf_changed":false,"footnotes":""},"class_list":["post-1684","page","type-page","status-publish","hentry"],"acf":[],"_links":{"self":[{"href":"https:\/\/www.tresoldimetalli.it\/de\/wp-json\/wp\/v2\/pages\/1684","targetHints":{"allow":["GET"]}}],"collection":[{"href":"https:\/\/www.tresoldimetalli.it\/de\/wp-json\/wp\/v2\/pages"}],"about":[{"href":"https:\/\/www.tresoldimetalli.it\/de\/wp-json\/wp\/v2\/types\/page"}],"author":[{"embeddable":true,"href":"https:\/\/www.tresoldimetalli.it\/de\/wp-json\/wp\/v2\/users\/2"}],"replies":[{"embeddable":true,"href":"https:\/\/www.tresoldimetalli.it\/de\/wp-json\/wp\/v2\/comments?post=1684"}],"version-history":[{"count":9,"href":"https:\/\/www.tresoldimetalli.it\/de\/wp-json\/wp\/v2\/pages\/1684\/revisions"}],"predecessor-version":[{"id":3369,"href":"https:\/\/www.tresoldimetalli.it\/de\/wp-json\/wp\/v2\/pages\/1684\/revisions\/3369"}],"up":[{"embeddable":true,"href":"https:\/\/www.tresoldimetalli.it\/de\/wp-json\/wp\/v2\/pages\/1850"}],"wp:attachment":[{"href":"https:\/\/www.tresoldimetalli.it\/de\/wp-json\/wp\/v2\/media?parent=1684"}],"curies":[{"name":"wp","href":"https:\/\/api.w.org\/{rel}","templated":true}]}}