{"id":1699,"date":"2020-10-26T13:28:36","date_gmt":"2020-10-26T12:28:36","guid":{"rendered":"https:\/\/www.tresoldimetalli.it\/demo\/copper\/"},"modified":"2023-07-12T18:47:27","modified_gmt":"2023-07-12T16:47:27","slug":"kupfer","status":"publish","type":"page","link":"https:\/\/www.tresoldimetalli.it\/de\/bauwesen\/kupfer\/","title":{"rendered":"Kupfer"},"content":{"rendered":"<h2>LAMINIERTES KUPFER CU DHP 99,9 CW024A GEGL\u00dcHT<\/h2>\n<table width=\"496\">\n<tbody>\n<tr>\n<td colspan=\"2\" width=\"496\">Technische Spezifikationen<\/td>\n<\/tr>\n<tr>\n<td>Nach Norm<\/td>\n<td>EN 1652\/1172<\/td>\n<\/tr>\n<tr>\n<td>Dichte g\/cm\u00b3<\/td>\n<td>8,92<\/td>\n<\/tr>\n<tr>\n<td>Zusammensetzung (Anhaltswert) %<\/td>\n<td>Cu\u226599,9 \u2013 P 0,015\u00f70,040<\/td>\n<\/tr>\n<tr>\n<td>Physikalischer zustand<\/td>\n<td>\u00a0R220 &#8211; H40<\/td>\n<\/tr>\n<\/tbody>\n<\/table>\n<p>&nbsp;<\/p>\n<table width=\"496\">\n<tbody>\n<tr>\n<td colspan=\"2\" width=\"496\">Mechanische Eigenschaften<\/td>\n<\/tr>\n<tr>\n<td>Zugfestigkeit (N\/mm\u00b2)<\/td>\n<td>220\u00f7260<\/td>\n<\/tr>\n<tr>\n<td>Dehngrenze N\/mm\u00b2<\/td>\n<td>140 min<\/td>\n<\/tr>\n<tr>\n<td>Bruchdehnung A% fu\u0308r St\u00e4rken a &lt;2,5 mm<\/td>\n<td>\u226533<\/td>\n<\/tr>\n<tr>\n<td>Bruchdehnung A% fu\u0308r St\u00e4rken a &gt;2,5 mm<\/td>\n<td>\u226542<\/td>\n<\/tr>\n<tr>\n<td>H\u00e4rte HV<\/td>\n<td>40\u00f765<\/td>\n<\/tr>\n<\/tbody>\n<\/table>\n<p>&nbsp;<\/p>\n<table width=\"496\">\n<tbody>\n<tr>\n<td colspan=\"2\" width=\"496\">Abmessungen und Verpackungen<\/td>\n<\/tr>\n<tr>\n<td>COILS<\/td>\n<td><\/td>\n<\/tr>\n<tr>\n<td>Breite und Formate (mm)<\/td>\n<td>1000<\/td>\n<\/tr>\n<tr>\n<td>Dicken (mm)<\/td>\n<td>0,30 &#8211; 0,50 \u2013 0,60 \u2013 0,70 \u2013 0,80 &#8211; 1,00 \u2013 1,20 \u2013 1,50 \u2013 2,00<\/td>\n<\/tr>\n<tr>\n<td>Standardverpackungen<\/td>\n<td>\u00f8 300 &#8211; 400 oder 508<\/td>\n<\/tr>\n<tr>\n<td>B\u00c4NDER<\/td>\n<td><\/td>\n<\/tr>\n<tr>\n<td>Breite und Formate (mm)<\/td>\n<td>ab 8<\/td>\n<\/tr>\n<tr>\n<td>Dicken (mm)<\/td>\n<td>0,50 \u2013 0,60 \u2013 0,70 \u2013 0,80 &#8211; 1,00 \u2013 1,20 \u2013 1,50 \u2013 2,00<\/td>\n<\/tr>\n<tr>\n<td>Standardverpackungen<\/td>\n<td>\u00f8 300 &#8211; 400 oder 508<\/td>\n<\/tr>\n<tr>\n<td>Gewicht<\/td>\n<td>Coils: 500 oder 1000 kg &#8211; Mini-Coils: 100 kg pro Stk.<\/td>\n<\/tr>\n<tr>\n<td>TAFELN<\/td>\n<td><\/td>\n<\/tr>\n<tr>\n<td>Breite und Formate (mm)<\/td>\n<td>1000&#215;2000<\/td>\n<\/tr>\n<tr>\n<td>Dicken (mm)<\/td>\n<td>0,30 &#8211; 0,50 \u2013 0,60 \u2013 0,70 \u2013 0,80 &#8211; 1,00 \u2013 1,20 \u2013 1,50 \u2013 2,00<\/td>\n<\/tr>\n<tr>\n<td>Standardverpackungen<\/td>\n<td>&#8211;<\/td>\n<\/tr>\n<\/tbody>\n<\/table>\n<p><em>Andere Ma\u00dfe, Legierungen, Oberfl\u00e4chen und St\u00e4rken auf Anfrage.<\/em><\/p>\n<p>&nbsp;<\/p>\n<h2>CU DHP 99,9 CW024A HALB HART<\/h2>\n<table width=\"496\">\n<tbody>\n<tr>\n<td colspan=\"2\" width=\"496\">Technische Spezifikationen<\/td>\n<\/tr>\n<tr>\n<td>Nach Norm<\/td>\n<td>EN 1652\/1172<\/td>\n<\/tr>\n<tr>\n<td>Dichte g\/cm\u00b3<\/td>\n<td>8,92<\/td>\n<\/tr>\n<tr>\n<td>Zusammensetzung (Anhaltswert) %<\/td>\n<td>Cu\u226599,9 \u2013 P 0,015\u00f70,040<\/td>\n<\/tr>\n<tr>\n<td>Physikalischer Zustand<\/td>\n<td>R240 &#8211; H65<\/td>\n<\/tr>\n<\/tbody>\n<\/table>\n<p>&nbsp;<\/p>\n<table width=\"496\">\n<tbody>\n<tr>\n<td colspan=\"2\" width=\"496\">Mechanische Eigenschaften<\/td>\n<\/tr>\n<tr>\n<td>Zugfestigkeit (N\/mm\u00b2)<\/td>\n<td>240\u00f7300<\/td>\n<\/tr>\n<tr>\n<td>Dehngrenze N\/mm\u00b2<\/td>\n<td>180 min<\/td>\n<\/tr>\n<tr>\n<td>Bruchdehnung A% fu\u0308r St\u00e4rken a &lt;2,5 mm<\/td>\n<td>\u22658<\/td>\n<\/tr>\n<tr>\n<td>Bruchdehnung A% fu\u0308r St\u00e4rken a &gt;2,5 mm<\/td>\n<td>\u226515<\/td>\n<\/tr>\n<tr>\n<td>H\u00e4rte HV<\/td>\n<td>65\u00f795<\/td>\n<\/tr>\n<\/tbody>\n<\/table>\n<p>&nbsp;<\/p>\n<table width=\"496\">\n<tbody>\n<tr>\n<td colspan=\"2\" width=\"496\">Abmessungen und Verpackungen<\/td>\n<\/tr>\n<tr>\n<td>COILS<\/td>\n<td><\/td>\n<\/tr>\n<tr>\n<td>Breite und Formate (mm)<\/td>\n<td>1000 \u2013 1250<\/td>\n<\/tr>\n<tr>\n<td>Dicken (mm)<\/td>\n<td>0,45 \u2013 0,50 \u2013 0,55 \u2013 0,60 \u2013 0,70 \u2013 0,80 \u2013 1,00 \u2013 1,20 \u2013 1,50 \u2013 2,00 \u2013<br \/>\n2,50 &#8211; 3,00 \u2013 4,00<\/td>\n<\/tr>\n<tr>\n<td>Standardverpackungen<\/td>\n<td>\u00f8 300 &#8211; 400 oder 508<\/td>\n<\/tr>\n<tr>\n<td>B\u00c4NDER<\/td>\n<td><\/td>\n<\/tr>\n<tr>\n<td>Breite und Formate (mm)<\/td>\n<td>ab 8<\/td>\n<\/tr>\n<tr>\n<td>Dicken (mm)<\/td>\n<td>0,45 \u2013 0,50 \u2013 0,55 \u2013 0,60 \u2013 0,70 \u2013 0,80 \u2013 1,00 \u2013 1,20 \u2013 1,50 \u2013 2,00 &#8211; 2,50<br \/>\n\u2013 3,00 \u2013 4,00<\/td>\n<\/tr>\n<tr>\n<td>Standardverpackungen<\/td>\n<td>\u00f8 300 &#8211; 400 oder 508<\/td>\n<\/tr>\n<tr>\n<td>Gewicht<\/td>\n<td>Coils: 500 oder 1000 kg &#8211; Mini-Coils: 100 kg pro Stk.<\/td>\n<\/tr>\n<tr>\n<td>TAFELN<\/td>\n<td><\/td>\n<\/tr>\n<tr>\n<td>Breite und Formate (mm)<\/td>\n<td>1000&#215;2000 &#8211; 1250&#215;2500<\/td>\n<\/tr>\n<tr>\n<td>Dicken (mm)<\/td>\n<td>0,45 \u2013 0,50 \u2013 0,55 \u2013 0,60 \u2013 0,65 \u2013 0,70 \u2013 0,80 \u2013 0,90 &#8211; 1,00 \u2013 1,20 \u2013 1,50 \u2013 2,00 &#8211; 2,50 \u2013 3,00 \u2013 4,00 \u2013 5,00<\/td>\n<\/tr>\n<tr>\n<td>Standardverpackungen<\/td>\n<td>&#8211;<\/td>\n<\/tr>\n<\/tbody>\n<\/table>\n<p>Andere Ma\u00dfe, Legierungen, Oberfl\u00e4chen und St\u00e4rken auf Anfrage.<\/p>\n<p>&nbsp;<\/p>\n<h2>DRAWN HALF HARD ETP 99,9 CW004A<\/h2>\n<table width=\"496\">\n<tbody>\n<tr>\n<td colspan=\"2\" width=\"496\">Technische Spezifikationen<\/td>\n<\/tr>\n<tr>\n<td>Nach Norm<\/td>\n<td>EN 13601 &#8211; CW008A<\/td>\n<\/tr>\n<tr>\n<td>Dichte g\/cm\u00b3<\/td>\n<td>8,92<\/td>\n<\/tr>\n<tr>\n<td>Zusammensetzung (Anhaltswert) %<\/td>\n<td>Cu\u226599,900 \u2013 Pb\u22640,005 \u2013 Bi\u22640,0005<\/td>\n<\/tr>\n<\/tbody>\n<\/table>\n<p>&nbsp;<\/p>\n<table width=\"496\">\n<tbody>\n<tr>\n<td colspan=\"2\" width=\"496\">Mechanische Eigenschaften<\/td>\n<\/tr>\n<tr>\n<td>Zugfestigkeit (N\/mm\u00b2)<\/td>\n<td>260\u00f7300<\/td>\n<\/tr>\n<tr>\n<td>Bruchdehnung A% fu\u0308r St\u00e4rken a &lt;2,5 mm<\/td>\n<td>8<\/td>\n<\/tr>\n<tr>\n<td>Bruchdehnung A% fu\u0308r St\u00e4rken a &gt;2,5 mm<\/td>\n<td>15<\/td>\n<\/tr>\n<tr>\n<td>H\u00e4rte HV<\/td>\n<td>&#8211;<\/td>\n<\/tr>\n<\/tbody>\n<\/table>\n<p>&nbsp;<\/p>\n<table width=\"496\">\n<tbody>\n<tr>\n<td colspan=\"2\" width=\"496\">Abmessungen und Verpackungen<\/td>\n<\/tr>\n<tr>\n<td>STANGEN<\/td>\n<td><\/td>\n<\/tr>\n<tr>\n<td>Breite und Formate (mm)<\/td>\n<td>20 \u2013 25 \u2013 30 &#8211; 40 &#8211; 50 &#8211; 60<\/td>\n<\/tr>\n<tr>\n<td>Dicken (mm)<\/td>\n<td>2,00 \u2013 3,00 \u2013 4,00 \u2013 5,00<\/td>\n<\/tr>\n<tr>\n<td>Standardl\u00e4nge (m)<\/td>\n<td>4<\/td>\n<\/tr>\n<tr>\n<td>Innendurchmesser (mm)<\/td>\n<td>&#8211;<\/td>\n<\/tr>\n<tr>\n<td>DR\u00c4HTE<\/td>\n<td><\/td>\n<\/tr>\n<tr>\n<td>Breite und Formate (mm)<\/td>\n<td>28 &#8211; 30<\/td>\n<\/tr>\n<tr>\n<td>Dicken (mm)<\/td>\n<td>1,50 &#8211; 2,00 &#8211; 2,50 \u2013 3,00 \u2013 4,00<\/td>\n<\/tr>\n<tr>\n<td>Standardl\u00e4nge (m)<\/td>\n<td>&#8211;<\/td>\n<\/tr>\n<tr>\n<td>Innendurchmesser (mm)<\/td>\n<td>500<\/td>\n<\/tr>\n<\/tbody>\n<\/table>\n<p>Andere Ma\u00dfe, Legierungen, Oberfl\u00e4chen und St\u00e4rken auf Anfrage.<\/p>\n<p>&nbsp;<\/p>\n<h2>GEWALZTES KUPFER TECU<sup>\u00ae<\/sup>OXID<\/h2>\n<table width=\"496\">\n<tbody>\n<tr>\n<td colspan=\"2\" width=\"496\">Technische Spezifikationen<\/td>\n<\/tr>\n<tr>\n<td>Nach Norm<\/td>\n<td>EN 1172 &#8211; CW024A\/CU DHP<\/td>\n<\/tr>\n<tr>\n<td>Dichte g\/cm\u00b3<\/td>\n<td>8,92<\/td>\n<\/tr>\n<tr>\n<td>Zusammensetzung (Anhaltswert) %<\/td>\n<td>Cu &gt;99,9 &#8211; P 0,015-0,040<\/td>\n<\/tr>\n<\/tbody>\n<\/table>\n<p>&nbsp;<\/p>\n<table width=\"496\">\n<tbody>\n<tr>\n<td colspan=\"2\" width=\"496\">Mechanische Eigenschaften<\/td>\n<\/tr>\n<tr>\n<td>Zugwiderstand (Anhaltswert) N\/mm\u00b2<\/td>\n<td>240-285<\/td>\n<\/tr>\n<tr>\n<td>Dehnung N\/mm\u00b2<\/td>\n<td>180 &#8211; 230<\/td>\n<\/tr>\n<tr>\n<td>Bruchdehnung A50%<\/td>\n<td>\u226515<\/td>\n<\/tr>\n<tr>\n<td>H\u00e4rte HV<\/td>\n<td>max. 90<\/td>\n<\/tr>\n<\/tbody>\n<\/table>\n<p>Material nicht auf Lager, aber auf Anfrage erh\u00e4ltlich. St\u00e4rken und Formate m\u00fcssen gepr\u00fcft werden.<\/p>\n<p>&nbsp;<\/p>\n<h2>GEWALZTES KUPFER TECU<sup>\u00ae<\/sup>PATINA<\/h2>\n<table width=\"496\">\n<tbody>\n<tr>\n<td colspan=\"2\" width=\"496\">Technische Spezifikationen<\/td>\n<\/tr>\n<tr>\n<td>Nach Norm<\/td>\n<td>EN 1172 &#8211; CW024A\/CU DHP<\/td>\n<\/tr>\n<tr>\n<td>Dichte g\/cm\u00b3<\/td>\n<td>8,92<\/td>\n<\/tr>\n<tr>\n<td>Zusammensetzung (Anhaltswert) %<\/td>\n<td>Cu &gt;99,9 &#8211; P 0,015-0,040<\/td>\n<\/tr>\n<\/tbody>\n<\/table>\n<p>&nbsp;<\/p>\n<table width=\"496\">\n<tbody>\n<tr>\n<td colspan=\"2\" width=\"496\">Mechanische Eigenschaften<\/td>\n<\/tr>\n<tr>\n<td>Zugwiderstand (Anhaltswert) N\/mm\u00b2<\/td>\n<td>240-285<\/td>\n<\/tr>\n<tr>\n<td>Dehnung N\/mm\u00b2<\/td>\n<td>180 &#8211; 230<\/td>\n<\/tr>\n<tr>\n<td>Bruchdehnung A50%<\/td>\n<td>\u226515<\/td>\n<\/tr>\n<tr>\n<td>H\u00e4rte HV<\/td>\n<td>max. 90<\/td>\n<\/tr>\n<\/tbody>\n<\/table>\n<p>Material nicht auf Lager, aber auf Anfrage erh\u00e4ltlich. St\u00e4rken und Formate m\u00fcssen gepr\u00fcft werden.<\/p>\n<p>&nbsp;<\/p>\n<h2>GEWALZTES KUPFER TECU<sup>\u00ae<\/sup>ZINN<\/h2>\n<table width=\"496\">\n<tbody>\n<tr>\n<td colspan=\"2\" width=\"496\">Technische Spezifikationen<\/td>\n<\/tr>\n<tr>\n<td>Nach Norm<\/td>\n<td>EN 1172 &#8211; CW024A\/CU DHP<\/td>\n<\/tr>\n<tr>\n<td>Dichte g\/cm\u00b3<\/td>\n<td>8,92<\/td>\n<\/tr>\n<tr>\n<td>Zusammensetzung (Anhaltswert) %<\/td>\n<td>Cu &gt;99,9 &#8211; P 0,015-0,040<\/td>\n<\/tr>\n<\/tbody>\n<\/table>\n<p>&nbsp;<\/p>\n<table width=\"496\">\n<tbody>\n<tr>\n<td colspan=\"2\" width=\"496\">Mechanische Eigenschaften<\/td>\n<\/tr>\n<tr>\n<td>Zugwiderstand (Anhaltswert) N\/mm\u00b2<\/td>\n<td>240-285<\/td>\n<\/tr>\n<tr>\n<td>Dehnung N\/mm\u00b2<\/td>\n<td>180 &#8211; 230<\/td>\n<\/tr>\n<tr>\n<td>Bruchdehnung A50%<\/td>\n<td>\u226515<\/td>\n<\/tr>\n<tr>\n<td>H\u00e4rte HV<\/td>\n<td>max. 90<\/td>\n<\/tr>\n<\/tbody>\n<\/table>\n<p>Material nicht auf Lager, aber auf Anfrage erh\u00e4ltlich. St\u00e4rken und Formate m\u00fcssen gepr\u00fcft werden.<\/p>\n","protected":false},"excerpt":{"rendered":"<p>LAMINIERTES KUPFER CU DHP 99,9 CW024A GEGL\u00dcHT Technische Spezifikationen Nach Norm EN 1652\/1172 Dichte g\/cm\u00b3 8,92 Zusammensetzung (Anhaltswert) % Cu\u226599,9 \u2013 P 0,015\u00f70,040 Physikalischer zustand \u00a0R220 &#8211; H40 &nbsp; Mechanische Eigenschaften Zugfestigkeit (N\/mm\u00b2) 220\u00f7260 Dehngrenze N\/mm\u00b2 140 min Bruchdehnung A% fu\u0308r St\u00e4rken a &lt;2,5 mm \u226533 Bruchdehnung A% fu\u0308r St\u00e4rken a &gt;2,5 mm \u226542 H\u00e4rte [&hellip;]<\/p>\n","protected":false},"author":2,"featured_media":0,"parent":1850,"menu_order":0,"comment_status":"closed","ping_status":"closed","template":"page-templates\/edilizia.php","meta":{"_acf_changed":false,"footnotes":""},"class_list":["post-1699","page","type-page","status-publish","hentry"],"acf":[],"_links":{"self":[{"href":"https:\/\/www.tresoldimetalli.it\/de\/wp-json\/wp\/v2\/pages\/1699","targetHints":{"allow":["GET"]}}],"collection":[{"href":"https:\/\/www.tresoldimetalli.it\/de\/wp-json\/wp\/v2\/pages"}],"about":[{"href":"https:\/\/www.tresoldimetalli.it\/de\/wp-json\/wp\/v2\/types\/page"}],"author":[{"embeddable":true,"href":"https:\/\/www.tresoldimetalli.it\/de\/wp-json\/wp\/v2\/users\/2"}],"replies":[{"embeddable":true,"href":"https:\/\/www.tresoldimetalli.it\/de\/wp-json\/wp\/v2\/comments?post=1699"}],"version-history":[{"count":9,"href":"https:\/\/www.tresoldimetalli.it\/de\/wp-json\/wp\/v2\/pages\/1699\/revisions"}],"predecessor-version":[{"id":3411,"href":"https:\/\/www.tresoldimetalli.it\/de\/wp-json\/wp\/v2\/pages\/1699\/revisions\/3411"}],"up":[{"embeddable":true,"href":"https:\/\/www.tresoldimetalli.it\/de\/wp-json\/wp\/v2\/pages\/1850"}],"wp:attachment":[{"href":"https:\/\/www.tresoldimetalli.it\/de\/wp-json\/wp\/v2\/media?parent=1699"}],"curies":[{"name":"wp","href":"https:\/\/api.w.org\/{rel}","templated":true}]}}