{"id":1703,"date":"2020-10-26T13:29:27","date_gmt":"2020-10-26T12:29:27","guid":{"rendered":"https:\/\/www.tresoldimetalli.it\/demo\/zinc-titanium\/"},"modified":"2023-07-12T18:48:31","modified_gmt":"2023-07-12T16:48:31","slug":"zink-titan","status":"publish","type":"page","link":"https:\/\/www.tresoldimetalli.it\/de\/bauwesen\/zink-titan\/","title":{"rendered":"Zink-titan"},"content":{"rendered":"<h2>GEWALZTES ZINK-TITAN<br \/>\nUNBEHANDELT<\/h2>\n<table width=\"496\">\n<tbody>\n<tr>\n<td colspan=\"2\" width=\"496\">Technische Spezifikationen<\/td>\n<\/tr>\n<tr>\n<td>Nach Norm<\/td>\n<td>EN 988\/1996<\/td>\n<\/tr>\n<tr>\n<td>Dichte g\/cm\u00b3<\/td>\n<td>7,15<\/td>\n<\/tr>\n<tr>\n<td>Zusammensetzung (Anhaltswert) %<\/td>\n<td>Al 0,00-0,20 &#8211; Cu 0,08\u00f71,00 &#8211; Ti 0,06\u00f70,20 &#8211; Zn Rest<\/td>\n<\/tr>\n<tr>\n<td>Bearbeitungstemperatur \u00b0C<\/td>\n<td>\u226510<\/td>\n<\/tr>\n<\/tbody>\n<\/table>\n<p>&nbsp;<\/p>\n<table width=\"496\">\n<tbody>\n<tr>\n<td colspan=\"2\" width=\"496\">Mechanische und physikalische eigenschaften<\/td>\n<\/tr>\n<tr>\n<td>Schmelztemperatur<\/td>\n<td>419\u00a0\u00b0C<\/td>\n<\/tr>\n<tr>\n<td>W\u00e4rmeleitf\u00e4higkeit bei 20\u00b0<\/td>\n<td>109\u00a0W\/m \u00b0K<\/td>\n<\/tr>\n<tr>\n<td>Elektrische Leitf\u00e4higkeit bei 20\u00b0<\/td>\n<td>17\u00a0m\/hom mm2<\/td>\n<\/tr>\n<tr>\n<td>Koeffizient L\u00e4ngsdehnung<\/td>\n<td>0,022\u00a0mm\/m \u00b0C<\/td>\n<\/tr>\n<tr>\n<td>Koeffizient Querdehnung<\/td>\n<td>0,017\u00a0mm\/m \u00b0C<\/td>\n<\/tr>\n<tr>\n<td>Nachkristallisation<\/td>\n<td>&gt;300\u00a0\u00b0C<\/td>\n<\/tr>\n<tr>\n<td>Elastizit\u00e4tsmodul<\/td>\n<td>&gt;80.000\u00a0N\/mm2<\/td>\n<\/tr>\n<tr>\n<td>Tiefziehf\u00e4higkeit nach Erichsen<\/td>\n<td>7-9\u00a0mm<\/td>\n<\/tr>\n<tr>\n<td>Steifigkeit<\/td>\n<td>40-55\u00a0%<\/td>\n<\/tr>\n<\/tbody>\n<\/table>\n<p>&nbsp;<\/p>\n<table width=\"496\">\n<tbody>\n<tr>\n<td colspan=\"2\" width=\"496\">Mechanische Eigenschaften<\/td>\n<\/tr>\n<tr>\n<td>Zugfestigkeit (N\/mm\u00b2)<\/td>\n<td>\u2265150<\/td>\n<\/tr>\n<tr>\n<td>Dehnung % nach Bruch<\/td>\n<td>35 min<\/td>\n<\/tr>\n<tr>\n<td>Dehnung % bei Kriechen<\/td>\n<td>0,1 max<\/td>\n<\/tr>\n<tr>\n<td>H\u00e4rte HV<\/td>\n<td>\u226545<\/td>\n<\/tr>\n<\/tbody>\n<\/table>\n<p>&nbsp;<\/p>\n<table width=\"496\">\n<tbody>\n<tr>\n<td colspan=\"2\" width=\"496\">Abmessungen und Verpackungen<\/td>\n<\/tr>\n<tr>\n<td>COILS<\/td>\n<td><\/td>\n<\/tr>\n<tr>\n<td>Breite und Formate (mm)<\/td>\n<td>1000 &#8211; 1100<\/td>\n<\/tr>\n<tr>\n<td>Dicken (mm)<\/td>\n<td>0,60 &#8211; 0,65 &#8211; 0,70 &#8211; 0,80 &#8211; 1,00<\/td>\n<\/tr>\n<tr>\n<td>Standardverpackungen<\/td>\n<td>Coils Innen-\u00f8 508 mm oder 6 Mini-Coils<\/td>\n<\/tr>\n<tr>\n<td>Verpackungen auf Anfrage<\/td>\n<td>\u00f8 300 oder \u00f8 400<\/td>\n<\/tr>\n<tr>\n<td>B\u00c4NDER<\/td>\n<td><\/td>\n<\/tr>\n<tr>\n<td>Breite und Formate (mm)<\/td>\n<td>10<\/td>\n<\/tr>\n<tr>\n<td>Dicken (mm)<\/td>\n<td>0,60 &#8211; 0,65 &#8211; 0,70 &#8211; 0,80 &#8211; 1,00<\/td>\n<\/tr>\n<tr>\n<td>Standardverpackungen<\/td>\n<td>Coils Innen-\u00f8 508 mm oder 6 Mini-Coils<\/td>\n<\/tr>\n<tr>\n<td>Verpackungen auf Anfrage<\/td>\n<td>\u00f8 300 oder \u00f8 400<\/td>\n<\/tr>\n<tr>\n<td>TAFELN<\/td>\n<td><\/td>\n<\/tr>\n<tr>\n<td>Breite und Formate (mm)<\/td>\n<td>1000&#215;2000<\/td>\n<\/tr>\n<tr>\n<td>Dicken (mm)<\/td>\n<td>0,60 &#8211; 0,65 &#8211; 0,70 &#8211; 0,80 &#8211; 1,00<\/td>\n<\/tr>\n<tr>\n<td>Standardverpackungen<\/td>\n<td>500 &#8211; 1000 kg<\/td>\n<\/tr>\n<tr>\n<td>Verpackungen auf Anfrage<\/td>\n<td>&#8211;<\/td>\n<\/tr>\n<\/tbody>\n<\/table>\n<p>Andere Ma\u00dfe, Oberfl\u00e4chen und St\u00e4rken auf Anfrage.<\/p>\n<p>&nbsp;<\/p>\n<h2>GEWALZTES ZINK-TITAN<br \/>\nVORGESTRICHEN<\/h2>\n<table width=\"496\">\n<tbody>\n<tr>\n<td colspan=\"2\" width=\"496\">Technische Spezifikationen<\/td>\n<\/tr>\n<tr>\n<td>Nach Norm<\/td>\n<td>EN 988\/1996<\/td>\n<\/tr>\n<tr>\n<td>Dichte g\/cm\u00b3<\/td>\n<td>7,15<\/td>\n<\/tr>\n<tr>\n<td>Zusammensetzung (Anhaltswert) %<\/td>\n<td>Al 0,00-0,20 &#8211; Cu 0,08\u00f71,00 &#8211; Ti 0,06\u00f70,20 &#8211; Zn Rest<\/td>\n<\/tr>\n<tr>\n<td>Bearbeitungstemperatur \u00b0C<\/td>\n<td>\u226510<\/td>\n<\/tr>\n<\/tbody>\n<\/table>\n<p>&nbsp;<\/p>\n<table width=\"496\">\n<tbody>\n<tr>\n<td colspan=\"2\" width=\"496\">Physikalische und technische Eigenschaften<\/td>\n<\/tr>\n<tr>\n<td>Schmelztemperatur<\/td>\n<td>419\u00a0\u00b0C<\/td>\n<\/tr>\n<tr>\n<td>W\u00e4rmeleitf\u00e4higkeit bei 20\u00b0<\/td>\n<td>109\u00a0W\/m \u00b0K<\/td>\n<\/tr>\n<tr>\n<td>Elektrische Leitf\u00e4higkeit bei 20\u00b0<\/td>\n<td>17\u00a0m\/hom mm2<\/td>\n<\/tr>\n<tr>\n<td>Koeffizient L\u00e4ngsdehnung<\/td>\n<td>0,022\u00a0mm\/m \u00b0C<\/td>\n<\/tr>\n<tr>\n<td>Koeffizient Querdehnung<\/td>\n<td>0,017\u00a0mm\/m \u00b0C<\/td>\n<\/tr>\n<tr>\n<td>Nachkristallisation<\/td>\n<td>&gt;300\u00a0\u00b0C<\/td>\n<\/tr>\n<tr>\n<td>Elastizit\u00e4tsmodul<\/td>\n<td>&gt;80.000\u00a0N\/mm2<\/td>\n<\/tr>\n<tr>\n<td>Tiefziehf\u00e4higkeit nach Erichsen<\/td>\n<td>7-9\u00a0mm<\/td>\n<\/tr>\n<tr>\n<td>Steifigkeit<\/td>\n<td>40-55\u00a0%<\/td>\n<\/tr>\n<\/tbody>\n<\/table>\n<p>&nbsp;<\/p>\n<table width=\"496\">\n<tbody>\n<tr>\n<td colspan=\"2\" width=\"496\">Mechanische Eigenschaften<\/td>\n<\/tr>\n<tr>\n<td>Zugfestigkeit (N\/mm\u00b2)<\/td>\n<td>\u2265150<\/td>\n<\/tr>\n<tr>\n<td>Dehnung % nach Bruch<\/td>\n<td>35 min<\/td>\n<\/tr>\n<tr>\n<td>Dehnung % bei Kriechen<\/td>\n<td>0,1 max<\/td>\n<\/tr>\n<tr>\n<td>H\u00e4rte HV<\/td>\n<td>\u226545<\/td>\n<\/tr>\n<\/tbody>\n<\/table>\n<p>&nbsp;<\/p>\n<table width=\"496\">\n<tbody>\n<tr>\n<td colspan=\"2\" width=\"496\">Abmessungen und Verpackungen<\/td>\n<\/tr>\n<tr>\n<td>COILS<\/td>\n<td><\/td>\n<\/tr>\n<tr>\n<td>Breite und Formate (mm)<\/td>\n<td>1000 &#8211; 1100<\/td>\n<\/tr>\n<tr>\n<td>Dicken (mm)<\/td>\n<td>0,60 &#8211; 0,65 &#8211; 0,70 &#8211; 0,80 &#8211; 1,00<\/td>\n<\/tr>\n<tr>\n<td>Standardverpackungen<\/td>\n<td>Coils Innen-\u00f8 508 mm oder 6 Mini-Coils<\/td>\n<\/tr>\n<tr>\n<td>Verpackungen auf Anfrage<\/td>\n<td>\u00f8 300 oder \u00f8 400<\/td>\n<\/tr>\n<tr>\n<td>B\u00c4NDER<\/td>\n<td><\/td>\n<\/tr>\n<tr>\n<td>Breite und Formate (mm)<\/td>\n<td>10<\/td>\n<\/tr>\n<tr>\n<td>Dicken (mm)<\/td>\n<td>0,60 &#8211; 0,65 &#8211; 0,70 &#8211; 0,80 &#8211; 1,00<\/td>\n<\/tr>\n<tr>\n<td>Standardverpackungen<\/td>\n<td>Coils Innen-\u00f8 508 mm oder 6 Mini-Coils<\/td>\n<\/tr>\n<tr>\n<td>Verpackungen auf Anfrage<\/td>\n<td>\u00f8 300 oder \u00f8 400<\/td>\n<\/tr>\n<tr>\n<td>TAFELN<\/td>\n<td><\/td>\n<\/tr>\n<tr>\n<td>Breite und Formate (mm)<\/td>\n<td>1000&#215;2000<\/td>\n<\/tr>\n<tr>\n<td>Dicken (mm)<\/td>\n<td>0,60 &#8211; 0,65 &#8211; 0,70 &#8211; 0,80 &#8211; 1,00<\/td>\n<\/tr>\n<tr>\n<td>Standardverpackungen<\/td>\n<td>500 &#8211; 1000 kg<\/td>\n<\/tr>\n<tr>\n<td>Verpackungen auf Anfrage<\/td>\n<td>&#8211;<\/td>\n<\/tr>\n<\/tbody>\n<\/table>\n<p>Andere Ma\u00dfe, Oberfl\u00e4chen und St\u00e4rken auf Anfrage.<\/p>\n<p>&nbsp;<\/p>\n","protected":false},"excerpt":{"rendered":"<p>GEWALZTES ZINK-TITAN UNBEHANDELT Technische Spezifikationen Nach Norm EN 988\/1996 Dichte g\/cm\u00b3 7,15 Zusammensetzung (Anhaltswert) % Al 0,00-0,20 &#8211; Cu 0,08\u00f71,00 &#8211; Ti 0,06\u00f70,20 &#8211; Zn Rest Bearbeitungstemperatur \u00b0C \u226510 &nbsp; Mechanische und physikalische eigenschaften Schmelztemperatur 419\u00a0\u00b0C W\u00e4rmeleitf\u00e4higkeit bei 20\u00b0 109\u00a0W\/m \u00b0K Elektrische Leitf\u00e4higkeit bei 20\u00b0 17\u00a0m\/hom mm2 Koeffizient L\u00e4ngsdehnung 0,022\u00a0mm\/m \u00b0C Koeffizient Querdehnung 0,017\u00a0mm\/m \u00b0C [&hellip;]<\/p>\n","protected":false},"author":2,"featured_media":0,"parent":1850,"menu_order":0,"comment_status":"closed","ping_status":"closed","template":"page-templates\/edilizia.php","meta":{"_acf_changed":false,"footnotes":""},"class_list":["post-1703","page","type-page","status-publish","hentry"],"acf":[],"_links":{"self":[{"href":"https:\/\/www.tresoldimetalli.it\/de\/wp-json\/wp\/v2\/pages\/1703","targetHints":{"allow":["GET"]}}],"collection":[{"href":"https:\/\/www.tresoldimetalli.it\/de\/wp-json\/wp\/v2\/pages"}],"about":[{"href":"https:\/\/www.tresoldimetalli.it\/de\/wp-json\/wp\/v2\/types\/page"}],"author":[{"embeddable":true,"href":"https:\/\/www.tresoldimetalli.it\/de\/wp-json\/wp\/v2\/users\/2"}],"replies":[{"embeddable":true,"href":"https:\/\/www.tresoldimetalli.it\/de\/wp-json\/wp\/v2\/comments?post=1703"}],"version-history":[{"count":10,"href":"https:\/\/www.tresoldimetalli.it\/de\/wp-json\/wp\/v2\/pages\/1703\/revisions"}],"predecessor-version":[{"id":1705,"href":"https:\/\/www.tresoldimetalli.it\/de\/wp-json\/wp\/v2\/pages\/1703\/revisions\/1705"}],"up":[{"embeddable":true,"href":"https:\/\/www.tresoldimetalli.it\/de\/wp-json\/wp\/v2\/pages\/1850"}],"wp:attachment":[{"href":"https:\/\/www.tresoldimetalli.it\/de\/wp-json\/wp\/v2\/media?parent=1703"}],"curies":[{"name":"wp","href":"https:\/\/api.w.org\/{rel}","templated":true}]}}