{"id":1726,"date":"2020-10-26T12:58:49","date_gmt":"2020-10-26T11:58:49","guid":{"rendered":"https:\/\/www.tresoldimetalli.it\/demo\/gutter-support\/"},"modified":"2021-01-04T12:17:41","modified_gmt":"2021-01-04T11:17:41","slug":"dachrinnenhalterung","status":"publish","type":"page","link":"https:\/\/www.tresoldimetalli.it\/de\/bauwesen\/dachrinnenhalterung\/","title":{"rendered":"Dachrinnenhalterung"},"content":{"rendered":"<h2>VERSTELLBARE HALTERUNG<\/h2>\n<table width=\"262\">\n<tbody>\n<tr>\n<td colspan=\"2\" width=\"262\">Abmessungen<\/td>\n<\/tr>\n<tr>\n<td>St\u00e4rke mm<\/td>\n<td>2<\/td>\n<\/tr>\n<tr>\n<td>L\u00e4nge mm<\/td>\n<td>250 &#8211; 333<\/td>\n<\/tr>\n<\/tbody>\n<\/table>\n<p>&nbsp;<\/p>\n<table width=\"262\">\n<tbody>\n<tr>\n<td colspan=\"2\" width=\"262\">Materialien<\/td>\n<\/tr>\n<tr>\n<td rowspan=\"3\">Erh\u00e4ltlich in folgenden Materialien<\/td>\n<td>Kupfer<\/td>\n<\/tr>\n<tr>\n<td>Verzinkter Stahl<\/td>\n<\/tr>\n<tr>\n<td>Stahl vorlackiert Mokka<\/td>\n<\/tr>\n<\/tbody>\n<\/table>\n<p>Andere Formate, Farben und Modelle sind auf Anfrage erh\u00e4ltlich.<\/p>\n<h2>GERADE HALTERUNG<\/h2>\n<table width=\"262\">\n<tbody>\n<tr>\n<td colspan=\"2\" width=\"262\">Abmessungen<\/td>\n<\/tr>\n<tr>\n<td>St\u00e4rke mm<\/td>\n<td>2<\/td>\n<\/tr>\n<tr>\n<td>L\u00e4nge mm<\/td>\n<td>400 &#8211; 500 &#8211; 600<\/td>\n<\/tr>\n<\/tbody>\n<\/table>\n<p>&nbsp;<\/p>\n<table width=\"262\">\n<tbody>\n<tr>\n<td colspan=\"2\" width=\"262\">Materialien<\/td>\n<\/tr>\n<tr>\n<td rowspan=\"3\">Erh\u00e4ltlich in folgenden Materialien<\/td>\n<td>Kupfer<\/td>\n<\/tr>\n<tr>\n<td>Verzinkter Stahl<\/td>\n<\/tr>\n<tr>\n<td>Stahl vorlackiert Mokka<\/td>\n<\/tr>\n<\/tbody>\n<\/table>\n<p>Andere Formate, Farben und Modelle sind auf Anfrage erh\u00e4ltlich.<\/p>\n","protected":false},"excerpt":{"rendered":"<p>VERSTELLBARE HALTERUNG Abmessungen St\u00e4rke mm 2 L\u00e4nge mm 250 &#8211; 333 &nbsp; Materialien Erh\u00e4ltlich in folgenden Materialien Kupfer Verzinkter Stahl Stahl vorlackiert Mokka Andere Formate, Farben und Modelle sind auf Anfrage erh\u00e4ltlich. GERADE HALTERUNG Abmessungen St\u00e4rke mm 2 L\u00e4nge mm 400 &#8211; 500 &#8211; 600 &nbsp; Materialien Erh\u00e4ltlich in folgenden Materialien Kupfer Verzinkter Stahl Stahl [&hellip;]<\/p>\n","protected":false},"author":2,"featured_media":0,"parent":1850,"menu_order":0,"comment_status":"closed","ping_status":"closed","template":"page-templates\/edilizia.php","meta":{"_acf_changed":false,"footnotes":""},"class_list":["post-1726","page","type-page","status-publish","hentry"],"acf":[],"_links":{"self":[{"href":"https:\/\/www.tresoldimetalli.it\/de\/wp-json\/wp\/v2\/pages\/1726","targetHints":{"allow":["GET"]}}],"collection":[{"href":"https:\/\/www.tresoldimetalli.it\/de\/wp-json\/wp\/v2\/pages"}],"about":[{"href":"https:\/\/www.tresoldimetalli.it\/de\/wp-json\/wp\/v2\/types\/page"}],"author":[{"embeddable":true,"href":"https:\/\/www.tresoldimetalli.it\/de\/wp-json\/wp\/v2\/users\/2"}],"replies":[{"embeddable":true,"href":"https:\/\/www.tresoldimetalli.it\/de\/wp-json\/wp\/v2\/comments?post=1726"}],"version-history":[{"count":1,"href":"https:\/\/www.tresoldimetalli.it\/de\/wp-json\/wp\/v2\/pages\/1726\/revisions"}],"predecessor-version":[{"id":1728,"href":"https:\/\/www.tresoldimetalli.it\/de\/wp-json\/wp\/v2\/pages\/1726\/revisions\/1728"}],"up":[{"embeddable":true,"href":"https:\/\/www.tresoldimetalli.it\/de\/wp-json\/wp\/v2\/pages\/1850"}],"wp:attachment":[{"href":"https:\/\/www.tresoldimetalli.it\/de\/wp-json\/wp\/v2\/media?parent=1726"}],"curies":[{"name":"wp","href":"https:\/\/api.w.org\/{rel}","templated":true}]}}