{"id":1729,"date":"2020-10-26T12:59:33","date_gmt":"2020-10-26T11:59:33","guid":{"rendered":"https:\/\/www.tresoldimetalli.it\/demo\/testate-di-gronda\/"},"modified":"2021-01-04T12:19:56","modified_gmt":"2021-01-04T11:19:56","slug":"endstuecke-fuer-dachrinnen","status":"publish","type":"page","link":"https:\/\/www.tresoldimetalli.it\/de\/bauwesen\/endstuecke-fuer-dachrinnen\/","title":{"rendered":"Endst\u00fccke f\u00fcr dachrinnen"},"content":{"rendered":"<h2>ENDST\u00dcCKE F\u00dcR DACHRINNEN<\/h2>\n<table width=\"262\">\n<tbody>\n<tr>\n<td colspan=\"2\" width=\"262\">Abmessungen<\/td>\n<\/tr>\n<tr>\n<td>L\u00e4nge mm<\/td>\n<td>250 &#8211; 333<\/td>\n<\/tr>\n<\/tbody>\n<\/table>\n<p>&nbsp;<\/p>\n<table width=\"262\">\n<tbody>\n<tr>\n<td colspan=\"2\" width=\"262\">Materialien<\/td>\n<\/tr>\n<tr>\n<td rowspan=\"5\">Erh\u00e4ltlich in folgenden Materialien<\/td>\n<td>Kupfer<\/td>\n<\/tr>\n<tr>\n<td>Zink-Titan<\/td>\n<\/tr>\n<tr>\n<td>Zink-Titan vorgestrichen<\/td>\n<\/tr>\n<tr>\n<td>Verzinkter Stahl<\/td>\n<\/tr>\n<tr>\n<td>Vorlackierter Stahl<\/td>\n<\/tr>\n<\/tbody>\n<\/table>\n<p>Andere Formate, Farben und Modelle sind auf Anfrage erh\u00e4ltlich.<\/p>\n","protected":false},"excerpt":{"rendered":"<p>ENDST\u00dcCKE F\u00dcR DACHRINNEN Abmessungen L\u00e4nge mm 250 &#8211; 333 &nbsp; Materialien Erh\u00e4ltlich in folgenden Materialien Kupfer Zink-Titan Zink-Titan vorgestrichen Verzinkter Stahl Vorlackierter Stahl Andere Formate, Farben und Modelle sind auf Anfrage erh\u00e4ltlich.<\/p>\n","protected":false},"author":2,"featured_media":0,"parent":1850,"menu_order":0,"comment_status":"closed","ping_status":"closed","template":"page-templates\/edilizia.php","meta":{"_acf_changed":false,"footnotes":""},"class_list":["post-1729","page","type-page","status-publish","hentry"],"acf":[],"_links":{"self":[{"href":"https:\/\/www.tresoldimetalli.it\/de\/wp-json\/wp\/v2\/pages\/1729","targetHints":{"allow":["GET"]}}],"collection":[{"href":"https:\/\/www.tresoldimetalli.it\/de\/wp-json\/wp\/v2\/pages"}],"about":[{"href":"https:\/\/www.tresoldimetalli.it\/de\/wp-json\/wp\/v2\/types\/page"}],"author":[{"embeddable":true,"href":"https:\/\/www.tresoldimetalli.it\/de\/wp-json\/wp\/v2\/users\/2"}],"replies":[{"embeddable":true,"href":"https:\/\/www.tresoldimetalli.it\/de\/wp-json\/wp\/v2\/comments?post=1729"}],"version-history":[{"count":1,"href":"https:\/\/www.tresoldimetalli.it\/de\/wp-json\/wp\/v2\/pages\/1729\/revisions"}],"predecessor-version":[{"id":1731,"href":"https:\/\/www.tresoldimetalli.it\/de\/wp-json\/wp\/v2\/pages\/1729\/revisions\/1731"}],"up":[{"embeddable":true,"href":"https:\/\/www.tresoldimetalli.it\/de\/wp-json\/wp\/v2\/pages\/1850"}],"wp:attachment":[{"href":"https:\/\/www.tresoldimetalli.it\/de\/wp-json\/wp\/v2\/media?parent=1729"}],"curies":[{"name":"wp","href":"https:\/\/api.w.org\/{rel}","templated":true}]}}