{"id":1732,"date":"2020-10-26T13:00:23","date_gmt":"2020-10-26T12:00:23","guid":{"rendered":"https:\/\/www.tresoldimetalli.it\/demo\/outlets\/"},"modified":"2021-01-04T12:21:22","modified_gmt":"2021-01-04T11:21:22","slug":"muffen","status":"publish","type":"page","link":"https:\/\/www.tresoldimetalli.it\/de\/bauwesen\/muffen\/","title":{"rendered":"Muffen"},"content":{"rendered":"<h2>SCHWEIZER MUFFE<\/h2>\n<table width=\"262\">\n<tbody>\n<tr>\n<td colspan=\"2\" width=\"262\">Abmessungen<\/td>\n<\/tr>\n<tr>\n<td rowspan=\"2\">L\u00e4nge mm<\/td>\n<td>250\/75 &#8211; 250\/80<\/td>\n<\/tr>\n<tr>\n<td>333\/75 &#8211; 333\/80 &#8211; 333\/100 &#8211; 333\/120<\/td>\n<\/tr>\n<\/tbody>\n<\/table>\n<p>&nbsp;<\/p>\n<table width=\"262\">\n<tbody>\n<tr>\n<td colspan=\"2\" width=\"262\">Materialien<\/td>\n<\/tr>\n<tr>\n<td rowspan=\"4\">Erh\u00e4ltlich in folgenden Materialien<\/td>\n<td>Kupfer<\/td>\n<\/tr>\n<tr>\n<td>Zink-Titan<\/td>\n<\/tr>\n<tr>\n<td>Zink-Titan vorgestrichen<\/td>\n<\/tr>\n<tr>\n<td>Verzinkter Stahl<\/td>\n<\/tr>\n<\/tbody>\n<\/table>\n<p>Andere Formate, Farben und Modelle sind auf Anfrage erh\u00e4ltlich.<\/p>\n<h2>FLACH ODER GEFORMT<\/h2>\n<table width=\"262\">\n<tbody>\n<tr>\n<td colspan=\"2\" width=\"262\">Abmessungen<\/td>\n<\/tr>\n<tr>\n<td>Umfang \u00f8 mm<\/td>\n<td>80 &#8211; 100<\/td>\n<\/tr>\n<\/tbody>\n<\/table>\n<p>&nbsp;<\/p>\n<table width=\"262\">\n<tbody>\n<tr>\n<td colspan=\"2\" width=\"262\">Materialien<\/td>\n<\/tr>\n<tr>\n<td rowspan=\"4\">Erh\u00e4ltlich in folgenden Materialien<\/td>\n<td>Kupfer<\/td>\n<\/tr>\n<tr>\n<td>Zink-Titan<\/td>\n<\/tr>\n<tr>\n<td>Zink-Titan vorgestrichen<\/td>\n<\/tr>\n<tr>\n<td>Stahl vorlackiert (Mokka)<\/td>\n<\/tr>\n<\/tbody>\n<\/table>\n<p>Andere Formate, Farben und Modelle sind auf Anfrage erh\u00e4ltlich.<\/p>\n","protected":false},"excerpt":{"rendered":"<p>SCHWEIZER MUFFE Abmessungen L\u00e4nge mm 250\/75 &#8211; 250\/80 333\/75 &#8211; 333\/80 &#8211; 333\/100 &#8211; 333\/120 &nbsp; Materialien Erh\u00e4ltlich in folgenden Materialien Kupfer Zink-Titan Zink-Titan vorgestrichen Verzinkter Stahl Andere Formate, Farben und Modelle sind auf Anfrage erh\u00e4ltlich. FLACH ODER GEFORMT Abmessungen Umfang \u00f8 mm 80 &#8211; 100 &nbsp; Materialien Erh\u00e4ltlich in folgenden Materialien Kupfer Zink-Titan Zink-Titan [&hellip;]<\/p>\n","protected":false},"author":2,"featured_media":0,"parent":1850,"menu_order":0,"comment_status":"closed","ping_status":"closed","template":"page-templates\/edilizia.php","meta":{"_acf_changed":false,"footnotes":""},"class_list":["post-1732","page","type-page","status-publish","hentry"],"acf":[],"_links":{"self":[{"href":"https:\/\/www.tresoldimetalli.it\/de\/wp-json\/wp\/v2\/pages\/1732","targetHints":{"allow":["GET"]}}],"collection":[{"href":"https:\/\/www.tresoldimetalli.it\/de\/wp-json\/wp\/v2\/pages"}],"about":[{"href":"https:\/\/www.tresoldimetalli.it\/de\/wp-json\/wp\/v2\/types\/page"}],"author":[{"embeddable":true,"href":"https:\/\/www.tresoldimetalli.it\/de\/wp-json\/wp\/v2\/users\/2"}],"replies":[{"embeddable":true,"href":"https:\/\/www.tresoldimetalli.it\/de\/wp-json\/wp\/v2\/comments?post=1732"}],"version-history":[{"count":1,"href":"https:\/\/www.tresoldimetalli.it\/de\/wp-json\/wp\/v2\/pages\/1732\/revisions"}],"predecessor-version":[{"id":1734,"href":"https:\/\/www.tresoldimetalli.it\/de\/wp-json\/wp\/v2\/pages\/1732\/revisions\/1734"}],"up":[{"embeddable":true,"href":"https:\/\/www.tresoldimetalli.it\/de\/wp-json\/wp\/v2\/pages\/1850"}],"wp:attachment":[{"href":"https:\/\/www.tresoldimetalli.it\/de\/wp-json\/wp\/v2\/media?parent=1732"}],"curies":[{"name":"wp","href":"https:\/\/api.w.org\/{rel}","templated":true}]}}