{"id":1736,"date":"2020-10-26T13:01:18","date_gmt":"2020-10-26T12:01:18","guid":{"rendered":"https:\/\/www.tresoldimetalli.it\/demo\/leaf-strainer\/"},"modified":"2021-01-04T12:22:43","modified_gmt":"2021-01-04T11:22:43","slug":"laubfangkoerbe","status":"publish","type":"page","link":"https:\/\/www.tresoldimetalli.it\/de\/bauwesen\/laubfangkoerbe\/","title":{"rendered":"Laubfangk\u00f6rbe"},"content":{"rendered":"<h2>LAUBFANGK\u00d6RBE<\/h2>\n<table width=\"262\">\n<tbody>\n<tr>\n<td colspan=\"2\" width=\"262\">Abmessungen<\/td>\n<\/tr>\n<tr>\n<td>Umfang \u00f8 mm<\/td>\n<td>80 &#8211; 100<\/td>\n<\/tr>\n<\/tbody>\n<\/table>\n<p>&nbsp;<\/p>\n<table width=\"262\">\n<tbody>\n<tr>\n<td colspan=\"2\" width=\"262\">Materialien<\/td>\n<\/tr>\n<tr>\n<td rowspan=\"2\">Erh\u00e4ltlich in folgenden Materialien<\/td>\n<td>Kupfer<\/td>\n<\/tr>\n<tr>\n<td>Verzinkter Stahl<\/td>\n<\/tr>\n<\/tbody>\n<\/table>\n<p>Andere Formate, Farben und Modelle sind auf Anfrage erh\u00e4ltlich.<\/p>\n","protected":false},"excerpt":{"rendered":"<p>LAUBFANGK\u00d6RBE Abmessungen Umfang \u00f8 mm 80 &#8211; 100 &nbsp; Materialien Erh\u00e4ltlich in folgenden Materialien Kupfer Verzinkter Stahl Andere Formate, Farben und Modelle sind auf Anfrage erh\u00e4ltlich.<\/p>\n","protected":false},"author":2,"featured_media":0,"parent":1850,"menu_order":0,"comment_status":"closed","ping_status":"closed","template":"page-templates\/edilizia.php","meta":{"_acf_changed":false,"footnotes":""},"class_list":["post-1736","page","type-page","status-publish","hentry"],"acf":[],"_links":{"self":[{"href":"https:\/\/www.tresoldimetalli.it\/de\/wp-json\/wp\/v2\/pages\/1736","targetHints":{"allow":["GET"]}}],"collection":[{"href":"https:\/\/www.tresoldimetalli.it\/de\/wp-json\/wp\/v2\/pages"}],"about":[{"href":"https:\/\/www.tresoldimetalli.it\/de\/wp-json\/wp\/v2\/types\/page"}],"author":[{"embeddable":true,"href":"https:\/\/www.tresoldimetalli.it\/de\/wp-json\/wp\/v2\/users\/2"}],"replies":[{"embeddable":true,"href":"https:\/\/www.tresoldimetalli.it\/de\/wp-json\/wp\/v2\/comments?post=1736"}],"version-history":[{"count":1,"href":"https:\/\/www.tresoldimetalli.it\/de\/wp-json\/wp\/v2\/pages\/1736\/revisions"}],"predecessor-version":[{"id":1738,"href":"https:\/\/www.tresoldimetalli.it\/de\/wp-json\/wp\/v2\/pages\/1736\/revisions\/1738"}],"up":[{"embeddable":true,"href":"https:\/\/www.tresoldimetalli.it\/de\/wp-json\/wp\/v2\/pages\/1850"}],"wp:attachment":[{"href":"https:\/\/www.tresoldimetalli.it\/de\/wp-json\/wp\/v2\/media?parent=1736"}],"curies":[{"name":"wp","href":"https:\/\/api.w.org\/{rel}","templated":true}]}}