{"id":1487,"date":"2020-10-26T13:12:06","date_gmt":"2020-10-26T12:12:06","guid":{"rendered":"https:\/\/www.tresoldimetalli.it\/demo\/acciaio-inox\/"},"modified":"2023-07-12T17:58:17","modified_gmt":"2023-07-12T15:58:17","slug":"acciaio-inox","status":"publish","type":"page","link":"https:\/\/www.tresoldimetalli.it\/en\/construction\/acciaio-inox\/","title":{"rendered":"Stainless steel"},"content":{"rendered":"<h2>Laminated stainless steel AISI 304<\/h2>\n<table width=\"496\">\n<tbody>\n<tr>\n<td colspan=\"2\" width=\"496\">Technical Specifications<\/td>\n<\/tr>\n<tr>\n<td>In accordance with the standard<\/td>\n<td>EN 10088 &#8211; ALLOY 1.4301<\/td>\n<\/tr>\n<tr>\n<td>Density g\/cm\u00b3<\/td>\n<td>7,93<\/td>\n<\/tr>\n<tr>\n<td rowspan=\"2\">Composition (approximate) %<\/td>\n<td>C\u22640,07 &#8211; Mn\u22642,00 &#8211; Si\u22641 &#8211; P\u22640,045 &#8211; N\u22640,11<\/td>\n<\/tr>\n<tr>\n<td>S \u22640,015 &#8211; Cr 17,50\u00f719,50 &#8211; Ni 8,00\u00f710,50<\/td>\n<\/tr>\n<\/tbody>\n<\/table>\n<p>&nbsp;<\/p>\n<table width=\"496\">\n<tbody>\n<tr>\n<td colspan=\"2\" width=\"496\">Mechanical Properties<\/td>\n<\/tr>\n<tr>\n<td>Tensile strength (N\/mm\u00b2)<\/td>\n<td>540\u00f7750<\/td>\n<\/tr>\n<tr>\n<td>Elongation A80% min<\/td>\n<td>45<\/td>\n<\/tr>\n<tr>\n<td>Yield stress Rp0,2 (N\/mm\u00b2)<\/td>\n<td>230<\/td>\n<\/tr>\n<\/tbody>\n<\/table>\n<p>&nbsp;<\/p>\n<p>&nbsp;<\/p>\n<table width=\"496\">\n<tbody>\n<tr>\n<td colspan=\"2\" width=\"496\">Finishings<\/td>\n<\/tr>\n<tr>\n<td>Standard<\/td>\n<td>F1, 2B, 2D, BA, satin or brushed<\/td>\n<\/tr>\n<tr>\n<td>Upon request<\/td>\n<td>&#8211;<\/td>\n<\/tr>\n<\/tbody>\n<\/table>\n<p>&nbsp;<\/p>\n<table width=\"496\">\n<tbody>\n<tr>\n<td colspan=\"2\" width=\"496\">Dimensions and packaging<\/td>\n<\/tr>\n<tr>\n<td>COILS<\/td>\n<td><\/td>\n<\/tr>\n<tr>\n<td>Width and formats (mm)<\/td>\n<td>1000 &#8211; 1250 &#8211; 1500<\/td>\n<\/tr>\n<tr>\n<td rowspan=\"2\">Thicknesses (mm)<\/td>\n<td>0,40 &#8211; 0,50 &#8211; 0,60 &#8211; 0,80 &#8211; 1,00<\/td>\n<\/tr>\n<tr>\n<td>1,20 &#8211; 1,50 &#8211; 2,00 &#8211; 3,00<\/td>\n<\/tr>\n<tr>\n<td>Standard packaging<\/td>\n<td>\u00f8 300 &#8211; 400 or 508<\/td>\n<\/tr>\n<tr>\n<td>STRAPS<\/td>\n<td><\/td>\n<\/tr>\n<tr>\n<td>Width and formats (mm)<\/td>\n<td>starting from 8<\/td>\n<\/tr>\n<tr>\n<td>Thicknesses (mm)<\/td>\n<td>0,40 &#8211; 0,50 &#8211; 0,60 &#8211; 0,80 &#8211; 1,00<\/td>\n<\/tr>\n<tr>\n<td><\/td>\n<td>1,20 &#8211; 1,50 &#8211; 2,00 &#8211; 3,00<\/td>\n<\/tr>\n<tr>\n<td>Standard packaging<\/td>\n<td>\u00f8 300 &#8211; 400 or 508<\/td>\n<\/tr>\n<tr>\n<td>Weight<\/td>\n<td>coils: 500 or 1000 kg &#8211; minicoils: 100 kg each<\/td>\n<\/tr>\n<tr>\n<td>SHEETS<\/td>\n<td><\/td>\n<\/tr>\n<tr>\n<td>Width and formats (mm)<\/td>\n<td>1000&#215;2000 &#8211; 1250&#215;2500 &#8211;<br \/>\n1500&#215;3000<\/td>\n<\/tr>\n<tr>\n<td rowspan=\"2\">Thicknesses (mm)<\/td>\n<td>0,40 &#8211; 0,50 &#8211; 0,60 &#8211; 0,80 &#8211; 1,00 &#8211; 1,20<\/td>\n<\/tr>\n<tr>\n<td>1,50 &#8211; 2,00 &#8211; 3,00 &#8211; 4,00 &#8211; 6,00 &#8211; 12,00<\/td>\n<\/tr>\n<tr>\n<td>Standard packaging<\/td>\n<td>&#8211;<\/td>\n<\/tr>\n<\/tbody>\n<\/table>\n<p>Other sizes, finishes and thickness on request.<\/p>\n<p>&nbsp;<\/p>\n<h2>Laminated stainless steel AISI 316L<\/h2>\n<table width=\"496\">\n<tbody>\n<tr>\n<td colspan=\"2\" width=\"496\">Technical Specifications<\/td>\n<\/tr>\n<tr>\n<td>In accordance with the standard<\/td>\n<td>EN 10088 &#8211; ALLOY 1.4404<\/td>\n<\/tr>\n<tr>\n<td>Density g\/cm\u00b3<\/td>\n<td>7,98<\/td>\n<\/tr>\n<tr>\n<td rowspan=\"2\">Composition (approximate) %<\/td>\n<td>C\u22640,03 &#8211; Mn\u22642,00 &#8211; Si\u22641 &#8211; P\u22640,045 &#8211; N\u22640,11 &#8211; S \u22640,015<\/td>\n<\/tr>\n<tr>\n<td>Cr 16,50\u00f718,50 &#8211; Ni 10,00\u00f713,00 &#8211; Mo 2,00\u00f72,50<\/td>\n<\/tr>\n<\/tbody>\n<\/table>\n<p>&nbsp;<\/p>\n<p>&nbsp;<\/p>\n<table width=\"496\">\n<tbody>\n<tr>\n<td colspan=\"2\" width=\"496\">Mechanical Properties<\/td>\n<\/tr>\n<tr>\n<td>Tensile strength (N\/mm\u00b2)<\/td>\n<td>530\u00f7680<\/td>\n<\/tr>\n<tr>\n<td>Elongation A80% min<\/td>\n<td>40<\/td>\n<\/tr>\n<tr>\n<td>Yield stress Rp0,2 (N\/mm\u00b2)<\/td>\n<td>240<\/td>\n<\/tr>\n<\/tbody>\n<\/table>\n<p>&nbsp;<\/p>\n<table width=\"496\">\n<tbody>\n<tr>\n<td colspan=\"2\" width=\"496\">Finishings<\/td>\n<\/tr>\n<tr>\n<td>Standard<\/td>\n<td>Satin or brushed, 2B or BA, F1<\/td>\n<\/tr>\n<tr>\n<td>Upon request<\/td>\n<td>scotch brite or satin<\/td>\n<\/tr>\n<\/tbody>\n<\/table>\n<p>&nbsp;<\/p>\n<table width=\"496\">\n<tbody>\n<tr>\n<td colspan=\"2\" width=\"496\">Dimensions and packaging<\/td>\n<\/tr>\n<tr>\n<td>COILS<\/td>\n<td><\/td>\n<\/tr>\n<tr>\n<td>Width and formats (mm)<\/td>\n<td>1000 &#8211; 1250 &#8211; 1500<\/td>\n<\/tr>\n<tr>\n<td>Thicknesses (mm))<\/td>\n<td>0,40 &#8211; 0,50 &#8211; 0,80 &#8211; 1,00 &#8211; 1,20 1,50 &#8211; 2,00 &#8211; 2,50 &#8211; 3,00<\/td>\n<\/tr>\n<tr>\n<td>Standard packaging<\/td>\n<td>\u00f8 300 &#8211; 400 or 508<\/td>\n<\/tr>\n<tr>\n<td>STRAPS<\/td>\n<td><\/td>\n<\/tr>\n<tr>\n<td>Width and formats (mm)<\/td>\n<td>starting from 8<\/td>\n<\/tr>\n<tr>\n<td>Thicknesses (mm)<\/td>\n<td>0,40 &#8211; 0,50 &#8211; 0,80 &#8211; 1,00 &#8211; 1,20 1,50 &#8211; 2,00 &#8211; 2,50 &#8211; 3,00<\/td>\n<\/tr>\n<tr>\n<td>Standard packaging<\/td>\n<td>\u00f8 300 &#8211; 400 or 508<\/td>\n<\/tr>\n<tr>\n<td>Weight<\/td>\n<td>coils: 500 or 1000 kg &#8211; minicoils: 100 kg each<\/td>\n<\/tr>\n<tr>\n<td>SHEETS<\/td>\n<td><\/td>\n<\/tr>\n<tr>\n<td>Width and formats (mm)<\/td>\n<td>1000&#215;2000 &#8211; 1250&#215;2500 &#8211; 1500&#215;3000<\/td>\n<\/tr>\n<tr>\n<td>Thicknesses (mm)<\/td>\n<td>0,40 &#8211; 0,50 &#8211; 0,80 &#8211; 1,00 &#8211; 1,20 &#8211; 1,50 &#8211; 2,00 2,50 &#8211; 3,00 &#8211; 4,00 &#8211; 5,00 &#8211; 6,00 &#8211; 8,00<\/td>\n<\/tr>\n<tr>\n<td>Standard packaging<\/td>\n<td>&#8211;<\/td>\n<\/tr>\n<\/tbody>\n<\/table>\n<p>Other sizes, finishes and thickness on request.<\/p>\n<p>&nbsp;<\/p>\n","protected":false},"excerpt":{"rendered":"<p>Laminated stainless steel AISI 304 Technical Specifications In accordance with the standard EN 10088 &#8211; ALLOY 1.4301 Density g\/cm\u00b3 7,93 Composition (approximate) % C\u22640,07 &#8211; Mn\u22642,00 &#8211; Si\u22641 &#8211; P\u22640,045 &#8211; N\u22640,11 S \u22640,015 &#8211; Cr 17,50\u00f719,50 &#8211; Ni 8,00\u00f710,50 &nbsp; Mechanical Properties Tensile strength (N\/mm\u00b2) 540\u00f7750 Elongation A80% min 45 Yield stress Rp0,2 (N\/mm\u00b2) [&hellip;]<\/p>\n","protected":false},"author":2,"featured_media":0,"parent":1765,"menu_order":0,"comment_status":"closed","ping_status":"closed","template":"page-templates\/edilizia.php","meta":{"_acf_changed":false,"footnotes":""},"class_list":["post-1487","page","type-page","status-publish","hentry"],"acf":[],"_links":{"self":[{"href":"https:\/\/www.tresoldimetalli.it\/en\/wp-json\/wp\/v2\/pages\/1487","targetHints":{"allow":["GET"]}}],"collection":[{"href":"https:\/\/www.tresoldimetalli.it\/en\/wp-json\/wp\/v2\/pages"}],"about":[{"href":"https:\/\/www.tresoldimetalli.it\/en\/wp-json\/wp\/v2\/types\/page"}],"author":[{"embeddable":true,"href":"https:\/\/www.tresoldimetalli.it\/en\/wp-json\/wp\/v2\/users\/2"}],"replies":[{"embeddable":true,"href":"https:\/\/www.tresoldimetalli.it\/en\/wp-json\/wp\/v2\/comments?post=1487"}],"version-history":[{"count":14,"href":"https:\/\/www.tresoldimetalli.it\/en\/wp-json\/wp\/v2\/pages\/1487\/revisions"}],"predecessor-version":[{"id":1490,"href":"https:\/\/www.tresoldimetalli.it\/en\/wp-json\/wp\/v2\/pages\/1487\/revisions\/1490"}],"up":[{"embeddable":true,"href":"https:\/\/www.tresoldimetalli.it\/en\/wp-json\/wp\/v2\/pages\/1765"}],"wp:attachment":[{"href":"https:\/\/www.tresoldimetalli.it\/en\/wp-json\/wp\/v2\/media?parent=1487"}],"curies":[{"name":"wp","href":"https:\/\/api.w.org\/{rel}","templated":true}]}}