{"id":1180,"date":"2020-10-14T11:25:01","date_gmt":"2020-10-14T09:25:01","guid":{"rendered":"https:\/\/www.tresoldimetalli.it\/demo\/bandelle\/"},"modified":"2020-12-29T12:06:53","modified_gmt":"2020-12-29T11:06:53","slug":"feuillards","status":"publish","type":"page","link":"https:\/\/www.tresoldimetalli.it\/fr\/industrie\/feuillards\/","title":{"rendered":"Feuillards"},"content":{"rendered":"<h2>Feuillards<\/h2>\n<p>Usin\u00e9s par un service de d\u00e9coupage particuli\u00e8rement attentif aux besoins du monde industriel.<\/p>\n<table width=\"669\">\n<tbody>\n<tr>\n<td colspan=\"2\" width=\"669\">Caract\u00e9ristiques techniques<\/td>\n<\/tr>\n<tr>\n<td>Largeur minimale mm<\/td>\n<td>300<\/td>\n<\/tr>\n<tr>\n<td>Largeur maximale mm<\/td>\n<td>1.500<\/td>\n<\/tr>\n<tr>\n<td>Longueur minimale mm<\/td>\n<td>300<\/td>\n<\/tr>\n<tr>\n<td>Longueur maximale mm<\/td>\n<td>6.000<\/td>\n<\/tr>\n<tr>\n<td>\u00c9paisseur minimale mm<\/td>\n<td>0,3<\/td>\n<\/tr>\n<tr>\n<td>\u00c9paisseur maximale avec un mat\u00e9riau \u00e0 r\u00e9sistance m\u00e9canique N\/mm<sup>2<\/sup> = 490 mm<\/td>\n<td>3<\/td>\n<\/tr>\n<tr>\n<td>\u00c9paisseur maximale avec un mat\u00e9riau \u00e0 r\u00e9sistance m\u00e9canique N\/mm<sup>2<\/sup> = 360 mm<\/td>\n<td>4<\/td>\n<\/tr>\n<tr>\n<td>Tol\u00e9rance de longueur des feuilles jusqu&rsquo;\u00e0 2 000 mm<\/td>\n<td>\u00b10,20 mm<\/td>\n<\/tr>\n<tr>\n<td>Tol\u00e9rance de longueur des feuilles de plus de 2 000 mm<\/td>\n<td width=\"137\">(\u00b10,20) +<br \/>\n(\u00b10,10 mm par m)<\/td>\n<\/tr>\n<tr>\n<td>Tol\u00e9rance diagonale (diff\u00e9rence des diagonales) mm<\/td>\n<td>\u00b10,35 par m<\/td>\n<\/tr>\n<tr>\n<td>Poids maximum de la palette en kg<\/td>\n<td>2.500<\/td>\n<\/tr>\n<tr>\n<td>Hauteur maximale du colis (palette comprise) mm<\/td>\n<td>400<\/td>\n<\/tr>\n<tr>\n<td>Emballage standard<\/td>\n<td>sur palettes en bois<\/td>\n<\/tr>\n<tr>\n<td>Emballage sur demande (maxi 3 m de longueur)<\/td>\n<td>sur planches en bois<\/td>\n<\/tr>\n<\/tbody>\n<\/table>\n<p>&nbsp;<\/p>\n","protected":false},"excerpt":{"rendered":"<p>Feuillards Usin\u00e9s par un service de d\u00e9coupage particuli\u00e8rement attentif aux besoins du monde industriel. Caract\u00e9ristiques techniques Largeur minimale mm 300 Largeur maximale mm 1.500 Longueur minimale mm 300 Longueur maximale mm 6.000 \u00c9paisseur minimale mm 0,3 \u00c9paisseur maximale avec un mat\u00e9riau \u00e0 r\u00e9sistance m\u00e9canique N\/mm2 = 490 mm 3 \u00c9paisseur maximale avec un mat\u00e9riau \u00e0 [&hellip;]<\/p>\n","protected":false},"author":1,"featured_media":0,"parent":1830,"menu_order":0,"comment_status":"closed","ping_status":"closed","template":"page-templates\/industria.php","meta":{"_acf_changed":false,"footnotes":""},"class_list":["post-1180","page","type-page","status-publish","hentry"],"acf":[],"_links":{"self":[{"href":"https:\/\/www.tresoldimetalli.it\/fr\/wp-json\/wp\/v2\/pages\/1180","targetHints":{"allow":["GET"]}}],"collection":[{"href":"https:\/\/www.tresoldimetalli.it\/fr\/wp-json\/wp\/v2\/pages"}],"about":[{"href":"https:\/\/www.tresoldimetalli.it\/fr\/wp-json\/wp\/v2\/types\/page"}],"author":[{"embeddable":true,"href":"https:\/\/www.tresoldimetalli.it\/fr\/wp-json\/wp\/v2\/users\/1"}],"replies":[{"embeddable":true,"href":"https:\/\/www.tresoldimetalli.it\/fr\/wp-json\/wp\/v2\/comments?post=1180"}],"version-history":[{"count":4,"href":"https:\/\/www.tresoldimetalli.it\/fr\/wp-json\/wp\/v2\/pages\/1180\/revisions"}],"predecessor-version":[{"id":1215,"href":"https:\/\/www.tresoldimetalli.it\/fr\/wp-json\/wp\/v2\/pages\/1180\/revisions\/1215"}],"up":[{"embeddable":true,"href":"https:\/\/www.tresoldimetalli.it\/fr\/wp-json\/wp\/v2\/pages\/1830"}],"wp:attachment":[{"href":"https:\/\/www.tresoldimetalli.it\/fr\/wp-json\/wp\/v2\/media?parent=1180"}],"curies":[{"name":"wp","href":"https:\/\/api.w.org\/{rel}","templated":true}]}}