{"id":1191,"date":"2020-10-14T12:06:39","date_gmt":"2020-10-14T10:06:39","guid":{"rendered":"https:\/\/www.tresoldimetalli.it\/demo\/coils\/"},"modified":"2020-12-29T12:08:47","modified_gmt":"2020-12-29T11:08:47","slug":"bobines","status":"publish","type":"page","link":"https:\/\/www.tresoldimetalli.it\/fr\/industrie\/bobines\/","title":{"rendered":"Bobines"},"content":{"rendered":"<h2>Bobines<\/h2>\n<p>S\u00e9lectionn\u00e9es avec soin en fonction de la qualit\u00e9 des mat\u00e9riaux et des fournisseurs.<\/p>\n<table width=\"669\">\n<tbody>\n<tr>\n<td colspan=\"2\" width=\"669\">Caract\u00e9ristiques techniques<\/td>\n<\/tr>\n<tr>\n<td>Largeurs disponibles en magasin<\/td>\n<td>1000\/1250\/1500<\/td>\n<\/tr>\n<tr>\n<td>\u00c9paisseur minimale mm<\/td>\n<td>0,3<\/td>\n<\/tr>\n<tr>\n<td>\u00c9paisseur maximale avec un mat\u00e9riau \u00e0 r\u00e9sistance m\u00e9canique N\/mm<sup>2<\/sup> \u2265490 mm<\/td>\n<td>3<\/td>\n<\/tr>\n<tr>\n<td>\u00c9paisseur maximale avec un mat\u00e9riau \u00e0 r\u00e9sistance m\u00e9canique N\/mm<sup>2<\/sup> &lt; 360 mm<\/td>\n<td>3<\/td>\n<\/tr>\n<tr>\n<td>Diam\u00e8tre int\u00e9rieur mm<\/td>\n<td>300 &#8211; 508 &#8211; 608<\/td>\n<\/tr>\n<tr>\n<td>Diam\u00e8tre ext\u00e9rieur maximum mm<\/td>\n<td>1600<\/td>\n<\/tr>\n<tr>\n<td>Poids maximum kg<\/td>\n<td>10.000<\/td>\n<\/tr>\n<tr>\n<td>Emballage standard<\/td>\n<td>axe horizontal<\/td>\n<\/tr>\n<tr>\n<td>Emballage sur demande<\/td>\n<td>axe vertical<\/td>\n<\/tr>\n<\/tbody>\n<\/table>\n<p>&nbsp;<\/p>\n","protected":false},"excerpt":{"rendered":"<p>Bobines S\u00e9lectionn\u00e9es avec soin en fonction de la qualit\u00e9 des mat\u00e9riaux et des fournisseurs. Caract\u00e9ristiques techniques Largeurs disponibles en magasin 1000\/1250\/1500 \u00c9paisseur minimale mm 0,3 \u00c9paisseur maximale avec un mat\u00e9riau \u00e0 r\u00e9sistance m\u00e9canique N\/mm2 \u2265490 mm 3 \u00c9paisseur maximale avec un mat\u00e9riau \u00e0 r\u00e9sistance m\u00e9canique N\/mm2 &lt; 360 mm 3 Diam\u00e8tre int\u00e9rieur mm 300 &#8211; [&hellip;]<\/p>\n","protected":false},"author":1,"featured_media":0,"parent":1830,"menu_order":0,"comment_status":"closed","ping_status":"closed","template":"page-templates\/industria.php","meta":{"_acf_changed":false,"footnotes":""},"class_list":["post-1191","page","type-page","status-publish","hentry"],"acf":[],"_links":{"self":[{"href":"https:\/\/www.tresoldimetalli.it\/fr\/wp-json\/wp\/v2\/pages\/1191","targetHints":{"allow":["GET"]}}],"collection":[{"href":"https:\/\/www.tresoldimetalli.it\/fr\/wp-json\/wp\/v2\/pages"}],"about":[{"href":"https:\/\/www.tresoldimetalli.it\/fr\/wp-json\/wp\/v2\/types\/page"}],"author":[{"embeddable":true,"href":"https:\/\/www.tresoldimetalli.it\/fr\/wp-json\/wp\/v2\/users\/1"}],"replies":[{"embeddable":true,"href":"https:\/\/www.tresoldimetalli.it\/fr\/wp-json\/wp\/v2\/comments?post=1191"}],"version-history":[{"count":2,"href":"https:\/\/www.tresoldimetalli.it\/fr\/wp-json\/wp\/v2\/pages\/1191\/revisions"}],"predecessor-version":[{"id":1218,"href":"https:\/\/www.tresoldimetalli.it\/fr\/wp-json\/wp\/v2\/pages\/1191\/revisions\/1218"}],"up":[{"embeddable":true,"href":"https:\/\/www.tresoldimetalli.it\/fr\/wp-json\/wp\/v2\/pages\/1830"}],"wp:attachment":[{"href":"https:\/\/www.tresoldimetalli.it\/fr\/wp-json\/wp\/v2\/media?parent=1191"}],"curies":[{"name":"wp","href":"https:\/\/api.w.org\/{rel}","templated":true}]}}