{"id":1205,"date":"2020-10-23T12:56:53","date_gmt":"2020-10-23T10:56:53","guid":{"rendered":"https:\/\/www.tresoldimetalli.it\/demo\/nastri-larghi-e-stretti\/"},"modified":"2021-02-01T11:57:41","modified_gmt":"2021-02-01T10:57:41","slug":"bandes-larges-et-etroites","status":"publish","type":"page","link":"https:\/\/www.tresoldimetalli.it\/fr\/industrie\/bandes-larges-et-etroites\/","title":{"rendered":"Bandes larges et \u00e9troites"},"content":{"rendered":"<h2>Bandes larges et \u00e9troites<\/h2>\n<p>Usin\u00e9es par 7 lignes de coupe parmi les plus \u00e9volu\u00e9es du march\u00e9.<\/p>\n<table width=\"669\">\n<tbody>\n<tr>\n<td colspan=\"2\" width=\"669\">Caract\u00e9ristiques techniques<\/td>\n<\/tr>\n<tr>\n<td>Largeur minimale mm<\/td>\n<td>8<\/td>\n<\/tr>\n<tr>\n<td>Largeur maximale mm<\/td>\n<td>1500<\/td>\n<\/tr>\n<tr>\n<td>\u00c9paisseur minimale mm<\/td>\n<td>0,3<\/td>\n<\/tr>\n<tr>\n<td>\u00c9paisseur maximale avec un mat\u00e9riau \u00e0 r\u00e9sistance m\u00e9canique N\/mm<sup>2<\/sup> \u2265490 mm<\/td>\n<td>3<\/td>\n<\/tr>\n<tr>\n<td>\u00c9paisseur maximale avec un mat\u00e9riau \u00e0 r\u00e9sistance m\u00e9canique N\/mm<sup>2<\/sup> &lt; 360 mm<\/td>\n<td>3<\/td>\n<\/tr>\n<tr>\n<td>Diam\u00e8tre int\u00e9rieur mm<\/td>\n<td>408 &#8211; 508<\/td>\n<\/tr>\n<tr>\n<td>Diam\u00e8tre ext\u00e9rieur maximum mm<\/td>\n<td>1600<\/td>\n<\/tr>\n<tr>\n<td>Poids maximum du rouleau kg<\/td>\n<td>4 kg x mm de larg.<\/td>\n<\/tr>\n<tr>\n<td>Poids maximum de la palette en kg<\/td>\n<td>2.000<\/td>\n<\/tr>\n<tr>\n<td>Emballage standard<\/td>\n<td>axe vertical ou horizontal<\/td>\n<\/tr>\n<\/tbody>\n<\/table>\n<p>&nbsp;<\/p>\n","protected":false},"excerpt":{"rendered":"<p>Bandes larges et \u00e9troites Usin\u00e9es par 7 lignes de coupe parmi les plus \u00e9volu\u00e9es du march\u00e9. Caract\u00e9ristiques techniques Largeur minimale mm 8 Largeur maximale mm 1500 \u00c9paisseur minimale mm 0,3 \u00c9paisseur maximale avec un mat\u00e9riau \u00e0 r\u00e9sistance m\u00e9canique N\/mm2 \u2265490 mm 3 \u00c9paisseur maximale avec un mat\u00e9riau \u00e0 r\u00e9sistance m\u00e9canique N\/mm2 &lt; 360 mm 3 [&hellip;]<\/p>\n","protected":false},"author":2,"featured_media":0,"parent":1830,"menu_order":0,"comment_status":"closed","ping_status":"closed","template":"page-templates\/industria.php","meta":{"_acf_changed":false,"footnotes":""},"class_list":["post-1205","page","type-page","status-publish","hentry"],"acf":[],"_links":{"self":[{"href":"https:\/\/www.tresoldimetalli.it\/fr\/wp-json\/wp\/v2\/pages\/1205","targetHints":{"allow":["GET"]}}],"collection":[{"href":"https:\/\/www.tresoldimetalli.it\/fr\/wp-json\/wp\/v2\/pages"}],"about":[{"href":"https:\/\/www.tresoldimetalli.it\/fr\/wp-json\/wp\/v2\/types\/page"}],"author":[{"embeddable":true,"href":"https:\/\/www.tresoldimetalli.it\/fr\/wp-json\/wp\/v2\/users\/2"}],"replies":[{"embeddable":true,"href":"https:\/\/www.tresoldimetalli.it\/fr\/wp-json\/wp\/v2\/comments?post=1205"}],"version-history":[{"count":3,"href":"https:\/\/www.tresoldimetalli.it\/fr\/wp-json\/wp\/v2\/pages\/1205\/revisions"}],"predecessor-version":[{"id":2787,"href":"https:\/\/www.tresoldimetalli.it\/fr\/wp-json\/wp\/v2\/pages\/1205\/revisions\/2787"}],"up":[{"embeddable":true,"href":"https:\/\/www.tresoldimetalli.it\/fr\/wp-json\/wp\/v2\/pages\/1830"}],"wp:attachment":[{"href":"https:\/\/www.tresoldimetalli.it\/fr\/wp-json\/wp\/v2\/media?parent=1205"}],"curies":[{"name":"wp","href":"https:\/\/api.w.org\/{rel}","templated":true}]}}