{"id":1222,"date":"2020-10-13T17:21:44","date_gmt":"2020-10-13T15:21:44","guid":{"rendered":"https:\/\/www.tresoldimetalli.it\/demo\/acciaio-al-carbonio\/"},"modified":"2023-07-28T12:01:33","modified_gmt":"2023-07-28T10:01:33","slug":"acier-au-carbone","status":"publish","type":"page","link":"https:\/\/www.tresoldimetalli.it\/fr\/industrie\/acier-au-carbone\/","title":{"rendered":"Acier au carbone"},"content":{"rendered":"<h2>Acier au carbone<\/h2>\n<table>\n<tbody>\n<tr>\n<td style=\"text-align: left;\" colspan=\"5\" width=\"1003\">Galvanis\u00e9<\/td>\n<\/tr>\n<tr>\n<td>Qualit\u00e9<\/td>\n<td>DX51D+Z<\/td>\n<td>DX53D+Z<\/td>\n<td>S250GD+Z<\/td>\n<td>DX51D +AZ 150\u00f7185<\/td>\n<\/tr>\n<tr>\n<td>Limite sup\u00e9rieure d\u2019\u00e9lasticit\u00e9 Re MPA<\/td>\n<td>\u2014<\/td>\n<td>140\/260<\/td>\n<td>250<\/td>\n<td>&#8211;<\/td>\n<\/tr>\n<tr>\n<td>Charge de rupture Rm MPA<\/td>\n<td>270\/500<\/td>\n<td>270\/380<\/td>\n<td>330<\/td>\n<td>270\u00f7500<\/td>\n<\/tr>\n<tr>\n<td>Allongement minimum %<\/td>\n<td>22<\/td>\n<td>30<\/td>\n<td>19<\/td>\n<td>0,20 &#8211; 0,50 \u2265 18<br \/>\n0,50 &#8211; 0,70 \u2265 20<br \/>\n0,70 &#8211; 2,00 \u2265 22<\/td>\n<\/tr>\n<tr>\n<td>R\u00e9f\u00e9rence \u00e0 la norme<\/td>\n<td colspan=\"4\">UNI EN 10346:2009<\/td>\n<\/tr>\n<\/tbody>\n<\/table>\n<p>&nbsp;<\/p>\n<table>\n<tbody>\n<tr>\n<td style=\"text-align: left;\" colspan=\"4\" width=\"832\">Pr\u00e9-laqu\u00e9<\/td>\n<\/tr>\n<tr>\n<td>Qualit\u00e9<\/td>\n<td>DX51D+Z<\/td>\n<td>DX53D+Z<\/td>\n<td>S250GD+Z<\/td>\n<\/tr>\n<tr>\n<td>Limite sup\u00e9rieure d\u2019\u00e9lasticit\u00e9 Re MPA<\/td>\n<td>\u2014<\/td>\n<td>140\/260<\/td>\n<td>250<\/td>\n<\/tr>\n<tr>\n<td>Charge de rupture Rm MPA<\/td>\n<td>270\/500<\/td>\n<td>270\/380<\/td>\n<td>330<\/td>\n<\/tr>\n<tr>\n<td>Allongement minimum %<\/td>\n<td>22<\/td>\n<td>30<\/td>\n<td>19<\/td>\n<\/tr>\n<tr>\n<td>R\u00e9f\u00e9rence \u00e0 la norme<\/td>\n<td colspan=\"3\">UNI EN 10346:2009<\/td>\n<\/tr>\n<\/tbody>\n<\/table>\n<p>&nbsp;<\/p>\n<table>\n<tbody>\n<tr>\n<td width=\"264\"><\/td>\n<td width=\"248\">\u00a0<a href=\"https:\/\/www.tresoldimetalli.it\/industria\/wp-content\/uploads\/2014\/07\/coils_tresoldi_metalli.png\"><img loading=\"lazy\" decoding=\"async\" class=\"alignnone size-full wp-image-80\" src=\"https:\/\/www.tresoldimetalli.it\/industria\/wp-content\/uploads\/2014\/07\/coils_tresoldi_metalli.png\" alt=\"coils_tresoldi_metalli\" width=\"69\" height=\"39\" \/><\/a><\/td>\n<td width=\"148\">\u00a0<a href=\"https:\/\/www.tresoldimetalli.it\/industria\/wp-content\/uploads\/2014\/07\/nastri_larghi_stretti_tresoldi_metalli.png\"><img loading=\"lazy\" decoding=\"async\" class=\"alignnone size-full wp-image-618\" src=\"https:\/\/www.tresoldimetalli.it\/industria\/wp-content\/uploads\/2014\/07\/nastri_larghi_stretti_tresoldi_metalli.png\" alt=\"nastri_larghi_stretti_tresoldi_metalli\" width=\"69\" height=\"39\" \/><\/a><\/td>\n<td width=\"172\">\u00a0<a href=\"https:\/\/www.tresoldimetalli.it\/industria\/wp-content\/uploads\/2014\/07\/lamiere_tresoldi_metalli.png\"><img loading=\"lazy\" decoding=\"async\" class=\"alignnone size-full wp-image-615\" src=\"https:\/\/www.tresoldimetalli.it\/industria\/wp-content\/uploads\/2014\/07\/lamiere_tresoldi_metalli.png\" alt=\"lamiere_tresoldi_metalli\" width=\"69\" height=\"39\" \/><\/a><\/td>\n<td width=\"171\">\u00a0<a href=\"https:\/\/www.tresoldimetalli.it\/industria\/wp-content\/uploads\/2014\/11\/bandelle_tresoldi_metalli_small.png\"><img loading=\"lazy\" decoding=\"async\" class=\"alignnone size-full wp-image-181\" src=\"https:\/\/www.tresoldimetalli.it\/industria\/wp-content\/uploads\/2014\/11\/bandelle_tresoldi_metalli_small.png\" alt=\"bandelle_tresoldi_metalli_small\" width=\"69\" height=\"39\" \/><\/a><\/td>\n<\/tr>\n<tr>\n<td>Largeur et formats (mm)<\/td>\n<td>1000 &#8211; 1250 &#8211; 1500<\/td>\n<td>min 8 &#8211; max 1600<\/td>\n<td>standard<\/td>\n<td>sur mesure<\/td>\n<\/tr>\n<tr>\n<td>\u00c9paisseurs (mm)<\/td>\n<td>da 0,30 a 4,00<\/td>\n<td>de 0,30 \u00e0 4,00<\/td>\n<td>de 0,30 \u00e0 4,00<\/td>\n<td>da 0,30 a 4,00<\/td>\n<\/tr>\n<tr>\n<td>Emballage<\/td>\n<td>bobines \u00d8 int. 300 &#8211; 508 &#8211; 608<\/td>\n<td>rouleaux \u00d8 int. 300 &#8211; 408 &#8211; 508<\/td>\n<td width=\"172\">palette en bois ou petits bois<\/td>\n<td width=\"171\">palette en bois ou petits bois<\/td>\n<\/tr>\n<tr>\n<td>Poids de r\u00e9f\u00e9rence<\/td>\n<td colspan=\"4\">\u00e9paisseur 0,60 x 1000 kg\/m3\u00a04,72<\/td>\n<\/tr>\n<\/tbody>\n<\/table>\n<p>&nbsp;<\/p>\n<p>&nbsp;<\/p>\n","protected":false},"excerpt":{"rendered":"<p>Acier au carbone Galvanis\u00e9 Qualit\u00e9 DX51D+Z DX53D+Z S250GD+Z DX51D +AZ 150\u00f7185 Limite sup\u00e9rieure d\u2019\u00e9lasticit\u00e9 Re MPA \u2014 140\/260 250 &#8211; Charge de rupture Rm MPA 270\/500 270\/380 330 270\u00f7500 Allongement minimum % 22 30 19 0,20 &#8211; 0,50 \u2265 18 0,50 &#8211; 0,70 \u2265 20 0,70 &#8211; 2,00 \u2265 22 R\u00e9f\u00e9rence \u00e0 la norme UNI [&hellip;]<\/p>\n","protected":false},"author":1,"featured_media":0,"parent":1830,"menu_order":0,"comment_status":"closed","ping_status":"closed","template":"page-templates\/industria.php","meta":{"_acf_changed":false,"footnotes":""},"class_list":["post-1222","page","type-page","status-publish","hentry"],"acf":[],"_links":{"self":[{"href":"https:\/\/www.tresoldimetalli.it\/fr\/wp-json\/wp\/v2\/pages\/1222","targetHints":{"allow":["GET"]}}],"collection":[{"href":"https:\/\/www.tresoldimetalli.it\/fr\/wp-json\/wp\/v2\/pages"}],"about":[{"href":"https:\/\/www.tresoldimetalli.it\/fr\/wp-json\/wp\/v2\/types\/page"}],"author":[{"embeddable":true,"href":"https:\/\/www.tresoldimetalli.it\/fr\/wp-json\/wp\/v2\/users\/1"}],"replies":[{"embeddable":true,"href":"https:\/\/www.tresoldimetalli.it\/fr\/wp-json\/wp\/v2\/comments?post=1222"}],"version-history":[{"count":8,"href":"https:\/\/www.tresoldimetalli.it\/fr\/wp-json\/wp\/v2\/pages\/1222\/revisions"}],"predecessor-version":[{"id":3459,"href":"https:\/\/www.tresoldimetalli.it\/fr\/wp-json\/wp\/v2\/pages\/1222\/revisions\/3459"}],"up":[{"embeddable":true,"href":"https:\/\/www.tresoldimetalli.it\/fr\/wp-json\/wp\/v2\/pages\/1830"}],"wp:attachment":[{"href":"https:\/\/www.tresoldimetalli.it\/fr\/wp-json\/wp\/v2\/media?parent=1222"}],"curies":[{"name":"wp","href":"https:\/\/api.w.org\/{rel}","templated":true}]}}