{"id":1227,"date":"2020-10-26T10:29:24","date_gmt":"2020-10-26T09:29:24","guid":{"rendered":"https:\/\/www.tresoldimetalli.it\/demo\/acciaio-inox\/"},"modified":"2023-03-14T11:48:16","modified_gmt":"2023-03-14T10:48:16","slug":"acciaio-inox","status":"publish","type":"page","link":"https:\/\/www.tresoldimetalli.it\/fr\/industrie\/acciaio-inox\/","title":{"rendered":"Acier inox"},"content":{"rendered":"<h2>Acier inox<\/h2>\n<table width=\"1177\">\n<tbody>\n<tr>\n<td colspan=\"7\" width=\"1177\"><\/td>\n<\/tr>\n<tr>\n<td>Qualit\u00e9<\/td>\n<td>AISI 304<\/td>\n<td>AISI 304 PS<\/td>\n<td>AISI 316L<\/td>\n<td>AISI 430<\/td>\n<td>AISI 201<\/td>\n<td>AISI 202<\/td>\n<\/tr>\n<tr>\n<td>R\u00e9f\u00e9rence \u00e0 la norme UNI EN 10088-2<\/td>\n<td>1.4301 X5 CrNi 18-10<\/td>\n<td>1.4301 X5 CrNi 18-10<\/td>\n<td>1.4404 X2 CrNiMo 17-12-2<\/td>\n<td>14016 X6Cr 17<\/td>\n<td>1.4372 X12 CrMnNiN 17-7-5<\/td>\n<td>1.4373 X12 CrMnNiN 18-9-5<\/td>\n<\/tr>\n<tr>\n<td>Limite sup\u00e9rieure d\u2019\u00e9lasticit\u00e9 Re MPA 0,2 %<\/td>\n<td>270<\/td>\n<td>250<\/td>\n<td>270<\/td>\n<td>300<\/td>\n<td>350<\/td>\n<td>340<\/td>\n<\/tr>\n<tr>\n<td>Charge de rupture Rm MPA<\/td>\n<td>650<\/td>\n<td>600<\/td>\n<td>580<\/td>\n<td>500<\/td>\n<td>370<\/td>\n<td>370<\/td>\n<\/tr>\n<tr>\n<td>Allongement minimum %<\/td>\n<td>54<\/td>\n<td>58<\/td>\n<td>52<\/td>\n<td>27<\/td>\n<td>45<\/td>\n<td>45<\/td>\n<\/tr>\n<\/tbody>\n<\/table>\n<p><em>Les chiffres repr\u00e9sentent des moyennes indicatives, susceptibles de variations en fonction de l\u2019\u00e9paisseur et de la finition.<br \/>\nR\u00e9f\u00e9rence des caract\u00e9ristiques par t\u00f4le 1,00 mm finition 2B.\u00a0\u00a0\u00a0 <\/em><\/p>\n<p>&nbsp;<\/p>\n<table width=\"1003\">\n<tbody>\n<tr>\n<td width=\"264\"><\/td>\n<td width=\"248\">\u00a0<a href=\"https:\/\/www.tresoldimetalli.it\/industria\/wp-content\/uploads\/2014\/07\/coils_tresoldi_metalli.png\"><img loading=\"lazy\" decoding=\"async\" class=\"alignnone size-full wp-image-80\" src=\"https:\/\/www.tresoldimetalli.it\/industria\/wp-content\/uploads\/2014\/07\/coils_tresoldi_metalli.png\" alt=\"coils_tresoldi_metalli\" width=\"69\" height=\"39\" \/><\/a><\/td>\n<td width=\"148\">\u00a0<a href=\"https:\/\/www.tresoldimetalli.it\/industria\/wp-content\/uploads\/2014\/07\/nastri_larghi_stretti_tresoldi_metalli.png\"><img loading=\"lazy\" decoding=\"async\" class=\"alignnone size-full wp-image-618\" src=\"https:\/\/www.tresoldimetalli.it\/industria\/wp-content\/uploads\/2014\/07\/nastri_larghi_stretti_tresoldi_metalli.png\" alt=\"nastri_larghi_stretti_tresoldi_metalli\" width=\"69\" height=\"39\" \/><\/a><\/td>\n<td width=\"172\">\u00a0<a href=\"https:\/\/www.tresoldimetalli.it\/industria\/wp-content\/uploads\/2014\/07\/lamiere_tresoldi_metalli.png\"><img loading=\"lazy\" decoding=\"async\" class=\"alignnone size-full wp-image-615\" src=\"https:\/\/www.tresoldimetalli.it\/industria\/wp-content\/uploads\/2014\/07\/lamiere_tresoldi_metalli.png\" alt=\"lamiere_tresoldi_metalli\" width=\"69\" height=\"39\" \/><\/a><\/td>\n<td width=\"171\">\u00a0<a href=\"https:\/\/www.tresoldimetalli.it\/industria\/wp-content\/uploads\/2014\/11\/bandelle_tresoldi_metalli_small.png\"><img loading=\"lazy\" decoding=\"async\" class=\"alignnone size-full wp-image-181\" src=\"https:\/\/www.tresoldimetalli.it\/industria\/wp-content\/uploads\/2014\/11\/bandelle_tresoldi_metalli_small.png\" alt=\"bandelle_tresoldi_metalli_small\" width=\"69\" height=\"39\" \/><\/a><\/td>\n<\/tr>\n<tr>\n<td>Largeur et formats (mm)<\/td>\n<td>1000 &#8211; 1250 &#8211; 1500<\/td>\n<td>min 8 &#8211; max 1600<\/td>\n<td>standard<\/td>\n<td>sur mesure<\/td>\n<\/tr>\n<tr>\n<td>\u00c9paisseurs (mm)<\/td>\n<td>de 0,40 \u00e0 3,00<\/td>\n<td>de 0,40 \u00e0 3,00<\/td>\n<td>de 0,40 \u00e0 3,00<\/td>\n<td>de 0,40 \u00e0 3,00<\/td>\n<\/tr>\n<tr>\n<td>Emballage<\/td>\n<td>bobines \u00d8 int. 300 &#8211; 508 &#8211; 608<\/td>\n<td>rouleaux \u00d8 int. 300 &#8211; 408 &#8211; 508<\/td>\n<td width=\"172\">palette en bois ou petits bois<\/td>\n<td width=\"171\">palette en bois ou petits bois<\/td>\n<\/tr>\n<tr>\n<td>Poids de r\u00e9f\u00e9rence<\/td>\n<td colspan=\"4\">\u00e9paisseur 1,00 x 1000 kg\/m3\u00a07,86<\/td>\n<\/tr>\n<\/tbody>\n<\/table>\n<p>&nbsp;<\/p>\n","protected":false},"excerpt":{"rendered":"<p>Acier inox Qualit\u00e9 AISI 304 AISI 304 PS AISI 316L AISI 430 AISI 201 AISI 202 R\u00e9f\u00e9rence \u00e0 la norme UNI EN 10088-2 1.4301 X5 CrNi 18-10 1.4301 X5 CrNi 18-10 1.4404 X2 CrNiMo 17-12-2 14016 X6Cr 17 1.4372 X12 CrMnNiN 17-7-5 1.4373 X12 CrMnNiN 18-9-5 Limite sup\u00e9rieure d\u2019\u00e9lasticit\u00e9 Re MPA 0,2 % 270 250 [&hellip;]<\/p>\n","protected":false},"author":2,"featured_media":0,"parent":1830,"menu_order":0,"comment_status":"closed","ping_status":"closed","template":"page-templates\/industria.php","meta":{"_acf_changed":false,"footnotes":""},"class_list":["post-1227","page","type-page","status-publish","hentry"],"acf":[],"_links":{"self":[{"href":"https:\/\/www.tresoldimetalli.it\/fr\/wp-json\/wp\/v2\/pages\/1227","targetHints":{"allow":["GET"]}}],"collection":[{"href":"https:\/\/www.tresoldimetalli.it\/fr\/wp-json\/wp\/v2\/pages"}],"about":[{"href":"https:\/\/www.tresoldimetalli.it\/fr\/wp-json\/wp\/v2\/types\/page"}],"author":[{"embeddable":true,"href":"https:\/\/www.tresoldimetalli.it\/fr\/wp-json\/wp\/v2\/users\/2"}],"replies":[{"embeddable":true,"href":"https:\/\/www.tresoldimetalli.it\/fr\/wp-json\/wp\/v2\/comments?post=1227"}],"version-history":[{"count":3,"href":"https:\/\/www.tresoldimetalli.it\/fr\/wp-json\/wp\/v2\/pages\/1227\/revisions"}],"predecessor-version":[{"id":3236,"href":"https:\/\/www.tresoldimetalli.it\/fr\/wp-json\/wp\/v2\/pages\/1227\/revisions\/3236"}],"up":[{"embeddable":true,"href":"https:\/\/www.tresoldimetalli.it\/fr\/wp-json\/wp\/v2\/pages\/1830"}],"wp:attachment":[{"href":"https:\/\/www.tresoldimetalli.it\/fr\/wp-json\/wp\/v2\/media?parent=1227"}],"curies":[{"name":"wp","href":"https:\/\/api.w.org\/{rel}","templated":true}]}}