{"id":1231,"date":"2020-10-26T10:31:18","date_gmt":"2020-10-26T09:31:18","guid":{"rendered":"https:\/\/www.tresoldimetalli.it\/demo\/alluminio\/"},"modified":"2021-01-21T11:14:49","modified_gmt":"2021-01-21T10:14:49","slug":"aluminium","status":"publish","type":"page","link":"https:\/\/www.tresoldimetalli.it\/fr\/industrie\/aluminium\/","title":{"rendered":"Aluminium"},"content":{"rendered":"<h2>Aluminium<\/h2>\n<table width=\"832\">\n<tbody>\n<tr>\n<td style=\"text-align: left;\" colspan=\"4\" width=\"832\">Naturel<\/td>\n<\/tr>\n<tr>\n<td>Qualit\u00e9<\/td>\n<td>alliage 1050<\/td>\n<td>alliage 3105<\/td>\n<td>alliage 5754<\/td>\n<\/tr>\n<tr>\n<td>R\u00e9f\u00e9rence aux norme EN 485-2:2009 et EN 573-1<\/td>\n<td width=\"248\">EN AW-1050A<br \/>\nAl 99,5%<\/td>\n<td width=\"148\">EN AW-3105<br \/>\nAlMg0,5Mg0,5<\/td>\n<td width=\"172\">EN AW 5754<br \/>\nAlMg3<\/td>\n<\/tr>\n<\/tbody>\n<\/table>\n<p>&nbsp;<\/p>\n<table width=\"1003\">\n<tbody>\n<tr>\n<td style=\"text-align: left;\" colspan=\"5\" width=\"1003\">Pr\u00e9-laqu\u00e9<\/td>\n<\/tr>\n<tr>\n<td>Qualit\u00e9<\/td>\n<td>alliage 3105<\/td>\n<td>alliage 5010<\/td>\n<td>alliage 3005 &#8211; Alusoft<\/td>\n<td>alliage 5005 &#8211; Alusoft<\/td>\n<\/tr>\n<tr>\n<td>R\u00e9f\u00e9rence aux normes EN 485-2:2009 et EN 573-1<\/td>\n<td width=\"248\">EN AW-3105<br \/>\nAlMg0,5Mg0,5<\/td>\n<td width=\"148\">EN AW-5010<br \/>\nAlMg05Mn<\/td>\n<td width=\"172\">EN AW-3005<br \/>\nAlMg1Mg0,5<\/td>\n<td width=\"171\">EN AW 5005<br \/>\nAlMg1<\/td>\n<\/tr>\n<\/tbody>\n<\/table>\n<p>&nbsp;<\/p>\n<table width=\"1003\">\n<tbody>\n<tr>\n<td width=\"264\"><\/td>\n<td width=\"248\">\u00a0<a href=\"https:\/\/www.tresoldimetalli.it\/industria\/wp-content\/uploads\/2014\/07\/coils_tresoldi_metalli.png\"><img loading=\"lazy\" decoding=\"async\" class=\"alignnone size-full wp-image-80\" src=\"https:\/\/www.tresoldimetalli.it\/industria\/wp-content\/uploads\/2014\/07\/coils_tresoldi_metalli.png\" alt=\"coils_tresoldi_metalli\" width=\"69\" height=\"39\" \/><\/a><\/td>\n<td width=\"148\">\u00a0<a href=\"https:\/\/www.tresoldimetalli.it\/industria\/wp-content\/uploads\/2014\/07\/nastri_larghi_stretti_tresoldi_metalli.png\"><img loading=\"lazy\" decoding=\"async\" class=\"alignnone size-full wp-image-618\" src=\"https:\/\/www.tresoldimetalli.it\/industria\/wp-content\/uploads\/2014\/07\/nastri_larghi_stretti_tresoldi_metalli.png\" alt=\"nastri_larghi_stretti_tresoldi_metalli\" width=\"69\" height=\"39\" \/><\/a><\/td>\n<td width=\"172\">\u00a0<a href=\"https:\/\/www.tresoldimetalli.it\/industria\/wp-content\/uploads\/2014\/07\/lamiere_tresoldi_metalli.png\"><img loading=\"lazy\" decoding=\"async\" class=\"alignnone size-full wp-image-615\" src=\"https:\/\/www.tresoldimetalli.it\/industria\/wp-content\/uploads\/2014\/07\/lamiere_tresoldi_metalli.png\" alt=\"lamiere_tresoldi_metalli\" width=\"69\" height=\"39\" \/><\/a><\/td>\n<td width=\"171\">\u00a0<a href=\"https:\/\/www.tresoldimetalli.it\/industria\/wp-content\/uploads\/2014\/11\/bandelle_tresoldi_metalli_small.png\"><img loading=\"lazy\" decoding=\"async\" class=\"alignnone size-full wp-image-181\" src=\"https:\/\/www.tresoldimetalli.it\/industria\/wp-content\/uploads\/2014\/11\/bandelle_tresoldi_metalli_small.png\" alt=\"bandelle_tresoldi_metalli_small\" width=\"69\" height=\"39\" \/><\/a><\/td>\n<\/tr>\n<tr>\n<td>Largeur et formats (mm)<\/td>\n<td>1000 &#8211; 1250 &#8211; 1500<\/td>\n<td>min 8 &#8211; max 1600<\/td>\n<td>standard<\/td>\n<td>sur mesure<\/td>\n<\/tr>\n<tr>\n<td>\u00c9paisseurs (mm)<\/td>\n<td>de 0,50 \u00e0 3,00<\/td>\n<td>de 0,50 \u00e0 3,00<\/td>\n<td>de 0,50 \u00e0 3,00<\/td>\n<td>de 0,50 \u00e0 3,00<\/td>\n<\/tr>\n<tr>\n<td>Emballage<\/td>\n<td width=\"248\">bobines \u00d8 int.<br \/>\n300 &#8211; 508 &#8211; 608<\/td>\n<td width=\"148\">rouleaux \u00d8 int.<br \/>\n300 &#8211; 408 &#8211; 508<\/td>\n<td width=\"172\">palette en bois ou petits bois<\/td>\n<td width=\"171\">palette en bois ou petits bois<\/td>\n<\/tr>\n<tr>\n<td>Poids de r\u00e9f\u00e9rence<\/td>\n<td colspan=\"4\">spessore 0,80 x 1000 kg\/m3\u00a02,16<\/td>\n<\/tr>\n<\/tbody>\n<\/table>\n<p>&nbsp;<\/p>\n<p>&nbsp;<\/p>\n","protected":false},"excerpt":{"rendered":"<p>Aluminium Naturel Qualit\u00e9 alliage 1050 alliage 3105 alliage 5754 R\u00e9f\u00e9rence aux norme EN 485-2:2009 et EN 573-1 EN AW-1050A Al 99,5% EN AW-3105 AlMg0,5Mg0,5 EN AW 5754 AlMg3 &nbsp; Pr\u00e9-laqu\u00e9 Qualit\u00e9 alliage 3105 alliage 5010 alliage 3005 &#8211; Alusoft alliage 5005 &#8211; Alusoft R\u00e9f\u00e9rence aux normes EN 485-2:2009 et EN 573-1 EN AW-3105 AlMg0,5Mg0,5 EN [&hellip;]<\/p>\n","protected":false},"author":2,"featured_media":0,"parent":1830,"menu_order":0,"comment_status":"closed","ping_status":"closed","template":"page-templates\/industria.php","meta":{"_acf_changed":false,"footnotes":""},"class_list":["post-1231","page","type-page","status-publish","hentry"],"acf":[],"_links":{"self":[{"href":"https:\/\/www.tresoldimetalli.it\/fr\/wp-json\/wp\/v2\/pages\/1231","targetHints":{"allow":["GET"]}}],"collection":[{"href":"https:\/\/www.tresoldimetalli.it\/fr\/wp-json\/wp\/v2\/pages"}],"about":[{"href":"https:\/\/www.tresoldimetalli.it\/fr\/wp-json\/wp\/v2\/types\/page"}],"author":[{"embeddable":true,"href":"https:\/\/www.tresoldimetalli.it\/fr\/wp-json\/wp\/v2\/users\/2"}],"replies":[{"embeddable":true,"href":"https:\/\/www.tresoldimetalli.it\/fr\/wp-json\/wp\/v2\/comments?post=1231"}],"version-history":[{"count":3,"href":"https:\/\/www.tresoldimetalli.it\/fr\/wp-json\/wp\/v2\/pages\/1231\/revisions"}],"predecessor-version":[{"id":2566,"href":"https:\/\/www.tresoldimetalli.it\/fr\/wp-json\/wp\/v2\/pages\/1231\/revisions\/2566"}],"up":[{"embeddable":true,"href":"https:\/\/www.tresoldimetalli.it\/fr\/wp-json\/wp\/v2\/pages\/1830"}],"wp:attachment":[{"href":"https:\/\/www.tresoldimetalli.it\/fr\/wp-json\/wp\/v2\/media?parent=1231"}],"curies":[{"name":"wp","href":"https:\/\/api.w.org\/{rel}","templated":true}]}}