{"id":1235,"date":"2020-10-26T10:32:41","date_gmt":"2020-10-26T09:32:41","guid":{"rendered":"https:\/\/www.tresoldimetalli.it\/demo\/ottone\/"},"modified":"2020-12-29T13:04:57","modified_gmt":"2020-12-29T12:04:57","slug":"laiton","status":"publish","type":"page","link":"https:\/\/www.tresoldimetalli.it\/fr\/industrie\/laiton\/","title":{"rendered":"Laiton"},"content":{"rendered":"<h2>Laiton<\/h2>\n<table width=\"1090\">\n<tbody>\n<tr>\n<td colspan=\"6\" width=\"1090\"><\/td>\n<\/tr>\n<tr>\n<td>Qualit\u00e9<\/td>\n<td colspan=\"5\">CuZn37 CW508L<\/td>\n<\/tr>\n<tr>\n<td>\u00c9tat physique<\/td>\n<td colspan=\"5\">laiton OT63<\/td>\n<\/tr>\n<tr>\n<td>Type<\/td>\n<td width=\"248\">G030<br \/>\nrecuit<\/td>\n<td width=\"148\">R350<br \/>\ndemi-dur<\/td>\n<td>R410 dur<\/td>\n<td width=\"171\">R480<br \/>\nextra-dur<\/td>\n<td width=\"87\">R550 duro<br \/>\ndur x mou<\/td>\n<\/tr>\n<tr>\n<td>Limite sup\u00e9rieure d\u2019\u00e9lasticit\u00e9 Re MPA<\/td>\n<td>340<\/td>\n<td>350\/440<\/td>\n<td>410\/490<\/td>\n<td>480\/560<\/td>\n<td>550\/640<\/td>\n<\/tr>\n<tr>\n<td>Charge de rupture Rm MPA<\/td>\n<td>130<\/td>\n<td>170 min<\/td>\n<td>300 min<\/td>\n<td>430 min<\/td>\n<td>500 min<\/td>\n<\/tr>\n<tr>\n<td>Allongement minimum %<\/td>\n<td>40<\/td>\n<td>19*<\/td>\n<td>8*<\/td>\n<td>3*<\/td>\n<td>\u2014<\/td>\n<\/tr>\n<tr>\n<td>R\u00e9f\u00e9rence \u00e0 la norme<\/td>\n<td colspan=\"5\">UNI EN 1652<\/td>\n<\/tr>\n<\/tbody>\n<\/table>\n<p><em>* Pour des \u00e9paisseurs jusqu\u2019\u00e0 2,50 mm inclus.<\/em><\/p>\n<table width=\"1003\">\n<tbody>\n<tr>\n<td colspan=\"5\" width=\"1003\"><\/td>\n<\/tr>\n<tr>\n<td>Qualit\u00e9<\/td>\n<td colspan=\"4\">CuZn33 CW506L<\/td>\n<\/tr>\n<tr>\n<td>\u00c9tat physique<\/td>\n<td colspan=\"4\">laiton OT67<\/td>\n<\/tr>\n<tr>\n<td>Type<\/td>\n<td width=\"248\">G030<br \/>\nrecuit<\/td>\n<td width=\"148\">R350<br \/>\ndemi-dur<\/td>\n<td width=\"172\">R420<br \/>\ndur<\/td>\n<td width=\"171\">R500<br \/>\nextra dur<\/td>\n<\/tr>\n<tr>\n<td>Limite sup\u00e9rieure d\u2019\u00e9lasticit\u00e9 Re MPA<\/td>\n<td>340<\/td>\n<td>350\/430<\/td>\n<td>420\/500<\/td>\n<td>&gt; 500<\/td>\n<\/tr>\n<tr>\n<td>Charge de rupture Rm MPA<\/td>\n<td>130<\/td>\n<td>170 min<\/td>\n<td>300 min<\/td>\n<td>450 min<\/td>\n<\/tr>\n<tr>\n<td>Allongement minimum %<\/td>\n<td>-40<\/td>\n<td>23*<\/td>\n<td>6*<\/td>\n<td>3<\/td>\n<\/tr>\n<tr>\n<td>R\u00e9f\u00e9rence \u00e0 la norme<\/td>\n<td colspan=\"4\">UNI EN 1652<\/td>\n<\/tr>\n<\/tbody>\n<\/table>\n<p><em>* Pour des \u00e9paisseurs jusqu\u2019\u00e0 2,50 mm inclus.<\/em><\/p>\n<p><em>Formats sur demande<br \/>\nMat\u00e9riel non disponible en magasin mais uniquement sur commande<\/em><\/p>\n<p>&nbsp;<\/p>\n","protected":false},"excerpt":{"rendered":"<p>Laiton Qualit\u00e9 CuZn37 CW508L \u00c9tat physique laiton OT63 Type G030 recuit R350 demi-dur R410 dur R480 extra-dur R550 duro dur x mou Limite sup\u00e9rieure d\u2019\u00e9lasticit\u00e9 Re MPA 340 350\/440 410\/490 480\/560 550\/640 Charge de rupture Rm MPA 130 170 min 300 min 430 min 500 min Allongement minimum % 40 19* 8* 3* \u2014 R\u00e9f\u00e9rence [&hellip;]<\/p>\n","protected":false},"author":2,"featured_media":0,"parent":1830,"menu_order":0,"comment_status":"closed","ping_status":"closed","template":"page-templates\/industria.php","meta":{"_acf_changed":false,"footnotes":""},"class_list":["post-1235","page","type-page","status-publish","hentry"],"acf":[],"_links":{"self":[{"href":"https:\/\/www.tresoldimetalli.it\/fr\/wp-json\/wp\/v2\/pages\/1235","targetHints":{"allow":["GET"]}}],"collection":[{"href":"https:\/\/www.tresoldimetalli.it\/fr\/wp-json\/wp\/v2\/pages"}],"about":[{"href":"https:\/\/www.tresoldimetalli.it\/fr\/wp-json\/wp\/v2\/types\/page"}],"author":[{"embeddable":true,"href":"https:\/\/www.tresoldimetalli.it\/fr\/wp-json\/wp\/v2\/users\/2"}],"replies":[{"embeddable":true,"href":"https:\/\/www.tresoldimetalli.it\/fr\/wp-json\/wp\/v2\/comments?post=1235"}],"version-history":[{"count":1,"href":"https:\/\/www.tresoldimetalli.it\/fr\/wp-json\/wp\/v2\/pages\/1235\/revisions"}],"predecessor-version":[{"id":1237,"href":"https:\/\/www.tresoldimetalli.it\/fr\/wp-json\/wp\/v2\/pages\/1235\/revisions\/1237"}],"up":[{"embeddable":true,"href":"https:\/\/www.tresoldimetalli.it\/fr\/wp-json\/wp\/v2\/pages\/1830"}],"wp:attachment":[{"href":"https:\/\/www.tresoldimetalli.it\/fr\/wp-json\/wp\/v2\/media?parent=1235"}],"curies":[{"name":"wp","href":"https:\/\/api.w.org\/{rel}","templated":true}]}}