{"id":1241,"date":"2020-10-22T12:25:49","date_gmt":"2020-10-22T10:25:49","guid":{"rendered":"https:\/\/www.tresoldimetalli.it\/demo\/rame\/"},"modified":"2021-02-01T11:30:47","modified_gmt":"2021-02-01T10:30:47","slug":"cuivre","status":"publish","type":"page","link":"https:\/\/www.tresoldimetalli.it\/fr\/industrie\/cuivre\/","title":{"rendered":"Cuivre"},"content":{"rendered":"<h2>Cuivre<\/h2>\n<table width=\"550\">\n<tbody>\n<tr>\n<td colspan=\"4\" width=\"550\"><\/td>\n<\/tr>\n<tr>\n<td>Qualit\u00e9<\/td>\n<td>Cu DHP 99,9 CW024A<\/td>\n<td>Cu DHP 99,9 CW024A<\/td>\n<td>Cu DHP 99,9 CW024A<\/td>\n<\/tr>\n<tr>\n<td>\u00c9tat physique<\/td>\n<td>R220\/H40 recuit<\/td>\n<td>R240\/H65 demi-dur<\/td>\n<td>R290\/H90 dur<\/td>\n<\/tr>\n<tr>\n<td>Limite sup\u00e9rieure d\u2019\u00e9lasticit\u00e9 Re MPA<\/td>\n<td>220\/260<\/td>\n<td>240\/300<\/td>\n<td>290\/360<\/td>\n<\/tr>\n<tr>\n<td>Charge de rupture Rm MPA<\/td>\n<td>max 140<\/td>\n<td>min 180<\/td>\n<td>250<\/td>\n<\/tr>\n<tr>\n<td>Allongement minimum %<\/td>\n<td>33<\/td>\n<td>8<\/td>\n<td>2<\/td>\n<\/tr>\n<tr>\n<td>R\u00e9f\u00e9rence \u00e0 la norme<\/td>\n<td colspan=\"3\">UNI EN 1652 &#8211; 1172:1998<\/td>\n<\/tr>\n<\/tbody>\n<\/table>\n<p>&nbsp;<\/p>\n<table width=\"550\">\n<tbody>\n<tr>\n<td colspan=\"4\" width=\"550\"><\/td>\n<\/tr>\n<tr>\n<td>Qualit\u00e9<\/td>\n<td>Cu ETP 99,9 CW004A<\/td>\n<td>Cu ETP 99,9 CW004A<\/td>\n<td>Cu ETP 99,9 CW004A<\/td>\n<\/tr>\n<tr>\n<td>\u00c9tat physique<\/td>\n<td>R220 recuit<\/td>\n<td>R240 demi-dur<\/td>\n<td>R290 dur<\/td>\n<\/tr>\n<tr>\n<td>Limite sup\u00e9rieure d\u2019\u00e9lasticit\u00e9 Re MPA<\/td>\n<td>220\/260<\/td>\n<td>240\/300<\/td>\n<td>min 290<\/td>\n<\/tr>\n<tr>\n<td>Charge de rupture Rm MPA<\/td>\n<td>max 140<\/td>\n<td>min 180<\/td>\n<td>min 250<\/td>\n<\/tr>\n<tr>\n<td>Allongement minimum %<\/td>\n<td>33<\/td>\n<td>8<\/td>\n<td>\u2014<\/td>\n<\/tr>\n<tr>\n<td>R\u00e9f\u00e9rence \u00e0 la norme<\/td>\n<td colspan=\"3\">UNI EN 1652 &#8211; 1172:1998<\/td>\n<\/tr>\n<\/tbody>\n<\/table>\n<p>&nbsp;<\/p>\n<table width=\"1003\">\n<tbody>\n<tr>\n<td width=\"264\"><\/td>\n<td width=\"248\">\u00a0<a href=\"https:\/\/www.tresoldimetalli.it\/industria\/wp-content\/uploads\/2014\/07\/coils_tresoldi_metalli.png\"><img loading=\"lazy\" decoding=\"async\" class=\"alignnone size-full wp-image-80\" src=\"https:\/\/www.tresoldimetalli.it\/industria\/wp-content\/uploads\/2014\/07\/coils_tresoldi_metalli.png\" alt=\"coils_tresoldi_metalli\" width=\"69\" height=\"39\" \/><\/a><\/td>\n<td width=\"148\">\u00a0<a href=\"https:\/\/www.tresoldimetalli.it\/industria\/wp-content\/uploads\/2014\/07\/nastri_larghi_stretti_tresoldi_metalli.png\"><img loading=\"lazy\" decoding=\"async\" class=\"alignnone size-full wp-image-618\" src=\"https:\/\/www.tresoldimetalli.it\/industria\/wp-content\/uploads\/2014\/07\/nastri_larghi_stretti_tresoldi_metalli.png\" alt=\"nastri_larghi_stretti_tresoldi_metalli\" width=\"69\" height=\"39\" \/><\/a><\/td>\n<td width=\"172\">\u00a0<a href=\"https:\/\/www.tresoldimetalli.it\/industria\/wp-content\/uploads\/2014\/07\/lamiere_tresoldi_metalli.png\"><img loading=\"lazy\" decoding=\"async\" class=\"alignnone size-full wp-image-615\" src=\"https:\/\/www.tresoldimetalli.it\/industria\/wp-content\/uploads\/2014\/07\/lamiere_tresoldi_metalli.png\" alt=\"lamiere_tresoldi_metalli\" width=\"69\" height=\"39\" \/><\/a><\/td>\n<td width=\"171\">\u00a0<a href=\"https:\/\/www.tresoldimetalli.it\/industria\/wp-content\/uploads\/2014\/11\/bandelle_tresoldi_metalli_small.png\"><img loading=\"lazy\" decoding=\"async\" class=\"alignnone size-full wp-image-181\" src=\"https:\/\/www.tresoldimetalli.it\/industria\/wp-content\/uploads\/2014\/11\/bandelle_tresoldi_metalli_small.png\" alt=\"bandelle_tresoldi_metalli_small\" width=\"69\" height=\"39\" \/><\/a><\/td>\n<\/tr>\n<tr>\n<td>Largeur et formats (mm)<\/td>\n<td>1000 &#8211; 1250 &#8211; 1500<\/td>\n<td>min 8 &#8211; max 1600<\/td>\n<td>standard<\/td>\n<td>sur mesure<\/td>\n<\/tr>\n<tr>\n<td>\u00c9paisseurs (mm)<\/td>\n<td>de 0,40 \u00e0 2,00<\/td>\n<td>de 0,40 \u00e0 2,00<\/td>\n<td>de 0,40 \u00e0 2,00<\/td>\n<td>de 0,40 \u00e0 2,00<\/td>\n<\/tr>\n<tr>\n<td>Emballage<\/td>\n<td>bobines \u00d8 int. 300 &#8211; 508 &#8211; 608<\/td>\n<td>rouleaux \u00d8 int. 300 &#8211; 408 &#8211; 508<\/td>\n<td width=\"172\">palette en bois ou petits bois<\/td>\n<td width=\"171\">palette en bois ou petits bois<\/td>\n<\/tr>\n<tr>\n<td>Poids de r\u00e9f\u00e9rence<\/td>\n<td colspan=\"4\">\u00e9paisseur 0,60 x 1000 kg\/m3\u00a05,35<\/td>\n<\/tr>\n<\/tbody>\n<\/table>\n<p>&nbsp;<\/p>\n","protected":false},"excerpt":{"rendered":"<p>Cuivre Qualit\u00e9 Cu DHP 99,9 CW024A Cu DHP 99,9 CW024A Cu DHP 99,9 CW024A \u00c9tat physique R220\/H40 recuit R240\/H65 demi-dur R290\/H90 dur Limite sup\u00e9rieure d\u2019\u00e9lasticit\u00e9 Re MPA 220\/260 240\/300 290\/360 Charge de rupture Rm MPA max 140 min 180 250 Allongement minimum % 33 8 2 R\u00e9f\u00e9rence \u00e0 la norme UNI EN 1652 &#8211; 1172:1998 [&hellip;]<\/p>\n","protected":false},"author":2,"featured_media":0,"parent":1830,"menu_order":0,"comment_status":"closed","ping_status":"closed","template":"page-templates\/industria.php","meta":{"_acf_changed":false,"footnotes":""},"class_list":["post-1241","page","type-page","status-publish","hentry"],"acf":[],"_links":{"self":[{"href":"https:\/\/www.tresoldimetalli.it\/fr\/wp-json\/wp\/v2\/pages\/1241","targetHints":{"allow":["GET"]}}],"collection":[{"href":"https:\/\/www.tresoldimetalli.it\/fr\/wp-json\/wp\/v2\/pages"}],"about":[{"href":"https:\/\/www.tresoldimetalli.it\/fr\/wp-json\/wp\/v2\/types\/page"}],"author":[{"embeddable":true,"href":"https:\/\/www.tresoldimetalli.it\/fr\/wp-json\/wp\/v2\/users\/2"}],"replies":[{"embeddable":true,"href":"https:\/\/www.tresoldimetalli.it\/fr\/wp-json\/wp\/v2\/comments?post=1241"}],"version-history":[{"count":3,"href":"https:\/\/www.tresoldimetalli.it\/fr\/wp-json\/wp\/v2\/pages\/1241\/revisions"}],"predecessor-version":[{"id":2767,"href":"https:\/\/www.tresoldimetalli.it\/fr\/wp-json\/wp\/v2\/pages\/1241\/revisions\/2767"}],"up":[{"embeddable":true,"href":"https:\/\/www.tresoldimetalli.it\/fr\/wp-json\/wp\/v2\/pages\/1830"}],"wp:attachment":[{"href":"https:\/\/www.tresoldimetalli.it\/fr\/wp-json\/wp\/v2\/media?parent=1241"}],"curies":[{"name":"wp","href":"https:\/\/api.w.org\/{rel}","templated":true}]}}