{"id":1266,"date":"2020-10-26T13:21:06","date_gmt":"2020-10-26T12:21:06","guid":{"rendered":"https:\/\/www.tresoldimetalli.it\/demo\/acciaio-zincato\/"},"modified":"2023-07-12T18:22:34","modified_gmt":"2023-07-12T16:22:34","slug":"acier-galvanise","status":"publish","type":"page","link":"https:\/\/www.tresoldimetalli.it\/fr\/batiment\/acier-galvanise\/","title":{"rendered":"Acier galvanis\u00e9"},"content":{"rendered":"<h2>Acier lamin\u00e9 galvanis\u00e9 \u00e0 chaud DX51D<\/h2>\n<table width=\"496\">\n<tbody>\n<tr>\n<td colspan=\"2\" width=\"496\">Caract\u00e9ristiques techniques<\/td>\n<\/tr>\n<tr>\n<td>Selon la norme<\/td>\n<td>EN 10346<\/td>\n<\/tr>\n<tr>\n<td>Densit\u00e9 g\/cm\u00b3<\/td>\n<td>7,86<\/td>\n<\/tr>\n<tr>\n<td rowspan=\"2\">Composition (indicative) %<\/td>\n<td>C 0,18 &#8211; Mn 1,20 &#8211; Si 0,50<\/td>\n<\/tr>\n<tr>\n<td>S 0,045 &#8211; P 0,12 &#8211; Ti 0,30<\/td>\n<\/tr>\n<tr>\n<td>Zingage g\/m\u00b2<\/td>\n<td>100 &#8211; 140 &#8211; 200 &#8211; 275<\/td>\n<\/tr>\n<\/tbody>\n<\/table>\n<p>&nbsp;<\/p>\n<table width=\"496\">\n<tbody>\n<tr>\n<td colspan=\"2\" width=\"496\">Propri\u00e9t\u00e9s m\u00e9caniques<\/td>\n<\/tr>\n<tr>\n<td>R\u00e9sistance \u00e0 la traction N\/mm\u00b2<\/td>\n<td>270 \u00f7 500<\/td>\n<\/tr>\n<tr>\n<td>Allongement \u00e0 la rupture %<\/td>\n<td>22<\/td>\n<\/tr>\n<tr>\n<td>Limite d\u2019\u00e9lasticit\u00e9 Rp0,2 (N\/mm\u00b2)<\/td>\n<td>&#8211;<\/td>\n<\/tr>\n<\/tbody>\n<\/table>\n<p>&nbsp;<\/p>\n<table width=\"496\">\n<tbody>\n<tr>\n<td colspan=\"2\" width=\"496\">Dimensions et emballages<\/td>\n<\/tr>\n<tr>\n<td>BOBINES<\/td>\n<td><\/td>\n<\/tr>\n<tr>\n<td>Largeurs et formats (mm)<\/td>\n<td>1000 &#8211; 1250 &#8211; 1500<\/td>\n<\/tr>\n<tr>\n<td rowspan=\"2\" width=\"189\">\u00c9paisseurs (mm)<\/td>\n<td width=\"272\">0,30 &#8211; 0,35 &#8211; 0,40 &#8211; 0,45 &#8211; 0,50 &#8211; 0,55 &#8211; 0,60 &#8211; 0,70 &#8211; 0,75<\/td>\n<\/tr>\n<tr>\n<td width=\"272\">0,80 &#8211; 0,90 &#8211; 1,00 &#8211; 1,10 &#8211; 1,20 &#8211; 1,50 &#8211; 2,00 &#8211; 2,50 &#8211; 3,00 &#8211; 4,00<\/td>\n<\/tr>\n<tr>\n<td>Emballages standards<\/td>\n<td>\u00f8 300 &#8211; 400 ou 508<\/td>\n<\/tr>\n<tr>\n<td>Poids<\/td>\n<td>bobines\u00a0: 500 ou 1000 kg &#8211; mini bobines\u00a0: 100 kg pce<\/td>\n<\/tr>\n<tr>\n<td>BANDES<\/td>\n<td><\/td>\n<\/tr>\n<tr>\n<td>Largeurs et formats (mm)<\/td>\n<td>\u00e0 partir de 8<\/td>\n<\/tr>\n<tr>\n<td rowspan=\"2\" width=\"189\">\u00c9paisseurs (mm)<\/td>\n<td width=\"272\">0,30 &#8211; 0,35 &#8211; 0,40 &#8211; 0,45 &#8211; 0,50 &#8211; 0,55 &#8211; 0,60 &#8211; 0,70 &#8211; 0,75<\/td>\n<\/tr>\n<tr>\n<td width=\"272\">0,80 &#8211; 0,90 &#8211; 1,00 &#8211; 1,10 &#8211; 1,20 &#8211; 1,50 &#8211; 2,00 &#8211; 2,50 &#8211; 3,00<\/td>\n<\/tr>\n<tr>\n<td>Emballages standards<\/td>\n<td>\u00f8 300 &#8211; 400 ou 508<\/td>\n<\/tr>\n<tr>\n<td>Poids<\/td>\n<td>bobines\u00a0: 500 ou 1000 kg &#8211; mini bobines\u00a0: 100 kg pce<\/td>\n<\/tr>\n<tr>\n<td>FEUILLES<\/td>\n<td><\/td>\n<\/tr>\n<tr>\n<td>Largeurs et formats (mm)<\/td>\n<td>1000&#215;2000 &#8211; 1250&#215;2500 &#8211; 1500&#215;3000<\/td>\n<\/tr>\n<tr>\n<td rowspan=\"2\" width=\"189\">\u00c9paisseurs (mm)<\/td>\n<td width=\"272\">0,30 &#8211; 0,35 &#8211; 0,40 &#8211; 0,45 &#8211; 0,50 &#8211; 0,55 &#8211; 0,60 &#8211; 0,70 &#8211; 0,75<\/td>\n<\/tr>\n<tr>\n<td width=\"272\">0,80 &#8211; 0,90 &#8211; 1,00 &#8211; 1,10 &#8211; 1,20 &#8211; 1,50 &#8211; 2,00 &#8211; 2,50 &#8211; 3,00 &#8211; 4,00<\/td>\n<\/tr>\n<tr>\n<td>Emballages standards<\/td>\n<td>&#8211;<\/td>\n<\/tr>\n<\/tbody>\n<\/table>\n<p><em>Autres mesures, finitions et \u00e9paisseurs sur demande<\/em><\/p>\n<p>&nbsp;<\/p>\n<h2>Acier lamin\u00e9 galvanis\u00e9 \u00e0 chaud DX53D<\/h2>\n<table width=\"496\">\n<tbody>\n<tr>\n<td colspan=\"2\" width=\"496\">Caract\u00e9ristiques techniques<\/td>\n<\/tr>\n<tr>\n<td>Selon la norme<\/td>\n<td>EN 10346<\/td>\n<\/tr>\n<tr>\n<td>Densit\u00e9 g\/cm\u00b3<\/td>\n<td>7,86<\/td>\n<\/tr>\n<tr>\n<td rowspan=\"2\">Composition (indicative) %<\/td>\n<td>C 0,12 &#8211; Mn 0,60 &#8211; Si 0,50<\/td>\n<\/tr>\n<tr>\n<td>S 0,045 &#8211; P 0,10 &#8211; Ti 0,30<\/td>\n<\/tr>\n<tr>\n<td>Zingage g\/m\u00b2<\/td>\n<td>100 &#8211; 140 &#8211; 200 &#8211; 275<\/td>\n<\/tr>\n<\/tbody>\n<\/table>\n<p>&nbsp;<\/p>\n<table width=\"496\">\n<tbody>\n<tr>\n<td colspan=\"2\" width=\"496\">Propri\u00e9t\u00e9s m\u00e9caniques<\/td>\n<\/tr>\n<tr>\n<td>R\u00e9sistance \u00e0 la traction N\/mm\u00b2<\/td>\n<td>270 \u00f7 380<\/td>\n<\/tr>\n<tr>\n<td>Allongement A80% min<\/td>\n<td>30<\/td>\n<\/tr>\n<tr>\n<td>Limite d\u2019\u00e9lasticit\u00e9 Rp0,2 (N\/mm\u00b2)<\/td>\n<td>140 \u00f7 260<\/td>\n<\/tr>\n<\/tbody>\n<\/table>\n<p>&nbsp;<\/p>\n<table width=\"496\">\n<tbody>\n<tr>\n<td colspan=\"2\" width=\"496\">Dimensions et emballages<\/td>\n<\/tr>\n<tr>\n<td>BOBINES<\/td>\n<td><\/td>\n<\/tr>\n<tr>\n<td>Largeurs et formats (mm)<\/td>\n<td>1000 &#8211; 1250<\/td>\n<\/tr>\n<tr>\n<td>\u00c9paisseurs (mm)<\/td>\n<td>0,50 &#8211; 0,80<\/td>\n<\/tr>\n<tr>\n<td>Emballages standards<\/td>\n<td>\u00f8 300 &#8211; 400 ou 508<\/td>\n<\/tr>\n<tr>\n<td>BANDES<\/td>\n<td><\/td>\n<\/tr>\n<tr>\n<td>Largeurs et formats (mm)<\/td>\n<td>\u00e0 partir de 8<\/td>\n<\/tr>\n<tr>\n<td>\u00c9paisseurs (mm)<\/td>\n<td>0,50 &#8211; 0,80<\/td>\n<\/tr>\n<tr>\n<td>Emballages standards<\/td>\n<td>\u00f8 300 &#8211; 400 ou 508<\/td>\n<\/tr>\n<tr>\n<td>Poids<\/td>\n<td>bobines\u00a0: 500 ou 1000 kg &#8211; mini bobines\u00a0: 100 kg pce<\/td>\n<\/tr>\n<tr>\n<td>FEUILLES<\/td>\n<td><\/td>\n<\/tr>\n<tr>\n<td>Largeurs et formats (mm)<\/td>\n<td>1000&#215;2000 &#8211; 1250&#215;2500<\/td>\n<\/tr>\n<tr>\n<td>\u00c9paisseurs (mm)<\/td>\n<td>0,50 &#8211; 0,80<\/td>\n<\/tr>\n<tr>\n<td>Emballages standards<\/td>\n<td>&#8211;<\/td>\n<\/tr>\n<\/tbody>\n<\/table>\n<p><em>Autres mesures, finitions et \u00e9paisseurs sur demande<\/em><\/p>\n<p>&nbsp;<\/p>\n<h2>Acier lamin\u00e9 galvanis\u00e9 \u00e0 chaud\u00a0S250GD<\/h2>\n<table width=\"496\">\n<tbody>\n<tr>\n<td colspan=\"2\" width=\"496\">Caract\u00e9ristiques techniques<\/td>\n<\/tr>\n<tr>\n<td>Selon la norme<\/td>\n<td>EN 10346<\/td>\n<\/tr>\n<tr>\n<td>Densit\u00e9 g\/cm\u00b3<\/td>\n<td>7,86<\/td>\n<\/tr>\n<tr>\n<td rowspan=\"2\">Composition (indicative) %<\/td>\n<td>C 0,20 &#8211; Si 0,60\u00a0&#8211; Mn\u00a01,70<\/td>\n<\/tr>\n<tr>\n<td>P 0,10\u00a0&#8211; S\u00a00,045<\/td>\n<\/tr>\n<tr>\n<td>Zingage g\/m\u00b2<\/td>\n<td>150 \/ 200 \/ 275<\/td>\n<\/tr>\n<\/tbody>\n<\/table>\n<p>&nbsp;<\/p>\n<table width=\"496\">\n<tbody>\n<tr>\n<td colspan=\"2\" width=\"496\">Propri\u00e9t\u00e9s m\u00e9caniques<\/td>\n<\/tr>\n<tr>\n<td>R\u00e9sistance \u00e0 la traction (indicative) N\/mm\u00b2<\/td>\n<td>330<\/td>\n<\/tr>\n<tr>\n<td>Allongement \u00e0 la rupture %<\/td>\n<td>19<\/td>\n<\/tr>\n<tr>\n<td>Limite d\u2019\u00e9lasticit\u00e9 Rm\u00a0MPa min<\/td>\n<td>220<\/td>\n<\/tr>\n<\/tbody>\n<\/table>\n<p>&nbsp;<\/p>\n<table width=\"496\">\n<tbody>\n<tr>\n<td colspan=\"2\" width=\"496\">Dimensions et emballages<\/td>\n<\/tr>\n<tr>\n<td>BOBINES<\/td>\n<td><\/td>\n<\/tr>\n<tr>\n<td>Largeurs standard mm<\/td>\n<td>1000 &#8211; 1250 &#8211; 1500<\/td>\n<\/tr>\n<tr>\n<td>\u00c9paisseurs standard mm<\/td>\n<td>Sur demande<\/td>\n<\/tr>\n<tr>\n<td>Emballages standard<\/td>\n<td>bobines \u00f8 int. 508 mm ou 6 mini bobines<\/td>\n<\/tr>\n<tr>\n<td>Emballages sur demande<\/td>\n<td>\u00f8300 ou \u00f8400<\/td>\n<\/tr>\n<tr>\n<td>Poids<\/td>\n<td>bobines\u00a0: 500 ou 1 000 kg &#8211; mini bobines\u00a0: 100 kg pce<\/td>\n<\/tr>\n<tr>\n<td>BANDES<\/td>\n<td><\/td>\n<\/tr>\n<tr>\n<td>Largeur sur demande \u00e0 partir de mm<\/td>\n<td>8 &#8211; 100<\/td>\n<\/tr>\n<tr>\n<td>\u00c9paisseurs standard mm<\/td>\n<td>Sur demande<\/td>\n<\/tr>\n<tr>\n<td>Emballages standard<\/td>\n<td>bobines \u00f8 int. 508 mm ou 6 mini bobines<\/td>\n<\/tr>\n<tr>\n<td>Emballages sur demande<\/td>\n<td>\u00f8300 ou \u00f8400<\/td>\n<\/tr>\n<tr>\n<td>Poids<\/td>\n<td>bobines\u00a0: 500 ou 1000 kg &#8211; mini bobines\u00a0: 100 kg pce<\/td>\n<\/tr>\n<tr>\n<td>FEUILLES<\/td>\n<td><\/td>\n<\/tr>\n<tr>\n<td>Formats mm<\/td>\n<td>1000&#215;2000 &#8211; 1250&#215;2500 &#8211; 1500&#215;3000<\/td>\n<\/tr>\n<tr>\n<td>\u00c9paisseurs standard mm<\/td>\n<td>Sur demande<\/td>\n<\/tr>\n<tr>\n<td>Emballages standard<\/td>\n<td>500 &#8211; 1000 kg<\/td>\n<\/tr>\n<\/tbody>\n<\/table>\n<p><em>Autres mesures, finitions et \u00e9paisseurs sur demande<\/em><\/p>\n","protected":false},"excerpt":{"rendered":"<p>Acier lamin\u00e9 galvanis\u00e9 \u00e0 chaud DX51D Caract\u00e9ristiques techniques Selon la norme EN 10346 Densit\u00e9 g\/cm\u00b3 7,86 Composition (indicative) % C 0,18 &#8211; Mn 1,20 &#8211; Si 0,50 S 0,045 &#8211; P 0,12 &#8211; Ti 0,30 Zingage g\/m\u00b2 100 &#8211; 140 &#8211; 200 &#8211; 275 &nbsp; Propri\u00e9t\u00e9s m\u00e9caniques R\u00e9sistance \u00e0 la traction N\/mm\u00b2 270 \u00f7 500 [&hellip;]<\/p>\n","protected":false},"author":2,"featured_media":0,"parent":1834,"menu_order":0,"comment_status":"closed","ping_status":"closed","template":"page-templates\/edilizia.php","meta":{"_acf_changed":false,"footnotes":""},"class_list":["post-1266","page","type-page","status-publish","hentry"],"acf":[],"_links":{"self":[{"href":"https:\/\/www.tresoldimetalli.it\/fr\/wp-json\/wp\/v2\/pages\/1266","targetHints":{"allow":["GET"]}}],"collection":[{"href":"https:\/\/www.tresoldimetalli.it\/fr\/wp-json\/wp\/v2\/pages"}],"about":[{"href":"https:\/\/www.tresoldimetalli.it\/fr\/wp-json\/wp\/v2\/types\/page"}],"author":[{"embeddable":true,"href":"https:\/\/www.tresoldimetalli.it\/fr\/wp-json\/wp\/v2\/users\/2"}],"replies":[{"embeddable":true,"href":"https:\/\/www.tresoldimetalli.it\/fr\/wp-json\/wp\/v2\/comments?post=1266"}],"version-history":[{"count":6,"href":"https:\/\/www.tresoldimetalli.it\/fr\/wp-json\/wp\/v2\/pages\/1266\/revisions"}],"predecessor-version":[{"id":3323,"href":"https:\/\/www.tresoldimetalli.it\/fr\/wp-json\/wp\/v2\/pages\/1266\/revisions\/3323"}],"up":[{"embeddable":true,"href":"https:\/\/www.tresoldimetalli.it\/fr\/wp-json\/wp\/v2\/pages\/1834"}],"wp:attachment":[{"href":"https:\/\/www.tresoldimetalli.it\/fr\/wp-json\/wp\/v2\/media?parent=1266"}],"curies":[{"name":"wp","href":"https:\/\/api.w.org\/{rel}","templated":true}]}}