{"id":1270,"date":"2020-10-26T13:21:53","date_gmt":"2020-10-26T12:21:53","guid":{"rendered":"https:\/\/www.tresoldimetalli.it\/demo\/acciaio-zincato-preverniciato\/"},"modified":"2024-12-10T16:15:51","modified_gmt":"2024-12-10T15:15:51","slug":"acciaio-zincato-preverniciato","status":"publish","type":"page","link":"https:\/\/www.tresoldimetalli.it\/fr\/batiment\/acciaio-zincato-preverniciato\/","title":{"rendered":"Acier galvanis\u00e9 pr\u00e9peint"},"content":{"rendered":"<h2>Acier lamin\u00e9 galvanis\u00e9 \u00e0 chaud pr\u00e9peint DX51D<\/h2>\n<table width=\"496\">\n<tbody>\n<tr>\n<td colspan=\"2\" width=\"496\">Caract\u00e9ristiques techniques<\/td>\n<\/tr>\n<tr>\n<td>Selon la norme<\/td>\n<td>UNI EN 10346<\/td>\n<\/tr>\n<tr>\n<td>Densit\u00e9 g\/cm\u00b3<\/td>\n<td>7,86<\/td>\n<\/tr>\n<tr>\n<td rowspan=\"2\">Composition (indicative) %<\/td>\n<td>C 0,18 &#8211; Mn 1,20 &#8211; Si 0,50<\/td>\n<\/tr>\n<tr>\n<td>S 0,045 &#8211; P 0,12 &#8211; Ti 0,30<\/td>\n<\/tr>\n<\/tbody>\n<\/table>\n<p>&nbsp;<\/p>\n<table width=\"496\">\n<tbody>\n<tr>\n<td colspan=\"2\" width=\"496\">Caract\u00e9ristiques de la peinture<\/td>\n<\/tr>\n<tr>\n<td>Type de peinture<\/td>\n<td>Polyester<\/td>\n<\/tr>\n<tr>\n<td>Zingage g\/m\u00b2<\/td>\n<td>\u00a0140 &#8211; 200 &#8211; 275<\/td>\n<\/tr>\n<tr>\n<td>Brillance g.u<\/td>\n<td>30\u00f740 \u00b15<\/td>\n<\/tr>\n<tr>\n<td>Fissuration T<\/td>\n<td>max 1.5<\/td>\n<\/tr>\n<tr>\n<td>Adh\u00e9rence T<\/td>\n<td>max 1.0<\/td>\n<\/tr>\n<tr>\n<td>R\u00e9sistance \u00e0 l\u2019abrasion<\/td>\n<td>mini F<\/td>\n<\/tr>\n<\/tbody>\n<\/table>\n<p>&nbsp;<\/p>\n<table width=\"496\">\n<tbody>\n<tr>\n<td colspan=\"2\" width=\"496\">Caract\u00e9ristiques m\u00e9caniques<\/td>\n<\/tr>\n<tr>\n<td>R\u00e9sistance \u00e0 la traction (N\/mm\u00b2)<\/td>\n<td>270\u00f7500<\/td>\n<\/tr>\n<tr>\n<td>Allongement A80% min<\/td>\n<td>22<\/td>\n<\/tr>\n<tr>\n<td>Limite d\u2019\u00e9lasticit\u00e9 Rp0,2 (N\/mm\u00b2)<\/td>\n<td>&#8211;<\/td>\n<\/tr>\n<\/tbody>\n<\/table>\n<p>&nbsp;<\/p>\n<table width=\"496\">\n<tbody>\n<tr>\n<td colspan=\"2\" width=\"496\">Dimensions et emballages<\/td>\n<\/tr>\n<tr>\n<td>BOBINES<\/td>\n<td><\/td>\n<\/tr>\n<tr>\n<td>Largeurs et formats (mm)<\/td>\n<td>1000 &#8211; 1250 &#8211; 1500<\/td>\n<\/tr>\n<tr>\n<td>\u00c9paisseurs (mm)<\/td>\n<td>0,50 \u2013 0,55 &#8211; 0,60 \u2013 0,70 \u2013 0,80<\/td>\n<\/tr>\n<tr>\n<td><\/td>\n<td>1,00 &#8211; 1,20 &#8211; 1,50 &#8211; 1,80<\/td>\n<\/tr>\n<tr>\n<td>Emballages standards<\/td>\n<td>\u00f8 300 &#8211; 400 o 508<\/td>\n<\/tr>\n<tr>\n<td>BANDES<\/td>\n<td><\/td>\n<\/tr>\n<tr>\n<td>Largeurs et formats (mm)<\/td>\n<td>\u00e0 partir de 8<\/td>\n<\/tr>\n<tr>\n<td>\u00c9paisseurs (mm)<\/td>\n<td>0,50 \u2013 0,55 &#8211; 0,60 \u2013 0,70 \u2013 0,80<\/td>\n<\/tr>\n<tr>\n<td><\/td>\n<td>1,00 &#8211; 1,20 &#8211; 1,50 &#8211; 1,80<\/td>\n<\/tr>\n<tr>\n<td>Emballages standard<\/td>\n<td>\u00f8 300 &#8211; 400 o 508<\/td>\n<\/tr>\n<tr>\n<td>Poids<\/td>\n<td>bobines\u00a0: 500 ou 1000 kg &#8211; mini bobines\u00a0: 100 kg pce<\/td>\n<\/tr>\n<tr>\n<td>FEUILLES<\/td>\n<td><\/td>\n<\/tr>\n<tr>\n<td>Largeurs et formats (mm)<\/td>\n<td>1000&#215;2000 &#8211; 1250&#215;2500 &#8211;<br \/>\n1500&#215;3000<\/td>\n<\/tr>\n<tr>\n<td>\u00c9paisseurs (mm)<\/td>\n<td>0,50 \u2013 0,55 &#8211; 0,60 \u2013 0,70 \u2013 0,80<\/td>\n<\/tr>\n<tr>\n<td><\/td>\n<td>1,00 &#8211; 1,20 &#8211; 1,50 &#8211; 1,80<\/td>\n<\/tr>\n<tr>\n<td>Emballages standards<\/td>\n<td>&#8211;<\/td>\n<\/tr>\n<\/tbody>\n<\/table>\n<p><em>Autres mesures, finitions et \u00e9paisseurs sur demande<\/em><\/p>\n<p>&nbsp;<\/p>\n<h2>Acier lamin\u00e9 galvanis\u00e9 \u00e0 chaud pr\u00e9peint DX53D<\/h2>\n<table width=\"496\">\n<tbody>\n<tr>\n<td colspan=\"2\" width=\"496\">Caract\u00e9ristiques techniques<\/td>\n<\/tr>\n<tr>\n<td>Selon la norme<\/td>\n<td>EN 10346<\/td>\n<\/tr>\n<tr>\n<td>Densit\u00e9 g\/cm\u00b3<\/td>\n<td>7,86<\/td>\n<\/tr>\n<tr>\n<td rowspan=\"2\">Composition (indicative) %<\/td>\n<td>C 0,12 &#8211; Mn 0,6 &#8211; Si 0,50<\/td>\n<\/tr>\n<tr>\n<td>P 0,10 &#8211; S 0,045 &#8211; Ti 0,30<\/td>\n<\/tr>\n<\/tbody>\n<\/table>\n<p>&nbsp;<\/p>\n<table width=\"496\">\n<tbody>\n<tr>\n<td colspan=\"2\" width=\"496\">Caract\u00e9ristiques de la peinture<\/td>\n<\/tr>\n<tr>\n<td>Type de peinture<\/td>\n<td>Polyester<\/td>\n<\/tr>\n<tr>\n<td>Zingage g\/m\u00b2<\/td>\n<td>140 &#8211; 200 &#8211; 275<\/td>\n<\/tr>\n<tr>\n<td>Brillance g.u.<\/td>\n<td>30<\/td>\n<\/tr>\n<tr>\n<td>Adh\u00e9rence T<\/td>\n<td>\u22642<\/td>\n<\/tr>\n<tr>\n<td>R\u00e9sistance \u00e0 l\u2019abrasion<\/td>\n<td>\u22643<\/td>\n<\/tr>\n<\/tbody>\n<\/table>\n<p>&nbsp;<\/p>\n<table width=\"496\">\n<tbody>\n<tr>\n<td colspan=\"2\" width=\"496\">Caract\u00e9ristiques m\u00e9caniques<\/td>\n<\/tr>\n<tr>\n<td>R\u00e9sistance \u00e0 la traction (N\/mm\u00b2)<\/td>\n<td>270\u00f7380<\/td>\n<\/tr>\n<tr>\n<td>Allongement A80% min<\/td>\n<td>30<\/td>\n<\/tr>\n<tr>\n<td>Limite d\u2019\u00e9lasticit\u00e9 Rp0,2 (N\/mm\u00b2)<\/td>\n<td>140\u00f7260<\/td>\n<\/tr>\n<\/tbody>\n<\/table>\n<p>&nbsp;<\/p>\n<table width=\"496\">\n<tbody>\n<tr>\n<td colspan=\"2\" width=\"496\">Dimensions et emballages<\/td>\n<\/tr>\n<tr>\n<td>BOBINES<\/td>\n<td><\/td>\n<\/tr>\n<tr>\n<td>Largeurs et formats (mm)<\/td>\n<td>1000 &#8211; 1250 &#8211; 1500<\/td>\n<\/tr>\n<tr>\n<td>\u00c9paisseurs (mm)<\/td>\n<td>0,50 \u2013 0,55 \u2013 0,80<\/td>\n<\/tr>\n<tr>\n<td>Emballages standards<\/td>\n<td>\u00f8 300 &#8211; 400 o 508<\/td>\n<\/tr>\n<tr>\n<td>BANDES<\/td>\n<td><\/td>\n<\/tr>\n<tr>\n<td>Largeurs et formats (mm)<\/td>\n<td>a partire da 8<\/td>\n<\/tr>\n<tr>\n<td>\u00c9paisseurs (mm)<\/td>\n<td>0,50 \u2013 0,55 \u2013 0,80<\/td>\n<\/tr>\n<tr>\n<td>Emballages standards<\/td>\n<td>\u00f8 300 &#8211; 400 o 508<\/td>\n<\/tr>\n<tr>\n<td>Poids<\/td>\n<td>bobines\u00a0: 500 ou 1000 kg &#8211; mini bobines\u00a0: 100 kg pce<\/td>\n<\/tr>\n<tr>\n<td>FEUILLES<\/td>\n<td><\/td>\n<\/tr>\n<tr>\n<td>Largeurs et formats (mm)<\/td>\n<td>1000&#215;2000 &#8211; 1250&#215;2500 &#8211; 1500&#215;3000<\/td>\n<\/tr>\n<tr>\n<td>\u00c9paisseurs (mm)<\/td>\n<td>0,50 \u2013 0,55 \u2013 0,80<\/td>\n<\/tr>\n<tr>\n<td>Emballages standards<\/td>\n<td>&#8211;<\/td>\n<\/tr>\n<\/tbody>\n<\/table>\n<p><em>Autres mesures, finitions et \u00e9paisseurs sur demande<\/em><\/p>\n<h2>Acier lamin\u00e9 galvanis\u00e9 \u00e0 chaud pr\u00e9peint\u00a0S250GD<\/h2>\n<table width=\"496\">\n<tbody>\n<tr>\n<td colspan=\"2\" width=\"496\">Caract\u00e9ristiques techniques<\/td>\n<\/tr>\n<tr>\n<td>Selon la norme<\/td>\n<td>UNI EN 10346<\/td>\n<\/tr>\n<tr>\n<td>Densit\u00e9 g\/cm\u00b3<\/td>\n<td>7,86<\/td>\n<\/tr>\n<tr>\n<td rowspan=\"2\">Composition (indicative) %<\/td>\n<td>C 0,20\u00a0&#8211; Si 0,60 &#8211; Mn 1,70<\/td>\n<\/tr>\n<tr>\n<td>P\u00a00,10 &#8211; S\u00a00,045<\/td>\n<\/tr>\n<\/tbody>\n<\/table>\n<p>&nbsp;<\/p>\n<table width=\"496\">\n<tbody>\n<tr>\n<td colspan=\"2\" width=\"496\">Caract\u00e9ristiques de la peinture<\/td>\n<\/tr>\n<tr>\n<td>Type de peinture<\/td>\n<td>Polyester<\/td>\n<\/tr>\n<tr>\n<td>Zingage g\/m\u00b2<\/td>\n<td>140 &#8211; 200 &#8211; 275<\/td>\n<\/tr>\n<tr>\n<td>Brillance g.u.<\/td>\n<td>30\u00f740 \u00b15<\/td>\n<\/tr>\n<tr>\n<td>Fissuration T<\/td>\n<td>max 1.5<\/td>\n<\/tr>\n<tr>\n<td>Adh\u00e9rence T<\/td>\n<td>max 1.0<\/td>\n<\/tr>\n<tr>\n<td>R\u00e9sistance \u00e0 l\u2019abrasion<\/td>\n<td>mini F<\/td>\n<\/tr>\n<\/tbody>\n<\/table>\n<p>&nbsp;<\/p>\n<table width=\"496\">\n<tbody>\n<tr>\n<td colspan=\"2\" width=\"496\">Caract\u00e9ristiques m\u00e9caniques<\/td>\n<\/tr>\n<tr>\n<td>R\u00c3\u00a9sistance \u00c3\u00a0 la traction (N\/mm\u00c2\u00b2)<\/td>\n<td>330 min<\/td>\n<\/tr>\n<tr>\n<td>Allongement A80% min<\/td>\n<td>19<\/td>\n<\/tr>\n<tr>\n<td>Limite d\u2019\u00e9lasticit\u00e9 Rp0,2 (N\/mm\u00b2)<\/td>\n<td>\u00a0250<\/td>\n<\/tr>\n<\/tbody>\n<\/table>\n<p>&nbsp;<\/p>\n<table width=\"496\">\n<tbody>\n<tr>\n<td colspan=\"2\" width=\"496\">Dimensions et emballages<\/td>\n<\/tr>\n<tr>\n<td>BOBINES<\/td>\n<td><\/td>\n<\/tr>\n<tr>\n<td>Largeurs et formats (mm)<\/td>\n<td>1000 &#8211; 1250 &#8211; 1500<\/td>\n<\/tr>\n<tr>\n<td>\u00c9paisseurs (mm)<\/td>\n<td>0,55<\/td>\n<\/tr>\n<tr>\n<td>Emballages standards<\/td>\n<td>\u00f8 300 &#8211; 400 o 508<\/td>\n<\/tr>\n<tr>\n<td>BANDES<\/td>\n<td><\/td>\n<\/tr>\n<tr>\n<td>Largeurs et formats (mm)<\/td>\n<td>a partire da 8<\/td>\n<\/tr>\n<tr>\n<td>\u00c9paisseurs (mm)<\/td>\n<td>0,55<\/td>\n<\/tr>\n<tr>\n<td>Emballages standards<\/td>\n<td>\u00f8 300 &#8211; 400 o 508<\/td>\n<\/tr>\n<tr>\n<td>Poids<\/td>\n<td>bobines\u00a0: 500 ou 1000 kg &#8211; mini bobines\u00a0: 100 kg pce<\/td>\n<\/tr>\n<tr>\n<td>FEUILLES<\/td>\n<td><\/td>\n<\/tr>\n<tr>\n<td>Largeurs et formats (mm)<\/td>\n<td>1000&#215;2000 &#8211; 1250&#215;2500 &#8211;<br \/>\n1500&#215;3000<\/td>\n<\/tr>\n<tr>\n<td>\u00c9paisseurs (mm)<\/td>\n<td>0,55<\/td>\n<\/tr>\n<tr>\n<td>Emballages standards<\/td>\n<td>&#8211;<\/td>\n<\/tr>\n<\/tbody>\n<\/table>\n<p><em>Autres mesures, finitions et \u00e9paisseurs sur demande<\/em><\/p>\n<h2>Acier lamin\u00e9 galvanis\u00e9 \u00e0 chaud Antislip\u00a0DX51D<\/h2>\n<table width=\"496\">\n<tbody>\n<tr>\n<td colspan=\"2\" width=\"496\">Caract\u00e9ristiques techniques<\/td>\n<\/tr>\n<tr>\n<td>Selon la norme<\/td>\n<td>UNI EN 10346<\/td>\n<\/tr>\n<tr>\n<td>Densit\u00e9 g\/cm\u00b3<\/td>\n<td>7,86<\/td>\n<\/tr>\n<tr>\n<td rowspan=\"2\">Composition (indicative) %<\/td>\n<td>C 0,18 &#8211; Mn 1,20 &#8211; Si 0,50<\/td>\n<\/tr>\n<tr>\n<td>S 0,045 &#8211; P 0,12 &#8211; Ti 0,30<\/td>\n<\/tr>\n<\/tbody>\n<\/table>\n<p>&nbsp;<\/p>\n<table width=\"496\">\n<tbody>\n<tr>\n<td colspan=\"2\" width=\"496\">Caract\u00e9ristiques de la peinture<\/td>\n<\/tr>\n<tr>\n<td>Type de peinture<\/td>\n<td>Polyamide (rugueux)<\/td>\n<\/tr>\n<tr>\n<td>Zingage g\/m\u00b2<\/td>\n<td>150 &#8211; 200 &#8211; 275<\/td>\n<\/tr>\n<\/tbody>\n<\/table>\n<p>&nbsp;<\/p>\n<table width=\"496\">\n<tbody>\n<tr>\n<td colspan=\"2\" width=\"496\">Caract\u00e9ristiques m\u00e9caniques<\/td>\n<\/tr>\n<tr>\n<td>R\u00e9sistance \u00e0 la traction (N\/mm\u00b2)<\/td>\n<td>270\u00f7500<\/td>\n<\/tr>\n<tr>\n<td>Allongement A80% min<\/td>\n<td>22<\/td>\n<\/tr>\n<\/tbody>\n<\/table>\n<p>&nbsp;<\/p>\n<table width=\"496\">\n<tbody>\n<tr>\n<td colspan=\"2\" width=\"496\">Dimensions et emballages<\/td>\n<\/tr>\n<tr>\n<td>BOBINES<\/td>\n<td><\/td>\n<\/tr>\n<tr>\n<td>Largeurs et formats (mm)<\/td>\n<td>1000 &#8211; 1250 &#8211; 1340<\/td>\n<\/tr>\n<tr>\n<td>\u00c9paisseurs (mm)<\/td>\n<td>0,55 &#8211; 0,60 &#8211;\u00a00,70 &#8211;\u00a01,50 &#8211;\u00a01,80<\/td>\n<\/tr>\n<tr>\n<td>Emballages standards<\/td>\n<td>\u00f8 300 &#8211; 400 o 508<\/td>\n<\/tr>\n<tr>\n<td>BANDES<\/td>\n<td><\/td>\n<\/tr>\n<tr>\n<td>Largeurs et formats (mm)<\/td>\n<td>\u00e0 partir de 8<\/td>\n<\/tr>\n<tr>\n<td>\u00c9paisseurs (mm)<\/td>\n<td>0,55 &#8211;\u00a00,60 &#8211;\u00a00,70 &#8211;\u00a01,50 &#8211; 1,80<\/td>\n<\/tr>\n<tr>\n<td>Emballages standards<\/td>\n<td>\u00f8 300 &#8211; 400 o 508<\/td>\n<\/tr>\n<tr>\n<td>Poids<\/td>\n<td>bobines\u00a0: 500 ou 1000 kg &#8211; mini bobines\u00a0: 100 kg pce<\/td>\n<\/tr>\n<tr>\n<td>FEUILLES<\/td>\n<td><\/td>\n<\/tr>\n<tr>\n<td>Largeurs et formats (mm)<\/td>\n<td>1000&#215;2000 &#8211; 1250&#215;2500<br \/>\n1500&#215;3000<\/td>\n<\/tr>\n<tr>\n<td>\u00c9paisseurs (mm)<\/td>\n<td>0,55 &#8211;\u00a00,60 &#8211;\u00a00,70 &#8211;\u00a01,50 &#8211; 1,80<\/td>\n<\/tr>\n<tr>\n<td>Emballages standards<\/td>\n<td>&#8211;<\/td>\n<\/tr>\n<\/tbody>\n<\/table>\n<p><em>Autres mesures, finitions et \u00e9paisseurs sur demande<\/em><\/p>\n<p>&nbsp;<\/p>\n<h2>Acier lamin\u00e9 galvanis\u00e9 \u00e0 chaud pr\u00e9peint HRV<\/h2>\n<table width=\"496\">\n<tbody>\n<tr>\n<td colspan=\"2\" width=\"496\">Caract\u00e9ristiques techniques<\/td>\n<\/tr>\n<tr>\n<td>Selon la norme<\/td>\n<td>UNI EN 10346<\/td>\n<\/tr>\n<tr>\n<td>Densit\u00e9 g\/cm\u00b3<\/td>\n<td>7,86<\/td>\n<\/tr>\n<tr>\n<td rowspan=\"2\">Composition (indicative) %<\/td>\n<td>C 0,18 &#8211; Mn 1,20 &#8211; Si 0,50<\/td>\n<\/tr>\n<tr>\n<td>S 0,045 &#8211; P 0,12 &#8211; Ti 0,30<\/td>\n<\/tr>\n<\/tbody>\n<\/table>\n<p>&nbsp;<\/p>\n<table width=\"496\">\n<tbody>\n<tr>\n<td colspan=\"2\" width=\"496\">Caract\u00e9ristiques de la peinture<\/td>\n<\/tr>\n<tr>\n<td>Type de peinture<\/td>\n<td>Super polyester (rugueux)<\/td>\n<\/tr>\n<tr>\n<td>Zingage g\/m\u00b2<\/td>\n<td>275<\/td>\n<\/tr>\n<tr>\n<td>Brillance g.u.<\/td>\n<td>15 \u00b1 10<\/td>\n<\/tr>\n<\/tbody>\n<\/table>\n<p>&nbsp;<\/p>\n<table width=\"496\">\n<tbody>\n<tr>\n<td colspan=\"2\" width=\"496\">Caract\u00e9ristiques m\u00e9caniques<\/td>\n<\/tr>\n<tr>\n<td>R\u00e9sistance \u00e0 la traction (N\/mm\u00b2)<\/td>\n<td>270\u00f7500<\/td>\n<\/tr>\n<tr>\n<td>Allongement A80% min<\/td>\n<td>22<\/td>\n<\/tr>\n<\/tbody>\n<\/table>\n<p>&nbsp;<\/p>\n<table width=\"496\">\n<tbody>\n<tr>\n<td colspan=\"2\" width=\"496\">Propri\u00e9t\u00e9s<\/td>\n<\/tr>\n<tr>\n<td width=\"209\">R\u00e9sistance \u00e0 la corrosion<\/td>\n<td width=\"287\">RC3<\/td>\n<\/tr>\n<tr>\n<td width=\"209\">Classe RUV<\/td>\n<td width=\"287\">RUV 4<\/td>\n<\/tr>\n<\/tbody>\n<\/table>\n<p>&nbsp;<\/p>\n<table width=\"496\">\n<tbody>\n<tr>\n<td colspan=\"2\" width=\"496\">Dimensions et emballages<\/td>\n<\/tr>\n<tr>\n<td>BOBINES<\/td>\n<td><\/td>\n<\/tr>\n<tr>\n<td>Largeurs et formats (mm)<\/td>\n<td>1000 &#8211; 1340<\/td>\n<\/tr>\n<tr>\n<td>\u00c9paisseurs (mm)<\/td>\n<td>0,55<\/td>\n<\/tr>\n<tr>\n<td>Emballages standards<\/td>\n<td>\u00f8 300 &#8211; 400 o 508<\/td>\n<\/tr>\n<tr>\n<td>BANDES<\/td>\n<td><\/td>\n<\/tr>\n<tr>\n<td>Largeurs et formats (mm)<\/td>\n<td>\u00e0 partir de 8<\/td>\n<\/tr>\n<tr>\n<td>\u00c9paisseurs (mm)<\/td>\n<td>0,55<\/td>\n<\/tr>\n<tr>\n<td>Emballages standards<\/td>\n<td>\u00f8 300 &#8211; 400 o 508<\/td>\n<\/tr>\n<tr>\n<td>Poids<\/td>\n<td>bobines\u00a0: 500 ou 1000 kg &#8211; mini bobines\u00a0: 100 kg pce<\/td>\n<\/tr>\n<tr>\n<td>FEUILLES<\/td>\n<td><\/td>\n<\/tr>\n<tr>\n<td>Largeurs et formats (mm)<\/td>\n<td>1000&#215;2000<\/td>\n<\/tr>\n<tr>\n<td>\u00c9paisseurs (mm)<\/td>\n<td>0,55<\/td>\n<\/tr>\n<tr>\n<td><\/td>\n<td><\/td>\n<\/tr>\n<tr>\n<td>Emballages standards<\/td>\n<td>&#8211;<\/td>\n<\/tr>\n<\/tbody>\n<\/table>\n<p><em>Autres mesures, finitions et \u00e9paisseurs sur demande<\/em><\/p>\n<p>&nbsp;<\/p>\n<h2>Acier pr\u00e9peint Coverplus<\/h2>\n<table width=\"496\">\n<tbody>\n<tr>\n<td colspan=\"2\" width=\"496\">Caract\u00e9ristiques techniques<\/td>\n<\/tr>\n<tr>\n<td>Selon la norme<\/td>\n<td>UNI EN 10346<\/td>\n<\/tr>\n<tr>\n<td>Densit\u00e9 g\/cm\u00b3<\/td>\n<td>7,86<\/td>\n<\/tr>\n<tr>\n<td>Composition (indicative) % maximum<\/td>\n<td>C 0,12 &#8211; Mn 0,60 &#8211; Si 0,50 P 0,10 &#8211; S 0,045 &#8211; Ti 0,30<\/td>\n<\/tr>\n<\/tbody>\n<\/table>\n<p>&nbsp;<\/p>\n<table width=\"496\">\n<tbody>\n<tr>\n<td colspan=\"2\" width=\"496\">Caract\u00e9ristiques de la peinture<\/td>\n<\/tr>\n<tr>\n<td>Type de peinture<\/td>\n<td>Polyur\u00e9thanique<\/td>\n<\/tr>\n<tr>\n<td>Zingage g\/m\u00b2<\/td>\n<td>225<\/td>\n<\/tr>\n<tr>\n<td>Couche de fond face A \u00b5<\/td>\n<td>25<\/td>\n<\/tr>\n<tr>\n<td>Couche de fond face B \u00b5 Primer faccia B \u00b5<\/td>\n<td>25<\/td>\n<\/tr>\n<tr>\n<td>\u00c9paisseur de la peinture polyester sur la face A \u00b5<\/td>\n<td>25<\/td>\n<\/tr>\n<tr>\n<td>\u00c9paisseur de la peinture polyester sur la face B \u00b5<\/td>\n<td>25<\/td>\n<\/tr>\n<tr>\n<td>Brillance g.u.<\/td>\n<td>30 \u00b15<\/td>\n<\/tr>\n<tr>\n<td>Fissuration T<\/td>\n<td>0 \u00e0 1,5 T ECCA<\/td>\n<\/tr>\n<tr>\n<td>Adh\u00e9rence T<\/td>\n<td>0 T ECCA<\/td>\n<\/tr>\n<tr>\n<td>Duret\u00e9 du crayon<\/td>\n<td>HB<\/td>\n<\/tr>\n<tr>\n<td>Abrasion mg\/tour<\/td>\n<td>30\/1000<\/td>\n<\/tr>\n<tr>\n<td>R\u00e9sistance brouillard salin h<\/td>\n<td>500<\/td>\n<\/tr>\n<tr>\n<td>R\u00e9sistance humidit\u00e9 h<\/td>\n<td>1500<\/td>\n<\/tr>\n<tr>\n<td>R\u00e9sistance UV + condensation<\/td>\n<td>2000 h \u0394E \u2264 3 RB \u2265 80%<\/td>\n<\/tr>\n<\/tbody>\n<\/table>\n<p>&nbsp;<\/p>\n<table width=\"496\">\n<tbody>\n<tr>\n<td colspan=\"2\" width=\"496\">Caract\u00e9ristiques m\u00e9caniques DX51<\/td>\n<\/tr>\n<tr>\n<td>R\u00e9sistance \u00e0 la traction N\/mm\u00b2<\/td>\n<td>270\u00f7500<\/td>\n<\/tr>\n<tr>\n<td>Allongement A80% min<\/td>\n<td>22<\/td>\n<\/tr>\n<tr>\n<td>Limite d\u2019\u00e9lasticit\u00e9 Rp0,2 (N\/mm\u00b2)<\/td>\n<td>&#8211;<\/td>\n<\/tr>\n<\/tbody>\n<\/table>\n<p>&nbsp;<\/p>\n<table width=\"496\">\n<tbody>\n<tr>\n<td colspan=\"2\" width=\"496\">Dimensions et emballages<\/td>\n<\/tr>\n<tr>\n<td>BOBINES<\/td>\n<td><\/td>\n<\/tr>\n<tr>\n<td>Largeurs et formats (mm)<\/td>\n<td>1000 &#8211; 1250<\/td>\n<\/tr>\n<tr>\n<td>\u00c9paisseurs (mm)<\/td>\n<td>0,60 \u2013 0,80<\/td>\n<\/tr>\n<tr>\n<td>Emballages standards<\/td>\n<td>bobines \u00f8 int. mm 508 ou 6 mini-bobines<\/td>\n<\/tr>\n<tr>\n<td>Emballages standards (mm)<\/td>\n<td>\u00f8 300 &#8211; 400 ou 508<\/td>\n<\/tr>\n<tr>\n<td>BANDES<\/td>\n<td><\/td>\n<\/tr>\n<tr>\n<td>Largeurs et formats (mm)<\/td>\n<td>\u00e0 partir de 8<\/td>\n<\/tr>\n<tr>\n<td>\u00c9paisseurs (mm)<\/td>\n<td>0,60 \u2013 0,80<\/td>\n<\/tr>\n<tr>\n<td>Emballages standards<\/td>\n<td>bobines \u00f8 int. mm 508 ou 6 mini-bobines<\/td>\n<\/tr>\n<tr>\n<td>Emballages standards (mm)<\/td>\n<td>\u00f8 300 &#8211; 400 ou 508<\/td>\n<\/tr>\n<tr>\n<td>Poids<\/td>\n<td>bobines\u00a0: 500 ou 1000 kg &#8211; mini bobines\u00a0: 100 kg pce<\/td>\n<\/tr>\n<tr>\n<td>FEUILLES<\/td>\n<td><\/td>\n<\/tr>\n<tr>\n<td>Largeurs et formats (mm)<\/td>\n<td>1000&#215;2000 &#8211; 1250&#215;2500<\/td>\n<\/tr>\n<tr>\n<td>\u00c9paisseurs (mm)<\/td>\n<td>0,60 \u2013 0,80<\/td>\n<\/tr>\n<tr>\n<td>Emballages standards (mm)<\/td>\n<td>&#8211;<\/td>\n<\/tr>\n<\/tbody>\n<\/table>\n<p>Autres formats sur commande.<\/p>\n<p>&nbsp;<\/p>\n<table width=\"496\">\n<tbody>\n<tr>\n<td colspan=\"2\" width=\"496\">DURABILIT\u00c9 EN NOMBRE D\u2019ANN\u00c9ES<\/td>\n<\/tr>\n<tr>\n<td>Milieu rural, urbain, industriel normal, l\u00e9ger (C2\/C3)<\/td>\n<td>jusqu&rsquo;\u00e0 20 ans<\/td>\n<\/tr>\n<tr>\n<td>Milieu industriel lourd (C4\/C5-I)<\/td>\n<td>jusqu&rsquo;\u00e0 15 ans<\/td>\n<\/tr>\n<tr>\n<td>Milieu ambiant \u00e0 taux de salinit\u00e9 \u00e9lev\u00e9 (C4\/C5-M)<\/td>\n<td>jusqu&rsquo;\u00e0 20 ans<\/td>\n<\/tr>\n<tr>\n<td>Garantie personnalis\u00e9e<\/td>\n<td>Sur demande, apr\u00e8s analyse technique<\/td>\n<\/tr>\n<\/tbody>\n<\/table>\n<p>&nbsp;<\/p>\n<p>&nbsp;<\/p>\n<table width=\"343\">\n<tbody>\n<tr>\n<td width=\"343\">PROPRI\u00c9T\u00c9S<\/td>\n<\/tr>\n<tr>\n<td>Excellente usinabilit\u00e9 de l&rsquo;acier<\/td>\n<\/tr>\n<tr>\n<td>Excellente r\u00e9sistance anti-rayures de la peinture<\/td>\n<\/tr>\n<tr>\n<td>Excellente r\u00e9sistance aux rayons UV<\/td>\n<\/tr>\n<tr>\n<td>Excellente r\u00e9sistance aux agents industriels<\/td>\n<\/tr>\n<tr>\n<td>Excellente r\u00e9sistance \u00e0 la corrosion<\/td>\n<\/tr>\n<tr>\n<td>Excellente r\u00e9sistance dans les environnements salins<\/td>\n<\/tr>\n<\/tbody>\n<\/table>\n<p>&nbsp;<\/p>\n<p><em>Couleurs: T\u00eate de Maure, Blanc 9002, Gris 7037, Gris 7016 et Silver 9006, sur demande \u00e9galement d&rsquo;autres couleurs de la table RAL<\/em><\/p>\n<p>Autres mesures, finitions et \u00e9paisseurs sur demande.<\/p>\n<p>&nbsp;<\/p>\n<h2>Copperline ligne Steel (acier)<\/h2>\n<p>&nbsp;<\/p>\n<table width=\"100%\">\n<tbody>\n<tr>\n<td colspan=\"2\" width=\"495\">Caract\u00e9ristiques techniques<\/td>\n<\/tr>\n<tr>\n<td width=\"208\">Selon la norme<\/td>\n<td width=\"286\">UNI EN 10346<\/td>\n<\/tr>\n<tr>\n<td width=\"208\">M\u00e9tal de base et alliage<\/td>\n<td width=\"286\">DX51<\/td>\n<\/tr>\n<tr>\n<td width=\"208\">Densit\u00e9 g\/cm\u00b3<\/td>\n<td width=\"286\">7,86<\/td>\n<\/tr>\n<tr>\n<td rowspan=\"2\" width=\"208\">Composition (indicative) %<\/td>\n<td width=\"286\">C 0,18 \u2013 Mn 1,20 \u2013 Si 0,50<\/td>\n<\/tr>\n<tr>\n<td width=\"286\">S 0,045 \u2013 P 0,12 \u2013 Ti 0,30<\/td>\n<\/tr>\n<\/tbody>\n<\/table>\n<p>&nbsp;<\/p>\n<table width=\"100%\">\n<tbody>\n<tr>\n<td colspan=\"2\" width=\"495\">Caract\u00e9ristiques de la peinture<\/td>\n<\/tr>\n<tr>\n<td width=\"208\">Type de peinture<\/td>\n<td width=\"286\">Polyester\/Polyamide<\/td>\n<\/tr>\n<tr>\n<td width=\"208\">Paquet de peinture<\/td>\n<td width=\"286\">C\u00f4t\u00e9 A 35 \/ c\u00f4t\u00e9 B 15<\/td>\n<\/tr>\n<tr>\n<td width=\"208\">Couleur<\/td>\n<td width=\"286\">C\u00f4t\u00e9 A cuivre vieilli \/ C\u00f4t\u00e9 B arri\u00e8re en couleur<\/td>\n<\/tr>\n<tr>\n<td width=\"208\">Zingage g\/m\u00b2<\/td>\n<td width=\"286\">100 &#8211; 140 &#8211; 200 &#8211; 275<\/td>\n<\/tr>\n<tr>\n<td width=\"208\">Duret\u00e9<\/td>\n<td width=\"286\">DX 51<\/td>\n<\/tr>\n<\/tbody>\n<\/table>\n<p>&nbsp;<\/p>\n<table width=\"100%\">\n<tbody>\n<tr>\n<td colspan=\"2\" width=\"372\">Caract\u00e9ristiques m\u00e9caniques<\/td>\n<\/tr>\n<tr>\n<td width=\"157\">R\u00e9sistance \u00e0 la traction (indicative) N\/mm\u00b2<\/td>\n<td width=\"215\">270\u00f7500<\/td>\n<\/tr>\n<tr>\n<td width=\"157\">Limite d\u2019\u00e9lasticit\u00e9<\/td>\n<td width=\"215\">&#8211;<\/td>\n<\/tr>\n<tr>\n<td width=\"157\">Allongement \u00e0 la rupture A%<\/td>\n<td width=\"215\">A80%\u2265 22<\/td>\n<\/tr>\n<tr>\n<td width=\"157\">Duret\u00e9<\/td>\n<td width=\"215\">&#8211;<\/td>\n<\/tr>\n<\/tbody>\n<\/table>\n<p>&nbsp;<\/p>\n<table width=\"100%\">\n<tbody>\n<tr>\n<td colspan=\"2\" width=\"495\">Dimensions et emballages<\/td>\n<\/tr>\n<tr>\n<td width=\"208\">BOBINES<\/td>\n<td><\/td>\n<\/tr>\n<tr>\n<td width=\"208\">Largeurs et formats (mm)<\/td>\n<td width=\"286\">1000 \u2013 1250<\/td>\n<\/tr>\n<tr>\n<td rowspan=\"2\" width=\"208\">\u00c9paisseurs (mm)<\/td>\n<td width=\"286\">0,55 &#8211; 0,80 &#8211; 1,50<\/td>\n<\/tr>\n<tr>\n<td width=\"286\"><\/td>\n<\/tr>\n<tr>\n<td width=\"208\">Emballages standard<\/td>\n<td width=\"286\">\u00f8 300 &#8211; 400 ou 508<\/td>\n<\/tr>\n<tr>\n<td width=\"208\">BANDES<\/td>\n<td><\/td>\n<\/tr>\n<tr>\n<td width=\"208\">Largeurs et formats (mm)<\/td>\n<td width=\"286\">\u00e0 partir de 8<\/td>\n<\/tr>\n<tr>\n<td rowspan=\"2\" width=\"208\">\u00c9paisseurs (mm)<\/td>\n<td width=\"286\">0,55 &#8211; 0,80 &#8211; 1,50<\/td>\n<\/tr>\n<tr>\n<td width=\"286\"><\/td>\n<\/tr>\n<tr>\n<td width=\"208\">Emballages standard<\/td>\n<td width=\"286\">\u00f8 300 &#8211; 400 ou 508<\/td>\n<\/tr>\n<tr>\n<td width=\"208\">Poids<\/td>\n<td width=\"286\">bobines: 500 ou 1 000 kg &#8211; mini bobines : 100 kg pce<\/td>\n<\/tr>\n<tr>\n<td width=\"208\">FEUILLES<\/td>\n<td><\/td>\n<\/tr>\n<tr>\n<td width=\"208\">Largeurs et formats (mm)<\/td>\n<td width=\"286\">1000\u00d72000 \u2013 1250&#215;2500<\/td>\n<\/tr>\n<tr>\n<td rowspan=\"2\" width=\"208\">\u00c9paisseurs (mm)<\/td>\n<td width=\"286\">0,55 &#8211; 0,80 &#8211; 1,50<\/td>\n<\/tr>\n<tr>\n<td width=\"286\"><\/td>\n<\/tr>\n<tr>\n<td width=\"208\">Emballages standard<\/td>\n<td width=\"286\">\u2013<\/td>\n<\/tr>\n<\/tbody>\n<\/table>\n<p>Autres mesures, finitions et \u00e9paisseurs sur demande.<\/p>\n","protected":false},"excerpt":{"rendered":"<p>Acier lamin\u00e9 galvanis\u00e9 \u00e0 chaud pr\u00e9peint DX51D Caract\u00e9ristiques techniques Selon la norme UNI EN 10346 Densit\u00e9 g\/cm\u00b3 7,86 Composition (indicative) % C 0,18 &#8211; Mn 1,20 &#8211; Si 0,50 S 0,045 &#8211; P 0,12 &#8211; Ti 0,30 &nbsp; Caract\u00e9ristiques de la peinture Type de peinture Polyester Zingage g\/m\u00b2 \u00a0140 &#8211; 200 &#8211; 275 Brillance g.u [&hellip;]<\/p>\n","protected":false},"author":2,"featured_media":0,"parent":1834,"menu_order":0,"comment_status":"closed","ping_status":"closed","template":"page-templates\/edilizia.php","meta":{"_acf_changed":false,"footnotes":""},"class_list":["post-1270","page","type-page","status-publish","hentry"],"acf":[],"_links":{"self":[{"href":"https:\/\/www.tresoldimetalli.it\/fr\/wp-json\/wp\/v2\/pages\/1270","targetHints":{"allow":["GET"]}}],"collection":[{"href":"https:\/\/www.tresoldimetalli.it\/fr\/wp-json\/wp\/v2\/pages"}],"about":[{"href":"https:\/\/www.tresoldimetalli.it\/fr\/wp-json\/wp\/v2\/types\/page"}],"author":[{"embeddable":true,"href":"https:\/\/www.tresoldimetalli.it\/fr\/wp-json\/wp\/v2\/users\/2"}],"replies":[{"embeddable":true,"href":"https:\/\/www.tresoldimetalli.it\/fr\/wp-json\/wp\/v2\/comments?post=1270"}],"version-history":[{"count":13,"href":"https:\/\/www.tresoldimetalli.it\/fr\/wp-json\/wp\/v2\/pages\/1270\/revisions"}],"predecessor-version":[{"id":3786,"href":"https:\/\/www.tresoldimetalli.it\/fr\/wp-json\/wp\/v2\/pages\/1270\/revisions\/3786"}],"up":[{"embeddable":true,"href":"https:\/\/www.tresoldimetalli.it\/fr\/wp-json\/wp\/v2\/pages\/1834"}],"wp:attachment":[{"href":"https:\/\/www.tresoldimetalli.it\/fr\/wp-json\/wp\/v2\/media?parent=1270"}],"curies":[{"name":"wp","href":"https:\/\/api.w.org\/{rel}","templated":true}]}}