{"id":1278,"date":"2020-10-26T13:24:18","date_gmt":"2020-10-26T12:24:18","guid":{"rendered":"https:\/\/www.tresoldimetalli.it\/demo\/alluminio-preverniciato\/"},"modified":"2023-07-12T18:26:27","modified_gmt":"2023-07-12T16:26:27","slug":"alluminio-preverniciato","status":"publish","type":"page","link":"https:\/\/www.tresoldimetalli.it\/fr\/batiment\/alluminio-preverniciato\/","title":{"rendered":"Aluminium pr\u00e9peint"},"content":{"rendered":"<h2>ALUMINIUM PR\u00c9PEINT ALU-SOFT ALLIAGE 3005<\/h2>\n<table width=\"496\">\n<tbody>\n<tr>\n<td colspan=\"2\" width=\"496\">Caract\u00e9ristiques techniques<\/td>\n<\/tr>\n<tr>\n<td>Selon la norme<\/td>\n<td>EN 485\/573<\/td>\n<\/tr>\n<tr>\n<td>M\u00e9tal de base et alliage<\/td>\n<td>&#8211;<\/td>\n<\/tr>\n<tr>\n<td>Densit\u00e9 g\/cm\u00b3<\/td>\n<td>2,7<\/td>\n<\/tr>\n<tr>\n<td rowspan=\"2\">Composition (indicative) %<\/td>\n<td>Cu\u22640,30 &#8211; Mn 1,00\u00f71,50 Mg 0,20\u00f70,60<\/td>\n<\/tr>\n<tr>\n<td>Cr\u22640,10 &#8211; Ti\u22640,10 &#8211; autres 0,05 pce.<\/td>\n<\/tr>\n<\/tbody>\n<\/table>\n<p>&nbsp;<\/p>\n<table width=\"496\">\n<tbody>\n<tr>\n<td colspan=\"2\" width=\"496\">Caract\u00e9ristiques m\u00e9caniques \u00e9tat physique H42<\/td>\n<\/tr>\n<tr>\n<td>R\u00e9sistance \u00e0 la traction (indicative) N\/mm\u00b2<\/td>\n<td>140\u00f7195<\/td>\n<\/tr>\n<tr>\n<td>Limite d\u2019\u00e9lasticit\u00e9 Rp0,2 (N\/mm2)<\/td>\n<td>\u226595<\/td>\n<\/tr>\n<tr>\n<td>Allongement \u00e0 la rupture A50%<\/td>\n<td>\u22655<\/td>\n<\/tr>\n<\/tbody>\n<\/table>\n<p>&nbsp;<\/p>\n<table width=\"496\">\n<tbody>\n<tr>\n<td colspan=\"2\" width=\"496\">Dimensions et emballages<\/td>\n<\/tr>\n<tr>\n<td>BOBINES<\/td>\n<td><\/td>\n<\/tr>\n<tr>\n<td>Largeurs et formats (mm)<\/td>\n<td>1250<\/td>\n<\/tr>\n<tr>\n<td>\u00c9paisseurs (mm)<\/td>\n<td>0,7<\/td>\n<\/tr>\n<tr>\n<td>Emballages standards<\/td>\n<td>\u00f8 300 &#8211; 400 ou 508<\/td>\n<\/tr>\n<tr>\n<td>BANDES<\/td>\n<td><\/td>\n<\/tr>\n<tr>\n<td>Largeurs et formats (mm)<\/td>\n<td>\u00e0 partir de 8<\/td>\n<\/tr>\n<tr>\n<td>\u00c9paisseurs (mm)<\/td>\n<td>0,70<\/td>\n<\/tr>\n<tr>\n<td>Emballages standards<\/td>\n<td>\u00f8 300 &#8211; 400 ou 508<\/td>\n<\/tr>\n<tr>\n<td>Poids<\/td>\n<td>bobines\u00a0: 500 ou 1 000 kg &#8211; mini bobines\u00a0: 100 kg pce<\/td>\n<\/tr>\n<tr>\n<td>FEUILLES<\/td>\n<td><\/td>\n<\/tr>\n<tr>\n<td>Largeurs et formats (mm)<\/td>\n<td>1250&#215;2500<\/td>\n<\/tr>\n<tr>\n<td>\u00c9paisseurs (mm)<\/td>\n<td>0,70<\/td>\n<\/tr>\n<tr>\n<td>Emballages standards<\/td>\n<td>&#8211;<\/td>\n<\/tr>\n<\/tbody>\n<\/table>\n<p><em>Autres mesures, alliages, finitions et \u00e9paisseurs sur demande.<\/em><\/p>\n<p>&nbsp;<\/p>\n<h2>ALUMINIUM PR\u00c9PEINT EN ALLIAGE 5005<\/h2>\n<table width=\"518\">\n<tbody>\n<tr>\n<td colspan=\"2\" width=\"518\">Caract\u00e9ristiques techniques<\/td>\n<\/tr>\n<tr>\n<td width=\"268\">Selon la norme<\/td>\n<td width=\"250\">EN 485\/573<\/td>\n<\/tr>\n<tr>\n<td width=\"268\">M\u00e9tal de base et alliage<\/td>\n<td width=\"250\">&#8211;<\/td>\n<\/tr>\n<tr>\n<td width=\"268\">Densit\u00e9 g\/cm\u00b3<\/td>\n<td width=\"250\"><\/td>\n<\/tr>\n<tr>\n<td rowspan=\"2\" width=\"268\">Composition (indicative) %<\/td>\n<td width=\"250\">Si0,30 &#8211; Fe0,70 &#8211; Cu0,20<br \/>\n&#8211; Mn0,20<\/td>\n<\/tr>\n<tr>\n<td width=\"250\">Mg 0,50\u00f71,10 &#8211; Cr0,10 &#8211; Zn0,25 &#8211; autres 0,05 pce.<\/td>\n<\/tr>\n<\/tbody>\n<\/table>\n<p>&nbsp;<\/p>\n<table width=\"518\">\n<tbody>\n<tr>\n<td colspan=\"2\" width=\"518\">Caract\u00e9ristiques m\u00e9canique H42<\/td>\n<\/tr>\n<tr>\n<td width=\"268\">R\u00e9sistance \u00e0 la traction Rm Mpa<\/td>\n<td width=\"250\">125\/165<\/td>\n<\/tr>\n<tr>\n<td width=\"268\">Limite d\u2019\u00e9lasticit\u00e9 R<sub>p0,2<\/sub> NPa<\/td>\n<td width=\"250\">80<\/td>\n<\/tr>\n<tr>\n<td width=\"268\">Allongement minimum A50%mm<\/td>\n<td width=\"250\">5<\/td>\n<\/tr>\n<\/tbody>\n<\/table>\n<p>&nbsp;<\/p>\n<table width=\"518\">\n<tbody>\n<tr>\n<td colspan=\"2\" width=\"518\">Dimensions et emballages<\/td>\n<\/tr>\n<tr>\n<td width=\"268\">BOBINES<\/td>\n<td><\/td>\n<\/tr>\n<tr>\n<td width=\"268\">Largeurs et formats (mm)<\/td>\n<td width=\"250\">1000 &#8211; 1250 &#8211; 1500<\/td>\n<\/tr>\n<tr>\n<td width=\"268\">\u00c9paisseurs (mm)<\/td>\n<td width=\"250\">0,60 &#8211; 0,70 &#8211; 0,80 &#8211; 1,00 &#8211; 1,20 &#8211; 1,50 &#8211; 2,00<\/td>\n<\/tr>\n<tr>\n<td width=\"268\">Emballages standards<\/td>\n<td width=\"250\">\u00f8 300 &#8211; 400 ou 508<\/td>\n<\/tr>\n<tr>\n<td width=\"268\">BANDES<\/td>\n<td><\/td>\n<\/tr>\n<tr>\n<td width=\"268\">Largeurs et formats (mm)<\/td>\n<td width=\"250\">\u00e0 partir de 8<\/td>\n<\/tr>\n<tr>\n<td width=\"268\">\u00c9paisseurs (mm)<\/td>\n<td width=\"250\">0,60 &#8211; 0,70 \u2013 0,80 \u2013 1,00 &#8211; 1,20 &#8211; 1,50 &#8211; 2,00<\/td>\n<\/tr>\n<tr>\n<td width=\"268\">Emballages standards<\/td>\n<td width=\"250\">\u00f8 300 &#8211; 400 ou 508<\/td>\n<\/tr>\n<tr>\n<td width=\"268\">Poids<\/td>\n<td width=\"250\">bobines\u00a0: 500 ou 1 000 kg &#8211; mini bobines\u00a0: 100 kg pce<\/td>\n<\/tr>\n<tr>\n<td width=\"268\">FEUILLES<\/td>\n<td><\/td>\n<\/tr>\n<tr>\n<td width=\"268\">Largeurs et formats (mm)<\/td>\n<td width=\"250\">1000&#215;2000 &#8211; 1250&#215;2500 &#8211; 1500&#215;3000<\/td>\n<\/tr>\n<tr>\n<td width=\"268\">\u00c9paisseurs (mm)<\/td>\n<td width=\"250\">0,60 &#8211; 0,70 &#8211; 0,80 &#8211; 1,00 &#8211; 1,20 &#8211; 1,50 &#8211; 2,00<\/td>\n<\/tr>\n<tr>\n<td width=\"268\">Emballages standards<\/td>\n<td width=\"250\">&#8211;<\/td>\n<\/tr>\n<\/tbody>\n<\/table>\n<p><em>Autres mesures, alliages, finitions et \u00e9paisseurs sur demande.<\/em><\/p>\n<p>&nbsp;<\/p>\n<h2>ALUMINIUM PR\u00c9PEINT EN ALLIAGE 5010<\/h2>\n<table width=\"496\">\n<tbody>\n<tr>\n<td colspan=\"2\" width=\"496\">Caract\u00e9ristiques techniques<\/td>\n<\/tr>\n<tr>\n<td>Selon la norme<\/td>\n<td>EN 485\/573<\/td>\n<\/tr>\n<tr>\n<td>M\u00e9tal de base et alliage<\/td>\n<td>&#8211;<\/td>\n<\/tr>\n<tr>\n<td>Densit\u00e9 g\/cm\u00b3<\/td>\n<td>2,7<\/td>\n<\/tr>\n<tr>\n<td rowspan=\"2\">Composition (indicative) %<\/td>\n<td>Si\u22640,30 &#8211; Fe\u22640,70 &#8211; Cu\u22640,20 &#8211; Mn 0,20 &#8211; Mg 0,50\u00f71,10<\/td>\n<\/tr>\n<tr>\n<td>Cr\u22640,10 &#8211; Zn\u22640,25 -autres\u22640,05 pce.<\/td>\n<\/tr>\n<\/tbody>\n<\/table>\n<p>&nbsp;<\/p>\n<table width=\"496\">\n<tbody>\n<tr>\n<td colspan=\"2\" width=\"496\">Caract\u00e9ristiques m\u00e9caniques H44<\/td>\n<\/tr>\n<tr>\n<td>R\u00e9sistance \u00e0 la traction R<sub>m<\/sub> MPa<\/td>\n<td>130\u00f7170<\/td>\n<\/tr>\n<tr>\n<td>Limite d\u2019\u00e9lasticit\u00e9 R<sub>p0,2<\/sub> NPa<\/td>\n<td>100<\/td>\n<\/tr>\n<tr>\n<td>Allongement minimum A50%mm<\/td>\n<td>4<\/td>\n<\/tr>\n<\/tbody>\n<\/table>\n<p class=\"p1\"><span class=\"s1\"><i>Pour certaines couleurs uniquement<\/i><\/span><\/p>\n<p>&nbsp;<\/p>\n<table width=\"496\">\n<tbody>\n<tr>\n<td colspan=\"2\" width=\"496\">Dimensions et emballages<\/td>\n<\/tr>\n<tr>\n<td>BOBINES<\/td>\n<td><\/td>\n<\/tr>\n<tr>\n<td>Largeurs et formats (mm)<\/td>\n<td>1000 &#8211; 1250 &#8211; 1500<\/td>\n<\/tr>\n<tr>\n<td>\u00c9paisseurs (mm)<\/td>\n<td>0,60 &#8211; 0,70 &#8211; 0,80 &#8211; 1,00 &#8211; 1,20 &#8211; 1,50 &#8211; 2,00<\/td>\n<\/tr>\n<tr>\n<td>Emballages standards<\/td>\n<td>\u00f8 300 &#8211; 400 ou 508<\/td>\n<\/tr>\n<tr>\n<td>BANDES<\/td>\n<td><\/td>\n<\/tr>\n<tr>\n<td>Largeurs et formats (mm)<\/td>\n<td>\u00e0 partir de 8<\/td>\n<\/tr>\n<tr>\n<td>\u00c9paisseurs (mm)<\/td>\n<td>0,60 &#8211; 0,70 \u2013 0,80 \u2013 1,00 &#8211; 1,20 &#8211; 1,50 &#8211; 2,00<\/td>\n<\/tr>\n<tr>\n<td>Emballages standards<\/td>\n<td>\u00f8 300 &#8211; 400 ou 508<\/td>\n<\/tr>\n<tr>\n<td>Poids<\/td>\n<td>bobines\u00a0: 500 ou 1 000 kg &#8211; mini bobines\u00a0: 100 kg pce<\/td>\n<\/tr>\n<tr>\n<td>FEUILLES<\/td>\n<td><\/td>\n<\/tr>\n<tr>\n<td>Largeurs et formats (mm)<\/td>\n<td>1000&#215;2000 &#8211; 1250&#215;2500 &#8211; 1500&#215;3000<\/td>\n<\/tr>\n<tr>\n<td>\u00c9paisseurs (mm)<\/td>\n<td>0,60 &#8211; 0,70 &#8211; 0,80 &#8211; 1,00 &#8211; 1,20 &#8211; 1,50 &#8211; 2,00<\/td>\n<\/tr>\n<tr>\n<td>Emballages standards<\/td>\n<td>&#8211;<\/td>\n<\/tr>\n<\/tbody>\n<\/table>\n<p><em>Autres mesures, alliages, finitions et \u00e9paisseurs sur demande.<\/em><\/p>\n<p>&nbsp;<\/p>\n<h2>ALUMINIUM PR\u00c9PEINT EN ALLIAGE 3105<\/h2>\n<table width=\"496\">\n<tbody>\n<tr>\n<td colspan=\"2\" width=\"496\">Caract\u00e9ristiques techniques<\/td>\n<\/tr>\n<tr>\n<td>Selon la norme<\/td>\n<td>EN 485\/573<\/td>\n<\/tr>\n<tr>\n<td>M\u00e9tal de base et alliage<\/td>\n<td>&#8211;<\/td>\n<\/tr>\n<tr>\n<td>Densit\u00e9 g\/cm\u00b3<\/td>\n<td>2,7<\/td>\n<\/tr>\n<tr>\n<td rowspan=\"2\">Composition (indicative) %<\/td>\n<td>Si\u22640,60 &#8211; Fe\u22640,70 &#8211; Cu\u22640,30 &#8211; Mn 0,30\u00f70,80 &#8211; Mg 0,20\u00f70,80<\/td>\n<\/tr>\n<tr>\n<td>&#8211; Cr\u22640,20 &#8211; Zn\u22640,40 &#8211; Ti\u22640,10<br \/>\n&#8211; autres\u22640,05<\/td>\n<\/tr>\n<\/tbody>\n<\/table>\n<p>&nbsp;<\/p>\n<table width=\"496\">\n<tbody>\n<tr>\n<td colspan=\"2\" width=\"496\">Caract\u00e9ristiques m\u00e9caniques H44<\/td>\n<\/tr>\n<tr>\n<td>R\u00e9sistance \u00e0 la traction (indicative) N\/mm\u00b2<\/td>\n<td>150\u00f7200<\/td>\n<\/tr>\n<tr>\n<td>Limite d\u2019\u00e9lasticit\u00e9 Rp 0,2 (N\/mm\u00b2)<\/td>\n<td>120<\/td>\n<\/tr>\n<tr>\n<td>Allongement minimum A50%mm<\/td>\n<td>4<\/td>\n<\/tr>\n<tr>\n<td>Duret\u00e9<\/td>\n<td>47<\/td>\n<\/tr>\n<\/tbody>\n<\/table>\n<p>&nbsp;<\/p>\n<table width=\"496\">\n<tbody>\n<tr>\n<td colspan=\"2\" width=\"496\">Caract\u00e9ristiques m\u00e9caniques H42<\/td>\n<\/tr>\n<tr>\n<td>R\u00e9sistance \u00e0 la traction (indicative) N\/mm\u00b2<\/td>\n<td>130\u00f7180<\/td>\n<\/tr>\n<tr>\n<td>Limite d\u2019\u00e9lasticit\u00e9 Rp 0,2 (N\/mm\u00b2)<\/td>\n<td>105<\/td>\n<\/tr>\n<tr>\n<td>Allongement minimum A50%mm<\/td>\n<td>6<\/td>\n<\/tr>\n<tr>\n<td>Duret\u00e9<\/td>\n<td>41<\/td>\n<\/tr>\n<\/tbody>\n<\/table>\n<p>&nbsp;<\/p>\n<table width=\"518\">\n<tbody>\n<tr>\n<td colspan=\"2\" width=\"518\">Dimensions et emballages<\/td>\n<\/tr>\n<tr>\n<td width=\"268\">BOBINES<\/td>\n<td><\/td>\n<\/tr>\n<tr>\n<td width=\"268\">Largeurs et formats (mm)<\/td>\n<td width=\"250\">1000 &#8211; 1250 &#8211; 1500<\/td>\n<\/tr>\n<tr>\n<td width=\"268\">\u00c9paisseurs (mm)<\/td>\n<td width=\"250\">0,60 &#8211; 0,70 &#8211; 0,80 &#8211; 1,00 &#8211; 1,20 &#8211; 1,50 &#8211; 2,00<\/td>\n<\/tr>\n<tr>\n<td width=\"268\">Emballages standards<\/td>\n<td width=\"250\">\u00f8 300 &#8211; 400 ou 508<\/td>\n<\/tr>\n<tr>\n<td width=\"268\">BANDES<\/td>\n<td><\/td>\n<\/tr>\n<tr>\n<td width=\"268\">Largeurs et formats (mm)<\/td>\n<td width=\"250\">\u00e0 partir de 8<\/td>\n<\/tr>\n<tr>\n<td width=\"268\">\u00c9paisseurs (mm)<\/td>\n<td width=\"250\">0,60 &#8211; 0,70 \u2013 0,80 \u2013 1,00 &#8211; 1,20 &#8211; 1,50 &#8211; 2,00<\/td>\n<\/tr>\n<tr>\n<td width=\"268\">Emballages standards<\/td>\n<td width=\"250\">\u00f8 300 &#8211; 400 ou 508<\/td>\n<\/tr>\n<tr>\n<td width=\"268\">Poids<\/td>\n<td width=\"250\">bobines\u00a0: 500 ou 1 000 kg &#8211; mini bobines\u00a0: 100 kg pce<\/td>\n<\/tr>\n<tr>\n<td width=\"268\">FEUILLES<\/td>\n<td><\/td>\n<\/tr>\n<tr>\n<td width=\"268\">Largeurs et formats (mm)<\/td>\n<td width=\"250\">1000&#215;2000 &#8211; 1250&#215;2500 &#8211; 1500&#215;3000<\/td>\n<\/tr>\n<tr>\n<td width=\"268\">\u00c9paisseurs (mm)<\/td>\n<td width=\"250\">0,60 &#8211; 0,70 &#8211; 0,80 &#8211; 1,00 &#8211; 1,20 &#8211; 1,50 &#8211; 2,00<\/td>\n<\/tr>\n<tr>\n<td width=\"268\">Emballages standards<\/td>\n<td width=\"250\">&#8211;<\/td>\n<\/tr>\n<\/tbody>\n<\/table>\n<p><em>Autres mesures, alliages, finitions et \u00e9paisseurs sur demande.<\/em><\/p>\n","protected":false},"excerpt":{"rendered":"<p>ALUMINIUM PR\u00c9PEINT ALU-SOFT ALLIAGE 3005 Caract\u00e9ristiques techniques Selon la norme EN 485\/573 M\u00e9tal de base et alliage &#8211; Densit\u00e9 g\/cm\u00b3 2,7 Composition (indicative) % Cu\u22640,30 &#8211; Mn 1,00\u00f71,50 Mg 0,20\u00f70,60 Cr\u22640,10 &#8211; Ti\u22640,10 &#8211; autres 0,05 pce. &nbsp; Caract\u00e9ristiques m\u00e9caniques \u00e9tat physique H42 R\u00e9sistance \u00e0 la traction (indicative) N\/mm\u00b2 140\u00f7195 Limite d\u2019\u00e9lasticit\u00e9 Rp0,2 (N\/mm2) \u226595 [&hellip;]<\/p>\n","protected":false},"author":2,"featured_media":0,"parent":1834,"menu_order":0,"comment_status":"closed","ping_status":"closed","template":"page-templates\/edilizia.php","meta":{"_acf_changed":false,"footnotes":""},"class_list":["post-1278","page","type-page","status-publish","hentry"],"acf":[],"_links":{"self":[{"href":"https:\/\/www.tresoldimetalli.it\/fr\/wp-json\/wp\/v2\/pages\/1278","targetHints":{"allow":["GET"]}}],"collection":[{"href":"https:\/\/www.tresoldimetalli.it\/fr\/wp-json\/wp\/v2\/pages"}],"about":[{"href":"https:\/\/www.tresoldimetalli.it\/fr\/wp-json\/wp\/v2\/types\/page"}],"author":[{"embeddable":true,"href":"https:\/\/www.tresoldimetalli.it\/fr\/wp-json\/wp\/v2\/users\/2"}],"replies":[{"embeddable":true,"href":"https:\/\/www.tresoldimetalli.it\/fr\/wp-json\/wp\/v2\/comments?post=1278"}],"version-history":[{"count":15,"href":"https:\/\/www.tresoldimetalli.it\/fr\/wp-json\/wp\/v2\/pages\/1278\/revisions"}],"predecessor-version":[{"id":3350,"href":"https:\/\/www.tresoldimetalli.it\/fr\/wp-json\/wp\/v2\/pages\/1278\/revisions\/3350"}],"up":[{"embeddable":true,"href":"https:\/\/www.tresoldimetalli.it\/fr\/wp-json\/wp\/v2\/pages\/1834"}],"wp:attachment":[{"href":"https:\/\/www.tresoldimetalli.it\/fr\/wp-json\/wp\/v2\/media?parent=1278"}],"curies":[{"name":"wp","href":"https:\/\/api.w.org\/{rel}","templated":true}]}}