{"id":1291,"date":"2020-10-26T13:27:20","date_gmt":"2020-10-26T12:27:20","guid":{"rendered":"https:\/\/www.tresoldimetalli.it\/demo\/ottone\/"},"modified":"2023-07-12T18:29:57","modified_gmt":"2023-07-12T16:29:57","slug":"ottone","status":"publish","type":"page","link":"https:\/\/www.tresoldimetalli.it\/fr\/batiment\/ottone\/","title":{"rendered":"Laiton"},"content":{"rendered":"<h2>LAITON OT63<\/h2>\n<p>&nbsp;<\/p>\n<table width=\"496\">\n<tbody>\n<tr>\n<td colspan=\"2\" width=\"496\">G030 RECUIT<\/td>\n<\/tr>\n<tr>\n<td>Qualit\u00e9<\/td>\n<td>CuZn37 CW508L<\/td>\n<\/tr>\n<tr>\n<td>Limite unitaire d&rsquo;\u00e9lasticit\u00e9 Re MPA<\/td>\n<td>130<\/td>\n<\/tr>\n<tr>\n<td>Charge unitaire de rupture Rm MPA<\/td>\n<td>340<\/td>\n<\/tr>\n<tr>\n<td>Norme de r\u00e9f\u00e9rence<\/td>\n<td>UNI EN 1652<\/td>\n<\/tr>\n<\/tbody>\n<\/table>\n<p>&nbsp;<\/p>\n<table width=\"496\">\n<tbody>\n<tr>\n<td colspan=\"2\" width=\"496\">R410 \u00c9CROUI<\/td>\n<\/tr>\n<tr>\n<td>Qualit\u00e9<\/td>\n<td>CuZn37 CW508L<\/td>\n<\/tr>\n<tr>\n<td>Limite unitaire d&rsquo;\u00e9lasticit\u00e9 Re MPA<\/td>\n<td>300<\/td>\n<\/tr>\n<tr>\n<td>Charge unitaire de rupture Rm MPA<\/td>\n<td>410\u00f7490<\/td>\n<\/tr>\n<tr>\n<td>Norme de r\u00e9f\u00e9rence<\/td>\n<td>UNI EN 1652<\/td>\n<\/tr>\n<\/tbody>\n<\/table>\n<p>&nbsp;<\/p>\n<table width=\"496\">\n<tbody>\n<tr>\n<td colspan=\"2\" width=\"496\">R350 DEMI \u00c9CROUI<\/td>\n<\/tr>\n<tr>\n<td>Qualit\u00e9<\/td>\n<td>CuZn37 CW508L<\/td>\n<\/tr>\n<tr>\n<td>Limite unitaire d&rsquo;\u00e9lasticit\u00e9 Re MPA<\/td>\n<td>170<\/td>\n<\/tr>\n<tr>\n<td>Charge unitaire de rupture Rm MPA<\/td>\n<td>350\u00f7440<\/td>\n<\/tr>\n<tr>\n<td>Norme de r\u00e9f\u00e9rence<\/td>\n<td>UNI EN 1652<\/td>\n<\/tr>\n<\/tbody>\n<\/table>\n<p>&nbsp;<\/p>\n<table width=\"496\">\n<tbody>\n<tr>\n<td colspan=\"2\" width=\"496\">Caract\u00e9ristiques techniques<\/td>\n<\/tr>\n<tr>\n<td rowspan=\"2\">Composition (indicative) %<\/td>\n<td>Cu 62-64 &#8211; Al 0,05 max &#8211; De 0,10 max &#8211; Ni 0,30 max-<\/td>\n<\/tr>\n<tr>\n<td>Pb 0,10 max &#8211; Sn 0,10 max &#8211; autres 0,10 max &#8211; Zn du repos<\/td>\n<\/tr>\n<\/tbody>\n<\/table>\n<p>&nbsp;<\/p>\n<table width=\"496\">\n<tbody>\n<tr>\n<td colspan=\"2\" width=\"496\">Dimensions et emballages<\/td>\n<\/tr>\n<tr>\n<td>BOBINES<\/td>\n<td><\/td>\n<\/tr>\n<tr>\n<td>Largeurs et formats (mm)<\/td>\n<td>1000<\/td>\n<\/tr>\n<tr>\n<td>\u00c9paisseurs (mm)<\/td>\n<td>0,80 &#8211; 1,00 &#8211; 1,50 &#8211; 2,00<\/td>\n<\/tr>\n<tr>\n<td>Emballages standards<\/td>\n<td>\u00f8 300 &#8211; 400 ou 508<\/td>\n<\/tr>\n<tr>\n<td>BANDES<\/td>\n<td><\/td>\n<\/tr>\n<tr>\n<td>Largeurs et formats (mm)<\/td>\n<td>\u00e0 partir de 8<\/td>\n<\/tr>\n<tr>\n<td>\u00c9paisseurs (mm)<\/td>\n<td>0,80 &#8211; 1,00 &#8211; 1,50 &#8211; 2,00<\/td>\n<\/tr>\n<tr>\n<td>Emballages standards<\/td>\n<td>\u00f8 300 &#8211; 400 ou 508<\/td>\n<\/tr>\n<tr>\n<td>Poids<\/td>\n<td>bobines\u00a0: 500 ou 1000 kg &#8211; mini bobines\u00a0: 100 kg pce<\/td>\n<\/tr>\n<tr>\n<td>FEUILLES<\/td>\n<td><\/td>\n<\/tr>\n<tr>\n<td>Largeurs et formats (mm)<\/td>\n<td>1000&#215;2000<\/td>\n<\/tr>\n<tr>\n<td>\u00c9paisseurs (mm)<\/td>\n<td>0,80 &#8211; 1,00 &#8211; 1,50 &#8211; 2,00<\/td>\n<\/tr>\n<tr>\n<td>Emballages standards<\/td>\n<td>&#8211;<\/td>\n<\/tr>\n<\/tbody>\n<\/table>\n<p><em>Autres mesures, alliages, finitions et \u00e9paisseurs sur demande.<\/em><\/p>\n<p>&nbsp;<\/p>\n<h2>LAITON OT67<\/h2>\n<p>&nbsp;<\/p>\n<table width=\"496\">\n<tbody>\n<tr>\n<td colspan=\"2\" width=\"496\">G030 RECUIT<\/td>\n<\/tr>\n<tr>\n<td>Qualit\u00e9<\/td>\n<td>CuZn33 CW506L<\/td>\n<\/tr>\n<tr>\n<td>Limite unitaire d&rsquo;\u00e9lasticit\u00e9 Re MPA<\/td>\n<td>130<\/td>\n<\/tr>\n<tr>\n<td>Charge unitaire de rupture Rm MPA<\/td>\n<td>340<\/td>\n<\/tr>\n<tr>\n<td>Norme de r\u00e9f\u00e9rence<\/td>\n<td>UNI EN 1652<\/td>\n<\/tr>\n<\/tbody>\n<\/table>\n<p>&nbsp;<\/p>\n<table width=\"496\">\n<tbody>\n<tr>\n<td colspan=\"2\" width=\"496\">R350 DEMI \u00c9CROUI<\/td>\n<\/tr>\n<tr>\n<td>Qualit\u00e9<\/td>\n<td>CuZn33 CW506L<\/td>\n<\/tr>\n<tr>\n<td>Limite unitaire d&rsquo;\u00e9lasticit\u00e9 Re MPA<\/td>\n<td>170<\/td>\n<\/tr>\n<tr>\n<td>Charge unitaire de rupture Rm MPA<\/td>\n<td>350\u00f7440<\/td>\n<\/tr>\n<tr>\n<td>Norme de r\u00e9f\u00e9rence<\/td>\n<td>UNI EN 1652<\/td>\n<\/tr>\n<\/tbody>\n<\/table>\n<p>&nbsp;<\/p>\n<table width=\"496\">\n<tbody>\n<tr>\n<td colspan=\"2\" width=\"496\">R420 \u00c9CROUI<\/td>\n<\/tr>\n<tr>\n<td>Qualit\u00e9<\/td>\n<td>CuZn33 CW506L<\/td>\n<\/tr>\n<tr>\n<td>Limite unitaire d&rsquo;\u00e9lasticit\u00e9 Re MPA<\/td>\n<td>300<\/td>\n<\/tr>\n<tr>\n<td>Charge unitaire de rupture Rm MPA<\/td>\n<td>420\u00f7500<\/td>\n<\/tr>\n<tr>\n<td>Norme de r\u00e9f\u00e9rence<\/td>\n<td>UNI EN 1652<\/td>\n<\/tr>\n<\/tbody>\n<\/table>\n<p>&nbsp;<\/p>\n<table width=\"496\">\n<tbody>\n<tr>\n<td colspan=\"2\" width=\"496\">Caract\u00e9ristiques techniques<\/td>\n<\/tr>\n<tr>\n<td rowspan=\"2\">Composition (indicative) %<\/td>\n<td>Cu 66\/68 &#8211; Al 0,02 max &#8211; Fe 0,05 max &#8211; Ni0,30 max &#8211;<\/td>\n<\/tr>\n<tr>\n<td>Pb 0,05 max &#8211; Sn 0,10 max &#8211; autres 0,10 max &#8211; Zn du repos<\/td>\n<\/tr>\n<\/tbody>\n<\/table>\n<p>&nbsp;<\/p>\n<table width=\"496\">\n<tbody>\n<tr>\n<td colspan=\"2\" width=\"496\">Dimensions et emballages<\/td>\n<\/tr>\n<tr>\n<td>BOBINES<\/td>\n<td><\/td>\n<\/tr>\n<tr>\n<td>Largeurs et formats (mm)<\/td>\n<td>1000<\/td>\n<\/tr>\n<tr>\n<td>\u00c9paisseurs (mm)<\/td>\n<td>0,80 &#8211; 1,00 &#8211; 1,50 &#8211; 2,00<\/td>\n<\/tr>\n<tr>\n<td>Emballages standards<\/td>\n<td>\u00f8 300 &#8211; 400 ou 508<\/td>\n<\/tr>\n<tr>\n<td>BANDES<\/td>\n<td><\/td>\n<\/tr>\n<tr>\n<td>Largeurs et formats (mm)<\/td>\n<td>\u00e0 partir de 8<\/td>\n<\/tr>\n<tr>\n<td>\u00c9paisseurs (mm)<\/td>\n<td>0,80 &#8211; 1,00 &#8211; 1,50 &#8211; 2,00<\/td>\n<\/tr>\n<tr>\n<td>Emballages standards<\/td>\n<td>\u00f8 300 &#8211; 400 ou 508<\/td>\n<\/tr>\n<tr>\n<td>Poids<\/td>\n<td>bobines\u00a0: 500 ou 1000 kg &#8211; mini bobines\u00a0: 100 kg pce<\/td>\n<\/tr>\n<tr>\n<td>FEUILLES<\/td>\n<td><\/td>\n<\/tr>\n<tr>\n<td>Largeurs et formats (mm)<\/td>\n<td>1000&#215;2000<\/td>\n<\/tr>\n<tr>\n<td>\u00c9paisseurs (mm)<\/td>\n<td>0,80 &#8211; 1,00 &#8211; 1,50 &#8211; 2,00<\/td>\n<\/tr>\n<tr>\n<td>Emballages standards<\/td>\n<td>&#8211;<\/td>\n<\/tr>\n<\/tbody>\n<\/table>\n<p><em>Autres mesures, alliages, finitions et \u00e9paisseurs sur demande.<\/em><\/p>\n","protected":false},"excerpt":{"rendered":"<p>LAITON OT63 &nbsp; G030 RECUIT Qualit\u00e9 CuZn37 CW508L Limite unitaire d&rsquo;\u00e9lasticit\u00e9 Re MPA 130 Charge unitaire de rupture Rm MPA 340 Norme de r\u00e9f\u00e9rence UNI EN 1652 &nbsp; R410 \u00c9CROUI Qualit\u00e9 CuZn37 CW508L Limite unitaire d&rsquo;\u00e9lasticit\u00e9 Re MPA 300 Charge unitaire de rupture Rm MPA 410\u00f7490 Norme de r\u00e9f\u00e9rence UNI EN 1652 &nbsp; R350 DEMI [&hellip;]<\/p>\n","protected":false},"author":2,"featured_media":0,"parent":1834,"menu_order":0,"comment_status":"closed","ping_status":"closed","template":"page-templates\/edilizia.php","meta":{"_acf_changed":false,"footnotes":""},"class_list":["post-1291","page","type-page","status-publish","hentry"],"acf":[],"_links":{"self":[{"href":"https:\/\/www.tresoldimetalli.it\/fr\/wp-json\/wp\/v2\/pages\/1291","targetHints":{"allow":["GET"]}}],"collection":[{"href":"https:\/\/www.tresoldimetalli.it\/fr\/wp-json\/wp\/v2\/pages"}],"about":[{"href":"https:\/\/www.tresoldimetalli.it\/fr\/wp-json\/wp\/v2\/types\/page"}],"author":[{"embeddable":true,"href":"https:\/\/www.tresoldimetalli.it\/fr\/wp-json\/wp\/v2\/users\/2"}],"replies":[{"embeddable":true,"href":"https:\/\/www.tresoldimetalli.it\/fr\/wp-json\/wp\/v2\/comments?post=1291"}],"version-history":[{"count":8,"href":"https:\/\/www.tresoldimetalli.it\/fr\/wp-json\/wp\/v2\/pages\/1291\/revisions"}],"predecessor-version":[{"id":3341,"href":"https:\/\/www.tresoldimetalli.it\/fr\/wp-json\/wp\/v2\/pages\/1291\/revisions\/3341"}],"up":[{"embeddable":true,"href":"https:\/\/www.tresoldimetalli.it\/fr\/wp-json\/wp\/v2\/pages\/1834"}],"wp:attachment":[{"href":"https:\/\/www.tresoldimetalli.it\/fr\/wp-json\/wp\/v2\/media?parent=1291"}],"curies":[{"name":"wp","href":"https:\/\/api.w.org\/{rel}","templated":true}]}}