{"id":1295,"date":"2020-10-26T13:27:59","date_gmt":"2020-10-26T12:27:59","guid":{"rendered":"https:\/\/www.tresoldimetalli.it\/demo\/piombo\/"},"modified":"2023-07-11T19:05:46","modified_gmt":"2023-07-11T17:05:46","slug":"piombo","status":"publish","type":"page","link":"https:\/\/www.tresoldimetalli.it\/fr\/batiment\/piombo\/","title":{"rendered":"Plomb"},"content":{"rendered":"<h2>PLOMB LAMIN\u00c9 99,9%<\/h2>\n<table width=\"496\">\n<tbody>\n<tr>\n<td colspan=\"2\" width=\"496\">Caract\u00e9ristiques techniques<\/td>\n<\/tr>\n<tr>\n<td>Selon la norme<\/td>\n<td>EN 6450 &#8211; 69 UNI 3615<\/td>\n<\/tr>\n<tr>\n<td>Densit\u00e9 g\/cm\u00b3<\/td>\n<td>12<\/td>\n<\/tr>\n<tr>\n<td>Composition (indicative) %<\/td>\n<td>Pb rest Cu 0,03\u00f70,06 &#8211; Sn 0,005 max &#8211; Bi 0,10 max &#8211; Ag 0,0005 max &#8211; Sn 0,005 max &#8211; Zn 0,001 max &#8211; autres 0,005 max<\/td>\n<\/tr>\n<\/tbody>\n<\/table>\n<p>&nbsp;<\/p>\n<table width=\"496\">\n<tbody>\n<tr>\n<td colspan=\"2\" width=\"496\">Caract\u00e9ristiques m\u00e9caniques<\/td>\n<\/tr>\n<tr>\n<td>R\u00e9sistance \u00e0 la traction (indicative) N\/mm\u00b2<\/td>\n<td>19<\/td>\n<\/tr>\n<tr>\n<td>Allongement N\/mm<sup>2<\/sup><\/td>\n<td>12<\/td>\n<\/tr>\n<tr>\n<td>Allongement \u00e0 la rupture A50%<\/td>\n<td>50<\/td>\n<\/tr>\n<\/tbody>\n<\/table>\n<p>&nbsp;<\/p>\n<table width=\"496\">\n<tbody>\n<tr>\n<td colspan=\"2\" width=\"496\">Dimensions et emballages<\/td>\n<\/tr>\n<tr>\n<td>ROULEAUX<\/td>\n<td><\/td>\n<\/tr>\n<tr>\n<td>Largeurs et formats (mm)<\/td>\n<td>1000&#215;5000<\/td>\n<\/tr>\n<tr>\n<td>\u00c9paisseurs (mm)<\/td>\n<td>0,35 &#8211; 0,50 &#8211; 0,70 &#8211; 1,00 &#8211; 1,20 &#8211; 1,50<br \/>\n&#8211; 2,00 &#8211; 3,00<\/td>\n<\/tr>\n<tr>\n<td>Emballages standard<\/td>\n<td>Europalette 1000 kg palette compl\u00e8te ou possibilit\u00e9 de vente au rouleau<\/td>\n<\/tr>\n<tr>\n<td>Dimensions coup\u00e9es<\/td>\n<td>330 &#8211; 400 &#8211; 500 &#8211; 670<\/td>\n<\/tr>\n<\/tbody>\n<\/table>\n<p>Autres mesures et \u00e9paisseurs sur demande<\/p>\n","protected":false},"excerpt":{"rendered":"<p>PLOMB LAMIN\u00c9 99,9% Caract\u00e9ristiques techniques Selon la norme EN 6450 &#8211; 69 UNI 3615 Densit\u00e9 g\/cm\u00b3 12 Composition (indicative) % Pb rest Cu 0,03\u00f70,06 &#8211; Sn 0,005 max &#8211; Bi 0,10 max &#8211; Ag 0,0005 max &#8211; Sn 0,005 max &#8211; Zn 0,001 max &#8211; autres 0,005 max &nbsp; Caract\u00e9ristiques m\u00e9caniques R\u00e9sistance \u00e0 la traction [&hellip;]<\/p>\n","protected":false},"author":2,"featured_media":0,"parent":1834,"menu_order":0,"comment_status":"closed","ping_status":"closed","template":"page-templates\/edilizia.php","meta":{"_acf_changed":false,"footnotes":""},"class_list":["post-1295","page","type-page","status-publish","hentry"],"acf":[],"_links":{"self":[{"href":"https:\/\/www.tresoldimetalli.it\/fr\/wp-json\/wp\/v2\/pages\/1295","targetHints":{"allow":["GET"]}}],"collection":[{"href":"https:\/\/www.tresoldimetalli.it\/fr\/wp-json\/wp\/v2\/pages"}],"about":[{"href":"https:\/\/www.tresoldimetalli.it\/fr\/wp-json\/wp\/v2\/types\/page"}],"author":[{"embeddable":true,"href":"https:\/\/www.tresoldimetalli.it\/fr\/wp-json\/wp\/v2\/users\/2"}],"replies":[{"embeddable":true,"href":"https:\/\/www.tresoldimetalli.it\/fr\/wp-json\/wp\/v2\/comments?post=1295"}],"version-history":[{"count":4,"href":"https:\/\/www.tresoldimetalli.it\/fr\/wp-json\/wp\/v2\/pages\/1295\/revisions"}],"predecessor-version":[{"id":3344,"href":"https:\/\/www.tresoldimetalli.it\/fr\/wp-json\/wp\/v2\/pages\/1295\/revisions\/3344"}],"up":[{"embeddable":true,"href":"https:\/\/www.tresoldimetalli.it\/fr\/wp-json\/wp\/v2\/pages\/1834"}],"wp:attachment":[{"href":"https:\/\/www.tresoldimetalli.it\/fr\/wp-json\/wp\/v2\/media?parent=1295"}],"curies":[{"name":"wp","href":"https:\/\/api.w.org\/{rel}","templated":true}]}}