{"id":1299,"date":"2020-10-26T13:28:36","date_gmt":"2020-10-26T12:28:36","guid":{"rendered":"https:\/\/www.tresoldimetalli.it\/demo\/rame-2\/"},"modified":"2023-07-12T18:31:52","modified_gmt":"2023-07-12T16:31:52","slug":"rame-2","status":"publish","type":"page","link":"https:\/\/www.tresoldimetalli.it\/fr\/batiment\/rame-2\/","title":{"rendered":"Cuivre"},"content":{"rendered":"<h2>CUIVRE LAMIN\u00c9 CU DHP 99,9 CW024A RECUIT<\/h2>\n<table width=\"496\">\n<tbody>\n<tr>\n<td colspan=\"2\" width=\"496\">Caract\u00e9ristiques techniques<\/td>\n<\/tr>\n<tr>\n<td>Selon la norme<\/td>\n<td>EN 1652\/1172<\/td>\n<\/tr>\n<tr>\n<td>Densit\u00e9 g\/cm\u00b3<\/td>\n<td>8,92<\/td>\n<\/tr>\n<tr>\n<td>Composition (indicative) %<\/td>\n<td>Cu\u226599,9 \u2013 P 0,015\u00f70,040<\/td>\n<\/tr>\n<tr>\n<td>\u00a0\u00c9tat physique<\/td>\n<td>\u00a0R220 &#8211; H40<\/td>\n<\/tr>\n<\/tbody>\n<\/table>\n<p>&nbsp;<\/p>\n<table width=\"496\">\n<tbody>\n<tr>\n<td colspan=\"2\" width=\"496\">Propri\u00e9t\u00e9s m\u00e9caniques<\/td>\n<\/tr>\n<tr>\n<td>R\u00e9sistance \u00e0 la traction (indicative) N\/mm\u00b2<\/td>\n<td>220\u00f7260<\/td>\n<\/tr>\n<tr>\n<td>Limite d\u2019\u00e9lasticit\u00e9 N\/mm\u00b2<\/td>\n<td>140 min<\/td>\n<\/tr>\n<tr>\n<td>Allongement \u00e0 la rupture A% pour \u00e9pais. &lt;2,5 mm<\/td>\n<td>\u226533<\/td>\n<\/tr>\n<tr>\n<td>Allongement \u00e0 la rupture A% pour \u00e9pais. &gt;2,5 mm<\/td>\n<td>\u226542<\/td>\n<\/tr>\n<tr>\n<td>Duret\u00e9 HV<\/td>\n<td>40\u00f765<\/td>\n<\/tr>\n<\/tbody>\n<\/table>\n<p>&nbsp;<\/p>\n<table width=\"496\">\n<tbody>\n<tr>\n<td colspan=\"2\" width=\"496\">Dimensions et emballages<\/td>\n<\/tr>\n<tr>\n<td>BOBINES<\/td>\n<td><\/td>\n<\/tr>\n<tr>\n<td>Largeurs et formats (mm)<\/td>\n<td>1000<\/td>\n<\/tr>\n<tr>\n<td>\u00c9paisseurs (mm)<\/td>\n<td>0,30 &#8211; 0,40 &#8211; 0,50 &#8211; 0,55 &#8211; 0,60 \u2013 0,70 &#8211; 0,80<\/td>\n<\/tr>\n<tr>\n<td><\/td>\n<td>1,00 &#8211; 1,20 &#8211; 1,50 \u2013 2,00<\/td>\n<\/tr>\n<tr>\n<td>Emballages standards<\/td>\n<td>\u00f8 300 &#8211; 400 ou 508<\/td>\n<\/tr>\n<tr>\n<td>BANDES<\/td>\n<td><\/td>\n<\/tr>\n<tr>\n<td>Largeurs et formats (mm)<\/td>\n<td>\u00e0 partir de 8<\/td>\n<\/tr>\n<tr>\n<td>\u00c9paisseurs (mm)<\/td>\n<td>0,50 &#8211; 0,60 &#8211; 0,70 &#8211; 0,80 &#8211; 1,00 &#8211; 1,20<br \/>\n&#8211; 1,50 &#8211; 2,00<\/td>\n<\/tr>\n<tr>\n<td>Emballages standards<\/td>\n<td>\u00f8 300 &#8211; 400 ou 508<\/td>\n<\/tr>\n<tr>\n<td>Poids<\/td>\n<td>bobines\u00a0: 500 ou 1000 kg &#8211; mini bobines\u00a0: 100 kg pce<\/td>\n<\/tr>\n<tr>\n<td>FEUILLES<\/td>\n<td><\/td>\n<\/tr>\n<tr>\n<td>Largeurs et formats (mm)<\/td>\n<td>1000&#215;2000<\/td>\n<\/tr>\n<tr>\n<td>\u00c9paisseurs (mm)<\/td>\n<td>0,30 &#8211; 0,50 &#8211; 0,60 &#8211; 0,70<\/td>\n<\/tr>\n<tr>\n<td><\/td>\n<td>0,80 &#8211; 1,00 &#8211; 1,20 &#8211; 1,50 &#8211; 2,00<\/td>\n<\/tr>\n<tr>\n<td>Emballages standards<\/td>\n<td>&#8211;<\/td>\n<\/tr>\n<\/tbody>\n<\/table>\n<p>Autres mesures, alliages, finitions et \u00e9paisseurs sur demande.<\/p>\n<p>&nbsp;<\/p>\n<h2>CUIVRE LAMIN\u00c9 CU DH 99,9 CW024A DEMI \u00c9CROUI<\/h2>\n<table width=\"496\">\n<tbody>\n<tr>\n<td colspan=\"2\" width=\"496\">Caract\u00e9ristiques techniques<\/td>\n<\/tr>\n<tr>\n<td>Selon la norme<\/td>\n<td>EN 1652\/1172<\/td>\n<\/tr>\n<tr>\n<td>Densit\u00e9 g\/cm\u00b3<\/td>\n<td>8,92<\/td>\n<\/tr>\n<tr>\n<td>Composition (indicative) %<\/td>\n<td>Cu\u226599,9 &#8211; P 0,015\u00f70,040<\/td>\n<\/tr>\n<tr>\n<td>\u00c9tat physique<\/td>\n<td>R240 &#8211; H65<\/td>\n<\/tr>\n<\/tbody>\n<\/table>\n<p>&nbsp;<\/p>\n<table width=\"496\">\n<tbody>\n<tr>\n<td colspan=\"2\" width=\"496\">Propri\u00e9t\u00e9s m\u00e9caniques<\/td>\n<\/tr>\n<tr>\n<td>R\u00e9sistance \u00e0 la traction (indicative) N\/mm\u00b2<\/td>\n<td>240\u00f7300<\/td>\n<\/tr>\n<tr>\n<td>Limite d\u2019\u00e9lasticit\u00e9 N\/mm\u00b2<\/td>\n<td>140 min<\/td>\n<\/tr>\n<tr>\n<td>Allongement \u00e0 la rupture A% pour \u00e9pais. &lt;2,5 mm<\/td>\n<td>\u22658<\/td>\n<\/tr>\n<tr>\n<td>Allongement \u00e0 la rupture A% pour \u00e9pais. &gt;2,5 mm<\/td>\n<td>\u226515<\/td>\n<\/tr>\n<tr>\n<td>Duret\u00e9 HV<\/td>\n<td>65\u00f795<\/td>\n<\/tr>\n<\/tbody>\n<\/table>\n<p>&nbsp;<\/p>\n<table width=\"496\">\n<tbody>\n<tr>\n<td colspan=\"2\" width=\"496\">Dimensions et emballages<\/td>\n<\/tr>\n<tr>\n<td>BOBINES<\/td>\n<td><\/td>\n<\/tr>\n<tr>\n<td>Largeurs et formats (mm)<\/td>\n<td>1000 \u2013 1250<\/td>\n<\/tr>\n<tr>\n<td>\u00c9paisseurs (mm)<\/td>\n<td>0,45 \u2013 0,50 \u2013 0,55 \u2013 0,60 \u2013 0,70 \u2013 0,80 \u2013<\/td>\n<\/tr>\n<tr>\n<td><\/td>\n<td>1,00 \u2013 1,20 \u2013 1,50 \u2013 2,00 \u2013 2,50 &#8211; 3,00 \u2013 4,00<\/td>\n<\/tr>\n<tr>\n<td>Emballages standards<\/td>\n<td>\u00f8 300 &#8211; 400 ou 508<\/td>\n<\/tr>\n<tr>\n<td>BANDES<\/td>\n<td><\/td>\n<\/tr>\n<tr>\n<td>Largeurs et formats (mm)<\/td>\n<td>\u00e0 partir de 8<\/td>\n<\/tr>\n<tr>\n<td>\u00c9paisseurs (mm)<\/td>\n<td>0,45 \u2013 0,50 \u2013 0,55 \u2013 0,60 \u2013 0,70 \u2013<br \/>\n0,80 &#8211; 1,00 \u2013 1,20 \u2013 1,50 \u2013 2,00 &#8211; 2,50<br \/>\n\u2013 3,00 \u2013 4,00<\/td>\n<\/tr>\n<tr>\n<td>Emballages standards<\/td>\n<td>\u00f8 300 &#8211; 400 ou 508<\/td>\n<\/tr>\n<tr>\n<td>Poids<\/td>\n<td>bobines: 500 ou 1000 kg &#8211; mini bobines : 100 kg pce<\/td>\n<\/tr>\n<tr>\n<td>FEUILLES<\/td>\n<td><\/td>\n<\/tr>\n<tr>\n<td>Largeurs et formats (mm)<\/td>\n<td>1000&#215;2000 &#8211; 1250&#215;2500<\/td>\n<\/tr>\n<tr>\n<td>\u00c9paisseurs (mm)<\/td>\n<td>0,45 \u2013 0,50 \u2013 0,55 \u2013 0,60 \u2013 0,65 \u2013<br \/>\n0,70 \u2013 0,80 \u2013 0,90 &#8211; 1,00 \u2013 1,20<\/td>\n<\/tr>\n<tr>\n<td><\/td>\n<td>\u2013 1,50 \u2013 2,00 &#8211; 2,50 \u2013 3,00 \u2013 4,00 \u2013 5,00<\/td>\n<\/tr>\n<tr>\n<td>Emballages standards<\/td>\n<td>&#8211;<\/td>\n<\/tr>\n<\/tbody>\n<\/table>\n<p><em>Autres mesures, alliages, finitions et \u00e9paisseurs sur demande.<\/em><\/p>\n<p>&nbsp;<\/p>\n<h2>PLAT EN CUIVRE SEMI ETP 99,9 CW004A \u00c9CROUI EXTRUD\u00c9<\/h2>\n<table width=\"496\">\n<tbody>\n<tr>\n<td colspan=\"2\" width=\"496\">Caract\u00e9ristiques techniques<\/td>\n<\/tr>\n<tr>\n<td>Selon la norme<\/td>\n<td>EN 13601 &#8211; CW008A<\/td>\n<\/tr>\n<tr>\n<td>Densit\u00e9 g\/cm\u00b3<\/td>\n<td>8,92<\/td>\n<\/tr>\n<tr>\n<td>Composition (indicative) %<\/td>\n<td>Cu\u226599,900 \u2013 Pb\u22640,005 \u2013 Bi\u22640,0005<\/td>\n<\/tr>\n<tr>\n<td>\u00c9tat physique<\/td>\n<td>&#8211;<\/td>\n<\/tr>\n<\/tbody>\n<\/table>\n<p>&nbsp;<\/p>\n<table width=\"496\">\n<tbody>\n<tr>\n<td colspan=\"2\" width=\"496\">Propri\u00e9t\u00e9s m\u00e9caniques<\/td>\n<\/tr>\n<tr>\n<td>R\u00e9sistance \u00e0 la traction (indicative) N\/mm\u00b2<\/td>\n<td>260\u00f7300<\/td>\n<\/tr>\n<tr>\n<td>Limite d\u2019\u00e9lasticit\u00e9 N\/mm\u00b2<\/td>\n<td>&#8211;<\/td>\n<\/tr>\n<tr>\n<td>Allongement \u00e0 la rupture A% pour \u00e9pais. &lt;2,5 mm<\/td>\n<td>8<\/td>\n<\/tr>\n<tr>\n<td>Allongement \u00e0 la rupture A% pour \u00e9pais. &gt;2,5 mm<\/td>\n<td>15<\/td>\n<\/tr>\n<tr>\n<td>Duret\u00e9 HV<\/td>\n<td>&#8211;<\/td>\n<\/tr>\n<\/tbody>\n<\/table>\n<p>&nbsp;<\/p>\n<table width=\"496\">\n<tbody>\n<tr>\n<td colspan=\"2\" width=\"496\">Dimensions et emballages<\/td>\n<\/tr>\n<tr>\n<td>BARRES<\/td>\n<td><\/td>\n<\/tr>\n<tr>\n<td>Largeurs et formats (mm)<\/td>\n<td>20 \u2013 25 \u2013 30 &#8211; 40 &#8211; 50 &#8211; 60<\/td>\n<\/tr>\n<tr>\n<td>\u00c9paisseurs (mm)<\/td>\n<td>2,00 \u2013 3,00 \u2013 4,00 \u2013 5,00<\/td>\n<\/tr>\n<tr>\n<td>Longueur standard (m)<\/td>\n<td>4<\/td>\n<\/tr>\n<tr>\n<td>Diam\u00e8tre int\u00e9rieur (mm)<\/td>\n<td>&#8211;<\/td>\n<\/tr>\n<tr>\n<td>COURONNES<\/td>\n<td><\/td>\n<\/tr>\n<tr>\n<td>Largeurs et formats (mm)<\/td>\n<td>28 &#8211; 30<\/td>\n<\/tr>\n<tr>\n<td>\u00c9paisseurs (mm)<\/td>\n<td>1,50 &#8211; 2,00 &#8211; 2,50 \u2013 3,00 \u2013 4,00<\/td>\n<\/tr>\n<tr>\n<td>Longueur standard (m)<\/td>\n<td>&#8211;<\/td>\n<\/tr>\n<tr>\n<td>Diam\u00e8tre int\u00e9rieur (mm)<\/td>\n<td>500<\/td>\n<\/tr>\n<\/tbody>\n<\/table>\n<p><em>\u00a0Autres mesures, alliages, finitions et \u00e9paisseurs sur demande.<\/em><\/p>\n<p>&nbsp;<\/p>\n<h2>CUIVRE LAMIN\u00c9 TECU<sup>\u00ae<\/sup>OXID<\/h2>\n<table width=\"496\">\n<tbody>\n<tr>\n<td colspan=\"2\" width=\"496\">Caract\u00e9ristiques techniques<\/td>\n<\/tr>\n<tr>\n<td>Selon la norme<\/td>\n<td>EN 1172 &#8211; CW024A\/CU DHP<\/td>\n<\/tr>\n<tr>\n<td>Densit\u00e9 g\/cm\u00b3<\/td>\n<td>8,92<\/td>\n<\/tr>\n<tr>\n<td>Composition (indicative) %<\/td>\n<td>Cu &gt;99,9 &#8211; P 0,015 \u00e0 0,040<\/td>\n<\/tr>\n<\/tbody>\n<\/table>\n<p>&nbsp;<\/p>\n<table width=\"496\">\n<tbody>\n<tr>\n<td colspan=\"2\" width=\"496\">Caract\u00e9ristiques m\u00e9caniques<\/td>\n<\/tr>\n<tr>\n<td>R\u00e9sistance \u00e0 la traction (indicative) N\/mm\u00b2<\/td>\n<td>240 \u00f7 285<\/td>\n<\/tr>\n<tr>\n<td>Allongement N\/mm<sup>2<\/sup><\/td>\n<td>180 &#8211; 230<\/td>\n<\/tr>\n<tr>\n<td>Allongement \u00e0 la rupture A50%<\/td>\n<td>\u226515<\/td>\n<\/tr>\n<tr>\n<td>Duret\u00e9 HV<\/td>\n<td>max 90<\/td>\n<\/tr>\n<\/tbody>\n<\/table>\n<p>Mat\u00e9riau non en stock mais disponible sur commande, \u00e9paisseurs et formats \u00e0 v\u00e9rifier.<\/p>\n<p>&nbsp;<\/p>\n<h2>CUIVRE LAMIN\u00c9 TECU<sup>\u00ae<\/sup>PATINA<\/h2>\n<table width=\"496\">\n<tbody>\n<tr>\n<td colspan=\"2\" width=\"496\">Caract\u00e9ristiques techniques<\/td>\n<\/tr>\n<tr>\n<td>Selon la norme<\/td>\n<td>EN 1172 &#8211; CW024A\/CU DHP<\/td>\n<\/tr>\n<tr>\n<td>Densit\u00e9 g\/cm\u00b3<\/td>\n<td>8,92<\/td>\n<\/tr>\n<tr>\n<td>Composition (indicative) %<\/td>\n<td>Cu &gt;99.9 &#8211; P 0.015 \u00e0 0.040<\/td>\n<\/tr>\n<\/tbody>\n<\/table>\n<p>&nbsp;<\/p>\n<table width=\"496\">\n<tbody>\n<tr>\n<td colspan=\"2\" width=\"496\">Caract\u00e9ristiques m\u00e9caniques<\/td>\n<\/tr>\n<tr>\n<td>R\u00e9sistance \u00e0 la traction (indicative) N\/mm\u00b2<\/td>\n<td>240 \u00e0 285<\/td>\n<\/tr>\n<tr>\n<td>Allongement N\/mm<sup>2<\/sup><\/td>\n<td>180 &#8211; 230<\/td>\n<\/tr>\n<tr>\n<td>Allongement \u00e0 la rupture A50%<\/td>\n<td>\u226515<\/td>\n<\/tr>\n<tr>\n<td>Duret\u00e9 HV<\/td>\n<td>max 90<\/td>\n<\/tr>\n<\/tbody>\n<\/table>\n<p><em>Mat\u00e9riau non en stock mais disponible sur commande, \u00e9paisseurs et formats \u00e0 v\u00e9rifier.<\/em><\/p>\n<p>&nbsp;<\/p>\n<h2>CUIVRE LAMIN\u00c9 TECU<sup>\u00ae<\/sup>ZINN<\/h2>\n<table width=\"496\">\n<tbody>\n<tr>\n<td colspan=\"2\" width=\"496\">Caract\u00e9ristiques techniques<\/td>\n<\/tr>\n<tr>\n<td>Selon la norme<\/td>\n<td>EN 1172 &#8211; CW024A\/CU DHP<\/td>\n<\/tr>\n<tr>\n<td>Densit\u00e9 g\/cm\u00b3<\/td>\n<td>8,92<\/td>\n<\/tr>\n<tr>\n<td>Composition (indicative) %<\/td>\n<td>Cu &gt;99.9 &#8211; P 0.015 \u00e0 0.040<\/td>\n<\/tr>\n<\/tbody>\n<\/table>\n<p>&nbsp;<\/p>\n<table width=\"496\">\n<tbody>\n<tr>\n<td colspan=\"2\" width=\"496\">Caract\u00e9ristiques m\u00e9caniques<\/td>\n<\/tr>\n<tr>\n<td>R\u00e9sistance \u00e0 la traction (indicative) N\/mm\u00b2<\/td>\n<td>240 \u00e0 285<\/td>\n<\/tr>\n<tr>\n<td>Allongement N\/mm<sup>2<\/sup><\/td>\n<td>180 &#8211; 230<\/td>\n<\/tr>\n<tr>\n<td>Allongement \u00e0 la rupture A50%<\/td>\n<td>\u226515<\/td>\n<\/tr>\n<tr>\n<td>Duret\u00e9 HV<\/td>\n<td>max 90<\/td>\n<\/tr>\n<\/tbody>\n<\/table>\n<p><em>Mat\u00e9riau non en stock mais disponible sur commande, \u00e9paisseurs et formats \u00e0 v\u00e9rifier.<\/em><\/p>\n","protected":false},"excerpt":{"rendered":"<p>CUIVRE LAMIN\u00c9 CU DHP 99,9 CW024A RECUIT Caract\u00e9ristiques techniques Selon la norme EN 1652\/1172 Densit\u00e9 g\/cm\u00b3 8,92 Composition (indicative) % Cu\u226599,9 \u2013 P 0,015\u00f70,040 \u00a0\u00c9tat physique \u00a0R220 &#8211; H40 &nbsp; Propri\u00e9t\u00e9s m\u00e9caniques R\u00e9sistance \u00e0 la traction (indicative) N\/mm\u00b2 220\u00f7260 Limite d\u2019\u00e9lasticit\u00e9 N\/mm\u00b2 140 min Allongement \u00e0 la rupture A% pour \u00e9pais. &lt;2,5 mm \u226533 Allongement [&hellip;]<\/p>\n","protected":false},"author":2,"featured_media":0,"parent":1834,"menu_order":0,"comment_status":"closed","ping_status":"closed","template":"page-templates\/edilizia.php","meta":{"_acf_changed":false,"footnotes":""},"class_list":["post-1299","page","type-page","status-publish","hentry"],"acf":[],"_links":{"self":[{"href":"https:\/\/www.tresoldimetalli.it\/fr\/wp-json\/wp\/v2\/pages\/1299","targetHints":{"allow":["GET"]}}],"collection":[{"href":"https:\/\/www.tresoldimetalli.it\/fr\/wp-json\/wp\/v2\/pages"}],"about":[{"href":"https:\/\/www.tresoldimetalli.it\/fr\/wp-json\/wp\/v2\/types\/page"}],"author":[{"embeddable":true,"href":"https:\/\/www.tresoldimetalli.it\/fr\/wp-json\/wp\/v2\/users\/2"}],"replies":[{"embeddable":true,"href":"https:\/\/www.tresoldimetalli.it\/fr\/wp-json\/wp\/v2\/comments?post=1299"}],"version-history":[{"count":9,"href":"https:\/\/www.tresoldimetalli.it\/fr\/wp-json\/wp\/v2\/pages\/1299\/revisions"}],"predecessor-version":[{"id":3403,"href":"https:\/\/www.tresoldimetalli.it\/fr\/wp-json\/wp\/v2\/pages\/1299\/revisions\/3403"}],"up":[{"embeddable":true,"href":"https:\/\/www.tresoldimetalli.it\/fr\/wp-json\/wp\/v2\/pages\/1834"}],"wp:attachment":[{"href":"https:\/\/www.tresoldimetalli.it\/fr\/wp-json\/wp\/v2\/media?parent=1299"}],"curies":[{"name":"wp","href":"https:\/\/api.w.org\/{rel}","templated":true}]}}