{"id":1308,"date":"2020-10-26T12:54:02","date_gmt":"2020-10-26T11:54:02","guid":{"rendered":"https:\/\/www.tresoldimetalli.it\/demo\/tubo-pluviale-aggrafato\/"},"modified":"2023-02-24T12:32:03","modified_gmt":"2023-02-24T11:32:03","slug":"tubo-pluviale-aggrafato","status":"publish","type":"page","link":"https:\/\/www.tresoldimetalli.it\/fr\/batiment\/tubo-pluviale-aggrafato\/","title":{"rendered":"Tube de descente agraf\u00e9"},"content":{"rendered":"<h2>TUBES DE DESCENTE AGRAF\u00c9S EN CUIVRE<\/h2>\n<table width=\"324\">\n<tbody>\n<tr>\n<td colspan=\"2\" width=\"324\">Diam\u00e8tre 80mm<\/td>\n<\/tr>\n<tr>\n<td>\u00c9paisseurs mm<\/td>\n<td>0,50 &#8211; 0,60 &#8211; 0,80<\/td>\n<\/tr>\n<tr>\n<td>Longueurs standard ml<\/td>\n<td>2 &#8211; 3 &#8211; 4 &#8211; 6<\/td>\n<\/tr>\n<tr>\n<td>Quantit\u00e9 par palette<\/td>\n<td>300 &#8211; 450 &#8211; 600<\/td>\n<\/tr>\n<\/tbody>\n<\/table>\n<p>&nbsp;<\/p>\n<table width=\"324\">\n<tbody>\n<tr>\n<td colspan=\"2\" width=\"324\">Diam\u00e8tre 100mm<\/td>\n<\/tr>\n<tr>\n<td>\u00c9paisseurs mm<\/td>\n<td>0,50 &#8211; 0,60 &#8211; 0,80<\/td>\n<\/tr>\n<tr>\n<td>Longueurs standard ml<\/td>\n<td>2 &#8211; 3 &#8211; 4 &#8211; 6<\/td>\n<\/tr>\n<tr>\n<td>Quantit\u00e9 par palette<\/td>\n<td>200 &#8211; 300 &#8211; 400 &#8211; 480<\/td>\n<\/tr>\n<\/tbody>\n<\/table>\n<p>&nbsp;<\/p>\n<table width=\"324\">\n<tbody>\n<tr>\n<td colspan=\"2\" width=\"324\">Diam\u00e8tre 120mm<\/td>\n<\/tr>\n<tr>\n<td>\u00c9paisseurs mm<\/td>\n<td>0,6<\/td>\n<\/tr>\n<tr>\n<td>Longueurs standard ml<\/td>\n<td>02 &#8211; 04 &#8211; 06<\/td>\n<\/tr>\n<tr>\n<td>Quantit\u00e9 par palette<\/td>\n<td>120 &#8211; 240 &#8211; 360<\/td>\n<\/tr>\n<\/tbody>\n<\/table>\n<p>&nbsp;<\/p>\n<table width=\"324\">\n<tbody>\n<tr>\n<td colspan=\"2\" width=\"324\">Section 80&#215;80 mm<\/td>\n<\/tr>\n<tr>\n<td>\u00c9paisseurs mm<\/td>\n<td>0,50 &#8211; 0,60<\/td>\n<\/tr>\n<tr>\n<td>Longueurs standard ml<\/td>\n<td>2 &#8211; 3 &#8211; 4 &#8211; 6<\/td>\n<\/tr>\n<tr>\n<td>Quantit\u00e9 par palette<\/td>\n<td>240 &#8211; 360 &#8211; 480 &#8211; 720<\/td>\n<\/tr>\n<\/tbody>\n<\/table>\n<p>&nbsp;<\/p>\n<table width=\"324\">\n<tbody>\n<tr>\n<td colspan=\"2\" width=\"324\">Section 100&#215;100 mm<\/td>\n<\/tr>\n<tr>\n<td>\u00c9paisseurs mm<\/td>\n<td>0,6<\/td>\n<\/tr>\n<tr>\n<td>Longueurs standard ml<\/td>\n<td>2 &#8211; 3 &#8211; 4<\/td>\n<\/tr>\n<tr>\n<td>Quantit\u00e9 par palette<\/td>\n<td>160 &#8211; 240 &#8211; 320<\/td>\n<\/tr>\n<\/tbody>\n<\/table>\n<p>&nbsp;<\/p>\n<table width=\"324\">\n<tbody>\n<tr>\n<td colspan=\"2\" width=\"324\">Section 60&#215;90 mm<\/td>\n<\/tr>\n<tr>\n<td>\u00c9paisseurs mm<\/td>\n<td>0,50 &#8211; 0,60<\/td>\n<\/tr>\n<tr>\n<td>Longueurs standard ml<\/td>\n<td>2 &#8211; 3 &#8211; 4 &#8211; 6<\/td>\n<\/tr>\n<tr>\n<td>Quantit\u00e9 par palette<\/td>\n<td>240 &#8211; 360 &#8211; 480 &#8211; 720<\/td>\n<\/tr>\n<\/tbody>\n<\/table>\n<p>&nbsp;<\/p>\n<table width=\"324\">\n<tbody>\n<tr>\n<td colspan=\"2\" width=\"324\">Section 80&#215;100 mm<\/td>\n<\/tr>\n<tr>\n<td>\u00c9paisseurs mm<\/td>\n<td>0,6<\/td>\n<\/tr>\n<tr>\n<td>Longueurs standard ml<\/td>\n<td>4<\/td>\n<\/tr>\n<tr>\n<td>Quantit\u00e9 par palette<\/td>\n<td>400<\/td>\n<\/tr>\n<\/tbody>\n<\/table>\n<p>&nbsp;<\/p>\n<p>&nbsp;<\/p>\n<h2>TUBES DE DESCENTE AGRAF\u00c9S EN ACIER PR\u00c9PEINT<\/h2>\n<table width=\"324\">\n<tbody>\n<tr>\n<td colspan=\"2\" width=\"324\">Diam\u00e8tre 60mm<\/td>\n<\/tr>\n<tr>\n<td>\u00c9paisseurs mm<\/td>\n<td>0,6<\/td>\n<\/tr>\n<tr>\n<td>Longueurs standard ml<\/td>\n<td>2<\/td>\n<\/tr>\n<tr>\n<td>Quantit\u00e9 par palette<\/td>\n<td>560<\/td>\n<\/tr>\n<\/tbody>\n<\/table>\n<p>&nbsp;<\/p>\n<table width=\"324\">\n<tbody>\n<tr>\n<td colspan=\"2\" width=\"324\">Diam\u00e8tre 80mm<\/td>\n<\/tr>\n<tr>\n<td>\u00c9paisseurs mm<\/td>\n<td>0,50 &#8211; 0,55 &#8211; 0,60 &#8211; 0,80<\/td>\n<\/tr>\n<tr>\n<td>Longueurs standard ml<\/td>\n<td>2 &#8211; 3 &#8211; 4 &#8211; 6<\/td>\n<\/tr>\n<tr>\n<td>Quantit\u00e9 par palette<\/td>\n<td>300 &#8211; 450 &#8211; 600 &#8211; 750<\/td>\n<\/tr>\n<\/tbody>\n<\/table>\n<p>&nbsp;<\/p>\n<table width=\"324\">\n<tbody>\n<tr>\n<td colspan=\"2\" width=\"324\">Diam\u00e8tre 100mm<\/td>\n<\/tr>\n<tr>\n<td>\u00c9paisseurs mm<\/td>\n<td>0,50 &#8211; 0,55 &#8211; 0,60 &#8211; 0,80<\/td>\n<\/tr>\n<tr>\n<td>Longueurs standard ml<\/td>\n<td>2 &#8211; 3 &#8211; 4 &#8211; 6<\/td>\n<\/tr>\n<tr>\n<td>Quantit\u00e9 par palette<\/td>\n<td>200 &#8211; 300 &#8211; 400 &#8211; 600<\/td>\n<\/tr>\n<\/tbody>\n<\/table>\n<p>&nbsp;<\/p>\n<table width=\"324\">\n<tbody>\n<tr>\n<td colspan=\"2\" width=\"324\">Diam\u00e8tre 120mm<\/td>\n<\/tr>\n<tr>\n<td>\u00c9paisseurs mm<\/td>\n<td>0,6 &#8211; 0,55 &#8211; 0,80<\/td>\n<\/tr>\n<tr>\n<td>Longueurs standard ml<\/td>\n<td>2 &#8211; 4 &#8211; 6<\/td>\n<\/tr>\n<tr>\n<td>Quantit\u00e9 par palette<\/td>\n<td>120 &#8211; 240 &#8211; 360<\/td>\n<\/tr>\n<\/tbody>\n<\/table>\n<p>&nbsp;<\/p>\n<table width=\"324\">\n<tbody>\n<tr>\n<td colspan=\"2\" width=\"324\">Section 80&#215;80 mm<\/td>\n<\/tr>\n<tr>\n<td>\u00c9paisseurs mm<\/td>\n<td>0,6<\/td>\n<\/tr>\n<tr>\n<td>Longueurs standard ml<\/td>\n<td>2 &#8211; 3 &#8211; 4<\/td>\n<\/tr>\n<tr>\n<td>Quantit\u00e9 par palette<\/td>\n<td>240 &#8211; 360 &#8211; 480<\/td>\n<\/tr>\n<\/tbody>\n<\/table>\n<p>&nbsp;<\/p>\n<table width=\"324\">\n<tbody>\n<tr>\n<td colspan=\"2\" width=\"324\">Section 100&#215;100 mm<\/td>\n<\/tr>\n<tr>\n<td>\u00c9paisseurs mm<\/td>\n<td>0,6<\/td>\n<\/tr>\n<tr>\n<td>Longueurs standard ml<\/td>\n<td>2 &#8211; 3 &#8211; 4<\/td>\n<\/tr>\n<tr>\n<td>Quantit\u00e9 par palette<\/td>\n<td>160 &#8211; 240 &#8211; 320<\/td>\n<\/tr>\n<\/tbody>\n<\/table>\n<p>&nbsp;<\/p>\n<table width=\"324\">\n<tbody>\n<tr>\n<td colspan=\"2\" width=\"324\">Section 60&#215;90 mm<\/td>\n<\/tr>\n<tr>\n<td>\u00c9paisseurs mm<\/td>\n<td>0,6<\/td>\n<\/tr>\n<tr>\n<td>Longueurs standard ml<\/td>\n<td>4<\/td>\n<\/tr>\n<tr>\n<td>Quantit\u00e9 par palette<\/td>\n<td>480<\/td>\n<\/tr>\n<\/tbody>\n<\/table>\n<p>&nbsp;<\/p>\n<table width=\"324\">\n<tbody>\n<tr>\n<td colspan=\"2\" width=\"324\">Section 80&#215;100 mm<\/td>\n<\/tr>\n<tr>\n<td>\u00c9paisseurs mm<\/td>\n<td>0,6<\/td>\n<\/tr>\n<tr>\n<td>Longueurs standard ml<\/td>\n<td>4<\/td>\n<\/tr>\n<tr>\n<td>Quantit\u00e9 par palette<\/td>\n<td>320<\/td>\n<\/tr>\n<\/tbody>\n<\/table>\n<p>&nbsp;<\/p>\n<p>&nbsp;<\/p>\n<h2>TUBES DE DESCENTE AGRAF\u00c9S EN ACIER GALVANIS\u00c9<\/h2>\n<table width=\"324\">\n<tbody>\n<tr>\n<td colspan=\"2\" width=\"324\">Diam\u00e8tre 60mm<\/td>\n<\/tr>\n<tr>\n<td>\u00c9paisseurs mm<\/td>\n<td>0,6<\/td>\n<\/tr>\n<tr>\n<td>Longueurs standard ml<\/td>\n<td>2<\/td>\n<\/tr>\n<tr>\n<td>Quantit\u00e9 par palette<\/td>\n<td>560<\/td>\n<\/tr>\n<\/tbody>\n<\/table>\n<p>&nbsp;<\/p>\n<table width=\"324\">\n<tbody>\n<tr>\n<td colspan=\"2\" width=\"324\">Diam\u00e8tre 80mm<\/td>\n<\/tr>\n<tr>\n<td>\u00c9paisseurs mm<\/td>\n<td>0,50 &#8211; 0,55 &#8211; 0,60<\/td>\n<\/tr>\n<tr>\n<td>Longueurs standard ml<\/td>\n<td>\u00a02 &#8211; 3 &#8211; 4<\/td>\n<\/tr>\n<tr>\n<td>Quantit\u00e9 par palette<\/td>\n<td>300 &#8211; 450 &#8211; 600<\/td>\n<\/tr>\n<\/tbody>\n<\/table>\n<p>&nbsp;<\/p>\n<table width=\"324\">\n<tbody>\n<tr>\n<td colspan=\"2\" width=\"324\">Diam\u00e8tre 100mm<\/td>\n<\/tr>\n<tr>\n<td>\u00c9paisseurs mm<\/td>\n<td>0,50 &#8211; 0,55 &#8211; 0,60<\/td>\n<\/tr>\n<tr>\n<td>Longueurs standard ml<\/td>\n<td>\u00a02 &#8211; 3 &#8211; 4<\/td>\n<\/tr>\n<tr>\n<td>Quantit\u00e9 par palette<\/td>\n<td>200 &#8211; 300 &#8211; 400<\/td>\n<\/tr>\n<\/tbody>\n<\/table>\n<p>&nbsp;<\/p>\n<table width=\"324\">\n<tbody>\n<tr>\n<td colspan=\"2\" width=\"324\">Diam\u00e8tre 120mm<\/td>\n<\/tr>\n<tr>\n<td>\u00c9paisseurs mm<\/td>\n<td>0,6<\/td>\n<\/tr>\n<tr>\n<td>Longueurs standard ml<\/td>\n<td>4<\/td>\n<\/tr>\n<tr>\n<td>Quantit\u00e9 par palette<\/td>\n<td>240<\/td>\n<\/tr>\n<\/tbody>\n<\/table>\n<p>&nbsp;<\/p>\n<table width=\"324\">\n<tbody>\n<tr>\n<td colspan=\"2\" width=\"324\">Section 80&#215;80 mm<\/td>\n<\/tr>\n<tr>\n<td>\u00c9paisseurs mm<\/td>\n<td>0,8<\/td>\n<\/tr>\n<tr>\n<td>Longueurs standard ml<\/td>\n<td>3 &#8211; 4<\/td>\n<\/tr>\n<tr>\n<td>Quantit\u00e9 par palette<\/td>\n<td>240 &#8211; 360 &#8211; 480<\/td>\n<\/tr>\n<\/tbody>\n<\/table>\n<p>&nbsp;<\/p>\n<table width=\"324\">\n<tbody>\n<tr>\n<td colspan=\"2\" width=\"324\">Section 80&#215;100 mm<\/td>\n<\/tr>\n<tr>\n<td>\u00c9paisseurs mm<\/td>\n<td>0,6<\/td>\n<\/tr>\n<tr>\n<td>Longueurs standard ml<\/td>\n<td>4<\/td>\n<\/tr>\n<tr>\n<td>Quantit\u00e9 par palette<\/td>\n<td>400<\/td>\n<\/tr>\n<\/tbody>\n<\/table>\n<p>&nbsp;<\/p>\n<table width=\"324\">\n<tbody>\n<tr>\n<td colspan=\"2\" width=\"324\">Section 100&#215;100 mm<\/td>\n<\/tr>\n<tr>\n<td>\u00c9paisseurs mm<\/td>\n<td>0,6<\/td>\n<\/tr>\n<tr>\n<td>Longueurs standard ml<\/td>\n<td>2 &#8211; 3 &#8211; 4<\/td>\n<\/tr>\n<tr>\n<td>Quantit\u00e9 par palette<\/td>\n<td>160 &#8211; 240 &#8211; 320<\/td>\n<\/tr>\n<\/tbody>\n<\/table>\n<p>&nbsp;<\/p>\n<table width=\"324\">\n<tbody>\n<tr>\n<td colspan=\"2\" width=\"324\">Section 60&#215;90 mm<\/td>\n<\/tr>\n<tr>\n<td>\u00c9paisseurs mm<\/td>\n<td>0,6<\/td>\n<\/tr>\n<tr>\n<td>Longueurs standard ml<\/td>\n<td>2 &#8211; 4 &#8211; 6<\/td>\n<\/tr>\n<tr>\n<td>Quantit\u00e9 par palette<\/td>\n<td>120 &#8211; 240 &#8211; 360<\/td>\n<\/tr>\n<\/tbody>\n<\/table>\n<p>&nbsp;<\/p>\n<h2>TUBES DE DESCENTE AGRAF\u00c9S EN COVERPLUS<\/h2>\n<table width=\"464\">\n<tbody>\n<tr>\n<td colspan=\"2\" width=\"464\">Diam\u00e8tre 60mm<\/td>\n<\/tr>\n<tr>\n<td width=\"210\">\u00c9paisseurs mm<\/td>\n<td width=\"254\">0,6<\/td>\n<\/tr>\n<tr>\n<td width=\"210\">Longueurs standard ml<\/td>\n<td width=\"254\">2<\/td>\n<\/tr>\n<tr>\n<td width=\"210\">Quantit\u00e9 par palette<\/td>\n<td width=\"254\">560<\/td>\n<\/tr>\n<\/tbody>\n<\/table>\n<p>&nbsp;<\/p>\n<table width=\"464\">\n<tbody>\n<tr>\n<td colspan=\"2\" width=\"464\">Diam\u00e8tre 80mm<\/td>\n<\/tr>\n<tr>\n<td width=\"210\">\u00c9paisseurs mm<\/td>\n<td width=\"254\">0,60<\/td>\n<\/tr>\n<tr>\n<td width=\"210\">Longueurs standard ml<\/td>\n<td width=\"254\">3<\/td>\n<\/tr>\n<tr>\n<td width=\"210\">Quantit\u00e9 par palette<\/td>\n<td width=\"254\">450<\/td>\n<\/tr>\n<\/tbody>\n<\/table>\n<p>&nbsp;<\/p>\n<table width=\"464\">\n<tbody>\n<tr>\n<td colspan=\"2\" width=\"464\">Diam\u00e8tre 100mm<\/td>\n<\/tr>\n<tr>\n<td width=\"210\">\u00c9paisseurs mm<\/td>\n<td width=\"254\">0,60<\/td>\n<\/tr>\n<tr>\n<td width=\"210\">Longueurs standard ml<\/td>\n<td width=\"254\">4<\/td>\n<\/tr>\n<tr>\n<td width=\"210\">Quantit\u00e9 par palette<\/td>\n<td width=\"254\">400<\/td>\n<\/tr>\n<\/tbody>\n<\/table>\n<p>&nbsp;<\/p>\n<table width=\"464\">\n<tbody>\n<tr>\n<td colspan=\"2\" width=\"464\">Diam\u00e8tre 120mm<\/td>\n<\/tr>\n<tr>\n<td width=\"210\">\u00c9paisseurs mm<\/td>\n<td width=\"254\">0,6<\/td>\n<\/tr>\n<tr>\n<td width=\"210\">Longueurs standard ml<\/td>\n<td width=\"254\">4<\/td>\n<\/tr>\n<tr>\n<td width=\"210\">Quantit\u00e9 par palette<\/td>\n<td width=\"254\">240<\/td>\n<\/tr>\n<\/tbody>\n<\/table>\n<h2>TUBES DE DESCENTE AGRAF\u00c9S EN ACIER COPPERLINE<\/h2>\n<table width=\"464\">\n<tbody>\n<tr>\n<td colspan=\"2\" width=\"464\">Diam\u00e8tre 60mm<\/td>\n<\/tr>\n<tr>\n<td width=\"210\">\u00c9paisseurs mm<\/td>\n<td width=\"254\">0,55<\/td>\n<\/tr>\n<tr>\n<td width=\"210\">Longueurs standard ml<\/td>\n<td width=\"254\">2<\/td>\n<\/tr>\n<tr>\n<td width=\"210\">Quantit\u00e9 par palette<\/td>\n<td width=\"254\">560<\/td>\n<\/tr>\n<\/tbody>\n<\/table>\n<p>&nbsp;<\/p>\n<table width=\"464\">\n<tbody>\n<tr>\n<td colspan=\"2\" width=\"464\">Diam\u00e8tre 80mm<\/td>\n<\/tr>\n<tr>\n<td width=\"210\">\u00c9paisseurs mm<\/td>\n<td width=\"254\">0,55<\/td>\n<\/tr>\n<tr>\n<td width=\"210\">Longueurs standard ml<\/td>\n<td width=\"254\">2 &#8211; 3 &#8211; 4<\/td>\n<\/tr>\n<tr>\n<td width=\"210\">Quantit\u00e9 par palette<\/td>\n<td width=\"254\">450 &#8211; 600 &#8211; 750<\/td>\n<\/tr>\n<\/tbody>\n<\/table>\n<p>&nbsp;<\/p>\n<table width=\"464\">\n<tbody>\n<tr>\n<td colspan=\"2\" width=\"464\">Diam\u00e8tre 100mm<\/td>\n<\/tr>\n<tr>\n<td width=\"210\">\u00c9paisseurs mm<\/td>\n<td width=\"254\">0,55<\/td>\n<\/tr>\n<tr>\n<td width=\"210\">Longueurs standard ml<\/td>\n<td width=\"254\">2 &#8211; 3 &#8211; 4<\/td>\n<\/tr>\n<tr>\n<td width=\"210\">Quantit\u00e9 par palette<\/td>\n<td width=\"254\">200 &#8211; 300 &#8211; 400<\/td>\n<\/tr>\n<\/tbody>\n<\/table>\n<p>&nbsp;<\/p>\n<h2>TUBES DE DESCENTE AGRAF\u00c9S EN ALUMINIUM\u00a0COPPERLINE<\/h2>\n<table width=\"464\">\n<tbody>\n<tr>\n<td colspan=\"2\" width=\"464\">Diam\u00e8tre 60mm<\/td>\n<\/tr>\n<tr>\n<td width=\"210\">\u00c9paisseurs mm<\/td>\n<td width=\"254\">0,6<\/td>\n<\/tr>\n<tr>\n<td width=\"210\">Longueurs standard ml<\/td>\n<td width=\"254\">2<\/td>\n<\/tr>\n<\/tbody>\n<\/table>\n<p>&nbsp;<\/p>\n<table width=\"464\">\n<tbody>\n<tr>\n<td colspan=\"2\" width=\"464\">Diam\u00e8tre 80mm<\/td>\n<\/tr>\n<tr>\n<td width=\"210\">\u00c9paisseurs mm<\/td>\n<td width=\"254\">0,80<\/td>\n<\/tr>\n<tr>\n<td width=\"210\">Longueurs standard ml<\/td>\n<td width=\"254\">2 &#8211; 3 &#8211; 4<\/td>\n<\/tr>\n<\/tbody>\n<\/table>\n<p>&nbsp;<\/p>\n<table width=\"464\">\n<tbody>\n<tr>\n<td colspan=\"2\" width=\"464\">Diam\u00e8tre 100mm<\/td>\n<\/tr>\n<tr>\n<td width=\"210\">\u00c9paisseurs mm<\/td>\n<td width=\"254\">0,80<\/td>\n<\/tr>\n<tr>\n<td width=\"210\">Longueurs standard ml<\/td>\n<td width=\"254\">2 &#8211; 3 &#8211; 4<\/td>\n<\/tr>\n<\/tbody>\n<\/table>\n<p>&nbsp;<\/p>\n<h2>TUBES DE DESCENTE AGRAF\u00c9S EN ALUMINIUM PR\u00c9PEINT<\/h2>\n<table width=\"464\">\n<tbody>\n<tr>\n<td colspan=\"2\" width=\"464\">Diam\u00e8tre 60mm<\/td>\n<\/tr>\n<tr>\n<td width=\"210\">Longueurs standard ml<\/td>\n<td width=\"254\">2<\/td>\n<\/tr>\n<tr>\n<td width=\"210\">Quantit\u00e9 par palette<\/td>\n<td width=\"254\">560<\/td>\n<\/tr>\n<\/tbody>\n<\/table>\n<p>&nbsp;<\/p>\n<table width=\"464\">\n<tbody>\n<tr>\n<td colspan=\"2\" width=\"464\">Diam\u00e8tre 80mm<\/td>\n<\/tr>\n<tr>\n<td width=\"210\">Longueurs standard ml<\/td>\n<td width=\"254\">2 &#8211; 3 &#8211; 4<\/td>\n<\/tr>\n<tr>\n<td width=\"210\">Quantit\u00e9 par palette<\/td>\n<td width=\"254\">300 &#8211; 450 &#8211; 600<\/td>\n<\/tr>\n<\/tbody>\n<\/table>\n<p>&nbsp;<\/p>\n<table width=\"464\">\n<tbody>\n<tr>\n<td colspan=\"2\" width=\"464\">Diam\u00e8tre 100mm<\/td>\n<\/tr>\n<tr>\n<td width=\"210\">Longueurs standard ml<\/td>\n<td width=\"254\">2 &#8211; 3 &#8211; 4<\/td>\n<\/tr>\n<tr>\n<td width=\"210\">Quantit\u00e9 par palette<\/td>\n<td width=\"254\">200 &#8211; 300 &#8211; 400<\/td>\n<\/tr>\n<\/tbody>\n<\/table>\n<p>&nbsp;<\/p>\n<table width=\"464\">\n<tbody>\n<tr>\n<td colspan=\"2\" width=\"464\">Diam\u00e8tre 120mm<\/td>\n<\/tr>\n<tr>\n<td width=\"210\">Longueurs standard ml<\/td>\n<td width=\"254\">4<\/td>\n<\/tr>\n<tr>\n<td width=\"210\">Quantit\u00e9 par palette<\/td>\n<td width=\"254\">240<\/td>\n<\/tr>\n<\/tbody>\n<\/table>\n<p>&nbsp;<\/p>\n<table width=\"464\">\n<tbody>\n<tr>\n<td colspan=\"2\" width=\"464\">Diam\u00e8tre 80x80mm<\/td>\n<\/tr>\n<tr>\n<td width=\"210\">Longueurs standard ml<\/td>\n<td width=\"254\">3 &#8211; 4<\/td>\n<\/tr>\n<tr>\n<td width=\"210\">Quantit\u00e9 par palette<\/td>\n<td width=\"254\">360 &#8211; 480<\/td>\n<\/tr>\n<\/tbody>\n<\/table>\n<p>&nbsp;<\/p>\n<h2>TUBES DE DESCENTE AGRAF\u00c9S HRV<\/h2>\n<table width=\"464\">\n<tbody>\n<tr>\n<td colspan=\"2\" width=\"464\">Diam\u00e8tre 60mm<\/td>\n<\/tr>\n<tr>\n<td width=\"210\">\u00c9paisseurs mm<\/td>\n<td width=\"254\">0,55<\/td>\n<\/tr>\n<tr>\n<td width=\"210\">Longueurs standard ml<\/td>\n<td width=\"254\">2<\/td>\n<\/tr>\n<tr>\n<td width=\"210\">Quantit\u00e9 par palette<\/td>\n<td width=\"254\">560<\/td>\n<\/tr>\n<\/tbody>\n<\/table>\n<p>&nbsp;<\/p>\n<table width=\"464\">\n<tbody>\n<tr>\n<td colspan=\"2\" width=\"464\">Diam\u00e8tre 80mm<\/td>\n<\/tr>\n<tr>\n<td width=\"210\">\u00c9paisseurs mm<\/td>\n<td width=\"254\">0,55<\/td>\n<\/tr>\n<tr>\n<td width=\"210\">Longueurs standard ml<\/td>\n<td width=\"254\">3<\/td>\n<\/tr>\n<tr>\n<td width=\"210\">Quantit\u00e9 par palette<\/td>\n<td width=\"254\">450<\/td>\n<\/tr>\n<\/tbody>\n<\/table>\n<p>&nbsp;<\/p>\n<table width=\"464\">\n<tbody>\n<tr>\n<td colspan=\"2\" width=\"464\">Diametro 100mm<\/td>\n<\/tr>\n<tr>\n<td width=\"210\">\u00c9paisseurs mm<\/td>\n<td width=\"254\">0,55<\/td>\n<\/tr>\n<tr>\n<td width=\"210\">Longueurs standard mll<\/td>\n<td width=\"254\">3 &#8211; 4<\/td>\n<\/tr>\n<tr>\n<td width=\"210\">Quantit\u00e9 par palette<\/td>\n<td width=\"254\">300 &#8211; 400<\/td>\n<\/tr>\n<\/tbody>\n<\/table>\n<p>&nbsp;<\/p>\n<table width=\"464\">\n<tbody>\n<tr>\n<td colspan=\"2\" width=\"464\">Diametro 120mm<\/td>\n<\/tr>\n<tr>\n<td width=\"210\">\u00c9paisseurs mm<\/td>\n<td width=\"254\">0,55<\/td>\n<\/tr>\n<tr>\n<td width=\"210\">Longueurs standard ml<\/td>\n<td width=\"254\">3<\/td>\n<\/tr>\n<tr>\n<td width=\"210\">Quantit\u00e9 par palette<\/td>\n<td width=\"254\">360<\/td>\n<\/tr>\n<\/tbody>\n<\/table>\n","protected":false},"excerpt":{"rendered":"<p>TUBES DE DESCENTE AGRAF\u00c9S EN CUIVRE Diam\u00e8tre 80mm \u00c9paisseurs mm 0,50 &#8211; 0,60 &#8211; 0,80 Longueurs standard ml 2 &#8211; 3 &#8211; 4 &#8211; 6 Quantit\u00e9 par palette 300 &#8211; 450 &#8211; 600 &nbsp; Diam\u00e8tre 100mm \u00c9paisseurs mm 0,50 &#8211; 0,60 &#8211; 0,80 Longueurs standard ml 2 &#8211; 3 &#8211; 4 &#8211; 6 Quantit\u00e9 par [&hellip;]<\/p>\n","protected":false},"author":2,"featured_media":0,"parent":1834,"menu_order":0,"comment_status":"closed","ping_status":"closed","template":"page-templates\/edilizia.php","meta":{"_acf_changed":false,"footnotes":""},"class_list":["post-1308","page","type-page","status-publish","hentry"],"acf":[],"_links":{"self":[{"href":"https:\/\/www.tresoldimetalli.it\/fr\/wp-json\/wp\/v2\/pages\/1308","targetHints":{"allow":["GET"]}}],"collection":[{"href":"https:\/\/www.tresoldimetalli.it\/fr\/wp-json\/wp\/v2\/pages"}],"about":[{"href":"https:\/\/www.tresoldimetalli.it\/fr\/wp-json\/wp\/v2\/types\/page"}],"author":[{"embeddable":true,"href":"https:\/\/www.tresoldimetalli.it\/fr\/wp-json\/wp\/v2\/users\/2"}],"replies":[{"embeddable":true,"href":"https:\/\/www.tresoldimetalli.it\/fr\/wp-json\/wp\/v2\/comments?post=1308"}],"version-history":[{"count":8,"href":"https:\/\/www.tresoldimetalli.it\/fr\/wp-json\/wp\/v2\/pages\/1308\/revisions"}],"predecessor-version":[{"id":3232,"href":"https:\/\/www.tresoldimetalli.it\/fr\/wp-json\/wp\/v2\/pages\/1308\/revisions\/3232"}],"up":[{"embeddable":true,"href":"https:\/\/www.tresoldimetalli.it\/fr\/wp-json\/wp\/v2\/pages\/1834"}],"wp:attachment":[{"href":"https:\/\/www.tresoldimetalli.it\/fr\/wp-json\/wp\/v2\/media?parent=1308"}],"curies":[{"name":"wp","href":"https:\/\/api.w.org\/{rel}","templated":true}]}}