{"id":1311,"date":"2020-10-26T12:53:03","date_gmt":"2020-10-26T11:53:03","guid":{"rendered":"https:\/\/www.tresoldimetalli.it\/demo\/tubo-pluviale-elettrosaldato\/"},"modified":"2023-07-10T10:32:14","modified_gmt":"2023-07-10T08:32:14","slug":"tubo-pluviale-elettrosaldato","status":"publish","type":"page","link":"https:\/\/www.tresoldimetalli.it\/fr\/batiment\/tubo-pluviale-elettrosaldato\/","title":{"rendered":"Tubes de descente \u00e9lectrosoud\u00e9s"},"content":{"rendered":"<h2>TUBES DE DESCENTE \u00c9LECTROSOUD\u00c9S<br \/>\nEN CUIVRE<\/h2>\n<table width=\"324\">\n<tbody>\n<tr>\n<td colspan=\"2\" width=\"324\">Diam\u00e8tre 60mm<\/td>\n<\/tr>\n<tr>\n<td>\u00c9paisseurs mm<\/td>\n<td>0,50 &#8211; 0,55 &#8211; 0,60<\/td>\n<\/tr>\n<tr>\n<td>Longueurs standard ml<\/td>\n<td>2 &#8211; 3<\/td>\n<\/tr>\n<tr>\n<td>Quantit\u00e9 par palette<\/td>\n<td>560 &#8211; 840<\/td>\n<\/tr>\n<\/tbody>\n<\/table>\n<p>&nbsp;<\/p>\n<table width=\"324\">\n<tbody>\n<tr>\n<td colspan=\"2\" width=\"324\">Diam\u00e8tre 75mm<\/td>\n<\/tr>\n<tr>\n<td>\u00c9paisseurs mm<\/td>\n<td>0,55 &#8211; 0,60<\/td>\n<\/tr>\n<tr>\n<td>Longueurs standard ml<\/td>\n<td>2 &#8211; 3 &#8211; 4<\/td>\n<\/tr>\n<tr>\n<td>Quantit\u00e9 par palette<\/td>\n<td>378 &#8211; 567 &#8211; 756<\/td>\n<\/tr>\n<\/tbody>\n<\/table>\n<p>&nbsp;<\/p>\n<table width=\"324\">\n<tbody>\n<tr>\n<td colspan=\"2\" width=\"324\">Diam\u00e8tre 76mm<\/td>\n<\/tr>\n<tr>\n<td>\u00c9paisseurs mm<\/td>\n<td>0,6<\/td>\n<\/tr>\n<tr>\n<td>Longueurs standard ml<\/td>\n<td>2 &#8211; 3<\/td>\n<\/tr>\n<tr>\n<td>Quantit\u00e9 par palette<\/td>\n<td>352 &#8211; 704<\/td>\n<\/tr>\n<\/tbody>\n<\/table>\n<p>&nbsp;<\/p>\n<table width=\"324\">\n<tbody>\n<tr>\n<td colspan=\"2\" width=\"324\">Diam\u00e8tre 80mm<\/td>\n<\/tr>\n<tr>\n<td>\u00c9paisseurs mm<\/td>\n<td>0,50 &#8211; 0,55 &#8211; 0,60 &#8211; 0,70 &#8211; 0,80 &#8211; 0,90 &#8211; 1,00<\/td>\n<\/tr>\n<tr>\n<td>Longueurs standard ml<\/td>\n<td>2 &#8211; 3 &#8211; 4 &#8211; 6<\/td>\n<\/tr>\n<tr>\n<td>Quantit\u00e9 par palette<\/td>\n<td>300 &#8211; 450 &#8211; 600 &#8211; 750<\/td>\n<\/tr>\n<\/tbody>\n<\/table>\n<p>&nbsp;<\/p>\n<table width=\"324\">\n<tbody>\n<tr>\n<td colspan=\"2\" width=\"324\">Diam\u00e8tre 87mm<\/td>\n<\/tr>\n<tr>\n<td>\u00c9paisseurs mm<\/td>\n<td>0,60<\/td>\n<\/tr>\n<tr>\n<td>Longueurs standard ml<\/td>\n<td>2 &#8211;\u00a0 3 &#8211; 4<\/td>\n<\/tr>\n<tr>\n<td>Quantit\u00e9 par palette<\/td>\n<td>254 &#8211; 381 &#8211; 508<\/td>\n<\/tr>\n<\/tbody>\n<\/table>\n<p>&nbsp;<\/p>\n<table width=\"324\">\n<tbody>\n<tr>\n<td colspan=\"2\" width=\"324\">Diam\u00e8tre 100mm<\/td>\n<\/tr>\n<tr>\n<td>\u00c9paisseurs mm<\/td>\n<td>0,50 &#8211; 0,55 &#8211; 0,60 &#8211; 0,70 &#8211; 0,80 &#8211; 0,90 &#8211; 1,00<\/td>\n<\/tr>\n<tr>\n<td>Longueurs standard ml<\/td>\n<td>2 &#8211; 3 &#8211; 4 &#8211; 6<\/td>\n<\/tr>\n<tr>\n<td>Quantit\u00e9 par palette<\/td>\n<td>200 &#8211; 300 &#8211; 400 &#8211; 480<\/td>\n<\/tr>\n<\/tbody>\n<\/table>\n<p>&nbsp;<\/p>\n<table width=\"324\">\n<tbody>\n<tr>\n<td colspan=\"2\" width=\"324\">Diam\u00e8tre 120mm<\/td>\n<\/tr>\n<tr>\n<td>\u00c9paisseurs mm<\/td>\n<td>0,60 &#8211; 0,70 &#8211; 0,80 &#8211; 1,00<\/td>\n<\/tr>\n<tr>\n<td>Longueurs standard ml<\/td>\n<td>2 &#8211; 3 &#8211; 4<\/td>\n<\/tr>\n<tr>\n<td>Quantit\u00e9 par palette<\/td>\n<td>120 &#8211; 180 &#8211; 240<\/td>\n<\/tr>\n<\/tbody>\n<\/table>\n<p>&nbsp;<\/p>\n<table width=\"324\">\n<tbody>\n<tr>\n<td colspan=\"2\" width=\"324\">Section 80&#215;80 mm<\/td>\n<\/tr>\n<tr>\n<td>\u00c9paisseurs mm<\/td>\n<td>0,5<\/td>\n<\/tr>\n<tr>\n<td>Longueurs standard ml<\/td>\n<td>2 &#8211; 3 &#8211; 4<\/td>\n<\/tr>\n<tr>\n<td>Quantit\u00e9 par palette<\/td>\n<td>240 &#8211; 360 &#8211; 480<\/td>\n<\/tr>\n<\/tbody>\n<\/table>\n<p>&nbsp;<\/p>\n<h2>TUBES DE DESCENTE \u00c9LECTROSOUD\u00c9S<br \/>\nEN ZINC-TITANE NATUREL<\/h2>\n<table width=\"324\">\n<tbody>\n<tr>\n<td colspan=\"2\" width=\"324\">Diam\u00e8tre 60mm<\/td>\n<\/tr>\n<tr>\n<td>\u00c9paisseurs mm<\/td>\n<td>0,65<\/td>\n<\/tr>\n<tr>\n<td>Longueurs standard ml<\/td>\n<td>2<\/td>\n<\/tr>\n<tr>\n<td>Quantit\u00e9 par palette<\/td>\n<td>560 &#8211; 840<\/td>\n<\/tr>\n<\/tbody>\n<\/table>\n<p>&nbsp;<\/p>\n<table width=\"324\">\n<tbody>\n<tr>\n<td colspan=\"2\" width=\"324\">Diam\u00e8tre 75mm<\/td>\n<\/tr>\n<tr>\n<td>\u00c9paisseurs mm<\/td>\n<td>0,65<\/td>\n<\/tr>\n<tr>\n<td>Longueurs standard ml<\/td>\n<td>2 &#8211; 3 &#8211; 4<\/td>\n<\/tr>\n<tr>\n<td>Quantit\u00e9 par palette<\/td>\n<td>378 &#8211; 567 &#8211; 756<\/td>\n<\/tr>\n<\/tbody>\n<\/table>\n<p>&nbsp;<\/p>\n<table width=\"324\">\n<tbody>\n<tr>\n<td colspan=\"2\" width=\"324\">Diam\u00e8tre 80mm<\/td>\n<\/tr>\n<tr>\n<td>\u00c9paisseurs mm<\/td>\n<td>0,65<\/td>\n<\/tr>\n<tr>\n<td>Longueurs standard ml<\/td>\n<td>2 &#8211; 3 &#8211; 4<\/td>\n<\/tr>\n<tr>\n<td>Quantit\u00e9 par palette<\/td>\n<td>300 &#8211; 450 &#8211; 600<\/td>\n<\/tr>\n<\/tbody>\n<\/table>\n<p>&nbsp;<\/p>\n<table width=\"324\">\n<tbody>\n<tr>\n<td colspan=\"2\" width=\"324\">Diam\u00e8tre 100mm<\/td>\n<\/tr>\n<tr>\n<td>\u00c9paisseurs mm<\/td>\n<td>0,65<\/td>\n<\/tr>\n<tr>\n<td>Longueurs standard ml<\/td>\n<td>\u00a02 &#8211;\u00a0 3 &#8211; 4<\/td>\n<\/tr>\n<tr>\n<td>Quantit\u00e9 par palette<\/td>\n<td>200 &#8211; 300 &#8211; 400<\/td>\n<\/tr>\n<\/tbody>\n<\/table>\n<p>&nbsp;<\/p>\n<table width=\"324\">\n<tbody>\n<tr>\n<td colspan=\"2\" width=\"324\">Diam\u00e8tre 120mm<\/td>\n<\/tr>\n<tr>\n<td>\u00c9paisseurs mm<\/td>\n<td>0,70<\/td>\n<\/tr>\n<tr>\n<td>Longueurs standard ml<\/td>\n<td>2 &#8211; 3\u00a0 &#8211; 4<\/td>\n<\/tr>\n<tr>\n<td>Quantit\u00e9 par palette<\/td>\n<td>120 &#8211; 180 &#8211; 240<\/td>\n<\/tr>\n<\/tbody>\n<\/table>\n<p>&nbsp;<\/p>\n<h2>TUBES DE DESCENTE \u00c9LECTROSOUD\u00c9S<br \/>\nEN ZINC-TITANE PR\u00c9PATIN\u00c9<\/h2>\n<table width=\"324\">\n<tbody>\n<tr>\n<td colspan=\"2\" width=\"324\">Diam\u00e8tre 60mm<\/td>\n<\/tr>\n<tr>\n<td>\u00c9paisseurs mm<\/td>\n<td>0,7<\/td>\n<\/tr>\n<tr>\n<td>Longueurs standard ml<\/td>\n<td>2<\/td>\n<\/tr>\n<tr>\n<td>Quantit\u00e9 par palette<\/td>\n<td>560<\/td>\n<\/tr>\n<\/tbody>\n<\/table>\n<p>&nbsp;<\/p>\n<table width=\"324\">\n<tbody>\n<tr>\n<td colspan=\"2\" width=\"324\">Diam\u00e8tre 80mm<\/td>\n<\/tr>\n<tr>\n<td>\u00c9paisseurs mm<\/td>\n<td>0,7<\/td>\n<\/tr>\n<tr>\n<td>Longueurs standard ml<\/td>\n<td>2 &#8211; 3 &#8211; 4<\/td>\n<\/tr>\n<tr>\n<td>Quantit\u00e9 par palette<\/td>\n<td>300 &#8211; 450 &#8211; 600<\/td>\n<\/tr>\n<\/tbody>\n<\/table>\n<p>&nbsp;<\/p>\n<table width=\"324\">\n<tbody>\n<tr>\n<td colspan=\"2\" width=\"324\">Diam\u00e8tre 100mm<\/td>\n<\/tr>\n<tr>\n<td>\u00c9paisseurs mm<\/td>\n<td>0,7<\/td>\n<\/tr>\n<tr>\n<td>Longueurs standard ml<\/td>\n<td>2 &#8211; 3 &#8211; 4<\/td>\n<\/tr>\n<tr>\n<td>Quantit\u00e9 par palette<\/td>\n<td>200 &#8211; 300 &#8211; 400<\/td>\n<\/tr>\n<\/tbody>\n<\/table>\n<p>&nbsp;<\/p>\n<table width=\"324\">\n<tbody>\n<tr>\n<td colspan=\"2\" width=\"324\">Diam\u00e8tre 120mm<\/td>\n<\/tr>\n<tr>\n<td>\u00c9paisseurs mm<\/td>\n<td>0,7<\/td>\n<\/tr>\n<tr>\n<td>Longueurs standard ml<\/td>\n<td>2 &#8211; 3 &#8211; 4<\/td>\n<\/tr>\n<tr>\n<td>Quantit\u00e9 par palette<\/td>\n<td>120 &#8211; 180 &#8211; 240<\/td>\n<\/tr>\n<\/tbody>\n<\/table>\n<p>&nbsp;<\/p>\n<h2>TUBES DE DESCENTE \u00c9LECTROSOUD\u00c9S<br \/>\nEN ACIER INOXYDABLE AISI 304<\/h2>\n<table width=\"324\">\n<tbody>\n<tr>\n<td colspan=\"2\" width=\"324\">Diam\u00e8tre 60mm<\/td>\n<\/tr>\n<tr>\n<td>\u00c9paisseurs mm<\/td>\n<td>0,5<\/td>\n<\/tr>\n<tr>\n<td>Longueurs standard ml<\/td>\n<td>2 &#8211; 3<\/td>\n<\/tr>\n<tr>\n<td>Quantit\u00e9 par palette<\/td>\n<td>560 &#8211; 840<\/td>\n<\/tr>\n<\/tbody>\n<\/table>\n<p>&nbsp;<\/p>\n<table width=\"324\">\n<tbody>\n<tr>\n<td colspan=\"2\" width=\"324\">Diam\u00e8tre 80mm<\/td>\n<\/tr>\n<tr>\n<td>\u00c9paisseurs mm<\/td>\n<td>0,80 &#8211; 0,50<\/td>\n<\/tr>\n<tr>\n<td>Longueurs standard ml<\/td>\n<td>2 &#8211; 3 &#8211; 4<\/td>\n<\/tr>\n<tr>\n<td>Quantit\u00e9 par palette<\/td>\n<td>300 &#8211; 450 &#8211; 600<\/td>\n<\/tr>\n<\/tbody>\n<\/table>\n<p>&nbsp;<\/p>\n<table width=\"324\">\n<tbody>\n<tr>\n<td colspan=\"2\" width=\"324\">Diam\u00e8tre 100mm<\/td>\n<\/tr>\n<tr>\n<td>\u00c9paisseurs mm<\/td>\n<td>0,80 &#8211; 0,50<\/td>\n<\/tr>\n<tr>\n<td>Longueurs standard ml<\/td>\n<td>2 &#8211; 3 &#8211; 4<\/td>\n<\/tr>\n<tr>\n<td>Quantit\u00e9 par palette<\/td>\n<td>200 &#8211; 300 &#8211; 400<\/td>\n<\/tr>\n<\/tbody>\n<\/table>\n<p>&nbsp;<\/p>\n<table width=\"324\">\n<tbody>\n<tr>\n<td colspan=\"2\" width=\"324\">Diam\u00e8tre 120mm<\/td>\n<\/tr>\n<tr>\n<td>\u00c9paisseurs mm<\/td>\n<td>0,80 &#8211; 0,50<\/td>\n<\/tr>\n<tr>\n<td>Longueurs standard ml<\/td>\n<td>4<\/td>\n<\/tr>\n<tr>\n<td>Quantit\u00e9 par palette<\/td>\n<td>240<\/td>\n<\/tr>\n<\/tbody>\n<\/table>\n<p>&nbsp;<\/p>\n<table width=\"324\">\n<tbody>\n<tr>\n<td colspan=\"2\" width=\"324\">Diam\u00e8tre 80x80mm<\/td>\n<\/tr>\n<tr>\n<td>\u00c9paisseurs mm<\/td>\n<td>\u00a00,50<\/td>\n<\/tr>\n<tr>\n<td>Longueurs standard ml<\/td>\n<td>2 &#8211; 3 &#8211; 4<\/td>\n<\/tr>\n<tr>\n<td>Quantit\u00e9 par palette<\/td>\n<td>240 &#8211; 360 &#8211; 480<\/td>\n<\/tr>\n<\/tbody>\n<\/table>\n<p>&nbsp;<\/p>\n<h2>TUBES DE DESCENTE \u00c9LECTROSOUD\u00c9S<br \/>\nEN ACIER INOXYDABLE AISI 316<\/h2>\n<table width=\"324\">\n<tbody>\n<tr>\n<td colspan=\"2\" width=\"324\">Diam\u00e8tre 80mm<\/td>\n<\/tr>\n<tr>\n<td>\u00c9paisseurs mm<\/td>\n<td>0,80 &#8211; 0,50<\/td>\n<\/tr>\n<tr>\n<td>Longueurs standard ml<\/td>\n<td>2 &#8211; 3 &#8211; 4<\/td>\n<\/tr>\n<tr>\n<td>Quantit\u00e9 par palette<\/td>\n<td>300 &#8211; 450 &#8211; 600<\/td>\n<\/tr>\n<\/tbody>\n<\/table>\n<p>&nbsp;<\/p>\n<table width=\"324\">\n<tbody>\n<tr>\n<td colspan=\"2\" width=\"324\">Diam\u00e8tre 100mm<\/td>\n<\/tr>\n<tr>\n<td>\u00c9paisseurs mm<\/td>\n<td>0,80 &#8211; 0,50<\/td>\n<\/tr>\n<tr>\n<td>Longueurs standard ml<\/td>\n<td>2 &#8211; 3 &#8211; 4<\/td>\n<\/tr>\n<tr>\n<td>Quantit\u00e9 par palette<\/td>\n<td>200 &#8211; 300 &#8211; 400<\/td>\n<\/tr>\n<\/tbody>\n<\/table>\n<p>&nbsp;<\/p>\n<p>&nbsp;<\/p>\n<h2>TUBES DE DESCENTE AGRAF\u00c9S<br \/>\nEN UGINOX<sup>\u00ae<\/sup> ET UGITOP<sup>\u00ae<\/sup><\/h2>\n<table width=\"324\">\n<tbody>\n<tr>\n<td colspan=\"2\" width=\"324\">Diam\u00e8tre 60mm<\/td>\n<\/tr>\n<tr>\n<td>\u00c9paisseurs mm<\/td>\n<td>0,5<\/td>\n<\/tr>\n<tr>\n<td>Longueurs standard ml<\/td>\n<td>2 &#8211; 3 &#8211; 4<\/td>\n<\/tr>\n<tr>\n<td>Quantit\u00e9 par palette<\/td>\n<td>560 \u2013 840<\/td>\n<\/tr>\n<\/tbody>\n<\/table>\n<p>&nbsp;<\/p>\n<table width=\"324\">\n<tbody>\n<tr>\n<td colspan=\"2\" width=\"324\">Diam\u00e8tre 80mm<\/td>\n<\/tr>\n<tr>\n<td>\u00c9paisseurs mm<\/td>\n<td>0,5<\/td>\n<\/tr>\n<tr>\n<td>Longueurs standard ml<\/td>\n<td>2 &#8211; 3 &#8211; 4<\/td>\n<\/tr>\n<tr>\n<td>Quantit\u00e9 par palette<\/td>\n<td>300 \u2013 450 \u2013 600<\/td>\n<\/tr>\n<\/tbody>\n<\/table>\n<p>&nbsp;<\/p>\n<table width=\"324\">\n<tbody>\n<tr>\n<td colspan=\"2\" width=\"324\">Diam\u00e8tre 100mm<\/td>\n<\/tr>\n<tr>\n<td>\u00c9paisseurs mm<\/td>\n<td>0,5<\/td>\n<\/tr>\n<tr>\n<td>Longueurs standard ml<\/td>\n<td>2 &#8211; 3 &#8211; 4<\/td>\n<\/tr>\n<tr>\n<td>Quantit\u00e9 par palette<\/td>\n<td>200 \u2013 300 \u2013 400<\/td>\n<\/tr>\n<\/tbody>\n<\/table>\n<p>&nbsp;<\/p>\n<table width=\"324\">\n<tbody>\n<tr>\n<td colspan=\"2\" width=\"324\">Diam\u00e8tre 120mm<\/td>\n<\/tr>\n<tr>\n<td>\u00c9paisseurs mm<\/td>\n<td>0,5<\/td>\n<\/tr>\n<tr>\n<td>Longueurs standard ml<\/td>\n<td>2 &#8211; 3 &#8211; 4<\/td>\n<\/tr>\n<tr>\n<td>Quantit\u00e9 par palette<\/td>\n<td>120 \u2013 180 \u2013 240<\/td>\n<\/tr>\n<\/tbody>\n<\/table>\n<p>&nbsp;<\/p>\n<h2>Tubes de descente \u00e9lectrosoud\u00e9s<br \/>\nen Cupro Inox<sup>\u00ae<\/sup><\/h2>\n<table width=\"548\">\n<tbody>\n<tr>\n<td colspan=\"2\" width=\"548\">DIAM\u00c8TRE 80MM<\/td>\n<\/tr>\n<tr>\n<td>\u00c9paisseurs mm<\/td>\n<td>0,50<\/td>\n<\/tr>\n<tr>\n<td>Longueurs standard ml<\/td>\n<td>1\u2013 2 \u2013 3 \u2013 4<\/td>\n<\/tr>\n<tr>\n<td>Quantit\u00e9 par palette<\/td>\n<td>150 \u2013 300 \u2013 450 \u2013 600<\/td>\n<\/tr>\n<tr>\n<td><\/td>\n<td><\/td>\n<\/tr>\n<tr>\n<td colspan=\"2\" width=\"548\">DIAM\u00c8TRE 100MM<\/td>\n<\/tr>\n<tr>\n<td>\u00c9paisseurs mm<\/td>\n<td>0,50<\/td>\n<\/tr>\n<tr>\n<td>Longueurs standard ml<\/td>\n<td>1\u2013 2 \u2013 3 \u2013 4<\/td>\n<\/tr>\n<tr>\n<td>Quantit\u00e9 par palette<\/td>\n<td>100 \u2013 200 \u2013 300 \u2013 400 \u2013 480<\/td>\n<\/tr>\n<\/tbody>\n<\/table>\n<h2><\/h2>\n<h2>TUBES DE DESCENTE \u00c9LECTROSOUD\u00c9S<br \/>\nEN ALUMINIUM NATUREL<\/h2>\n<table width=\"324\">\n<tbody>\n<tr>\n<td colspan=\"2\" width=\"324\">Diam\u00e8tre 80mm<\/td>\n<\/tr>\n<tr>\n<td>\u00c9paisseurs mm<\/td>\n<td>0,8<\/td>\n<\/tr>\n<tr>\n<td>Longueurs standard ml<\/td>\n<td>2 &#8211;\u00a0 3 &#8211; 4<\/td>\n<\/tr>\n<tr>\n<td>Quantit\u00e9 par palette<\/td>\n<td>150 &#8211; 300 &#8211; 450 &#8211; 600<\/td>\n<\/tr>\n<\/tbody>\n<\/table>\n<p>&nbsp;<\/p>\n<table width=\"324\">\n<tbody>\n<tr>\n<td colspan=\"2\" width=\"324\">Diam\u00e8tre 100mm<\/td>\n<\/tr>\n<tr>\n<td>\u00c9paisseurs mm<\/td>\n<td>0,8<\/td>\n<\/tr>\n<tr>\n<td>Longueurs standard ml<\/td>\n<td>2 &#8211; 3 &#8211; 4<\/td>\n<\/tr>\n<tr>\n<td>Quantit\u00e9 par palette<\/td>\n<td>200 &#8211; 300 &#8211; 400<\/td>\n<\/tr>\n<\/tbody>\n<\/table>\n<p>&nbsp;<\/p>\n<table width=\"324\">\n<tbody>\n<tr>\n<td colspan=\"2\" width=\"324\">Diam\u00e8tre 120mm<\/td>\n<\/tr>\n<tr>\n<td>\u00c9paisseurs mm<\/td>\n<td>0,8<\/td>\n<\/tr>\n<tr>\n<td>Longueurs standard ml<\/td>\n<td>4<\/td>\n<\/tr>\n<tr>\n<td>Quantit\u00e9 par palette<\/td>\n<td>240<\/td>\n<\/tr>\n<\/tbody>\n<\/table>\n","protected":false},"excerpt":{"rendered":"<p>TUBES DE DESCENTE \u00c9LECTROSOUD\u00c9S EN CUIVRE Diam\u00e8tre 60mm \u00c9paisseurs mm 0,50 &#8211; 0,55 &#8211; 0,60 Longueurs standard ml 2 &#8211; 3 Quantit\u00e9 par palette 560 &#8211; 840 &nbsp; Diam\u00e8tre 75mm \u00c9paisseurs mm 0,55 &#8211; 0,60 Longueurs standard ml 2 &#8211; 3 &#8211; 4 Quantit\u00e9 par palette 378 &#8211; 567 &#8211; 756 &nbsp; Diam\u00e8tre 76mm \u00c9paisseurs [&hellip;]<\/p>\n","protected":false},"author":2,"featured_media":0,"parent":1834,"menu_order":0,"comment_status":"closed","ping_status":"closed","template":"page-templates\/edilizia.php","meta":{"_acf_changed":false,"footnotes":""},"class_list":["post-1311","page","type-page","status-publish","hentry"],"acf":[],"_links":{"self":[{"href":"https:\/\/www.tresoldimetalli.it\/fr\/wp-json\/wp\/v2\/pages\/1311","targetHints":{"allow":["GET"]}}],"collection":[{"href":"https:\/\/www.tresoldimetalli.it\/fr\/wp-json\/wp\/v2\/pages"}],"about":[{"href":"https:\/\/www.tresoldimetalli.it\/fr\/wp-json\/wp\/v2\/types\/page"}],"author":[{"embeddable":true,"href":"https:\/\/www.tresoldimetalli.it\/fr\/wp-json\/wp\/v2\/users\/2"}],"replies":[{"embeddable":true,"href":"https:\/\/www.tresoldimetalli.it\/fr\/wp-json\/wp\/v2\/comments?post=1311"}],"version-history":[{"count":9,"href":"https:\/\/www.tresoldimetalli.it\/fr\/wp-json\/wp\/v2\/pages\/1311\/revisions"}],"predecessor-version":[{"id":3279,"href":"https:\/\/www.tresoldimetalli.it\/fr\/wp-json\/wp\/v2\/pages\/1311\/revisions\/3279"}],"up":[{"embeddable":true,"href":"https:\/\/www.tresoldimetalli.it\/fr\/wp-json\/wp\/v2\/pages\/1834"}],"wp:attachment":[{"href":"https:\/\/www.tresoldimetalli.it\/fr\/wp-json\/wp\/v2\/media?parent=1311"}],"curies":[{"name":"wp","href":"https:\/\/api.w.org\/{rel}","templated":true}]}}