{"id":1314,"date":"2020-10-14T17:50:30","date_gmt":"2020-10-14T15:50:30","guid":{"rendered":"https:\/\/www.tresoldimetalli.it\/demo\/canali-di-gronda\/"},"modified":"2021-01-19T11:36:29","modified_gmt":"2021-01-19T10:36:29","slug":"canali-di-gronda","status":"publish","type":"page","link":"https:\/\/www.tresoldimetalli.it\/fr\/batiment\/canali-di-gronda\/","title":{"rendered":"Goutti\u00e8res"},"content":{"rendered":"<h2>Goutti\u00e8res<\/h2>\n<table width=\"324\">\n<tbody>\n<tr>\n<td colspan=\"2\" width=\"324\">Dimensions<\/td>\n<\/tr>\n<tr>\n<td>Norme de r\u00e9f\u00e9rence<\/td>\n<td>EN612 ou sur plan<\/td>\n<\/tr>\n<tr>\n<td>D\u00e9veloppement\/\u00d8 boucle mm<\/td>\n<td>250\/18 &#8211; 280\/18 &#8211; 333\/20 &#8211; 400\/22<\/td>\n<\/tr>\n<tr>\n<td>Longueurs standard ml<\/td>\n<td>3 &#8211; 4 &#8211; 5 &#8211; 6<\/td>\n<\/tr>\n<\/tbody>\n<\/table>\n<p><em>Possibilit\u00e9 de r\u00e9alisation en n&rsquo;importe quel mat\u00e9riau disponible en stock.<\/em><\/p>\n<p>&nbsp;<\/p>\n<table width=\"324\">\n<tbody>\n<tr>\n<td colspan=\"2\" width=\"324\">Emballages pour d\u00e9veloppement 250 mm<\/td>\n<\/tr>\n<tr>\n<td>Longueur\/quantit\u00e9 m\/m<\/td>\n<td>3\/675 &#8211; 4\/900 &#8211; 5\/1125 &#8211; 6\/1350<\/td>\n<\/tr>\n<\/tbody>\n<\/table>\n<p>&nbsp;<\/p>\n<p>&nbsp;<\/p>\n<table width=\"324\">\n<tbody>\n<tr>\n<td colspan=\"2\" width=\"324\">Emballages pour d\u00e9veloppement 280 mm<\/td>\n<\/tr>\n<tr>\n<td>Longueur\/quantit\u00e9 m\/m<\/td>\n<td>2\/585 &#8211; 4\/780 &#8211; 5\/975 &#8211; 6\/1170<\/td>\n<\/tr>\n<\/tbody>\n<\/table>\n<p>&nbsp;<\/p>\n<p>&nbsp;<\/p>\n<table width=\"324\">\n<tbody>\n<tr>\n<td colspan=\"2\" width=\"324\">Emballages pour d\u00e9veloppement 333 mm<\/td>\n<\/tr>\n<tr>\n<td>Longueur\/quantit\u00e9 m\/m<\/td>\n<td>3\/495 &#8211; 4\/660 &#8211; 5\/825 &#8211; 6\/990<\/td>\n<\/tr>\n<\/tbody>\n<\/table>\n<p>&nbsp;<\/p>\n<p>&nbsp;<\/p>\n<table width=\"324\">\n<tbody>\n<tr>\n<td colspan=\"2\" width=\"324\">Emballages pour d\u00e9veloppement 400 mm<\/td>\n<\/tr>\n<tr>\n<td>Longueur\/quantit\u00e9 m\/m<\/td>\n<td>3\/270 &#8211; 4\/360 &#8211; 5\/450 &#8211; 6\/540<\/td>\n<\/tr>\n<\/tbody>\n<\/table>\n<p>&nbsp;<\/p>\n","protected":false},"excerpt":{"rendered":"<p>Goutti\u00e8res Dimensions Norme de r\u00e9f\u00e9rence EN612 ou sur plan D\u00e9veloppement\/\u00d8 boucle mm 250\/18 &#8211; 280\/18 &#8211; 333\/20 &#8211; 400\/22 Longueurs standard ml 3 &#8211; 4 &#8211; 5 &#8211; 6 Possibilit\u00e9 de r\u00e9alisation en n&rsquo;importe quel mat\u00e9riau disponible en stock. &nbsp; Emballages pour d\u00e9veloppement 250 mm Longueur\/quantit\u00e9 m\/m 3\/675 &#8211; 4\/900 &#8211; 5\/1125 &#8211; 6\/1350 &nbsp; [&hellip;]<\/p>\n","protected":false},"author":1,"featured_media":0,"parent":1834,"menu_order":0,"comment_status":"closed","ping_status":"closed","template":"page-templates\/edilizia.php","meta":{"_acf_changed":false,"footnotes":""},"class_list":["post-1314","page","type-page","status-publish","hentry"],"acf":[],"_links":{"self":[{"href":"https:\/\/www.tresoldimetalli.it\/fr\/wp-json\/wp\/v2\/pages\/1314","targetHints":{"allow":["GET"]}}],"collection":[{"href":"https:\/\/www.tresoldimetalli.it\/fr\/wp-json\/wp\/v2\/pages"}],"about":[{"href":"https:\/\/www.tresoldimetalli.it\/fr\/wp-json\/wp\/v2\/types\/page"}],"author":[{"embeddable":true,"href":"https:\/\/www.tresoldimetalli.it\/fr\/wp-json\/wp\/v2\/users\/1"}],"replies":[{"embeddable":true,"href":"https:\/\/www.tresoldimetalli.it\/fr\/wp-json\/wp\/v2\/comments?post=1314"}],"version-history":[{"count":4,"href":"https:\/\/www.tresoldimetalli.it\/fr\/wp-json\/wp\/v2\/pages\/1314\/revisions"}],"predecessor-version":[{"id":2045,"href":"https:\/\/www.tresoldimetalli.it\/fr\/wp-json\/wp\/v2\/pages\/1314\/revisions\/2045"}],"up":[{"embeddable":true,"href":"https:\/\/www.tresoldimetalli.it\/fr\/wp-json\/wp\/v2\/pages\/1834"}],"wp:attachment":[{"href":"https:\/\/www.tresoldimetalli.it\/fr\/wp-json\/wp\/v2\/media?parent=1314"}],"curies":[{"name":"wp","href":"https:\/\/api.w.org\/{rel}","templated":true}]}}