{"id":1321,"date":"2020-10-14T17:52:44","date_gmt":"2020-10-14T15:52:44","guid":{"rendered":"https:\/\/www.tresoldimetalli.it\/demo\/gomiti-pluviali\/"},"modified":"2021-01-29T11:11:27","modified_gmt":"2021-01-29T10:11:27","slug":"coudes-cintres","status":"publish","type":"page","link":"https:\/\/www.tresoldimetalli.it\/fr\/batiment\/coudes-cintres\/","title":{"rendered":"Coudes cintr\u00e9s"},"content":{"rendered":"<h2>COUDES CINTR\u00e9S AGRAF\u00c9S EN CUPRO INOX<sup>\u00ae<\/sup><\/h2>\n<table width=\"548\">\n<tbody>\n<tr>\n<td width=\"231\">Dimensions<\/td>\n<td width=\"317\"><\/td>\n<\/tr>\n<tr>\n<td>\u00f8 mm\/degr\u00e9<\/td>\n<td>80\/72\u00b0 \u2013 80\/85\u00b0 &#8211; 100\/72\u00b0 \u2013 100\/85\u00b0<\/td>\n<\/tr>\n<\/tbody>\n<\/table>\n<h2>COUDES CINTR\u00e9S \u00c9LECTROSOUD\u00c9S EN CUIVRE<\/h2>\n<table width=\"262\">\n<tbody>\n<tr>\n<td colspan=\"2\" width=\"262\">Dimensions<\/td>\n<\/tr>\n<tr>\n<td rowspan=\"2\">\u00f8 mm\/degr\u00e9<\/td>\n<td>60\/72\u00b0 &#8211; 80\/72\u00b0 &#8211; 80\/85\u00b0 &#8211; 100\/40\u00b0<\/td>\n<\/tr>\n<tr>\n<td>100\/72\u00b0 &#8211; 100\/85\u00b0 &#8211; 120\/72\u00b0 &#8211; 120\/85\u00b0<\/td>\n<\/tr>\n<\/tbody>\n<\/table>\n<p>Autres formats, couleurs et mod\u00e8les de ceux indiqu\u00e9s disponibles sur commande.<\/p>\n<p>&nbsp;<\/p>\n<h2>COUDES CINTR\u00e9S \u00c9LECTROSOUD\u00c9S<br \/>\nEN ZINC-TITANE NATUREL<\/h2>\n<table width=\"262\">\n<tbody>\n<tr>\n<td colspan=\"2\" width=\"262\">Dimensions<\/td>\n<\/tr>\n<tr>\n<td rowspan=\"2\">\u00f8 mm\/degr\u00e9<\/td>\n<td>60\/72\u00b0 &#8211; 80\/72\u00b0 &#8211; 80\/85\u00b0 &#8211; 100\/40\u00b0<\/td>\n<\/tr>\n<tr>\n<td>100\/72\u00b0 &#8211; 100\/85\u00b0 &#8211; 120\/72\u00b0 &#8211; 120\/85\u00b0<\/td>\n<\/tr>\n<\/tbody>\n<\/table>\n<p>Autres formats, couleurs et mod\u00e8les de ceux indiqu\u00e9s disponibles sur commande.<\/p>\n<h2>COUDES CINTR\u00e9S \u00c9LECTROSOUD\u00c9S<br \/>\nEN ZINC-TITANE PR\u00c9PATIN\u00c9<\/h2>\n<table width=\"262\">\n<tbody>\n<tr>\n<td colspan=\"2\" width=\"262\">Dimensions<\/td>\n<\/tr>\n<tr>\n<td>\u00f8 mm\/degr\u00e9<\/td>\n<td>80\/72\u00b0 &#8211; 100\/72\u00b0 &#8211; 120\/72\u00b0<\/td>\n<\/tr>\n<\/tbody>\n<\/table>\n<p>Autres formats, couleurs et mod\u00e8les de ceux indiqu\u00e9s disponibles sur commande.<\/p>\n<h2>COUDES CINTR\u00e9S \u00c9LECTROSOUD\u00c9S<br \/>\nEN ACIER INOXYDABLE<\/h2>\n<table width=\"262\">\n<tbody>\n<tr>\n<td colspan=\"2\" width=\"262\">Dimensions<\/td>\n<\/tr>\n<tr>\n<td>\u00f8 mm\/degr\u00e9<\/td>\n<td>60\/72\u00b0 &#8211; 80\/72\u00b0 &#8211; 100\/72\u00b0 &#8211; 120\/72\u00b0<\/td>\n<\/tr>\n<\/tbody>\n<\/table>\n<p>Autres formats, couleurs et mod\u00e8les de ceux indiqu\u00e9s disponibles sur commande.<\/p>\n<h2>COUDES CINTR\u00e9S AGRAF\u00c9S EN ACIER GALVANIS\u00c9<\/h2>\n<table width=\"262\">\n<tbody>\n<tr>\n<td colspan=\"2\" width=\"262\">Dimensions<\/td>\n<\/tr>\n<tr>\n<td>\u00f8 mm\/degr\u00e9<\/td>\n<td>60\/72\u00b0 &#8211; 80\/72\u00b0 &#8211; 100\/72\u00b0 &#8211; 120\/72\u00b0<\/td>\n<\/tr>\n<tr>\n<td>Section mm\/degr\u00e9<\/td>\n<td>80&#215;80\/72\u00b0 &#8211; 100&#215;100\/72\u00b0 &#8211; 60&#215;90\/72\u00b0<\/td>\n<\/tr>\n<\/tbody>\n<\/table>\n<p>Autres formats, couleurs et mod\u00e8les de ceux indiqu\u00e9s disponibles sur commande.<\/p>\n<p>&nbsp;<\/p>\n<h2>COUDES CINTR\u00e9S AGRAF\u00c9S EN ACIER PR\u00c9-LAQU\u00e9S<\/h2>\n<table width=\"262\">\n<tbody>\n<tr>\n<td colspan=\"2\" width=\"262\">Dimensions<\/td>\n<\/tr>\n<tr>\n<td>\u00f8 mm\/degr\u00e9<\/td>\n<td>60\/72\u00b0 &#8211; 80\/72\u00b0 &#8211; 100\/72\u00b0 &#8211; 120\/72\u00b0<\/td>\n<\/tr>\n<tr>\n<td>Section mm\/degr\u00e9<\/td>\n<td>80&#215;80\/72\u00b0 &#8211; 100&#215;100\/72\u00b0 &#8211; 60&#215;90\/72\u00b0 &#8211; 80&#215;100\/72\u00b0<\/td>\n<\/tr>\n<\/tbody>\n<\/table>\n<p>Autres formats, couleurs et mod\u00e8les de ceux indiqu\u00e9s disponibles sur commande.<\/p>\n<h2>COUDES CINTR\u00e9S AGRAF\u00c9S EN CUIVRE<\/h2>\n<table width=\"262\">\n<tbody>\n<tr>\n<td colspan=\"2\" width=\"262\">Dimensions<\/td>\n<\/tr>\n<tr>\n<td>Section<\/td>\n<td>80&#215;80\/72\u00b0 &#8211; 60&#215;90\/72\u00b0 &#8211; 100&#215;100\/72\u00b0<\/td>\n<\/tr>\n<\/tbody>\n<\/table>\n<p>Autres formats, couleurs et mod\u00e8les de ceux indiqu\u00e9s disponibles sur commande.<\/p>\n<h2>COUDES CINTR\u00e9S AGRAF\u00c9S<br \/>\nEN ACIER INOXYDABLE<\/h2>\n<table width=\"262\">\n<tbody>\n<tr>\n<td colspan=\"2\" width=\"262\">Dimensions<\/td>\n<\/tr>\n<tr>\n<td>section mm\/degr\u00e9<\/td>\n<td>80&#215;80\/72\u00b0 &#8211; 100&#215;100\/72\u00b0<\/td>\n<\/tr>\n<\/tbody>\n<\/table>\n<p>Autres formats, couleurs et mod\u00e8les de ceux indiqu\u00e9s disponibles sur commande.<\/p>\n<h2>COUDES CINTR\u00e9S AGRAF\u00c9S<br \/>\nEN ALUMINIUM PR\u00c9-LAQU\u00e9<\/h2>\n<table width=\"262\">\n<tbody>\n<tr>\n<td colspan=\"2\" width=\"262\">Dimensions<\/td>\n<\/tr>\n<tr>\n<td>\u00f8 mm\/degr\u00e9<\/td>\n<td>80\/72\u00b0 &#8211; 100\/72\u00b0<\/td>\n<\/tr>\n<\/tbody>\n<\/table>\n<p>Autres formats, couleurs et mod\u00e8les de ceux indiqu\u00e9s disponibles sur commande.<\/p>\n<h2>COUDES CINTR\u00e9S AGRAF\u00c9S<br \/>\nEN ALUMINIUM NATUREL<\/h2>\n<table width=\"262\">\n<tbody>\n<tr>\n<td colspan=\"2\" width=\"262\">Dimensions<\/td>\n<\/tr>\n<tr>\n<td>\u00f8 mm\/degr\u00e9<\/td>\n<td>60\/72\u00b0 &#8211; 80\/72\u00b0 &#8211; 80\/85\u00b0 &#8211; 100\/72\u00b0 &#8211; 100\/85\u00b0 &#8211; 120\/72\u00b0 &#8211; 120\/85\u00b0<\/td>\n<\/tr>\n<\/tbody>\n<\/table>\n<p>Autres formats, couleurs et mod\u00e8les de ceux indiqu\u00e9s disponibles sur commande.<\/p>\n","protected":false},"excerpt":{"rendered":"<p>COUDES CINTR\u00e9S AGRAF\u00c9S EN CUPRO INOX\u00ae Dimensions \u00f8 mm\/degr\u00e9 80\/72\u00b0 \u2013 80\/85\u00b0 &#8211; 100\/72\u00b0 \u2013 100\/85\u00b0 COUDES CINTR\u00e9S \u00c9LECTROSOUD\u00c9S EN CUIVRE Dimensions \u00f8 mm\/degr\u00e9 60\/72\u00b0 &#8211; 80\/72\u00b0 &#8211; 80\/85\u00b0 &#8211; 100\/40\u00b0 100\/72\u00b0 &#8211; 100\/85\u00b0 &#8211; 120\/72\u00b0 &#8211; 120\/85\u00b0 Autres formats, couleurs et mod\u00e8les de ceux indiqu\u00e9s disponibles sur commande. &nbsp; COUDES CINTR\u00e9S \u00c9LECTROSOUD\u00c9S EN ZINC-TITANE [&hellip;]<\/p>\n","protected":false},"author":1,"featured_media":0,"parent":1834,"menu_order":0,"comment_status":"closed","ping_status":"closed","template":"page-templates\/edilizia.php","meta":{"_acf_changed":false,"footnotes":""},"class_list":["post-1321","page","type-page","status-publish","hentry"],"acf":[],"_links":{"self":[{"href":"https:\/\/www.tresoldimetalli.it\/fr\/wp-json\/wp\/v2\/pages\/1321","targetHints":{"allow":["GET"]}}],"collection":[{"href":"https:\/\/www.tresoldimetalli.it\/fr\/wp-json\/wp\/v2\/pages"}],"about":[{"href":"https:\/\/www.tresoldimetalli.it\/fr\/wp-json\/wp\/v2\/types\/page"}],"author":[{"embeddable":true,"href":"https:\/\/www.tresoldimetalli.it\/fr\/wp-json\/wp\/v2\/users\/1"}],"replies":[{"embeddable":true,"href":"https:\/\/www.tresoldimetalli.it\/fr\/wp-json\/wp\/v2\/comments?post=1321"}],"version-history":[{"count":5,"href":"https:\/\/www.tresoldimetalli.it\/fr\/wp-json\/wp\/v2\/pages\/1321\/revisions"}],"predecessor-version":[{"id":2728,"href":"https:\/\/www.tresoldimetalli.it\/fr\/wp-json\/wp\/v2\/pages\/1321\/revisions\/2728"}],"up":[{"embeddable":true,"href":"https:\/\/www.tresoldimetalli.it\/fr\/wp-json\/wp\/v2\/pages\/1834"}],"wp:attachment":[{"href":"https:\/\/www.tresoldimetalli.it\/fr\/wp-json\/wp\/v2\/media?parent=1321"}],"curies":[{"name":"wp","href":"https:\/\/api.w.org\/{rel}","templated":true}]}}