{"id":1324,"date":"2020-10-26T12:57:58","date_gmt":"2020-10-26T11:57:58","guid":{"rendered":"https:\/\/www.tresoldimetalli.it\/demo\/collare-fermatubo\/"},"modified":"2021-01-29T11:13:28","modified_gmt":"2021-01-29T10:13:28","slug":"collare-fermatubo","status":"publish","type":"page","link":"https:\/\/www.tresoldimetalli.it\/fr\/batiment\/collare-fermatubo\/","title":{"rendered":"Colliers de desentes d&rsquo;eaux pluviales"},"content":{"rendered":"<h2>COLLIERS EN CUPRO INOX<sup>\u00ae<\/sup><\/h2>\n<table width=\"548\">\n<tbody>\n<tr>\n<td width=\"231\">Dimensions<\/td>\n<td width=\"317\"><\/td>\n<\/tr>\n<tr>\n<td>\u00f8<\/td>\n<td>80 \u2013 100<\/td>\n<\/tr>\n<\/tbody>\n<\/table>\n<h2>COLLIERS EN CUIVRE<\/h2>\n<table width=\"262\">\n<tbody>\n<tr>\n<td colspan=\"2\" width=\"262\">Dimensions<\/td>\n<\/tr>\n<tr>\n<td>\u00f8<\/td>\n<td>60 &#8211; 75 &#8211; 80 &#8211; 87 &#8211; 100 &#8211; 120 &#8211; 150<\/td>\n<\/tr>\n<tr>\n<td>Section<\/td>\n<td>60&#215;90 &#8211; 80&#215;80 &#8211; 80&#215;100 &#8211; 100&#215;100 &#8211; 120&#215;120<\/td>\n<\/tr>\n<\/tbody>\n<\/table>\n<p>Autres formats, couleurs et mod\u00e8les de ceux indiqu\u00e9s disponibles sur commande.<\/p>\n<h2>COLLIERS EN ACIER GALVANIS\u00c9<\/h2>\n<table width=\"262\">\n<tbody>\n<tr>\n<td colspan=\"2\" width=\"262\">Dimensions<\/td>\n<\/tr>\n<tr>\n<td>\u00f8<\/td>\n<td>60 &#8211; 80 &#8211; 100 &#8211; 120<\/td>\n<\/tr>\n<tr>\n<td>Section<\/td>\n<td>60&#215;90 &#8211; 80&#215;80 &#8211; 100&#215;100<\/td>\n<\/tr>\n<\/tbody>\n<\/table>\n<p>Autres formats, couleurs et mod\u00e8les de ceux indiqu\u00e9s disponibles sur commande.<\/p>\n<h2>COLLIERS EN ACIER PR\u00c9-LAQU\u00e9<\/h2>\n<table width=\"262\">\n<tbody>\n<tr>\n<td colspan=\"2\" width=\"262\">Dimensions<\/td>\n<\/tr>\n<tr>\n<td>\u00f8<\/td>\n<td>60 &#8211; 80 &#8211; 100 &#8211; 120<\/td>\n<\/tr>\n<tr>\n<td>Section<\/td>\n<td>60&#215;90 &#8211; 80&#215;80 &#8211; 80&#215;100 &#8211; 100&#215;100<\/td>\n<\/tr>\n<\/tbody>\n<\/table>\n<p>Autres formats, couleurs et mod\u00e8les de ceux indiqu\u00e9s disponibles sur commande.<\/p>\n<h2>COLLIERS EN ACIER INOXYDABLE<\/h2>\n<table width=\"262\">\n<tbody>\n<tr>\n<td colspan=\"2\" width=\"262\">Dimensions<\/td>\n<\/tr>\n<tr>\n<td>\u00f8<\/td>\n<td>60 &#8211; 80 &#8211; 100 &#8211; 120<\/td>\n<\/tr>\n<tr>\n<td>Section<\/td>\n<td>60&#215;90 &#8211; 80&#215;80 &#8211; 100&#215;100<\/td>\n<\/tr>\n<\/tbody>\n<\/table>\n<p>Autres formats, couleurs et mod\u00e8les de ceux indiqu\u00e9s disponibles sur commande.<\/p>\n<h2>COLLIERS EN ALUMINIUM PR\u00c9-LAQU\u00e9<\/h2>\n<table width=\"262\">\n<tbody>\n<tr>\n<td colspan=\"2\" width=\"262\">Dimensions<\/td>\n<\/tr>\n<tr>\n<td>\u00f8<\/td>\n<td>80 &#8211; 100 &#8211; 120<\/td>\n<\/tr>\n<\/tbody>\n<\/table>\n<p>Autres formats, couleurs et mod\u00e8les de ceux indiqu\u00e9s disponibles sur commande.<\/p>\n<h2>COLLIERS DE SERRAGE POUR TUBE EN ZINC-TITANE<\/h2>\n<table width=\"262\">\n<tbody>\n<tr>\n<td colspan=\"2\" width=\"262\">Dimensions<\/td>\n<\/tr>\n<tr>\n<td>\u00f8<\/td>\n<td>60 &#8211; 76 &#8211; 80 &#8211; 87 &#8211; 100 &#8211; 120<\/td>\n<\/tr>\n<\/tbody>\n<\/table>\n<p>Autres formats, couleurs et mod\u00e8les de ceux indiqu\u00e9s disponibles sur commande.<\/p>\n<h2>COLLIERS DE SERRAGE POUR TUBE<br \/>\nEN ZINC-TITANE PR\u00c9PEINT<\/h2>\n<table width=\"262\">\n<tbody>\n<tr>\n<td colspan=\"2\" width=\"262\">Dimensions<\/td>\n<\/tr>\n<tr>\n<td>\u00f8<\/td>\n<td>80 &#8211; 100<\/td>\n<\/tr>\n<\/tbody>\n<\/table>\n<p>Autres formats, couleurs et mod\u00e8les de ceux indiqu\u00e9s disponibles sur commande.<\/p>\n<h2>COLLIERS EN ALUMINIUM NATUREL<\/h2>\n<table width=\"262\">\n<tbody>\n<tr>\n<td colspan=\"2\" width=\"262\">Dimensions<\/td>\n<\/tr>\n<tr>\n<td>\u00f8<\/td>\n<td>80 &#8211; 100 &#8211; 120<\/td>\n<\/tr>\n<\/tbody>\n<\/table>\n<p>Autres formats, couleurs et mod\u00e8les de ceux indiqu\u00e9s disponibles sur commande.<\/p>\n","protected":false},"excerpt":{"rendered":"<p>COLLIERS EN CUPRO INOX\u00ae Dimensions \u00f8 80 \u2013 100 COLLIERS EN CUIVRE Dimensions \u00f8 60 &#8211; 75 &#8211; 80 &#8211; 87 &#8211; 100 &#8211; 120 &#8211; 150 Section 60&#215;90 &#8211; 80&#215;80 &#8211; 80&#215;100 &#8211; 100&#215;100 &#8211; 120&#215;120 Autres formats, couleurs et mod\u00e8les de ceux indiqu\u00e9s disponibles sur commande. COLLIERS EN ACIER GALVANIS\u00c9 Dimensions \u00f8 60 [&hellip;]<\/p>\n","protected":false},"author":2,"featured_media":0,"parent":1834,"menu_order":0,"comment_status":"closed","ping_status":"closed","template":"page-templates\/edilizia.php","meta":{"_acf_changed":false,"footnotes":""},"class_list":["post-1324","page","type-page","status-publish","hentry"],"acf":[],"_links":{"self":[{"href":"https:\/\/www.tresoldimetalli.it\/fr\/wp-json\/wp\/v2\/pages\/1324","targetHints":{"allow":["GET"]}}],"collection":[{"href":"https:\/\/www.tresoldimetalli.it\/fr\/wp-json\/wp\/v2\/pages"}],"about":[{"href":"https:\/\/www.tresoldimetalli.it\/fr\/wp-json\/wp\/v2\/types\/page"}],"author":[{"embeddable":true,"href":"https:\/\/www.tresoldimetalli.it\/fr\/wp-json\/wp\/v2\/users\/2"}],"replies":[{"embeddable":true,"href":"https:\/\/www.tresoldimetalli.it\/fr\/wp-json\/wp\/v2\/comments?post=1324"}],"version-history":[{"count":5,"href":"https:\/\/www.tresoldimetalli.it\/fr\/wp-json\/wp\/v2\/pages\/1324\/revisions"}],"predecessor-version":[{"id":2732,"href":"https:\/\/www.tresoldimetalli.it\/fr\/wp-json\/wp\/v2\/pages\/1324\/revisions\/2732"}],"up":[{"embeddable":true,"href":"https:\/\/www.tresoldimetalli.it\/fr\/wp-json\/wp\/v2\/pages\/1834"}],"wp:attachment":[{"href":"https:\/\/www.tresoldimetalli.it\/fr\/wp-json\/wp\/v2\/media?parent=1324"}],"curies":[{"name":"wp","href":"https:\/\/api.w.org\/{rel}","templated":true}]}}