{"id":1330,"date":"2020-10-26T12:59:33","date_gmt":"2020-10-26T11:59:33","guid":{"rendered":"https:\/\/www.tresoldimetalli.it\/demo\/testate-di-gronda\/"},"modified":"2020-12-30T12:10:39","modified_gmt":"2020-12-30T11:10:39","slug":"testate-di-gronda","status":"publish","type":"page","link":"https:\/\/www.tresoldimetalli.it\/fr\/batiment\/testate-di-gronda\/","title":{"rendered":"Talons de goutti\u00e8re"},"content":{"rendered":"<h2>TALONS DE GOUTTI\u00c8RE<\/h2>\n<table width=\"262\">\n<tbody>\n<tr>\n<td colspan=\"2\" width=\"262\">Dimensions<\/td>\n<\/tr>\n<tr>\n<td>D\u00e9veloppement mm<\/td>\n<td>250 &#8211; 333<\/td>\n<\/tr>\n<\/tbody>\n<\/table>\n<p>&nbsp;<\/p>\n<table width=\"262\">\n<tbody>\n<tr>\n<td colspan=\"2\" width=\"262\">Mat\u00e9riaux<\/td>\n<\/tr>\n<tr>\n<td rowspan=\"5\">Disponible dans les mat\u00e9riaux suivants<\/td>\n<td>Cuivre<\/td>\n<\/tr>\n<tr>\n<td>Zinc-titane<\/td>\n<\/tr>\n<tr>\n<td>Zinc-titane pr\u00e9patin\u00e9<\/td>\n<\/tr>\n<tr>\n<td>Acier galvanis\u00e9<\/td>\n<\/tr>\n<tr>\n<td>Acier pr\u00e9-laqu\u00e9<\/td>\n<\/tr>\n<\/tbody>\n<\/table>\n<p>Autres formats, couleurs et mod\u00e8les de ceux indiqu\u00e9s disponibles sur commande.<\/p>\n","protected":false},"excerpt":{"rendered":"<p>TALONS DE GOUTTI\u00c8RE Dimensions D\u00e9veloppement mm 250 &#8211; 333 &nbsp; Mat\u00e9riaux Disponible dans les mat\u00e9riaux suivants Cuivre Zinc-titane Zinc-titane pr\u00e9patin\u00e9 Acier galvanis\u00e9 Acier pr\u00e9-laqu\u00e9 Autres formats, couleurs et mod\u00e8les de ceux indiqu\u00e9s disponibles sur commande.<\/p>\n","protected":false},"author":2,"featured_media":0,"parent":1834,"menu_order":0,"comment_status":"closed","ping_status":"closed","template":"page-templates\/edilizia.php","meta":{"_acf_changed":false,"footnotes":""},"class_list":["post-1330","page","type-page","status-publish","hentry"],"acf":[],"_links":{"self":[{"href":"https:\/\/www.tresoldimetalli.it\/fr\/wp-json\/wp\/v2\/pages\/1330","targetHints":{"allow":["GET"]}}],"collection":[{"href":"https:\/\/www.tresoldimetalli.it\/fr\/wp-json\/wp\/v2\/pages"}],"about":[{"href":"https:\/\/www.tresoldimetalli.it\/fr\/wp-json\/wp\/v2\/types\/page"}],"author":[{"embeddable":true,"href":"https:\/\/www.tresoldimetalli.it\/fr\/wp-json\/wp\/v2\/users\/2"}],"replies":[{"embeddable":true,"href":"https:\/\/www.tresoldimetalli.it\/fr\/wp-json\/wp\/v2\/comments?post=1330"}],"version-history":[{"count":1,"href":"https:\/\/www.tresoldimetalli.it\/fr\/wp-json\/wp\/v2\/pages\/1330\/revisions"}],"predecessor-version":[{"id":1332,"href":"https:\/\/www.tresoldimetalli.it\/fr\/wp-json\/wp\/v2\/pages\/1330\/revisions\/1332"}],"up":[{"embeddable":true,"href":"https:\/\/www.tresoldimetalli.it\/fr\/wp-json\/wp\/v2\/pages\/1834"}],"wp:attachment":[{"href":"https:\/\/www.tresoldimetalli.it\/fr\/wp-json\/wp\/v2\/media?parent=1330"}],"curies":[{"name":"wp","href":"https:\/\/api.w.org\/{rel}","templated":true}]}}