{"id":1336,"date":"2020-10-26T13:01:18","date_gmt":"2020-10-26T12:01:18","guid":{"rendered":"https:\/\/www.tresoldimetalli.it\/demo\/parafoglie\/"},"modified":"2020-12-30T12:13:16","modified_gmt":"2020-12-30T11:13:16","slug":"crapaudines","status":"publish","type":"page","link":"https:\/\/www.tresoldimetalli.it\/fr\/batiment\/crapaudines\/","title":{"rendered":"Crapaudines"},"content":{"rendered":"<h2>CRAPAUDINES<\/h2>\n<table width=\"262\">\n<tbody>\n<tr>\n<td colspan=\"2\" width=\"262\">Dimensions<\/td>\n<\/tr>\n<tr>\n<td>Circonf\u00e9rence \u00f8 mm<\/td>\n<td>80 &#8211; 100<\/td>\n<\/tr>\n<\/tbody>\n<\/table>\n<p>&nbsp;<\/p>\n<table width=\"262\">\n<tbody>\n<tr>\n<td colspan=\"2\" width=\"262\">Mat\u00e9riaux<\/td>\n<\/tr>\n<tr>\n<td rowspan=\"2\">Disponible dans les mat\u00e9riaux suivants<\/td>\n<td>Cuivre<\/td>\n<\/tr>\n<tr>\n<td>Acier galvanis\u00e9<\/td>\n<\/tr>\n<\/tbody>\n<\/table>\n<p>Autres formats, couleurs et mod\u00e8les de ceux indiqu\u00e9s disponibles sur commande.<\/p>\n","protected":false},"excerpt":{"rendered":"<p>CRAPAUDINES Dimensions Circonf\u00e9rence \u00f8 mm 80 &#8211; 100 &nbsp; Mat\u00e9riaux Disponible dans les mat\u00e9riaux suivants Cuivre Acier galvanis\u00e9 Autres formats, couleurs et mod\u00e8les de ceux indiqu\u00e9s disponibles sur commande.<\/p>\n","protected":false},"author":2,"featured_media":0,"parent":1834,"menu_order":0,"comment_status":"closed","ping_status":"closed","template":"page-templates\/edilizia.php","meta":{"_acf_changed":false,"footnotes":""},"class_list":["post-1336","page","type-page","status-publish","hentry"],"acf":[],"_links":{"self":[{"href":"https:\/\/www.tresoldimetalli.it\/fr\/wp-json\/wp\/v2\/pages\/1336","targetHints":{"allow":["GET"]}}],"collection":[{"href":"https:\/\/www.tresoldimetalli.it\/fr\/wp-json\/wp\/v2\/pages"}],"about":[{"href":"https:\/\/www.tresoldimetalli.it\/fr\/wp-json\/wp\/v2\/types\/page"}],"author":[{"embeddable":true,"href":"https:\/\/www.tresoldimetalli.it\/fr\/wp-json\/wp\/v2\/users\/2"}],"replies":[{"embeddable":true,"href":"https:\/\/www.tresoldimetalli.it\/fr\/wp-json\/wp\/v2\/comments?post=1336"}],"version-history":[{"count":1,"href":"https:\/\/www.tresoldimetalli.it\/fr\/wp-json\/wp\/v2\/pages\/1336\/revisions"}],"predecessor-version":[{"id":1338,"href":"https:\/\/www.tresoldimetalli.it\/fr\/wp-json\/wp\/v2\/pages\/1336\/revisions\/1338"}],"up":[{"embeddable":true,"href":"https:\/\/www.tresoldimetalli.it\/fr\/wp-json\/wp\/v2\/pages\/1834"}],"wp:attachment":[{"href":"https:\/\/www.tresoldimetalli.it\/fr\/wp-json\/wp\/v2\/media?parent=1336"}],"curies":[{"name":"wp","href":"https:\/\/api.w.org\/{rel}","templated":true}]}}