{"id":1339,"date":"2020-10-26T13:02:08","date_gmt":"2020-10-26T12:02:08","guid":{"rendered":"https:\/\/www.tresoldimetalli.it\/demo\/spostamento-laterale\/"},"modified":"2021-02-01T12:11:24","modified_gmt":"2021-02-01T11:11:24","slug":"spostamento-laterale","status":"publish","type":"page","link":"https:\/\/www.tresoldimetalli.it\/fr\/batiment\/spostamento-laterale\/","title":{"rendered":"Contre-coude"},"content":{"rendered":"<h2>CONTRE-COUDE \u00c9LECTROSOUD\u00c9<\/h2>\n<table width=\"262\">\n<tbody>\n<tr>\n<td colspan=\"2\" width=\"262\">Dimensions<\/td>\n<\/tr>\n<tr>\n<td rowspan=\"3\">Circonf\u00e9rence \u00f8 mm<\/td>\n<td>mm 76 \/ d\u00e9port mm 50<\/td>\n<\/tr>\n<tr>\n<td>mm 80 \/ d\u00e9port mm 50<\/td>\n<\/tr>\n<tr>\n<td>mm 100 \/ d\u00e9port mm 50<\/td>\n<\/tr>\n<\/tbody>\n<\/table>\n<p>&nbsp;<\/p>\n<table width=\"262\">\n<tbody>\n<tr>\n<td colspan=\"2\" width=\"262\">Mat\u00e9riaux<\/td>\n<\/tr>\n<tr>\n<td rowspan=\"3\">Disponible dans les mat\u00e9riaux suivants<\/td>\n<td>Cuivre<\/td>\n<\/tr>\n<tr>\n<td>Zinc-titane<\/td>\n<\/tr>\n<tr>\n<td>Zinc-titane pr\u00e9patin\u00e9<\/td>\n<\/tr>\n<\/tbody>\n<\/table>\n<p>Autres formats, couleurs et mod\u00e8les de ceux indiqu\u00e9s disponibles sur commande.<\/p>\n","protected":false},"excerpt":{"rendered":"<p>CONTRE-COUDE \u00c9LECTROSOUD\u00c9 Dimensions Circonf\u00e9rence \u00f8 mm mm 76 \/ d\u00e9port mm 50 mm 80 \/ d\u00e9port mm 50 mm 100 \/ d\u00e9port mm 50 &nbsp; Mat\u00e9riaux Disponible dans les mat\u00e9riaux suivants Cuivre Zinc-titane Zinc-titane pr\u00e9patin\u00e9 Autres formats, couleurs et mod\u00e8les de ceux indiqu\u00e9s disponibles sur commande.<\/p>\n","protected":false},"author":2,"featured_media":0,"parent":1834,"menu_order":0,"comment_status":"closed","ping_status":"closed","template":"page-templates\/edilizia.php","meta":{"_acf_changed":false,"footnotes":""},"class_list":["post-1339","page","type-page","status-publish","hentry"],"acf":[],"_links":{"self":[{"href":"https:\/\/www.tresoldimetalli.it\/fr\/wp-json\/wp\/v2\/pages\/1339","targetHints":{"allow":["GET"]}}],"collection":[{"href":"https:\/\/www.tresoldimetalli.it\/fr\/wp-json\/wp\/v2\/pages"}],"about":[{"href":"https:\/\/www.tresoldimetalli.it\/fr\/wp-json\/wp\/v2\/types\/page"}],"author":[{"embeddable":true,"href":"https:\/\/www.tresoldimetalli.it\/fr\/wp-json\/wp\/v2\/users\/2"}],"replies":[{"embeddable":true,"href":"https:\/\/www.tresoldimetalli.it\/fr\/wp-json\/wp\/v2\/comments?post=1339"}],"version-history":[{"count":2,"href":"https:\/\/www.tresoldimetalli.it\/fr\/wp-json\/wp\/v2\/pages\/1339\/revisions"}],"predecessor-version":[{"id":2814,"href":"https:\/\/www.tresoldimetalli.it\/fr\/wp-json\/wp\/v2\/pages\/1339\/revisions\/2814"}],"up":[{"embeddable":true,"href":"https:\/\/www.tresoldimetalli.it\/fr\/wp-json\/wp\/v2\/pages\/1834"}],"wp:attachment":[{"href":"https:\/\/www.tresoldimetalli.it\/fr\/wp-json\/wp\/v2\/media?parent=1339"}],"curies":[{"name":"wp","href":"https:\/\/api.w.org\/{rel}","templated":true}]}}