{"id":1348,"date":"2020-10-26T13:04:44","date_gmt":"2020-10-26T12:04:44","guid":{"rendered":"https:\/\/www.tresoldimetalli.it\/demo\/bicchieratrice\/"},"modified":"2020-12-30T12:16:43","modified_gmt":"2020-12-30T11:16:43","slug":"bicchieratrice","status":"publish","type":"page","link":"https:\/\/www.tresoldimetalli.it\/fr\/batiment\/bicchieratrice\/","title":{"rendered":"Machine a evaser"},"content":{"rendered":"<h2>Machine a evaser<\/h2>\n<table width=\"262\">\n<tbody>\n<tr>\n<td colspan=\"2\" width=\"262\">Dimensions<\/td>\n<\/tr>\n<tr>\n<td>Circonf\u00e9rence \u00f8 mm<\/td>\n<td>60 &#8211; 80 &#8211; 100<\/td>\n<\/tr>\n<\/tbody>\n<\/table>\n<p>Autres formats, couleurs et mod\u00e8les de ceux indiqu\u00e9s disponibles sur commande.<\/p>\n","protected":false},"excerpt":{"rendered":"<p>Machine a evaser Dimensions Circonf\u00e9rence \u00f8 mm 60 &#8211; 80 &#8211; 100 Autres formats, couleurs et mod\u00e8les de ceux indiqu\u00e9s disponibles sur commande.<\/p>\n","protected":false},"author":2,"featured_media":0,"parent":1834,"menu_order":0,"comment_status":"closed","ping_status":"closed","template":"page-templates\/edilizia.php","meta":{"_acf_changed":false,"footnotes":""},"class_list":["post-1348","page","type-page","status-publish","hentry"],"acf":[],"_links":{"self":[{"href":"https:\/\/www.tresoldimetalli.it\/fr\/wp-json\/wp\/v2\/pages\/1348","targetHints":{"allow":["GET"]}}],"collection":[{"href":"https:\/\/www.tresoldimetalli.it\/fr\/wp-json\/wp\/v2\/pages"}],"about":[{"href":"https:\/\/www.tresoldimetalli.it\/fr\/wp-json\/wp\/v2\/types\/page"}],"author":[{"embeddable":true,"href":"https:\/\/www.tresoldimetalli.it\/fr\/wp-json\/wp\/v2\/users\/2"}],"replies":[{"embeddable":true,"href":"https:\/\/www.tresoldimetalli.it\/fr\/wp-json\/wp\/v2\/comments?post=1348"}],"version-history":[{"count":1,"href":"https:\/\/www.tresoldimetalli.it\/fr\/wp-json\/wp\/v2\/pages\/1348\/revisions"}],"predecessor-version":[{"id":1350,"href":"https:\/\/www.tresoldimetalli.it\/fr\/wp-json\/wp\/v2\/pages\/1348\/revisions\/1350"}],"up":[{"embeddable":true,"href":"https:\/\/www.tresoldimetalli.it\/fr\/wp-json\/wp\/v2\/pages\/1834"}],"wp:attachment":[{"href":"https:\/\/www.tresoldimetalli.it\/fr\/wp-json\/wp\/v2\/media?parent=1348"}],"curies":[{"name":"wp","href":"https:\/\/api.w.org\/{rel}","templated":true}]}}