{"id":2886,"date":"2021-03-29T12:22:48","date_gmt":"2021-03-29T10:22:48","guid":{"rendered":"https:\/\/www.tresoldimetalli.it\/batiment\/cortal\/"},"modified":"2023-07-12T16:23:02","modified_gmt":"2023-07-12T14:23:02","slug":"cortal","status":"publish","type":"page","link":"https:\/\/www.tresoldimetalli.it\/fr\/batiment\/cortal\/","title":{"rendered":"Cortal"},"content":{"rendered":"<table width=\"496\">\n<tbody>\n<tr>\n<td colspan=\"2\" width=\"496\">Propri\u00e8t\u00e8s m\u00e8caniques<\/td>\n<\/tr>\n<tr>\n<td width=\"209\">Couleur<\/td>\n<td width=\"287\">CORTAL<\/td>\n<\/tr>\n<tr>\n<td width=\"209\">Alliage<\/td>\n<td width=\"287\">5005<\/td>\n<\/tr>\n<tr>\n<td width=\"209\">\u00c9tat physique<\/td>\n<td width=\"287\">H42<\/td>\n<\/tr>\n<tr>\n<td width=\"209\">R\u00e9sistance \u00e0 la traction<\/td>\n<td width=\"287\">125 \/ 165 Rm MPa<\/td>\n<\/tr>\n<tr>\n<td width=\"209\">Limite d\u2019\u00e9lasticit\u00e9<\/td>\n<td width=\"287\">80 Rp0,2 MPa<\/td>\n<\/tr>\n<tr>\n<td width=\"209\">Allongement A50% mm<\/td>\n<td width=\"287\">5<\/td>\n<\/tr>\n<\/tbody>\n<\/table>\n<p>&nbsp;<\/p>\n<table style=\"height: 127px;\" width=\"374\">\n<tbody>\n<tr>\n<td colspan=\"2\" width=\"414\">Composizione chimica secondo norma UNI EN 573<\/td>\n<\/tr>\n<tr>\n<td width=\"213\"><\/td>\n<td width=\"201\">AW-Al Mg1<\/td>\n<\/tr>\n<tr>\n<td width=\"213\">SI<\/td>\n<td width=\"201\">0,30<\/td>\n<\/tr>\n<tr>\n<td width=\"213\">FE<\/td>\n<td width=\"201\">0,70<\/td>\n<\/tr>\n<tr>\n<td width=\"213\">CU<\/td>\n<td width=\"201\">0,20<\/td>\n<\/tr>\n<tr>\n<td width=\"213\">MN<\/td>\n<td width=\"201\">0,20<\/td>\n<\/tr>\n<tr>\n<td width=\"213\">MG<\/td>\n<td width=\"201\">0,50-1,10<\/td>\n<\/tr>\n<tr>\n<td width=\"213\">CR<\/td>\n<td width=\"201\">0,10<\/td>\n<\/tr>\n<tr>\n<td width=\"213\">NI<\/td>\n<td width=\"201\">&#8211;<\/td>\n<\/tr>\n<tr>\n<td width=\"213\">ZN<\/td>\n<td width=\"201\">0,25<\/td>\n<\/tr>\n<tr>\n<td width=\"213\">GA<\/td>\n<td width=\"201\">&#8211;<\/td>\n<\/tr>\n<tr>\n<td width=\"213\">V<\/td>\n<td width=\"201\">&#8211;<\/td>\n<\/tr>\n<tr>\n<td width=\"213\">TI<\/td>\n<td width=\"201\">&#8211;<\/td>\n<\/tr>\n<tr>\n<td width=\"213\">AUTRES<\/td>\n<td width=\"201\">0,05 pce.<\/td>\n<\/tr>\n<\/tbody>\n<\/table>\n<p>&nbsp;<\/p>\n<table width=\"495\">\n<tbody>\n<tr>\n<td colspan=\"2\" width=\"414\">Cycle de peinture<\/td>\n<\/tr>\n<tr>\n<td width=\"213\">2 visages face A<\/td>\n<td width=\"201\">polyester, \u00e9paisseur 25 +\/-5\u03bc<\/td>\n<\/tr>\n<tr>\n<td width=\"213\">2 visages face B<\/td>\n<td width=\"201\">polyester, \u00e9paisseur15 +\/-5\u03bc<\/td>\n<\/tr>\n<\/tbody>\n<\/table>\n<p>&nbsp;<\/p>\n<table width=\"663\">\n<tbody>\n<tr>\n<td colspan=\"2\" width=\"663\">Dimensions et emballages<\/td>\n<\/tr>\n<tr>\n<td width=\"256\">BOBINES<\/td>\n<td><\/td>\n<\/tr>\n<tr>\n<td width=\"256\">Largeurs et formats (mm)<\/td>\n<td width=\"407\">1250 &#8211; 1350 &#8211; 1500<\/td>\n<\/tr>\n<tr>\n<td width=\"256\">\u00c9paisseurs (mm)<\/td>\n<td width=\"407\">0,70 &#8211; 0,80 &#8211; 1,00 &#8211; 1,50<\/td>\n<\/tr>\n<tr>\n<td width=\"256\">Emballages standards (mm)<\/td>\n<td width=\"407\">\u00f8 300 &#8211; 400 ou 508<\/td>\n<\/tr>\n<tr>\n<td width=\"256\">BANDES<\/td>\n<td><\/td>\n<\/tr>\n<tr>\n<td width=\"256\">Largeurs et formats (mm)<\/td>\n<td width=\"407\">\u00e0 partir de 8<\/td>\n<\/tr>\n<tr>\n<td width=\"256\">\u00c9paisseurs (mm)<\/td>\n<td width=\"407\">0,70 &#8211; 0,80 &#8211; 1,00 &#8211; 1,50<\/td>\n<\/tr>\n<tr>\n<td width=\"256\">Emballages standards (mm)<\/td>\n<td width=\"407\">\u00f8 300 &#8211; 400 ou 508<\/td>\n<\/tr>\n<tr>\n<td width=\"256\">Poids<\/td>\n<td width=\"407\">bobines : 500 ou 1 000 kg &#8211; mini bobines : 100 kg pce<\/td>\n<\/tr>\n<tr>\n<td width=\"256\">FEUILLES<\/td>\n<td><\/td>\n<\/tr>\n<tr>\n<td width=\"256\">Largeurs et formats (mm)<\/td>\n<td width=\"407\">1250&#215;2500 &#8211; 1500&#215;3000<\/td>\n<\/tr>\n<tr>\n<td width=\"256\">\u00c9paisseurs (mm)<\/td>\n<td width=\"407\">0,70 &#8211; 0,80 &#8211; 1,00 &#8211; 1,50<\/td>\n<\/tr>\n<tr>\n<td width=\"256\">Emballages standards (mm)<\/td>\n<td width=\"407\">\u2013<\/td>\n<\/tr>\n<\/tbody>\n<\/table>\n<p>Autres dimensions et \u00e9paisseurs sur demande.<\/p>\n","protected":false},"excerpt":{"rendered":"<p>Propri\u00e8t\u00e8s m\u00e8caniques Couleur CORTAL Alliage 5005 \u00c9tat physique H42 R\u00e9sistance \u00e0 la traction 125 \/ 165 Rm MPa Limite d\u2019\u00e9lasticit\u00e9 80 Rp0,2 MPa Allongement A50% mm 5 &nbsp; Composizione chimica secondo norma UNI EN 573 AW-Al Mg1 SI 0,30 FE 0,70 CU 0,20 MN 0,20 MG 0,50-1,10 CR 0,10 NI &#8211; ZN 0,25 GA &#8211; [&hellip;]<\/p>\n","protected":false},"author":2,"featured_media":0,"parent":1834,"menu_order":0,"comment_status":"closed","ping_status":"closed","template":"page-templates\/edilizia.php","meta":{"_acf_changed":false,"footnotes":""},"class_list":["post-2886","page","type-page","status-publish","hentry"],"acf":[],"_links":{"self":[{"href":"https:\/\/www.tresoldimetalli.it\/fr\/wp-json\/wp\/v2\/pages\/2886","targetHints":{"allow":["GET"]}}],"collection":[{"href":"https:\/\/www.tresoldimetalli.it\/fr\/wp-json\/wp\/v2\/pages"}],"about":[{"href":"https:\/\/www.tresoldimetalli.it\/fr\/wp-json\/wp\/v2\/types\/page"}],"author":[{"embeddable":true,"href":"https:\/\/www.tresoldimetalli.it\/fr\/wp-json\/wp\/v2\/users\/2"}],"replies":[{"embeddable":true,"href":"https:\/\/www.tresoldimetalli.it\/fr\/wp-json\/wp\/v2\/comments?post=2886"}],"version-history":[{"count":7,"href":"https:\/\/www.tresoldimetalli.it\/fr\/wp-json\/wp\/v2\/pages\/2886\/revisions"}],"predecessor-version":[{"id":3377,"href":"https:\/\/www.tresoldimetalli.it\/fr\/wp-json\/wp\/v2\/pages\/2886\/revisions\/3377"}],"up":[{"embeddable":true,"href":"https:\/\/www.tresoldimetalli.it\/fr\/wp-json\/wp\/v2\/pages\/1834"}],"wp:attachment":[{"href":"https:\/\/www.tresoldimetalli.it\/fr\/wp-json\/wp\/v2\/media?parent=2886"}],"curies":[{"name":"wp","href":"https:\/\/api.w.org\/{rel}","templated":true}]}}