{"id":3726,"date":"2024-11-11T14:53:37","date_gmt":"2024-11-11T13:53:37","guid":{"rendered":"https:\/\/www.tresoldimetalli.it\/batiment\/zincomax\/"},"modified":"2024-12-03T10:02:02","modified_gmt":"2024-12-03T09:02:02","slug":"zincomax","status":"publish","type":"page","link":"https:\/\/www.tresoldimetalli.it\/fr\/batiment\/zincomax\/","title":{"rendered":"Zincomax"},"content":{"rendered":"<h2>Zincomax ZM310<\/h2>\n<table>\n<tbody>\n<tr>\n<td colspan=\"2\">Caract\u00e9ristiques techniques et m\u00e9caniques<\/td>\n<\/tr>\n<tr>\n<td>Qualit\u00e9<\/td>\n<td>DX51D ZM310<\/td>\n<\/tr>\n<tr>\n<td>R\u00e9sistance \u00e0 rupture (N\/mm\u00b2)<\/td>\n<td>270 ~ 500<\/td>\n<\/tr>\n<tr>\n<td>Allongement minimum A80% mini.<\/td>\n<td>22<\/td>\n<\/tr>\n<tr>\n<td>Couverture magn\u00e9sium (total-deux c\u00f4t\u00e9s)<\/td>\n<td>310 g\/m\u00b2<\/td>\n<\/tr>\n<tr>\n<td>Norme de r\u00e9f\u00e9rence norma<\/td>\n<td>DIN EN 10346<\/td>\n<\/tr>\n<\/tbody>\n<\/table>\n<p>&nbsp;<\/p>\n<table>\n<tbody>\n<tr>\n<td colspan=\"2\">Dimension des emballages<\/td>\n<\/tr>\n<tr>\n<td><strong>BOBINES<\/strong><\/td>\n<td><\/td>\n<\/tr>\n<tr>\n<td>Largeur et formats (mm)<\/td>\n<td>1.000<\/td>\n<\/tr>\n<tr>\n<td>\u00c9paisseurs nominales (mm)<\/td>\n<td>de 0,55 \u00e0 3,00<\/td>\n<\/tr>\n<tr>\n<td>\u00c9paisseurs r\u00e9elles (mm)<\/td>\n<td>de 0,60 \u00e0 3,50<\/td>\n<\/tr>\n<tr>\n<td>Conditionnement<\/td>\n<td>bobines \u00d8 int. 300 \u2013 508 \u2013 608<\/td>\n<\/tr>\n<tr>\n<td>Poids de r\u00e9f\u00e9rence<\/td>\n<td>\u00e9paisseur 0,60 x 1000 kg\/m\u00b2 4,72<\/td>\n<\/tr>\n<tr>\n<td><strong>\u00c9TROITES<\/strong><\/td>\n<td><\/td>\n<\/tr>\n<tr>\n<td>Largeur et formats (mm)<\/td>\n<td>mini 8 &#8211; maxi 1.600<\/td>\n<\/tr>\n<tr>\n<td>\u00c9paisseurs nominales (mm)<\/td>\n<td>de 0,55 \u00e0 3,00<\/td>\n<\/tr>\n<tr>\n<td>\u00c9paisseurs r\u00e9elles (mm)<\/td>\n<td>de 0,60 \u00e0 3,50<\/td>\n<\/tr>\n<tr>\n<td>Conditionnement<\/td>\n<td>bobines \u00d8 int. 300 \u2013 408 \u2013 508<\/td>\n<\/tr>\n<tr>\n<td>Poids de r\u00e9f\u00e9rence<\/td>\n<td>\u00e9paisseur 0,60 x 1000 kg\/m\u00b2 4,72<\/td>\n<\/tr>\n<tr>\n<td><strong>T\u00d4LES<\/strong><\/td>\n<td><\/td>\n<\/tr>\n<tr>\n<td>Largeur et formats (mm)<\/td>\n<td>standard<\/td>\n<\/tr>\n<tr>\n<td>\u00c9paisseurs nominales (mm)<\/td>\n<td>de 0,55 \u00e0 3,00<\/td>\n<\/tr>\n<tr>\n<td>\u00c9paisseurs r\u00e9elles (mm)<\/td>\n<td>de 0,60 \u00e0 3,50<\/td>\n<\/tr>\n<tr>\n<td>Conditionnement<\/td>\n<td>palettes en bois<\/td>\n<\/tr>\n<tr>\n<td>Poids de r\u00e9f\u00e9rence<\/td>\n<td>\u00e9paisseur 0,60 x 1000 kg\/m\u00b2 4,72<\/td>\n<\/tr>\n<tr>\n<td><strong>FEUILLARDS<\/strong><\/td>\n<td><\/td>\n<\/tr>\n<tr>\n<td>Largeur et formats (mm)<\/td>\n<td>sur mesure<\/td>\n<\/tr>\n<tr>\n<td>\u00c9paisseurs nominales (mm)<\/td>\n<td>de 0,55 \u00e0 3,00<\/td>\n<\/tr>\n<tr>\n<td>\u00c9paisseurs r\u00e9elles (mm)<\/td>\n<td>de 0,60 \u00e0 3,50<\/td>\n<\/tr>\n<tr>\n<td>Conditionnement<\/td>\n<td>palettes en bois<\/td>\n<\/tr>\n<tr>\n<td>Poids de r\u00e9f\u00e9rence<\/td>\n<td>\u00e9paisseur 0,60 x 1000 kg\/m\u00b2 4,72<\/td>\n<\/tr>\n<\/tbody>\n<\/table>\n<p>&nbsp;<\/p>\n<h2>Zincomax ZM120<\/h2>\n<table>\n<tbody>\n<tr>\n<td colspan=\"2\">Caract\u00e9ristiques techniques et m\u00e9caniques<\/td>\n<\/tr>\n<tr>\n<td>Qualit\u00e9<\/td>\n<td>DX51D ZM120<\/td>\n<\/tr>\n<tr>\n<td>R\u00e9sistance \u00e0 rupture (N\/mm\u00b2)<\/td>\n<td>270 ~ 500<\/td>\n<\/tr>\n<tr>\n<td>Allongement minimum A80% mini.<\/td>\n<td>22<\/td>\n<\/tr>\n<tr>\n<td>Couverture magn\u00e9sium (total-deux c\u00f4t\u00e9s)<\/td>\n<td>120 g\/m\u00b2<\/td>\n<\/tr>\n<tr>\n<td>Norme de r\u00e9f\u00e9rence<\/td>\n<td>DIN EN 10346<\/td>\n<\/tr>\n<\/tbody>\n<\/table>\n<p>&nbsp;<\/p>\n<table width=\"557\">\n<tbody>\n<tr>\n<td colspan=\"2\" width=\"557\">Dimension des emballages<\/td>\n<\/tr>\n<tr>\n<td><strong>BOBINES<\/strong><\/td>\n<td><\/td>\n<\/tr>\n<tr>\n<td>Largeur et formats (mm)<\/td>\n<td>1.000 \u2013 1.500<\/td>\n<\/tr>\n<tr>\n<td>\u00c9paisseurs nominales (mm)<\/td>\n<td>0,80 &#8211; 1,20 \/ 1,50 &#8211; 2,00<\/td>\n<\/tr>\n<tr>\n<td>Conditionnement<\/td>\n<td>bobines \u00d8 int. 300 \u2013 508 \u2013 608<\/td>\n<\/tr>\n<tr>\n<td>Poids de r\u00e9f\u00e9rence<\/td>\n<td>\u00e9paisseur 0,60 x 1000 kg\/m\u00b2 4,72<\/td>\n<\/tr>\n<tr>\n<td><strong>\u00c9TROITES<\/strong><\/td>\n<td><\/td>\n<\/tr>\n<tr>\n<td>Largeur et formats (mm)<\/td>\n<td>mini 8 \u2013 maxi 1.600<\/td>\n<\/tr>\n<tr>\n<td>\u00c9paisseurs nominales (mm)<\/td>\n<td>0,80 &#8211; 1,20 \/ 1,50 &#8211; 2,00<\/td>\n<\/tr>\n<tr>\n<td>Conditionnement<\/td>\n<td>bobines \u00d8 int. 300 \u2013 408 \u2013 508<\/td>\n<\/tr>\n<tr>\n<td>Poids de r\u00e9f\u00e9rence<\/td>\n<td>\u00e9paisseur 0,60 x 1000 kg\/m\u00b2 4,72<\/td>\n<\/tr>\n<tr>\n<td><strong>T\u00d4LES<\/strong><\/td>\n<td><\/td>\n<\/tr>\n<tr>\n<td>Largeur et formats (mm)<\/td>\n<td>standard<\/td>\n<\/tr>\n<tr>\n<td>\u00c9paisseurs nominales (mm)<\/td>\n<td>0,80 &#8211; 1,20 \/ 1,50 &#8211; 2,00<\/td>\n<\/tr>\n<tr>\n<td>Conditionnement<\/td>\n<td>palettes en bois<\/td>\n<\/tr>\n<tr>\n<td>Poids de r\u00e9f\u00e9rence<\/td>\n<td>\u00e9paisseur 0,60 x 1000 kg\/m\u00b2 4,72<\/td>\n<\/tr>\n<tr>\n<td><strong>FEUILLARDS<\/strong><\/td>\n<td><\/td>\n<\/tr>\n<tr>\n<td>Largeur et formats (mm)<\/td>\n<td>sur mesure<\/td>\n<\/tr>\n<tr>\n<td>\u00c9paisseurs nominales (mm)<\/td>\n<td>0,80 &#8211; 1,20 \/ 1,50 &#8211; 2,00<\/td>\n<\/tr>\n<tr>\n<td>Conditionnement<\/td>\n<td>pallet in legno<\/td>\n<\/tr>\n<tr>\n<td>Poids de r\u00e9f\u00e9rence<\/td>\n<td>\u00e9paisseur 0,60 x 1000 kg\/m\u00b2 4,72<\/td>\n<\/tr>\n<\/tbody>\n<\/table>\n","protected":false},"excerpt":{"rendered":"<p>Zincomax ZM310 Caract\u00e9ristiques techniques et m\u00e9caniques Qualit\u00e9 DX51D ZM310 R\u00e9sistance \u00e0 rupture (N\/mm\u00b2) 270 ~ 500 Allongement minimum A80% mini. 22 Couverture magn\u00e9sium (total-deux c\u00f4t\u00e9s) 310 g\/m\u00b2 Norme de r\u00e9f\u00e9rence norma DIN EN 10346 &nbsp; Dimension des emballages BOBINES Largeur et formats (mm) 1.000 \u00c9paisseurs nominales (mm) de 0,55 \u00e0 3,00 \u00c9paisseurs r\u00e9elles (mm) de [&hellip;]<\/p>\n","protected":false},"author":2,"featured_media":0,"parent":1834,"menu_order":0,"comment_status":"closed","ping_status":"closed","template":"page-templates\/edilizia.php","meta":{"_acf_changed":false,"footnotes":""},"class_list":["post-3726","page","type-page","status-publish","hentry"],"acf":[],"_links":{"self":[{"href":"https:\/\/www.tresoldimetalli.it\/fr\/wp-json\/wp\/v2\/pages\/3726","targetHints":{"allow":["GET"]}}],"collection":[{"href":"https:\/\/www.tresoldimetalli.it\/fr\/wp-json\/wp\/v2\/pages"}],"about":[{"href":"https:\/\/www.tresoldimetalli.it\/fr\/wp-json\/wp\/v2\/types\/page"}],"author":[{"embeddable":true,"href":"https:\/\/www.tresoldimetalli.it\/fr\/wp-json\/wp\/v2\/users\/2"}],"replies":[{"embeddable":true,"href":"https:\/\/www.tresoldimetalli.it\/fr\/wp-json\/wp\/v2\/comments?post=3726"}],"version-history":[{"count":4,"href":"https:\/\/www.tresoldimetalli.it\/fr\/wp-json\/wp\/v2\/pages\/3726\/revisions"}],"predecessor-version":[{"id":3754,"href":"https:\/\/www.tresoldimetalli.it\/fr\/wp-json\/wp\/v2\/pages\/3726\/revisions\/3754"}],"up":[{"embeddable":true,"href":"https:\/\/www.tresoldimetalli.it\/fr\/wp-json\/wp\/v2\/pages\/1834"}],"wp:attachment":[{"href":"https:\/\/www.tresoldimetalli.it\/fr\/wp-json\/wp\/v2\/media?parent=3726"}],"curies":[{"name":"wp","href":"https:\/\/api.w.org\/{rel}","templated":true}]}}