{"id":3790,"date":"2024-12-03T12:36:50","date_gmt":"2024-12-03T11:36:50","guid":{"rendered":"https:\/\/www.tresoldimetalli.it\/batiment\/brown-collection\/"},"modified":"2025-04-08T10:41:42","modified_gmt":"2025-04-08T08:41:42","slug":"brown-collection","status":"publish","type":"page","link":"https:\/\/www.tresoldimetalli.it\/fr\/batiment\/brown-collection\/","title":{"rendered":"Brown Collection"},"content":{"rendered":"<h2>CORTAL<\/h2>\n<table width=\"668\">\n<tbody>\n<tr>\n<td colspan=\"2\" width=\"668\">CARACT\u00c9RISTIQUES TECHNIQUES<\/td>\n<\/tr>\n<tr>\n<td>Selon la norme<\/td>\n<td width=\"357\">UNI EN 573<\/td>\n<\/tr>\n<tr>\n<td>M\u00e9tal de base et alliage<\/td>\n<td width=\"357\">alliage 5005<\/td>\n<\/tr>\n<tr>\n<td>Composition (indicative) %<\/td>\n<td width=\"357\">Si 0,30 &#8211; Fe\u22640,70 &#8211; Cu 0,20 &#8211; Mn 0,20 &#8211; Mg 0,50-1,10 &#8211; Zn 0,25 &#8211; altri 0,05<\/td>\n<\/tr>\n<\/tbody>\n<\/table>\n<p>&nbsp;<\/p>\n<table width=\"668\">\n<tbody>\n<tr>\n<td colspan=\"2\" width=\"668\">CARACT\u00c9RISTIQUES M\u00c9CANIQUES<\/td>\n<\/tr>\n<tr>\n<td>R\u00e9sistance \u00e0 la traction (indicative) Rm MPa<\/td>\n<td width=\"357\">125 \/ 165<\/td>\n<\/tr>\n<tr>\n<td>Limite d\u2019\u00e9lasticit\u00e9 minimale<\/td>\n<td width=\"357\">80 Rp 0,2 MPa<\/td>\n<\/tr>\n<tr>\n<td>Allongement A50\u00a0% mm minimum<\/td>\n<td width=\"357\">5<\/td>\n<\/tr>\n<\/tbody>\n<\/table>\n<p>&nbsp;<\/p>\n<table width=\"668\">\n<tbody>\n<tr>\n<td colspan=\"2\" width=\"668\">CARACT\u00c9RISTIQUES DE LA LAQUE<\/td>\n<\/tr>\n<tr>\n<td>Type de laque<\/td>\n<td width=\"357\">Polyester<\/td>\n<\/tr>\n<tr>\n<td>Couleur<\/td>\n<td width=\"357\">C\u00f4t\u00e9 A Cortal \/ C\u00f4t\u00e9 B dos dans la m\u00eame couleur<\/td>\n<\/tr>\n<tr>\n<td>\u00c9paisseur<\/td>\n<td width=\"357\">C\u00f4t\u00e9 A 25 +\/-5\u03bc \/ C\u00f4t\u00e9 B 7\/10<\/td>\n<\/tr>\n<\/tbody>\n<\/table>\n<p>&nbsp;<\/p>\n<table width=\"668\">\n<tbody>\n<tr>\n<td colspan=\"2\" width=\"668\">DIMENSIONS<\/td>\n<\/tr>\n<tr>\n<td colspan=\"2\" width=\"668\"><strong>BOBINES<\/strong><\/td>\n<\/tr>\n<tr>\n<td>Largeur et formats (mm)<\/td>\n<td>1250 &#8211; 1350 &#8211; 1500<\/td>\n<\/tr>\n<tr>\n<td>\u00c9paisseurs (mm)<\/td>\n<td>0,70 &#8211; 0,80 &#8211; 1,00 &#8211; 1,50<\/td>\n<\/tr>\n<tr>\n<td>Conditionnement standard (mm)<\/td>\n<td>\u00f8 300 &#8211; 400 ou 508<\/td>\n<\/tr>\n<tr>\n<td colspan=\"2\" width=\"668\"><strong>BANDES<\/strong><\/td>\n<\/tr>\n<tr>\n<td>Larghezza e formati (mm)<\/td>\n<td>\u00e0 partir de 8<\/td>\n<\/tr>\n<tr>\n<td>\u00c9paisseurs (mm)<\/td>\n<td>0,70 &#8211; 0,80 &#8211; 1,00 &#8211; 1,50<\/td>\n<\/tr>\n<tr>\n<td>Conditionnement standard (mm)<\/td>\n<td>\u00f8 300 &#8211; 400 ou 508<\/td>\n<\/tr>\n<tr>\n<td colspan=\"2\" width=\"668\"><strong>FEUILLES<\/strong><\/td>\n<\/tr>\n<tr>\n<td>Larghezza e formati (mm)<\/td>\n<td>standard &#8211; 1250&#215;2500 &#8211; 1500&#215;3000<\/td>\n<\/tr>\n<tr>\n<td>\u00c9paisseurs (mm)<\/td>\n<td>autres formats sur demande<\/td>\n<\/tr>\n<tr>\n<td>Conditionnement standard (mm)<\/td>\n<td>&#8211;<\/td>\n<\/tr>\n<\/tbody>\n<\/table>\n<p>&nbsp;<\/p>\n<p><strong>Alliage s\u00e9rie 5000<\/strong><br \/>\nLes caract\u00e9ristiques m\u00e9caniques des alliages de cette s\u00e9rie, qui comprennent Cortal et Alubrown, sont am\u00e9lior\u00e9s en raison de leur teneur en magn\u00e9sium, qui, dans les utilisations industriels, n\u2019est toutefois jamais sup\u00e9rieure \u00e0 5 % afin de ne pas compromettre la stabilit\u00e9 du mat\u00e9riau.<br \/>\nDe plus, les alliages de la s\u00e9rie 5000 contiennent g\u00e9n\u00e9ralement d\u2019autres additifs (tels que le chrome, le titane ou le mangan\u00e8se) qui am\u00e9liorent certaines caract\u00e9ristiques comme les propri\u00e9t\u00e9s m\u00e9caniques, la r\u00e9sistance \u00e0 la corrosion et la soudabilit\u00e9.<br \/>\n<em><span style=\"color: #993300;\">Tresoldi Metalli se r\u00e9serve le droit d\u2019apporter des modifications \u00e0 certaines caract\u00e9ristiques selon les exigences et la faisabilit\u00e9 de la production. <\/span><\/em><\/p>\n<h2>COPPERLINE<\/h2>\n<p>&nbsp;<\/p>\n<table width=\"668\">\n<tbody>\n<tr>\n<td colspan=\"2\" width=\"668\">CARACT\u00c9RISTIQUES TECHNIQUES<\/td>\n<\/tr>\n<tr>\n<td>Selon la norme<\/td>\n<td>EN 1396\/485\/515\/573<\/td>\n<\/tr>\n<tr>\n<td>M\u00e9tal de base et alliage<\/td>\n<td>alliage 3105<\/td>\n<\/tr>\n<tr>\n<td>Composition (indicative) %<\/td>\n<td width=\"357\">Si 0,6 &#8211; Fe 0,7 &#8211; Cu 0,3 &#8211; Mn 0,3\u00f70,80 &#8211; Mg 0,2\u00f70,8 Cr 0,2 &#8211; 2N 0,4 &#8211; Ti 0,1 &#8211; autres 0,05 &#8211; Al 97 min<\/td>\n<\/tr>\n<\/tbody>\n<\/table>\n<p>&nbsp;<\/p>\n<table width=\"668\">\n<tbody>\n<tr>\n<td colspan=\"2\" width=\"668\">CARACT\u00c9RISTIQUES M\u00c9CANIQUES<\/td>\n<\/tr>\n<tr>\n<td>Resistenza alla trazione (indicativa) Rm MPa<\/td>\n<td>150 \/ 200<\/td>\n<\/tr>\n<tr>\n<td>Carico di snervamento minimo<\/td>\n<td width=\"357\">120<\/td>\n<\/tr>\n<tr>\n<td>Allungamento A50% mm minimo<\/td>\n<td width=\"357\">4<\/td>\n<\/tr>\n<\/tbody>\n<\/table>\n<p>&nbsp;<\/p>\n<table width=\"668\">\n<tbody>\n<tr>\n<td colspan=\"2\" width=\"668\">CARACT\u00c9RISTIQUES DE LA LAQUE<\/td>\n<\/tr>\n<tr>\n<td>Type de laque<\/td>\n<td width=\"357\">Superpolyester<\/td>\n<\/tr>\n<tr>\n<td>Couleur<\/td>\n<td width=\"357\">C\u00f4t\u00e9 A cuivre vieilli \/ C\u00f4t\u00e9 B dos dans la m\u00eame couleur<\/td>\n<\/tr>\n<tr>\n<td>\u00c9paisseur<\/td>\n<td width=\"357\">C\u00f4t\u00e9 A 35 +\/-5\u03bc \/ C\u00f4t\u00e9 B 10 +\/-5\u03bc<\/td>\n<\/tr>\n<\/tbody>\n<\/table>\n<p>&nbsp;<\/p>\n<table width=\"668\">\n<tbody>\n<tr>\n<td colspan=\"2\" width=\"668\">DIMENSIONS<\/td>\n<\/tr>\n<tr>\n<td colspan=\"2\" width=\"668\"><strong>BOBINES<\/strong><\/td>\n<\/tr>\n<tr>\n<td>Largeur et formats (mm)<\/td>\n<td>1000-1250<\/td>\n<\/tr>\n<tr>\n<td>\u00c9paisseurs (mm)<\/td>\n<td>0,70 &#8211; 0,80 &#8211; 1,00 &#8211; 2,00<\/td>\n<\/tr>\n<tr>\n<td>Conditionnement standard (mm)<\/td>\n<td>\u00f8 300 &#8211; 400 ou 508<\/td>\n<\/tr>\n<tr>\n<td colspan=\"2\" width=\"668\"><strong>BANDES<\/strong><\/td>\n<\/tr>\n<tr>\n<td>Largeur et formats (mm)<\/td>\n<td>\u00e0 partir de 8<\/td>\n<\/tr>\n<tr>\n<td>\u00c9paisseurs (mm)<\/td>\n<td>0,70 &#8211; 0,80 &#8211; 1,00 &#8211; 2,00<\/td>\n<\/tr>\n<tr>\n<td>Conditionnement standard (mm)<\/td>\n<td>\u00f8 300 &#8211; 400 ou 508<\/td>\n<\/tr>\n<tr>\n<td colspan=\"2\" width=\"668\"><strong>FEUILLES<\/strong><\/td>\n<\/tr>\n<tr>\n<td>Largeur et formats (mm)<\/td>\n<td width=\"357\">standard &#8211; 1000&#215;2000 &#8211; 1250&#215;2500<br \/>\nautres formats sur demande<\/td>\n<\/tr>\n<tr>\n<td>\u00c9paisseurs (mm)<\/td>\n<td>0,70 &#8211; 0,80 &#8211; 1,00 &#8211; 2,00<\/td>\n<\/tr>\n<tr>\n<td>Conditionnement standard (mm)<\/td>\n<td>&#8211;<\/td>\n<\/tr>\n<\/tbody>\n<\/table>\n<p>&nbsp;<\/p>\n<p><strong>Alliage s\u00e9rie 3000<\/strong><br \/>\nLes alliages industriels de la s\u00e9rie 3000, qui comprennent Copperline et Bronze, contiennent de 1 \u00e0 1,5 % de mangan\u00e8se. Cet \u00e9l\u00e9ment am\u00e9liore consid\u00e9rablement les caract\u00e9ristiques m\u00e9caniques de l\u2019aluminium.\u2028La r\u00e9sistance minimale garantie est ainsi port\u00e9e de 40\/50 MPa sans influer n\u00e9gativement sur sa capacit\u00e9 \u00e0 pouvoir \u00eatre fa\u00e7onn\u00e9.<br \/>\n<em><span style=\"color: #993300;\">Tresoldi Metalli se r\u00e9serve le droit d\u2019apporter des modifications \u00e0 certaines caract\u00e9ristiques selon les exigences et la faisabilit\u00e9 de la production. <\/span><\/em><\/p>\n<h2>ALU BROWN<\/h2>\n<p>&nbsp;<\/p>\n<table width=\"668\">\n<tbody>\n<tr>\n<td colspan=\"2\" width=\"668\">CARACT\u00c9RISTIQUES TECHNIQUES<\/td>\n<\/tr>\n<tr>\n<td>Selon la norme<\/td>\n<td>EN 1396\/485\/515\/573<\/td>\n<\/tr>\n<tr>\n<td>M\u00e9tal de base et alliage<\/td>\n<td>alliage 3105<\/td>\n<\/tr>\n<tr>\n<td>Composition (indicative) %<\/td>\n<td width=\"357\">Si 0,6 &#8211; Fe 0,7 &#8211; Cu 0,3 &#8211; Mn 0,3\u00f70,80 &#8211; Mg 0,2\u00f70,8 Cr 0,2 &#8211; 2N 0,4 &#8211; Ti 0,1 &#8211; autres 0,05 &#8211; Al 97 min<\/td>\n<\/tr>\n<\/tbody>\n<\/table>\n<p>&nbsp;<\/p>\n<table width=\"668\">\n<tbody>\n<tr>\n<td colspan=\"2\" width=\"668\">CARACT\u00c9RISTIQUES M\u00c9CANIQUES<\/td>\n<\/tr>\n<tr>\n<td>Resistenza alla trazione (indicativa) Rm MPa<\/td>\n<td>150 \/ 200<\/td>\n<\/tr>\n<tr>\n<td>Carico di snervamento minimo<\/td>\n<td width=\"357\">120<\/td>\n<\/tr>\n<tr>\n<td>Allungamento A50% mm minimo<\/td>\n<td width=\"357\">4<\/td>\n<\/tr>\n<\/tbody>\n<\/table>\n<p>&nbsp;<\/p>\n<table width=\"668\">\n<tbody>\n<tr>\n<td colspan=\"2\" width=\"668\">CARACT\u00c9RISTIQUES DE LA LAQUE<\/td>\n<\/tr>\n<tr>\n<td>Type de laque<\/td>\n<td width=\"357\">polyester\/polyamide<\/td>\n<\/tr>\n<tr>\n<td>Couleur<\/td>\n<td width=\"357\">C\u00f4t\u00e9 A marron vieilli \/ C\u00f4t\u00e9 B dos dans la m\u00eame couleur<\/td>\n<\/tr>\n<tr>\n<td>\u00c9paisseur<\/td>\n<td width=\"357\">C\u00f4t\u00e9 A 35 \/ C\u00f4t\u00e9 B 15<\/td>\n<\/tr>\n<\/tbody>\n<\/table>\n<p>&nbsp;<\/p>\n<table width=\"668\">\n<tbody>\n<tr>\n<td colspan=\"2\" width=\"668\">DIMENSIONS<\/td>\n<\/tr>\n<tr>\n<td colspan=\"2\" width=\"668\"><strong>BOBINES<\/strong><\/td>\n<\/tr>\n<tr>\n<td>Largeur et formats (mm)<\/td>\n<td>1000-1250<\/td>\n<\/tr>\n<tr>\n<td>\u00c9paisseurs (mm)<\/td>\n<td>0,70 &#8211; 0,80 &#8211; 1,00 &#8211; 2,00<\/td>\n<\/tr>\n<tr>\n<td>Conditionnement standard (mm)<\/td>\n<td>\u00f8 300 &#8211; 400 ou 508<\/td>\n<\/tr>\n<tr>\n<td colspan=\"2\" width=\"668\"><strong>BANDES<\/strong><\/td>\n<\/tr>\n<tr>\n<td>Largeur et formats (mm)<\/td>\n<td>\u00e0 partir de 8<\/td>\n<\/tr>\n<tr>\n<td>\u00c9paisseurs (mm)<\/td>\n<td>0,70 &#8211; 0,80 &#8211; 1,00 &#8211; 2,00<\/td>\n<\/tr>\n<tr>\n<td>Conditionnement standard (mm)<\/td>\n<td>\u00f8 300 &#8211; 400 ou 508<\/td>\n<\/tr>\n<tr>\n<td colspan=\"2\" width=\"668\"><strong>FEUILLES<\/strong><\/td>\n<\/tr>\n<tr>\n<td>Largeur et formats (mm)<\/td>\n<td width=\"357\">standard &#8211; 1000&#215;2000 &#8211; 1250&#215;2500<br \/>\nautres formats sur demande<\/td>\n<\/tr>\n<tr>\n<td>\u00c9paisseurs (mm)<\/td>\n<td>0,70 &#8211; 0,80 &#8211; 1,00 &#8211; 2,00<\/td>\n<\/tr>\n<tr>\n<td>Conditionnement standard (mm)<\/td>\n<td>&#8211;<\/td>\n<\/tr>\n<\/tbody>\n<\/table>\n<p>&nbsp;<\/p>\n<p><strong>Alliage s\u00e9rie 3000<\/strong><br \/>\nLes alliages industriels de la s\u00e9rie 3000, qui comprennent Copperline et Bronze, contiennent de 1 \u00e0 1,5 % de mangan\u00e8se. Cet \u00e9l\u00e9ment am\u00e9liore consid\u00e9rablement les caract\u00e9ristiques m\u00e9caniques de l\u2019aluminium.\u2028La r\u00e9sistance minimale garantie est ainsi port\u00e9e de 40\/50 MPa sans influer n\u00e9gativement sur sa capacit\u00e9 \u00e0 pouvoir \u00eatre fa\u00e7onn\u00e9.<br \/>\n<em><span style=\"color: #993300;\">Tresoldi Metalli se r\u00e9serve le droit d\u2019apporter des modifications \u00e0 certaines caract\u00e9ristiques selon les exigences et la faisabilit\u00e9 de la production.<\/span><\/em><\/p>\n<h2>BRONZE<\/h2>\n<p>&nbsp;<\/p>\n<table width=\"668\">\n<tbody>\n<tr>\n<td colspan=\"2\" width=\"668\">CARACT\u00c9RISTIQUES TECHNIQUES<\/td>\n<\/tr>\n<tr>\n<td>Selon la norme<\/td>\n<td>UNI EN 573<\/td>\n<\/tr>\n<tr>\n<td>M\u00e9tal de base et alliage<\/td>\n<td>alliage 5005<\/td>\n<\/tr>\n<tr>\n<td>Composition (indicative) %<\/td>\n<td width=\"357\">Si 0,3 &#8211; Fe\u22640,7 &#8211; Cu 0,2 &#8211; Mn 0,2 &#8211; Mg 0,5 Zn 0,25 &#8211; autres 0,05<\/td>\n<\/tr>\n<\/tbody>\n<\/table>\n<p>&nbsp;<\/p>\n<table width=\"668\">\n<tbody>\n<tr>\n<td colspan=\"2\" width=\"668\">CARACT\u00c9RISTIQUES M\u00c9CANIQUES<\/td>\n<\/tr>\n<tr>\n<td>R\u00e9sistance \u00e0 la traction (indicative) Rm MPa<\/td>\n<td>H42 130\/180 &#8211; H44 150\/200<\/td>\n<\/tr>\n<tr>\n<td>Limite d\u2019\u00e9lasticit\u00e9 minimale<\/td>\n<td>H42 105 &#8211; H44 120<\/td>\n<\/tr>\n<tr>\n<td>Allongement A50\u00a0% mm minimum<\/td>\n<td>H42 6-7 &#8211; H44 3-4<\/td>\n<\/tr>\n<\/tbody>\n<\/table>\n<p>&nbsp;<\/p>\n<table width=\"668\">\n<tbody>\n<tr>\n<td colspan=\"2\" width=\"668\">CARACT\u00c9RISTIQUES DE LA LAQUE<\/td>\n<\/tr>\n<tr>\n<td>Type de laque<\/td>\n<td width=\"357\">C\u00f4t\u00e9 A polyur\u00e9thane modifi\u00e9 \u00e0 haute durabilit\u00e9 \/ C\u00f4t\u00e9 B polyester<\/td>\n<\/tr>\n<tr>\n<td>Couleur<\/td>\n<td width=\"357\">C\u00f4t\u00e9 A bronze \/ C\u00f4t\u00e9 B dos dans la m\u00eame couleur<\/td>\n<\/tr>\n<tr>\n<td>\u00c9paisseur<\/td>\n<td width=\"357\">C\u00f4t\u00e9 A 25 +\/-5\u03bc \/ C\u00f4t\u00e9 B 5\/7<\/td>\n<\/tr>\n<\/tbody>\n<\/table>\n<p>&nbsp;<\/p>\n<table width=\"668\">\n<tbody>\n<tr>\n<td colspan=\"2\" width=\"668\">DIMENSIONS<\/td>\n<\/tr>\n<tr>\n<td colspan=\"2\" width=\"668\"><strong>BOBINES<\/strong><\/td>\n<\/tr>\n<tr>\n<td>Largeur et formats (mm)<\/td>\n<td>1000-1250-1400-1500<\/td>\n<\/tr>\n<tr>\n<td>\u00c9paisseurs (mm)<\/td>\n<td>0,70 &#8211; 0,80 &#8211; 1,00 &#8211; 1,50<\/td>\n<\/tr>\n<tr>\n<td>Conditionnement standard (mm)<\/td>\n<td>\u00f8 300 &#8211; 400 ou 508<\/td>\n<\/tr>\n<tr>\n<td colspan=\"2\" width=\"668\"><strong>BANDES<\/strong><\/td>\n<\/tr>\n<tr>\n<td>Largeur et formats (mm)<\/td>\n<td>\u00e0 partir de 8<\/td>\n<\/tr>\n<tr>\n<td>\u00c9paisseurs (mm)<\/td>\n<td>0,70 &#8211; 0,80 &#8211; 1,00 &#8211; 1,50<\/td>\n<\/tr>\n<tr>\n<td>Conditionnement standard (mm)<\/td>\n<td>\u00f8 300 &#8211; 400 ou 508<\/td>\n<\/tr>\n<tr>\n<td colspan=\"2\" width=\"668\"><strong>FEUILLES<\/strong><\/td>\n<\/tr>\n<tr>\n<td>Largeur et formats (mm)<\/td>\n<td width=\"357\">standard &#8211; 1000&#215;2000 &#8211; 1250&#215;2500 &#8211; 1500&#215;3000<br \/>\nautres formats sur demande<\/td>\n<\/tr>\n<tr>\n<td>\u00c9paisseurs (mm)<\/td>\n<td>0,70 &#8211; 0,80 &#8211; 1,00 &#8211; 2,00<\/td>\n<\/tr>\n<tr>\n<td>Conditionnement standard (mm)<\/td>\n<td>&#8211;<\/td>\n<\/tr>\n<\/tbody>\n<\/table>\n<p>&nbsp;<\/p>\n<p><strong>Alliage s\u00e9rie 5000<\/strong><br \/>\nLes caract\u00e9ristiques m\u00e9caniques des alliages de cette s\u00e9rie, qui comprennent Cortal et Alubrown, sont am\u00e9lior\u00e9s en raison de leur teneur en magn\u00e9sium, qui, dans les utilisations industriels, n\u2019est toutefois jamais sup\u00e9rieure \u00e0 5 % afin de ne pas compromettre la stabilit\u00e9 du mat\u00e9riau.<br \/>\nDe plus, les alliages de la s\u00e9rie 5000 contiennent g\u00e9n\u00e9ralement d\u2019autres additifs (tels que le chrome, le titane ou le mangan\u00e8se) qui am\u00e9liorent certaines caract\u00e9ristiques comme les propri\u00e9t\u00e9s m\u00e9caniques, la r\u00e9sistance \u00e0 la corrosion et la soudabilit\u00e9.<br \/>\n<em><span style=\"color: #993300;\">Tresoldi Metalli se r\u00e9serve le droit d\u2019apporter des modifications \u00e0 certaines caract\u00e9ristiques selon les exigences et la faisabilit\u00e9 de la production.<\/span><\/em><\/p>\n<div class=\"page\" title=\"Page 4\">\n<div class=\"section\">\n<div class=\"layoutArea\">\n<div class=\"column\">\n<p>&nbsp;<\/p>\n<\/div>\n<\/div>\n<\/div>\n<\/div>\n","protected":false},"excerpt":{"rendered":"<p>CORTAL CARACT\u00c9RISTIQUES TECHNIQUES Selon la norme UNI EN 573 M\u00e9tal de base et alliage alliage 5005 Composition (indicative) % Si 0,30 &#8211; Fe\u22640,70 &#8211; Cu 0,20 &#8211; Mn 0,20 &#8211; Mg 0,50-1,10 &#8211; Zn 0,25 &#8211; altri 0,05 &nbsp; CARACT\u00c9RISTIQUES M\u00c9CANIQUES R\u00e9sistance \u00e0 la traction (indicative) Rm MPa 125 \/ 165 Limite d\u2019\u00e9lasticit\u00e9 minimale 80 [&hellip;]<\/p>\n","protected":false},"author":2,"featured_media":0,"parent":1834,"menu_order":0,"comment_status":"closed","ping_status":"closed","template":"page-templates\/edilizia.php","meta":{"_acf_changed":false,"footnotes":""},"class_list":["post-3790","page","type-page","status-publish","hentry"],"acf":[],"_links":{"self":[{"href":"https:\/\/www.tresoldimetalli.it\/fr\/wp-json\/wp\/v2\/pages\/3790","targetHints":{"allow":["GET"]}}],"collection":[{"href":"https:\/\/www.tresoldimetalli.it\/fr\/wp-json\/wp\/v2\/pages"}],"about":[{"href":"https:\/\/www.tresoldimetalli.it\/fr\/wp-json\/wp\/v2\/types\/page"}],"author":[{"embeddable":true,"href":"https:\/\/www.tresoldimetalli.it\/fr\/wp-json\/wp\/v2\/users\/2"}],"replies":[{"embeddable":true,"href":"https:\/\/www.tresoldimetalli.it\/fr\/wp-json\/wp\/v2\/comments?post=3790"}],"version-history":[{"count":10,"href":"https:\/\/www.tresoldimetalli.it\/fr\/wp-json\/wp\/v2\/pages\/3790\/revisions"}],"predecessor-version":[{"id":3860,"href":"https:\/\/www.tresoldimetalli.it\/fr\/wp-json\/wp\/v2\/pages\/3790\/revisions\/3860"}],"up":[{"embeddable":true,"href":"https:\/\/www.tresoldimetalli.it\/fr\/wp-json\/wp\/v2\/pages\/1834"}],"wp:attachment":[{"href":"https:\/\/www.tresoldimetalli.it\/fr\/wp-json\/wp\/v2\/media?parent=3790"}],"curies":[{"name":"wp","href":"https:\/\/api.w.org\/{rel}","templated":true}]}}